{"id":3906,"date":"2025-09-24T11:53:50","date_gmt":"2025-09-24T11:53:50","guid":{"rendered":"https:\/\/dammedical.nl\/clause-de-non-responsabilite\/"},"modified":"2025-10-02T13:05:43","modified_gmt":"2025-10-02T13:05:43","slug":"clause-de-non-responsabilite","status":"publish","type":"page","link":"https:\/\/dammedical.nl\/fr\/clause-de-non-responsabilite\/","title":{"rendered":"Clause de non-responsabilit\u00e9"},"content":{"rendered":"\t\t<div data-elementor-type=\"wp-page\" data-elementor-id=\"3906\" class=\"elementor elementor-3906 elementor-3410\" data-elementor-post-type=\"page\">\n\t\t\t\t<div class=\"elementor-element elementor-element-1ab90ccc e-flex e-con-boxed e-con e-child\" data-id=\"1ab90ccc\" data-element_type=\"container\" data-settings=\"{&quot;background_background&quot;:&quot;gradient&quot;}\">\n\t\t\t\t\t<div class=\"e-con-inner\">\n\t\t<div class=\"elementor-element elementor-element-3e8d6fe8 e-flex e-con-boxed e-con e-child\" data-id=\"3e8d6fe8\" data-element_type=\"container\">\n\t\t\t\t\t<div class=\"e-con-inner\">\n\t\t\t\t<div class=\"elementor-element elementor-element-58a3758e elementor-widget elementor-widget-heading\" data-id=\"58a3758e\" data-element_type=\"widget\" data-widget_type=\"heading.default\">\n\t\t\t\t<div class=\"elementor-widget-container\">\n\t\t\t\t\t<h1 class=\"elementor-heading-title elementor-size-default\">Clause de non-responsabilit\u00e9<\/h1>\t\t\t\t<\/div>\n\t\t\t\t<\/div>\n\t\t\t\t\t<\/div>\n\t\t\t\t<\/div>\n\t\t\t\t\t<\/div>\n\t\t\t\t<\/div>\n\t\t<div class=\"elementor-element elementor-element-2909ad71 e-flex e-con-boxed e-con e-parent\" data-id=\"2909ad71\" data-element_type=\"container\" data-settings=\"{&quot;background_background&quot;:&quot;classic&quot;}\">\n\t\t\t\t\t<div class=\"e-con-inner\">\n\t\t<div class=\"elementor-element elementor-element-5585c975 e-con-full e-flex e-con e-child\" data-id=\"5585c975\" data-element_type=\"container\">\n\t\t\t\t<div class=\"elementor-element elementor-element-6f6f003a elementor-widget elementor-widget-heading\" data-id=\"6f6f003a\" data-element_type=\"widget\" data-widget_type=\"heading.default\">\n\t\t\t\t<div class=\"elementor-widget-container\">\n\t\t\t\t\t<h3 class=\"elementor-heading-title elementor-size-default\">Clause de non-responsabilit\u00e9<\/h3>\t\t\t\t<\/div>\n\t\t\t\t<\/div>\n\t\t\t\t<div class=\"elementor-element elementor-element-78bc4523 elementor-widget elementor-widget-text-editor\" data-id=\"78bc4523\" data-element_type=\"widget\" data-widget_type=\"text-editor.default\">\n\t\t\t\t<div class=\"elementor-widget-container\">\n\t\t\t\t\t\t\t\t\t<p>Le contenu de ce site web a \u00e9t\u00e9 \u00e9labor\u00e9 avec le plus grand soin. Les informations et\/ou les services propos\u00e9s sur ce site ne peuvent donner lieu \u00e0 aucun droit. DamMedical.nl d\u00e9cline toute responsabilit\u00e9 en cas d&rsquo;informations incorrectes ou incompl\u00e8tes.  <\/p><p>DamMedical.nl ne peut en aucun cas \u00eatre tenu responsable des dommages survenus pendant ou suite \u00e0 l&rsquo;utilisation du site web.<\/p><p>DamMedical.co.uk se r\u00e9serve le droit de modifier les informations contenues dans ce site sans pr\u00e9avis. Les autres sites web accessibles par des liens \u00e0 partir de ce site web n&rsquo;ont pas \u00e9t\u00e9 contr\u00f4l\u00e9s ou approuv\u00e9s par DamMedical.nl. DamMedical.nl d\u00e9cline toute responsabilit\u00e9 quant au contenu des sites web de tiers.  <\/p><p>Copyright DamMedical.co.uk 2021. Tous droits r\u00e9serv\u00e9s. Aucune partie de ce site web ne peut \u00eatre copi\u00e9e, stock\u00e9e dans une base de donn\u00e9es, publi\u00e9e ou reproduite de quelque mani\u00e8re que ce soit sans l&rsquo;autorisation \u00e9crite de DamMedical.nl.  <\/p><p>Les produits propos\u00e9s sur ce site, y compris ceux vendus par l&rsquo;interm\u00e9diaire de la boutique en ligne, ne peuvent \u00eatre achet\u00e9s\/utilis\u00e9s que par des h\u00f4pitaux, des m\u00e9decins et\/ou leurs employ\u00e9s.<\/p>\t\t\t\t\t\t\t\t<\/div>\n\t\t\t\t<\/div>\n\t\t\t\t<\/div>\n\t\t\t\t\t<\/div>\n\t\t\t\t<\/div>\n\t\t\t\t<\/div>\n\t\t","protected":false},"excerpt":{"rendered":"<p>Clause de non-responsabilit\u00e9 Clause de non-responsabilit\u00e9 Le contenu de ce site web a \u00e9t\u00e9 \u00e9labor\u00e9 avec le plus grand soin. Les informations et\/ou les services propos\u00e9s sur ce site ne peuvent donner lieu \u00e0 aucun droit. DamMedical.nl d\u00e9cline toute responsabilit\u00e9 en cas d&rsquo;informations incorrectes ou incompl\u00e8tes. DamMedical.nl ne peut en aucun cas \u00eatre tenu responsable [&hellip;]<\/p>\n","protected":false},"author":8,"featured_media":0,"parent":0,"menu_order":0,"comment_status":"closed","ping_status":"closed","template":"elementor_header_footer","meta":{"footnotes":""},"class_list":["post-3906","page","type-page","status-publish","hentry"],"yoast_head":"<!-- This site is optimized with the Yoast SEO plugin v26.3 - https:\/\/yoast.com\/wordpress\/plugins\/seo\/ -->\n<title>Clause de non-responsabilit\u00e9 - Dam Medical<\/title>\n<meta name=\"robots\" content=\"index, follow, max-snippet:-1, max-image-preview:large, max-video-preview:-1\" \/>\n<link rel=\"canonical\" href=\"https:\/\/dammedical.nl\/fr\/clause-de-non-responsabilite\/\" \/>\n<meta property=\"og:locale\" content=\"fr_FR\" \/>\n<meta property=\"og:type\" content=\"article\" \/>\n<meta property=\"og:title\" content=\"Clause de non-responsabilit\u00e9 - Dam Medical\" \/>\n<meta property=\"og:description\" content=\"Clause de non-responsabilit\u00e9 Clause de non-responsabilit\u00e9 Le contenu de ce site web a \u00e9t\u00e9 \u00e9labor\u00e9 avec le plus grand soin. Les informations et\/ou les services propos\u00e9s sur ce site ne peuvent donner lieu \u00e0 aucun droit. DamMedical.nl d\u00e9cline toute responsabilit\u00e9 en cas d&rsquo;informations incorrectes ou incompl\u00e8tes. DamMedical.nl ne peut en aucun cas \u00eatre tenu responsable [&hellip;]\" \/>\n<meta property=\"og:url\" content=\"https:\/\/dammedical.nl\/fr\/clause-de-non-responsabilite\/\" \/>\n<meta property=\"og:site_name\" content=\"Dam Medical\" \/>\n<meta property=\"article:modified_time\" content=\"2025-10-02T13:05:43+00:00\" \/>\n<meta name=\"twitter:card\" content=\"summary_large_image\" \/>\n<meta name=\"twitter:label1\" content=\"Dur\u00e9e de lecture estim\u00e9e\" \/>\n\t<meta name=\"twitter:data1\" content=\"1 minute\" \/>\n<script type=\"application\/ld+json\" class=\"yoast-schema-graph\">{\"@context\":\"https:\/\/schema.org\",\"@graph\":[{\"@type\":\"WebPage\",\"@id\":\"https:\/\/dammedical.nl\/fr\/clause-de-non-responsabilite\/\",\"url\":\"https:\/\/dammedical.nl\/fr\/clause-de-non-responsabilite\/\",\"name\":\"Clause de non-responsabilit\u00e9 - Dam Medical\",\"isPartOf\":{\"@id\":\"https:\/\/dammedical.nl\/fr\/#website\"},\"datePublished\":\"2025-09-24T11:53:50+00:00\",\"dateModified\":\"2025-10-02T13:05:43+00:00\",\"breadcrumb\":{\"@id\":\"https:\/\/dammedical.nl\/fr\/clause-de-non-responsabilite\/#breadcrumb\"},\"inLanguage\":\"fr-FR\",\"potentialAction\":[{\"@type\":\"ReadAction\",\"target\":[\"https:\/\/dammedical.nl\/fr\/clause-de-non-responsabilite\/\"]}]},{\"@type\":\"BreadcrumbList\",\"@id\":\"https:\/\/dammedical.nl\/fr\/clause-de-non-responsabilite\/#breadcrumb\",\"itemListElement\":[{\"@type\":\"ListItem\",\"position\":1,\"name\":\"Home\",\"item\":\"https:\/\/dammedical.nl\/fr\/accueil\/\"},{\"@type\":\"ListItem\",\"position\":2,\"name\":\"Clause de non-responsabilit\u00e9\"}]},{\"@type\":\"WebSite\",\"@id\":\"https:\/\/dammedical.nl\/fr\/#website\",\"url\":\"https:\/\/dammedical.nl\/fr\/\",\"name\":\"Dam Medical\",\"description\":\"Innovatief in chirurgie\",\"publisher\":{\"@id\":\"https:\/\/dammedical.nl\/fr\/#organization\"},\"potentialAction\":[{\"@type\":\"SearchAction\",\"target\":{\"@type\":\"EntryPoint\",\"urlTemplate\":\"https:\/\/dammedical.nl\/fr\/?s={search_term_string}\"},\"query-input\":{\"@type\":\"PropertyValueSpecification\",\"valueRequired\":true,\"valueName\":\"search_term_string\"}}],\"inLanguage\":\"fr-FR\"},{\"@type\":\"Organization\",\"@id\":\"https:\/\/dammedical.nl\/fr\/#organization\",\"name\":\"Dam Medical\",\"url\":\"https:\/\/dammedical.nl\/fr\/\",\"logo\":{\"@type\":\"ImageObject\",\"inLanguage\":\"fr-FR\",\"@id\":\"https:\/\/dammedical.nl\/fr\/#\/schema\/logo\/image\/\",\"url\":\"https:\/\/dammedical.nl\/wp-content\/uploads\/2025\/05\/logo_DamMedical-rgb-pos-e1749559852320.png\",\"contentUrl\":\"https:\/\/dammedical.nl\/wp-content\/uploads\/2025\/05\/logo_DamMedical-rgb-pos-e1749559852320.png\",\"width\":1977,\"height\":500,\"caption\":\"Dam Medical\"},\"image\":{\"@id\":\"https:\/\/dammedical.nl\/fr\/#\/schema\/logo\/image\/\"}}]}<\/script>\n<!-- \/ Yoast SEO plugin. -->","yoast_head_json":{"title":"Clause de non-responsabilit\u00e9 - Dam Medical","robots":{"index":"index","follow":"follow","max-snippet":"max-snippet:-1","max-image-preview":"max-image-preview:large","max-video-preview":"max-video-preview:-1"},"canonical":"https:\/\/dammedical.nl\/fr\/clause-de-non-responsabilite\/","og_locale":"fr_FR","og_type":"article","og_title":"Clause de non-responsabilit\u00e9 - Dam Medical","og_description":"Clause de non-responsabilit\u00e9 Clause de non-responsabilit\u00e9 Le contenu de ce site web a \u00e9t\u00e9 \u00e9labor\u00e9 avec le plus grand soin. Les informations et\/ou les services propos\u00e9s sur ce site ne peuvent donner lieu \u00e0 aucun droit. DamMedical.nl d\u00e9cline toute responsabilit\u00e9 en cas d&rsquo;informations incorrectes ou incompl\u00e8tes. DamMedical.nl ne peut en aucun cas \u00eatre tenu responsable [&hellip;]","og_url":"https:\/\/dammedical.nl\/fr\/clause-de-non-responsabilite\/","og_site_name":"Dam Medical","article_modified_time":"2025-10-02T13:05:43+00:00","twitter_card":"summary_large_image","twitter_misc":{"Dur\u00e9e de lecture estim\u00e9e":"1 minute"},"schema":{"@context":"https:\/\/schema.org","@graph":[{"@type":"WebPage","@id":"https:\/\/dammedical.nl\/fr\/clause-de-non-responsabilite\/","url":"https:\/\/dammedical.nl\/fr\/clause-de-non-responsabilite\/","name":"Clause de non-responsabilit\u00e9 - Dam Medical","isPartOf":{"@id":"https:\/\/dammedical.nl\/fr\/#website"},"datePublished":"2025-09-24T11:53:50+00:00","dateModified":"2025-10-02T13:05:43+00:00","breadcrumb":{"@id":"https:\/\/dammedical.nl\/fr\/clause-de-non-responsabilite\/#breadcrumb"},"inLanguage":"fr-FR","potentialAction":[{"@type":"ReadAction","target":["https:\/\/dammedical.nl\/fr\/clause-de-non-responsabilite\/"]}]},{"@type":"BreadcrumbList","@id":"https:\/\/dammedical.nl\/fr\/clause-de-non-responsabilite\/#breadcrumb","itemListElement":[{"@type":"ListItem","position":1,"name":"Home","item":"https:\/\/dammedical.nl\/fr\/accueil\/"},{"@type":"ListItem","position":2,"name":"Clause de non-responsabilit\u00e9"}]},{"@type":"WebSite","@id":"https:\/\/dammedical.nl\/fr\/#website","url":"https:\/\/dammedical.nl\/fr\/","name":"Dam Medical","description":"Innovatief in chirurgie","publisher":{"@id":"https:\/\/dammedical.nl\/fr\/#organization"},"potentialAction":[{"@type":"SearchAction","target":{"@type":"EntryPoint","urlTemplate":"https:\/\/dammedical.nl\/fr\/?s={search_term_string}"},"query-input":{"@type":"PropertyValueSpecification","valueRequired":true,"valueName":"search_term_string"}}],"inLanguage":"fr-FR"},{"@type":"Organization","@id":"https:\/\/dammedical.nl\/fr\/#organization","name":"Dam Medical","url":"https:\/\/dammedical.nl\/fr\/","logo":{"@type":"ImageObject","inLanguage":"fr-FR","@id":"https:\/\/dammedical.nl\/fr\/#\/schema\/logo\/image\/","url":"https:\/\/dammedical.nl\/wp-content\/uploads\/2025\/05\/logo_DamMedical-rgb-pos-e1749559852320.png","contentUrl":"https:\/\/dammedical.nl\/wp-content\/uploads\/2025\/05\/logo_DamMedical-rgb-pos-e1749559852320.png","width":1977,"height":500,"caption":"Dam Medical"},"image":{"@id":"https:\/\/dammedical.nl\/fr\/#\/schema\/logo\/image\/"}}]}},"_links":{"self":[{"href":"https:\/\/dammedical.nl\/fr\/wp-json\/wp\/v2\/pages\/3906","targetHints":{"allow":["GET"]}}],"collection":[{"href":"https:\/\/dammedical.nl\/fr\/wp-json\/wp\/v2\/pages"}],"about":[{"href":"https:\/\/dammedical.nl\/fr\/wp-json\/wp\/v2\/types\/page"}],"author":[{"embeddable":true,"href":"https:\/\/dammedical.nl\/fr\/wp-json\/wp\/v2\/users\/8"}],"replies":[{"embeddable":true,"href":"https:\/\/dammedical.nl\/fr\/wp-json\/wp\/v2\/comments?post=3906"}],"version-history":[{"count":3,"href":"https:\/\/dammedical.nl\/fr\/wp-json\/wp\/v2\/pages\/3906\/revisions"}],"predecessor-version":[{"id":3933,"href":"https:\/\/dammedical.nl\/fr\/wp-json\/wp\/v2\/pages\/3906\/revisions\/3933"}],"wp:attachment":[{"href":"https:\/\/dammedical.nl\/fr\/wp-json\/wp\/v2\/media?parent=3906"}],"curies":[{"name":"wp","href":"https:\/\/api.w.org\/{rel}","templated":true}]}}