{"id":3929,"date":"2025-08-05T09:28:07","date_gmt":"2025-08-05T09:28:07","guid":{"rendered":"https:\/\/dammedical.nl\/meta\/"},"modified":"2025-10-02T13:05:38","modified_gmt":"2025-10-02T13:05:38","slug":"meta","status":"publish","type":"page","link":"https:\/\/dammedical.nl\/fr\/meta\/","title":{"rendered":"META"},"content":{"rendered":"\t\t<div data-elementor-type=\"wp-page\" data-elementor-id=\"3929\" class=\"elementor elementor-3929 elementor-2596\" data-elementor-post-type=\"page\">\n\t\t\t\t<div class=\"elementor-element elementor-element-6e1e8249 e-flex e-con-boxed e-con e-child\" data-id=\"6e1e8249\" data-element_type=\"container\" data-settings=\"{&quot;background_background&quot;:&quot;gradient&quot;}\">\n\t\t\t\t\t<div class=\"e-con-inner\">\n\t\t<div class=\"elementor-element elementor-element-1b765092 e-flex e-con-boxed e-con e-child\" data-id=\"1b765092\" data-element_type=\"container\">\n\t\t\t\t\t<div class=\"e-con-inner\">\n\t\t\t\t<div class=\"elementor-element elementor-element-561f7d13 elementor-widget elementor-widget-heading\" data-id=\"561f7d13\" data-element_type=\"widget\" data-widget_type=\"heading.default\">\n\t\t\t\t<div class=\"elementor-widget-container\">\n\t\t\t\t\t<h1 class=\"elementor-heading-title elementor-size-default\">META<\/h1>\t\t\t\t<\/div>\n\t\t\t\t<\/div>\n\t\t\t\t\t<\/div>\n\t\t\t\t<\/div>\n\t\t\t\t\t<\/div>\n\t\t\t\t<\/div>\n\t\t<div class=\"elementor-element elementor-element-18d8da6e e-flex e-con-boxed e-con e-parent\" data-id=\"18d8da6e\" data-element_type=\"container\" data-settings=\"{&quot;background_background&quot;:&quot;classic&quot;}\">\n\t\t\t\t\t<div class=\"e-con-inner\">\n\t\t<div class=\"elementor-element elementor-element-538911ff e-con-full e-flex e-con e-child\" data-id=\"538911ff\" data-element_type=\"container\">\n\t\t\t\t<div class=\"elementor-element elementor-element-6f10551f elementor-widget elementor-widget-heading\" data-id=\"6f10551f\" data-element_type=\"widget\" data-widget_type=\"heading.default\">\n\t\t\t\t<div class=\"elementor-widget-container\">\n\t\t\t\t\t<h6 class=\"elementor-heading-title elementor-size-default\">META<\/h6>\t\t\t\t<\/div>\n\t\t\t\t<\/div>\n\t\t\t\t<div class=\"elementor-element elementor-element-3db49ad0 elementor-widget elementor-widget-heading\" data-id=\"3db49ad0\" data-element_type=\"widget\" data-widget_type=\"heading.default\">\n\t\t\t\t<div class=\"elementor-widget-container\">\n\t\t\t\t\t<h3 class=\"elementor-heading-title elementor-size-default\">Technologie innovante<\/h3>\t\t\t\t<\/div>\n\t\t\t\t<\/div>\n\t\t\t\t<div class=\"elementor-element elementor-element-5cba55d2 elementor-widget elementor-widget-heading\" data-id=\"5cba55d2\" data-element_type=\"widget\" data-widget_type=\"heading.default\">\n\t\t\t\t<div class=\"elementor-widget-container\">\n\t\t\t\t\t<div class=\"elementor-heading-title elementor-size-default\">Efficacit\u00e9, simplicit\u00e9 et haute technologie : telles sont les principales lignes directrices de META. Ils veulent jouer un r\u00f4le actif dans l'am\u00e9lioration de la qualit\u00e9 de vie des professionnels. <\/div>\t\t\t\t<\/div>\n\t\t\t\t<\/div>\n\t\t\t\t<div class=\"elementor-element elementor-element-7e47f721 elementor-widget elementor-widget-text-editor\" data-id=\"7e47f721\" data-element_type=\"widget\" data-widget_type=\"text-editor.default\">\n\t\t\t\t<div class=\"elementor-widget-container\">\n\t\t\t\t\t\t\t\t\t<p>META a vu le jour au d\u00e9but des ann\u00e9es 1990 et a r\u00e9ussi \u00e0 jouer un r\u00f4le notable et actif dans les secteurs m\u00e9dical et dentaire. META s&rsquo;efforce d&rsquo;assurer une s\u00e9curit\u00e9 maximale dans le secteur m\u00e9dical, en se concentrant sur les besoins globaux de ses clients. <\/p><p>L&rsquo;expression ultime de l&rsquo;engagement de META se traduit par une gamme de dispositifs innovants qui contribuent activement \u00e0 l&rsquo;am\u00e9lioration technologique et scientifique de l&rsquo;ensemble du secteur m\u00e9dical.<\/p><p>L&rsquo;innovation permet \u00e0 une entreprise d&rsquo;am\u00e9liorer la qualit\u00e9 de vie de ses clients et de ses employ\u00e9s, et c&rsquo;est exactement ce que META s&rsquo;efforce de faire.<\/p>\t\t\t\t\t\t\t\t<\/div>\n\t\t\t\t<\/div>\n\t\t\t\t<div class=\"elementor-element elementor-element-2fbe6258 elementor-widget-divider--view-line elementor-widget elementor-widget-divider\" data-id=\"2fbe6258\" data-element_type=\"widget\" data-widget_type=\"divider.default\">\n\t\t\t\t<div class=\"elementor-widget-container\">\n\t\t\t\t\t\t\t<div class=\"elementor-divider\">\n\t\t\t<span class=\"elementor-divider-separator\">\n\t\t\t\t\t\t<\/span>\n\t\t<\/div>\n\t\t\t\t\t\t<\/div>\n\t\t\t\t<\/div>\n\t\t<div class=\"elementor-element elementor-element-795a3075 e-con-full e-flex e-con e-child\" data-id=\"795a3075\" data-element_type=\"container\">\n\t\t\t\t<div class=\"elementor-element elementor-element-6ad2d55f elementor-widget elementor-widget-text-editor\" data-id=\"6ad2d55f\" data-element_type=\"widget\" data-widget_type=\"text-editor.default\">\n\t\t\t\t<div class=\"elementor-widget-container\">\n\t\t\t\t\t\t\t\t\t<p>Si vous souhaitez obtenir plus d&rsquo;informations en ligne, veuillez consulter la page officielle de <a href=\"https:\/\/www.metahosp.com\/en\/\">META<\/a>.<\/p>\t\t\t\t\t\t\t\t<\/div>\n\t\t\t\t<\/div>\n\t\t\t\t<\/div>\n\t\t\t\t<\/div>\n\t\t<div class=\"elementor-element elementor-element-3707c32b e-con-full e-flex e-con e-child\" data-id=\"3707c32b\" data-element_type=\"container\">\n\t\t<div class=\"elementor-element elementor-element-7e57fe1f e-flex e-con-boxed e-con e-child\" data-id=\"7e57fe1f\" data-element_type=\"container\" data-settings=\"{&quot;background_background&quot;:&quot;classic&quot;}\">\n\t\t\t\t\t<div class=\"e-con-inner\">\n\t\t\t\t<div class=\"elementor-element elementor-element-c32af03 elementor-widget elementor-widget-heading\" data-id=\"c32af03\" data-element_type=\"widget\" data-widget_type=\"heading.default\">\n\t\t\t\t<div class=\"elementor-widget-container\">\n\t\t\t\t\t<h3 class=\"elementor-heading-title elementor-size-default\">Contact<\/h3>\t\t\t\t<\/div>\n\t\t\t\t<\/div>\n\t\t\t\t<div class=\"elementor-element elementor-element-4fa30245 elementor-widget elementor-widget-heading\" data-id=\"4fa30245\" data-element_type=\"widget\" data-widget_type=\"heading.default\">\n\t\t\t\t<div class=\"elementor-widget-container\">\n\t\t\t\t\t<div class=\"elementor-heading-title elementor-size-default\">Pour plus d'informations, nous sommes \u00e0 votre disposition !<\/div>\t\t\t\t<\/div>\n\t\t\t\t<\/div>\n\t\t\t\t<div class=\"elementor-element elementor-element-5968d2d5 elementor-button-align-stretch elementor-widget elementor-widget-form\" data-id=\"5968d2d5\" data-element_type=\"widget\" data-settings=\"{&quot;step_next_label&quot;:&quot;Suivant&quot;,&quot;step_previous_label&quot;:&quot;Pr\\u00e9c\\u00e9dent&quot;,&quot;button_width&quot;:&quot;100&quot;,&quot;step_type&quot;:&quot;number_text&quot;,&quot;step_icon_shape&quot;:&quot;circle&quot;}\" data-widget_type=\"form.default\">\n\t\t\t\t<div class=\"elementor-widget-container\">\n\t\t\t\t\t\t\t<form class=\"elementor-form\" method=\"post\" name=\"Nouveau formulaire\" aria-label=\"Nouveau formulaire\">\n\t\t\t<input type=\"hidden\" name=\"post_id\" value=\"3929\"\/>\n\t\t\t<input type=\"hidden\" name=\"form_id\" value=\"5968d2d5\"\/>\n\t\t\t<input type=\"hidden\" name=\"referer_title\" value=\"META %sepsitename%% - Exclusivement chez Dam Medical\" \/>\n\n\t\t\t\t\t\t\t<input type=\"hidden\" name=\"queried_id\" value=\"3929\"\/>\n\t\t\t\n\t\t\t<div class=\"elementor-form-fields-wrapper elementor-labels-above\">\n\t\t\t\t\t\t\t\t<div class=\"elementor-field-type-text elementor-field-group elementor-column elementor-field-group-name elementor-col-100 elementor-md-50 elementor-field-required elementor-mark-required\">\n\t\t\t\t\t\t\t\t\t\t\t\t<label for=\"form-field-name\" class=\"elementor-field-label\">\n\t\t\t\t\t\t\t\tNom\t\t\t\t\t\t\t<\/label>\n\t\t\t\t\t\t\t\t\t\t\t\t\t\t<input size=\"1\" type=\"text\" name=\"form_fields[name]\" id=\"form-field-name\" class=\"elementor-field elementor-size-sm  elementor-field-textual\" placeholder=\"Nom\" required=\"required\">\n\t\t\t\t\t\t\t\t\t\t\t<\/div>\n\t\t\t\t\t\t\t\t<div class=\"elementor-field-type-email elementor-field-group elementor-column elementor-field-group-field_d78ea4c elementor-col-100 elementor-md-50 elementor-field-required elementor-mark-required\">\n\t\t\t\t\t\t\t\t\t\t\t\t<label for=\"form-field-field_d78ea4c\" class=\"elementor-field-label\">\n\t\t\t\t\t\t\t\tCourriel\t\t\t\t\t\t\t<\/label>\n\t\t\t\t\t\t\t\t\t\t\t\t\t\t<input size=\"1\" type=\"email\" name=\"form_fields[field_d78ea4c]\" id=\"form-field-field_d78ea4c\" class=\"elementor-field elementor-size-sm  elementor-field-textual\" placeholder=\"Courriel\" required=\"required\">\n\t\t\t\t\t\t\t\t\t\t\t<\/div>\n\t\t\t\t\t\t\t\t<div class=\"elementor-field-type-text elementor-field-group elementor-column elementor-field-group-field_ab5baf9 elementor-col-100 elementor-md-50 elementor-field-required elementor-mark-required\">\n\t\t\t\t\t\t\t\t\t\t\t\t<label for=\"form-field-field_ab5baf9\" class=\"elementor-field-label\">\n\t\t\t\t\t\t\t\tL'organisation\t\t\t\t\t\t\t<\/label>\n\t\t\t\t\t\t\t\t\t\t\t\t\t\t<input size=\"1\" type=\"text\" name=\"form_fields[field_ab5baf9]\" id=\"form-field-field_ab5baf9\" class=\"elementor-field elementor-size-sm  elementor-field-textual\" placeholder=\"L&#039;organisation\" required=\"required\">\n\t\t\t\t\t\t\t\t\t\t\t<\/div>\n\t\t\t\t\t\t\t\t<div class=\"elementor-field-type-textarea elementor-field-group elementor-column elementor-field-group-message elementor-col-100 elementor-field-required elementor-mark-required\">\n\t\t\t\t\t\t\t\t\t\t\t\t<label for=\"form-field-message\" class=\"elementor-field-label\">\n\t\t\t\t\t\t\t\tMessage\t\t\t\t\t\t\t<\/label>\n\t\t\t\t\t\t<textarea class=\"elementor-field-textual elementor-field  elementor-size-sm\" name=\"form_fields[message]\" id=\"form-field-message\" rows=\"4\" placeholder=\"Message\" required=\"required\"><\/textarea>\t\t\t\t<\/div>\n\t\t\t\t\t\t\t\t<div class=\"elementor-field-group elementor-column elementor-field-type-submit elementor-col-100 e-form__buttons\">\n\t\t\t\t\t<button class=\"elementor-button elementor-size-sm\" type=\"submit\">\n\t\t\t\t\t\t<span class=\"elementor-button-content-wrapper\">\n\t\t\t\t\t\t\t\t\t\t\t\t\t\t\t\t\t\t\t\t\t\t<span class=\"elementor-button-text\">Exp\u00e9dition<\/span>\n\t\t\t\t\t\t\t\t\t\t\t\t\t<\/span>\n\t\t\t\t\t<\/button>\n\t\t\t\t<\/div>\n\t\t\t<\/div>\n\t\t<\/form>\n\t\t\t\t\t\t<\/div>\n\t\t\t\t<\/div>\n\t\t\t\t\t<\/div>\n\t\t\t\t<\/div>\n\t\t\t\t<div class=\"elementor-element elementor-element-381048f8 elementor-widget elementor-widget-image\" data-id=\"381048f8\" data-element_type=\"widget\" data-widget_type=\"image.default\">\n\t\t\t\t<div class=\"elementor-widget-container\">\n\t\t\t\t\t\t\t\t\t\t\t\t\t\t\t<img fetchpriority=\"high\" decoding=\"async\" width=\"430\" height=\"500\" src=\"https:\/\/dammedical.nl\/wp-content\/uploads\/2025\/05\/logo-META.jpg\" class=\"attachment-full size-full wp-image-3912\" alt=\"\" srcset=\"https:\/\/dammedical.nl\/wp-content\/uploads\/2025\/05\/logo-META.jpg 430w, https:\/\/dammedical.nl\/wp-content\/uploads\/2025\/05\/logo-META-258x300.jpg 258w\" sizes=\"(max-width: 430px) 100vw, 430px\" \/>\t\t\t\t\t\t\t\t\t\t\t\t\t\t\t<\/div>\n\t\t\t\t<\/div>\n\t\t\t\t<\/div>\n\t\t\t\t\t<\/div>\n\t\t\t\t<\/div>\n\t\t\t\t<\/div>\n\t\t","protected":false},"excerpt":{"rendered":"<p>META Technologie innovante Efficacit\u00e9, simplicit\u00e9 et haute technologie : telles sont les principales lignes directrices de META. Ils veulent jouer un r\u00f4le actif dans l&rsquo;am\u00e9lioration de la qualit\u00e9 de vie des professionnels. META a vu le jour au d\u00e9but des ann\u00e9es 1990 et a r\u00e9ussi \u00e0 jouer un r\u00f4le notable et actif dans les secteurs [&hellip;]<\/p>\n","protected":false},"author":3,"featured_media":3912,"parent":0,"menu_order":0,"comment_status":"closed","ping_status":"closed","template":"elementor_header_footer","meta":{"footnotes":""},"class_list":["post-3929","page","type-page","status-publish","has-post-thumbnail","hentry"],"yoast_head":"<!-- This site is optimized with the Yoast SEO plugin v26.3 - https:\/\/yoast.com\/wordpress\/plugins\/seo\/ -->\n<title>META %sepsitename%% - Exclusivement chez Dam Medical<\/title>\n<meta name=\"description\" content=\"Efficacit\u00e9, simplicit\u00e9 et haute technologie : telles sont les lignes directrices de META. Ils jouent un r\u00f4le important dans les secteurs m\u00e9dical et dentaire.\" \/>\n<meta name=\"robots\" content=\"index, follow, max-snippet:-1, max-image-preview:large, max-video-preview:-1\" \/>\n<link rel=\"canonical\" href=\"https:\/\/dammedical.nl\/fr\/meta\/\" \/>\n<meta property=\"og:locale\" content=\"fr_FR\" \/>\n<meta property=\"og:type\" content=\"article\" \/>\n<meta property=\"og:title\" content=\"META %sepsitename%% - Exclusivement chez Dam Medical\" \/>\n<meta property=\"og:description\" content=\"Efficacit\u00e9, simplicit\u00e9 et haute technologie : telles sont les lignes directrices de META. Ils jouent un r\u00f4le important dans les secteurs m\u00e9dical et dentaire.\" \/>\n<meta property=\"og:url\" content=\"https:\/\/dammedical.nl\/fr\/meta\/\" \/>\n<meta property=\"og:site_name\" content=\"Dam Medical\" \/>\n<meta property=\"article:modified_time\" content=\"2025-10-02T13:05:38+00:00\" \/>\n<meta property=\"og:image\" content=\"https:\/\/dammedical.nl\/wp-content\/uploads\/2025\/05\/logo-META.jpg\" \/>\n\t<meta property=\"og:image:width\" content=\"430\" \/>\n\t<meta property=\"og:image:height\" content=\"500\" \/>\n\t<meta property=\"og:image:type\" content=\"image\/jpeg\" \/>\n<meta name=\"twitter:card\" content=\"summary_large_image\" \/>\n<meta name=\"twitter:label1\" content=\"Dur\u00e9e de lecture estim\u00e9e\" \/>\n\t<meta name=\"twitter:data1\" content=\"1 minute\" \/>\n<script type=\"application\/ld+json\" class=\"yoast-schema-graph\">{\"@context\":\"https:\/\/schema.org\",\"@graph\":[{\"@type\":\"WebPage\",\"@id\":\"https:\/\/dammedical.nl\/fr\/meta\/\",\"url\":\"https:\/\/dammedical.nl\/fr\/meta\/\",\"name\":\"META %sepsitename%% - Exclusivement chez Dam Medical\",\"isPartOf\":{\"@id\":\"https:\/\/dammedical.nl\/fr\/#website\"},\"primaryImageOfPage\":{\"@id\":\"https:\/\/dammedical.nl\/fr\/meta\/#primaryimage\"},\"image\":{\"@id\":\"https:\/\/dammedical.nl\/fr\/meta\/#primaryimage\"},\"thumbnailUrl\":\"https:\/\/dammedical.nl\/wp-content\/uploads\/2025\/05\/logo-META.jpg\",\"datePublished\":\"2025-08-05T09:28:07+00:00\",\"dateModified\":\"2025-10-02T13:05:38+00:00\",\"description\":\"Efficacit\u00e9, simplicit\u00e9 et haute technologie : telles sont les lignes directrices de META. Ils jouent un r\u00f4le important dans les secteurs m\u00e9dical et dentaire.\",\"breadcrumb\":{\"@id\":\"https:\/\/dammedical.nl\/fr\/meta\/#breadcrumb\"},\"inLanguage\":\"fr-FR\",\"potentialAction\":[{\"@type\":\"ReadAction\",\"target\":[\"https:\/\/dammedical.nl\/fr\/meta\/\"]}]},{\"@type\":\"ImageObject\",\"inLanguage\":\"fr-FR\",\"@id\":\"https:\/\/dammedical.nl\/fr\/meta\/#primaryimage\",\"url\":\"https:\/\/dammedical.nl\/wp-content\/uploads\/2025\/05\/logo-META.jpg\",\"contentUrl\":\"https:\/\/dammedical.nl\/wp-content\/uploads\/2025\/05\/logo-META.jpg\",\"width\":430,\"height\":500},{\"@type\":\"BreadcrumbList\",\"@id\":\"https:\/\/dammedical.nl\/fr\/meta\/#breadcrumb\",\"itemListElement\":[{\"@type\":\"ListItem\",\"position\":1,\"name\":\"Home\",\"item\":\"https:\/\/dammedical.nl\/fr\/accueil\/\"},{\"@type\":\"ListItem\",\"position\":2,\"name\":\"META\"}]},{\"@type\":\"WebSite\",\"@id\":\"https:\/\/dammedical.nl\/fr\/#website\",\"url\":\"https:\/\/dammedical.nl\/fr\/\",\"name\":\"Dam Medical\",\"description\":\"Innovatief in chirurgie\",\"publisher\":{\"@id\":\"https:\/\/dammedical.nl\/fr\/#organization\"},\"potentialAction\":[{\"@type\":\"SearchAction\",\"target\":{\"@type\":\"EntryPoint\",\"urlTemplate\":\"https:\/\/dammedical.nl\/fr\/?s={search_term_string}\"},\"query-input\":{\"@type\":\"PropertyValueSpecification\",\"valueRequired\":true,\"valueName\":\"search_term_string\"}}],\"inLanguage\":\"fr-FR\"},{\"@type\":\"Organization\",\"@id\":\"https:\/\/dammedical.nl\/fr\/#organization\",\"name\":\"Dam Medical\",\"url\":\"https:\/\/dammedical.nl\/fr\/\",\"logo\":{\"@type\":\"ImageObject\",\"inLanguage\":\"fr-FR\",\"@id\":\"https:\/\/dammedical.nl\/fr\/#\/schema\/logo\/image\/\",\"url\":\"https:\/\/dammedical.nl\/wp-content\/uploads\/2025\/05\/logo_DamMedical-rgb-pos-e1749559852320.png\",\"contentUrl\":\"https:\/\/dammedical.nl\/wp-content\/uploads\/2025\/05\/logo_DamMedical-rgb-pos-e1749559852320.png\",\"width\":1977,\"height\":500,\"caption\":\"Dam Medical\"},\"image\":{\"@id\":\"https:\/\/dammedical.nl\/fr\/#\/schema\/logo\/image\/\"}}]}<\/script>\n<!-- \/ Yoast SEO plugin. -->","yoast_head_json":{"title":"META %sepsitename%% - Exclusivement chez Dam Medical","description":"Efficacit\u00e9, simplicit\u00e9 et haute technologie : telles sont les lignes directrices de META. Ils jouent un r\u00f4le important dans les secteurs m\u00e9dical et dentaire.","robots":{"index":"index","follow":"follow","max-snippet":"max-snippet:-1","max-image-preview":"max-image-preview:large","max-video-preview":"max-video-preview:-1"},"canonical":"https:\/\/dammedical.nl\/fr\/meta\/","og_locale":"fr_FR","og_type":"article","og_title":"META %sepsitename%% - Exclusivement chez Dam Medical","og_description":"Efficacit\u00e9, simplicit\u00e9 et haute technologie : telles sont les lignes directrices de META. Ils jouent un r\u00f4le important dans les secteurs m\u00e9dical et dentaire.","og_url":"https:\/\/dammedical.nl\/fr\/meta\/","og_site_name":"Dam Medical","article_modified_time":"2025-10-02T13:05:38+00:00","og_image":[{"width":430,"height":500,"url":"https:\/\/dammedical.nl\/wp-content\/uploads\/2025\/05\/logo-META.jpg","type":"image\/jpeg"}],"twitter_card":"summary_large_image","twitter_misc":{"Dur\u00e9e de lecture estim\u00e9e":"1 minute"},"schema":{"@context":"https:\/\/schema.org","@graph":[{"@type":"WebPage","@id":"https:\/\/dammedical.nl\/fr\/meta\/","url":"https:\/\/dammedical.nl\/fr\/meta\/","name":"META %sepsitename%% - Exclusivement chez Dam Medical","isPartOf":{"@id":"https:\/\/dammedical.nl\/fr\/#website"},"primaryImageOfPage":{"@id":"https:\/\/dammedical.nl\/fr\/meta\/#primaryimage"},"image":{"@id":"https:\/\/dammedical.nl\/fr\/meta\/#primaryimage"},"thumbnailUrl":"https:\/\/dammedical.nl\/wp-content\/uploads\/2025\/05\/logo-META.jpg","datePublished":"2025-08-05T09:28:07+00:00","dateModified":"2025-10-02T13:05:38+00:00","description":"Efficacit\u00e9, simplicit\u00e9 et haute technologie : telles sont les lignes directrices de META. Ils jouent un r\u00f4le important dans les secteurs m\u00e9dical et dentaire.","breadcrumb":{"@id":"https:\/\/dammedical.nl\/fr\/meta\/#breadcrumb"},"inLanguage":"fr-FR","potentialAction":[{"@type":"ReadAction","target":["https:\/\/dammedical.nl\/fr\/meta\/"]}]},{"@type":"ImageObject","inLanguage":"fr-FR","@id":"https:\/\/dammedical.nl\/fr\/meta\/#primaryimage","url":"https:\/\/dammedical.nl\/wp-content\/uploads\/2025\/05\/logo-META.jpg","contentUrl":"https:\/\/dammedical.nl\/wp-content\/uploads\/2025\/05\/logo-META.jpg","width":430,"height":500},{"@type":"BreadcrumbList","@id":"https:\/\/dammedical.nl\/fr\/meta\/#breadcrumb","itemListElement":[{"@type":"ListItem","position":1,"name":"Home","item":"https:\/\/dammedical.nl\/fr\/accueil\/"},{"@type":"ListItem","position":2,"name":"META"}]},{"@type":"WebSite","@id":"https:\/\/dammedical.nl\/fr\/#website","url":"https:\/\/dammedical.nl\/fr\/","name":"Dam Medical","description":"Innovatief in chirurgie","publisher":{"@id":"https:\/\/dammedical.nl\/fr\/#organization"},"potentialAction":[{"@type":"SearchAction","target":{"@type":"EntryPoint","urlTemplate":"https:\/\/dammedical.nl\/fr\/?s={search_term_string}"},"query-input":{"@type":"PropertyValueSpecification","valueRequired":true,"valueName":"search_term_string"}}],"inLanguage":"fr-FR"},{"@type":"Organization","@id":"https:\/\/dammedical.nl\/fr\/#organization","name":"Dam Medical","url":"https:\/\/dammedical.nl\/fr\/","logo":{"@type":"ImageObject","inLanguage":"fr-FR","@id":"https:\/\/dammedical.nl\/fr\/#\/schema\/logo\/image\/","url":"https:\/\/dammedical.nl\/wp-content\/uploads\/2025\/05\/logo_DamMedical-rgb-pos-e1749559852320.png","contentUrl":"https:\/\/dammedical.nl\/wp-content\/uploads\/2025\/05\/logo_DamMedical-rgb-pos-e1749559852320.png","width":1977,"height":500,"caption":"Dam Medical"},"image":{"@id":"https:\/\/dammedical.nl\/fr\/#\/schema\/logo\/image\/"}}]}},"_links":{"self":[{"href":"https:\/\/dammedical.nl\/fr\/wp-json\/wp\/v2\/pages\/3929","targetHints":{"allow":["GET"]}}],"collection":[{"href":"https:\/\/dammedical.nl\/fr\/wp-json\/wp\/v2\/pages"}],"about":[{"href":"https:\/\/dammedical.nl\/fr\/wp-json\/wp\/v2\/types\/page"}],"author":[{"embeddable":true,"href":"https:\/\/dammedical.nl\/fr\/wp-json\/wp\/v2\/users\/3"}],"replies":[{"embeddable":true,"href":"https:\/\/dammedical.nl\/fr\/wp-json\/wp\/v2\/comments?post=3929"}],"version-history":[{"count":1,"href":"https:\/\/dammedical.nl\/fr\/wp-json\/wp\/v2\/pages\/3929\/revisions"}],"predecessor-version":[{"id":3931,"href":"https:\/\/dammedical.nl\/fr\/wp-json\/wp\/v2\/pages\/3929\/revisions\/3931"}],"wp:featuredmedia":[{"embeddable":true,"href":"https:\/\/dammedical.nl\/fr\/wp-json\/wp\/v2\/media\/3912"}],"wp:attachment":[{"href":"https:\/\/dammedical.nl\/fr\/wp-json\/wp\/v2\/media?parent=3929"}],"curies":[{"name":"wp","href":"https:\/\/api.w.org\/{rel}","templated":true}]}}