{"id":3936,"date":"2025-06-11T14:12:26","date_gmt":"2025-06-11T14:12:26","guid":{"rendered":"https:\/\/dammedical.nl\/logiciel-de-numerisation\/"},"modified":"2025-10-02T13:05:58","modified_gmt":"2025-10-02T13:05:58","slug":"logiciel-de-numerisation","status":"publish","type":"page","link":"https:\/\/dammedical.nl\/fr\/logiciel-de-numerisation\/","title":{"rendered":"Logiciel de num\u00e9risation"},"content":{"rendered":"\t\t<div data-elementor-type=\"wp-page\" data-elementor-id=\"3936\" class=\"elementor elementor-3936 elementor-959\" data-elementor-post-type=\"page\">\n\t\t\t\t<div class=\"elementor-element elementor-element-9623c4a e-flex e-con-boxed e-con e-child\" data-id=\"9623c4a\" data-element_type=\"container\" data-settings=\"{&quot;background_background&quot;:&quot;gradient&quot;}\">\n\t\t\t\t\t<div class=\"e-con-inner\">\n\t\t<div class=\"elementor-element elementor-element-729b9d6 e-flex e-con-boxed e-con e-child\" data-id=\"729b9d6\" data-element_type=\"container\">\n\t\t\t\t\t<div class=\"e-con-inner\">\n\t\t\t\t<div class=\"elementor-element elementor-element-3319175f elementor-widget elementor-widget-heading\" data-id=\"3319175f\" data-element_type=\"widget\" data-widget_type=\"heading.default\">\n\t\t\t\t<div class=\"elementor-widget-container\">\n\t\t\t\t\t<h1 class=\"elementor-heading-title elementor-size-default\">Logiciel de num\u00e9risation<\/h1>\t\t\t\t<\/div>\n\t\t\t\t<\/div>\n\t\t\t\t\t<\/div>\n\t\t\t\t<\/div>\n\t\t\t\t\t<\/div>\n\t\t\t\t<\/div>\n\t\t<div class=\"elementor-element elementor-element-120f1a6b e-flex e-con-boxed e-con e-parent\" data-id=\"120f1a6b\" data-element_type=\"container\" data-settings=\"{&quot;background_background&quot;:&quot;classic&quot;}\">\n\t\t\t\t\t<div class=\"e-con-inner\">\n\t\t<div class=\"elementor-element elementor-element-34e2358b e-con-full e-flex e-con e-child\" data-id=\"34e2358b\" data-element_type=\"container\">\n\t\t\t\t<div class=\"elementor-element elementor-element-2f452b6f elementor-widget elementor-widget-heading\" data-id=\"2f452b6f\" data-element_type=\"widget\" data-widget_type=\"heading.default\">\n\t\t\t\t<div class=\"elementor-widget-container\">\n\t\t\t\t\t<h6 class=\"elementor-heading-title elementor-size-default\">Logiciel BTI Scan 4<\/h6>\t\t\t\t<\/div>\n\t\t\t\t<\/div>\n\t\t\t\t<div class=\"elementor-element elementor-element-56112ed2 elementor-widget elementor-widget-heading\" data-id=\"56112ed2\" data-element_type=\"widget\" data-widget_type=\"heading.default\">\n\t\t\t\t<div class=\"elementor-widget-container\">\n\t\t\t\t\t<h3 class=\"elementor-heading-title elementor-size-default\">Planification et visualisation  <\/h3>\t\t\t\t<\/div>\n\t\t\t\t<\/div>\n\t\t\t\t<div class=\"elementor-element elementor-element-37c7e8e4 elementor-widget elementor-widget-text-editor\" data-id=\"37c7e8e4\" data-element_type=\"widget\" data-widget_type=\"text-editor.default\">\n\t\t\t\t<div class=\"elementor-widget-container\">\n\t\t\t\t\t\t\t\t\t<p>BTI Scan 4 est le logiciel d\u00e9velopp\u00e9 par des implantologues, vous permettant de planifier le traitement de mani\u00e8re rigoureuse, efficace et peu invasive sans connaissances informatiques avanc\u00e9es.<\/p>\t\t\t\t\t\t\t\t<\/div>\n\t\t\t\t<\/div>\n\t\t\t\t<div class=\"elementor-element elementor-element-403367e0 elementor-widget elementor-widget-heading\" data-id=\"403367e0\" data-element_type=\"widget\" data-widget_type=\"heading.default\">\n\t\t\t\t<div class=\"elementor-widget-container\">\n\t\t\t\t\t<h5 class=\"elementor-heading-title elementor-size-default\">BTI Scan 4 : Par des implantologues, pour des implantologues\n\n<\/h5>\t\t\t\t<\/div>\n\t\t\t\t<\/div>\n\t\t\t\t<div class=\"elementor-element elementor-element-ccb2935 elementor-widget elementor-widget-text-editor\" data-id=\"ccb2935\" data-element_type=\"widget\" data-widget_type=\"text-editor.default\">\n\t\t\t\t<div class=\"elementor-widget-container\">\n\t\t\t\t\t\t\t\t\t<p>Un affichage simple, intuitif et visuel. Toutes les informations dont vous avez besoin en un coup d&rsquo;\u0153il. Toutes les fonctions avanc\u00e9es d&rsquo;un simple clic droit. C&rsquo;est aussi simple que cela.   <\/p><p>Le diagnostic et la planification n&rsquo;ont jamais \u00e9t\u00e9 aussi faciles et pr\u00e9cis<br>Une densitom\u00e9trie pr\u00e9cise nous permet d&rsquo;\u00e9valuer la cavit\u00e9 buccale et ses structures anatomiques, d&rsquo;anticiper les \u00e9v\u00e9nements inattendus et d&rsquo;ajuster le forage pour une chirurgie r\u00e9ussie.<\/p><p>Les instruments de mesure nous permettent de choisir le bon positionnement, ainsi que les diam\u00e8tres et les longueurs des implants que nous pr\u00e9voyons.<\/p>\t\t\t\t\t\t\t\t<\/div>\n\t\t\t\t<\/div>\n\t\t\t\t<div class=\"elementor-element elementor-element-6187f589 elementor-mobile-align-justify elementor-widget elementor-widget-button\" data-id=\"6187f589\" data-element_type=\"widget\" data-widget_type=\"button.default\">\n\t\t\t\t<div class=\"elementor-widget-container\">\n\t\t\t\t\t\t\t\t\t<div class=\"elementor-button-wrapper\">\n\t\t\t\t\t<a class=\"elementor-button elementor-button-link elementor-size-md\" href=\"https:\/\/dammedical.nl\/wp-content\/uploads\/2025\/09\/DAM-2025-BTI-SCAN-4.pdf\" target=\"_blank\">\n\t\t\t\t\t\t<span class=\"elementor-button-content-wrapper\">\n\t\t\t\t\t\t<span class=\"elementor-button-icon\">\n\t\t\t\t<svg aria-hidden=\"true\" class=\"e-font-icon-svg e-far-file-alt\" viewBox=\"0 0 384 512\" xmlns=\"http:\/\/www.w3.org\/2000\/svg\"><path d=\"M288 248v28c0 6.6-5.4 12-12 12H108c-6.6 0-12-5.4-12-12v-28c0-6.6 5.4-12 12-12h168c6.6 0 12 5.4 12 12zm-12 72H108c-6.6 0-12 5.4-12 12v28c0 6.6 5.4 12 12 12h168c6.6 0 12-5.4 12-12v-28c0-6.6-5.4-12-12-12zm108-188.1V464c0 26.5-21.5 48-48 48H48c-26.5 0-48-21.5-48-48V48C0 21.5 21.5 0 48 0h204.1C264.8 0 277 5.1 286 14.1L369.9 98c9 8.9 14.1 21.2 14.1 33.9zm-128-80V128h76.1L256 51.9zM336 464V176H232c-13.3 0-24-10.7-24-24V48H48v416h288z\"><\/path><\/svg>\t\t\t<\/span>\n\t\t\t\t\t\t\t\t\t<span class=\"elementor-button-text\">Brochure Scan 4<\/span>\n\t\t\t\t\t<\/span>\n\t\t\t\t\t<\/a>\n\t\t\t\t<\/div>\n\t\t\t\t\t\t\t\t<\/div>\n\t\t\t\t<\/div>\n\t\t\t\t<\/div>\n\t\t<div class=\"elementor-element elementor-element-24e941ef e-con-full e-flex e-con e-child\" data-id=\"24e941ef\" data-element_type=\"container\">\n\t\t\t\t<div class=\"elementor-element elementor-element-699a1ce elementor-widget elementor-widget-image\" data-id=\"699a1ce\" data-element_type=\"widget\" data-widget_type=\"image.default\">\n\t\t\t\t<div class=\"elementor-widget-container\">\n\t\t\t\t\t\t\t\t\t\t\t\t\t\t\t<img fetchpriority=\"high\" decoding=\"async\" width=\"800\" height=\"600\" src=\"https:\/\/dammedical.nl\/wp-content\/uploads\/2022\/10\/BTI-Scan4.png\" class=\"attachment-large size-large wp-image-3937\" alt=\"\" srcset=\"https:\/\/dammedical.nl\/wp-content\/uploads\/2022\/10\/BTI-Scan4.png 1000w, https:\/\/dammedical.nl\/wp-content\/uploads\/2022\/10\/BTI-Scan4-300x225.png 300w, https:\/\/dammedical.nl\/wp-content\/uploads\/2022\/10\/BTI-Scan4-768x576.png 768w, https:\/\/dammedical.nl\/wp-content\/uploads\/2022\/10\/BTI-Scan4-600x450.png 600w\" sizes=\"(max-width: 800px) 100vw, 800px\" \/>\t\t\t\t\t\t\t\t\t\t\t\t\t\t\t<\/div>\n\t\t\t\t<\/div>\n\t\t\t\t<\/div>\n\t\t\t\t\t<\/div>\n\t\t\t\t<\/div>\n\t\t<div class=\"elementor-element elementor-element-ca14100 e-flex e-con-boxed e-con e-parent\" data-id=\"ca14100\" data-element_type=\"container\" data-settings=\"{&quot;background_background&quot;:&quot;classic&quot;}\">\n\t\t\t\t\t<div class=\"e-con-inner\">\n\t\t<div class=\"elementor-element elementor-element-d495b7d e-flex e-con-boxed e-con e-child\" data-id=\"d495b7d\" data-element_type=\"container\">\n\t\t\t\t\t<div class=\"e-con-inner\">\n\t\t<div class=\"elementor-element elementor-element-80df899 e-con-full e-flex elementor-invisible e-con e-child\" data-id=\"80df899\" data-element_type=\"container\" data-settings=\"{&quot;background_background&quot;:&quot;classic&quot;,&quot;animation&quot;:&quot;fadeInDown&quot;}\">\n\t\t\t\t<div class=\"elementor-element elementor-element-b95759e elementor-widget elementor-widget-heading\" data-id=\"b95759e\" data-element_type=\"widget\" data-widget_type=\"heading.default\">\n\t\t\t\t<div class=\"elementor-widget-container\">\n\t\t\t\t\t<h5 class=\"elementor-heading-title elementor-size-default\">\u00c9vitez les surprises<\/h5>\t\t\t\t<\/div>\n\t\t\t\t<\/div>\n\t\t\t\t<div class=\"elementor-element elementor-element-e201ad2 elementor-widget elementor-widget-text-editor\" data-id=\"e201ad2\" data-element_type=\"widget\" data-widget_type=\"text-editor.default\">\n\t\t\t\t<div class=\"elementor-widget-container\">\n\t\t\t\t\t\t\t\t\t<p>Cet outil permet de voir facilement o\u00f9 se trouve le nerf dentaire du patient, ce qui r\u00e9duit le risque de l&rsquo;endommager pendant l&rsquo;op\u00e9ration. Rien n&rsquo;est laiss\u00e9 au hasard. L&rsquo;affichage 3D puissant inspire confiance aux patients car nous pouvons leur montrer le traitement.  <\/p>\t\t\t\t\t\t\t\t<\/div>\n\t\t\t\t<\/div>\n\t\t\t\t<div class=\"elementor-element elementor-element-cd4df93 elementor-widget elementor-widget-image\" data-id=\"cd4df93\" data-element_type=\"widget\" data-widget_type=\"image.default\">\n\t\t\t\t<div class=\"elementor-widget-container\">\n\t\t\t\t\t\t\t\t\t\t\t\t\t\t\t<img decoding=\"async\" width=\"1362\" height=\"1031\" src=\"https:\/\/dammedical.nl\/wp-content\/uploads\/2022\/10\/BTI-Scan4-software.jpg\" class=\"attachment-full size-full wp-image-3938\" alt=\"\" srcset=\"https:\/\/dammedical.nl\/wp-content\/uploads\/2022\/10\/BTI-Scan4-software.jpg 1362w, https:\/\/dammedical.nl\/wp-content\/uploads\/2022\/10\/BTI-Scan4-software-300x227.jpg 300w, https:\/\/dammedical.nl\/wp-content\/uploads\/2022\/10\/BTI-Scan4-software-1024x775.jpg 1024w, https:\/\/dammedical.nl\/wp-content\/uploads\/2022\/10\/BTI-Scan4-software-768x581.jpg 768w, https:\/\/dammedical.nl\/wp-content\/uploads\/2022\/10\/BTI-Scan4-software-600x454.jpg 600w\" sizes=\"(max-width: 1362px) 100vw, 1362px\" \/>\t\t\t\t\t\t\t\t\t\t\t\t\t\t\t<\/div>\n\t\t\t\t<\/div>\n\t\t\t\t<\/div>\n\t\t\t\t\t<\/div>\n\t\t\t\t<\/div>\n\t\t\t\t\t<\/div>\n\t\t\t\t<\/div>\n\t\t\t\t<\/div>\n\t\t","protected":false},"excerpt":{"rendered":"<p>Logiciel BTI Scan 4 Planification et visualisation BTI Scan 4 est le logiciel d\u00e9velopp\u00e9 par des implantologues, vous permettant de planifier le traitement de mani\u00e8re rigoureuse, efficace et peu invasive sans connaissances informatiques avanc\u00e9es. BTI Scan 4 : Par des implantologues, pour des implantologues Un affichage simple, intuitif et visuel. Toutes les informations dont vous [&hellip;]<\/p>\n","protected":false},"author":3,"featured_media":3937,"parent":0,"menu_order":0,"comment_status":"closed","ping_status":"closed","template":"elementor_header_footer","meta":{"footnotes":""},"class_list":["post-3936","page","type-page","status-publish","has-post-thumbnail","hentry"],"yoast_head":"<!-- This site is optimized with the Yoast SEO plugin v26.3 - https:\/\/yoast.com\/wordpress\/plugins\/seo\/ -->\n<title>Logiciel de num\u00e9risation - Dam Medical<\/title>\n<meta name=\"description\" content=\"Le logiciel BTI Scan 4 aide les implantologues \u00e0 planifier les traitements facilement et efficacement, en mettant l&#039;accent sur la pr\u00e9cision et les proc\u00e9dures peu invasives.\" \/>\n<meta name=\"robots\" content=\"index, follow, max-snippet:-1, max-image-preview:large, max-video-preview:-1\" \/>\n<link rel=\"canonical\" href=\"https:\/\/dammedical.nl\/fr\/logiciel-de-numerisation\/\" \/>\n<meta property=\"og:locale\" content=\"fr_FR\" \/>\n<meta property=\"og:type\" content=\"article\" \/>\n<meta property=\"og:title\" content=\"Logiciel de num\u00e9risation - Dam Medical\" \/>\n<meta property=\"og:description\" content=\"Le logiciel BTI Scan 4 aide les implantologues \u00e0 planifier les traitements facilement et efficacement, en mettant l&#039;accent sur la pr\u00e9cision et les proc\u00e9dures peu invasives.\" \/>\n<meta property=\"og:url\" content=\"https:\/\/dammedical.nl\/fr\/logiciel-de-numerisation\/\" \/>\n<meta property=\"og:site_name\" content=\"Dam Medical\" \/>\n<meta property=\"article:modified_time\" content=\"2025-10-02T13:05:58+00:00\" \/>\n<meta property=\"og:image\" content=\"https:\/\/dammedical.nl\/wp-content\/uploads\/2022\/10\/BTI-Scan4.png\" \/>\n\t<meta property=\"og:image:width\" content=\"1000\" \/>\n\t<meta property=\"og:image:height\" content=\"750\" \/>\n\t<meta property=\"og:image:type\" content=\"image\/png\" \/>\n<meta name=\"twitter:card\" content=\"summary_large_image\" \/>\n<meta name=\"twitter:label1\" content=\"Dur\u00e9e de lecture estim\u00e9e\" \/>\n\t<meta name=\"twitter:data1\" content=\"1 minute\" \/>\n<script type=\"application\/ld+json\" class=\"yoast-schema-graph\">{\"@context\":\"https:\/\/schema.org\",\"@graph\":[{\"@type\":\"WebPage\",\"@id\":\"https:\/\/dammedical.nl\/fr\/logiciel-de-numerisation\/\",\"url\":\"https:\/\/dammedical.nl\/fr\/logiciel-de-numerisation\/\",\"name\":\"Logiciel de num\u00e9risation - Dam Medical\",\"isPartOf\":{\"@id\":\"https:\/\/dammedical.nl\/fr\/#website\"},\"primaryImageOfPage\":{\"@id\":\"https:\/\/dammedical.nl\/fr\/logiciel-de-numerisation\/#primaryimage\"},\"image\":{\"@id\":\"https:\/\/dammedical.nl\/fr\/logiciel-de-numerisation\/#primaryimage\"},\"thumbnailUrl\":\"https:\/\/dammedical.nl\/wp-content\/uploads\/2022\/10\/BTI-Scan4.png\",\"datePublished\":\"2025-06-11T14:12:26+00:00\",\"dateModified\":\"2025-10-02T13:05:58+00:00\",\"description\":\"Le logiciel BTI Scan 4 aide les implantologues \u00e0 planifier les traitements facilement et efficacement, en mettant l'accent sur la pr\u00e9cision et les proc\u00e9dures peu invasives.\",\"breadcrumb\":{\"@id\":\"https:\/\/dammedical.nl\/fr\/logiciel-de-numerisation\/#breadcrumb\"},\"inLanguage\":\"fr-FR\",\"potentialAction\":[{\"@type\":\"ReadAction\",\"target\":[\"https:\/\/dammedical.nl\/fr\/logiciel-de-numerisation\/\"]}]},{\"@type\":\"ImageObject\",\"inLanguage\":\"fr-FR\",\"@id\":\"https:\/\/dammedical.nl\/fr\/logiciel-de-numerisation\/#primaryimage\",\"url\":\"https:\/\/dammedical.nl\/wp-content\/uploads\/2022\/10\/BTI-Scan4.png\",\"contentUrl\":\"https:\/\/dammedical.nl\/wp-content\/uploads\/2022\/10\/BTI-Scan4.png\",\"width\":1000,\"height\":750},{\"@type\":\"BreadcrumbList\",\"@id\":\"https:\/\/dammedical.nl\/fr\/logiciel-de-numerisation\/#breadcrumb\",\"itemListElement\":[{\"@type\":\"ListItem\",\"position\":1,\"name\":\"Home\",\"item\":\"https:\/\/dammedical.nl\/fr\/accueil\/\"},{\"@type\":\"ListItem\",\"position\":2,\"name\":\"Logiciel de num\u00e9risation\"}]},{\"@type\":\"WebSite\",\"@id\":\"https:\/\/dammedical.nl\/fr\/#website\",\"url\":\"https:\/\/dammedical.nl\/fr\/\",\"name\":\"Dam Medical\",\"description\":\"Innovatief in chirurgie\",\"publisher\":{\"@id\":\"https:\/\/dammedical.nl\/fr\/#organization\"},\"potentialAction\":[{\"@type\":\"SearchAction\",\"target\":{\"@type\":\"EntryPoint\",\"urlTemplate\":\"https:\/\/dammedical.nl\/fr\/?s={search_term_string}\"},\"query-input\":{\"@type\":\"PropertyValueSpecification\",\"valueRequired\":true,\"valueName\":\"search_term_string\"}}],\"inLanguage\":\"fr-FR\"},{\"@type\":\"Organization\",\"@id\":\"https:\/\/dammedical.nl\/fr\/#organization\",\"name\":\"Dam Medical\",\"url\":\"https:\/\/dammedical.nl\/fr\/\",\"logo\":{\"@type\":\"ImageObject\",\"inLanguage\":\"fr-FR\",\"@id\":\"https:\/\/dammedical.nl\/fr\/#\/schema\/logo\/image\/\",\"url\":\"https:\/\/dammedical.nl\/wp-content\/uploads\/2025\/05\/logo_DamMedical-rgb-pos-e1749559852320.png\",\"contentUrl\":\"https:\/\/dammedical.nl\/wp-content\/uploads\/2025\/05\/logo_DamMedical-rgb-pos-e1749559852320.png\",\"width\":1977,\"height\":500,\"caption\":\"Dam Medical\"},\"image\":{\"@id\":\"https:\/\/dammedical.nl\/fr\/#\/schema\/logo\/image\/\"}}]}<\/script>\n<!-- \/ Yoast SEO plugin. -->","yoast_head_json":{"title":"Logiciel de num\u00e9risation - Dam Medical","description":"Le logiciel BTI Scan 4 aide les implantologues \u00e0 planifier les traitements facilement et efficacement, en mettant l'accent sur la pr\u00e9cision et les proc\u00e9dures peu invasives.","robots":{"index":"index","follow":"follow","max-snippet":"max-snippet:-1","max-image-preview":"max-image-preview:large","max-video-preview":"max-video-preview:-1"},"canonical":"https:\/\/dammedical.nl\/fr\/logiciel-de-numerisation\/","og_locale":"fr_FR","og_type":"article","og_title":"Logiciel de num\u00e9risation - Dam Medical","og_description":"Le logiciel BTI Scan 4 aide les implantologues \u00e0 planifier les traitements facilement et efficacement, en mettant l'accent sur la pr\u00e9cision et les proc\u00e9dures peu invasives.","og_url":"https:\/\/dammedical.nl\/fr\/logiciel-de-numerisation\/","og_site_name":"Dam Medical","article_modified_time":"2025-10-02T13:05:58+00:00","og_image":[{"width":1000,"height":750,"url":"https:\/\/dammedical.nl\/wp-content\/uploads\/2022\/10\/BTI-Scan4.png","type":"image\/png"}],"twitter_card":"summary_large_image","twitter_misc":{"Dur\u00e9e de lecture estim\u00e9e":"1 minute"},"schema":{"@context":"https:\/\/schema.org","@graph":[{"@type":"WebPage","@id":"https:\/\/dammedical.nl\/fr\/logiciel-de-numerisation\/","url":"https:\/\/dammedical.nl\/fr\/logiciel-de-numerisation\/","name":"Logiciel de num\u00e9risation - Dam Medical","isPartOf":{"@id":"https:\/\/dammedical.nl\/fr\/#website"},"primaryImageOfPage":{"@id":"https:\/\/dammedical.nl\/fr\/logiciel-de-numerisation\/#primaryimage"},"image":{"@id":"https:\/\/dammedical.nl\/fr\/logiciel-de-numerisation\/#primaryimage"},"thumbnailUrl":"https:\/\/dammedical.nl\/wp-content\/uploads\/2022\/10\/BTI-Scan4.png","datePublished":"2025-06-11T14:12:26+00:00","dateModified":"2025-10-02T13:05:58+00:00","description":"Le logiciel BTI Scan 4 aide les implantologues \u00e0 planifier les traitements facilement et efficacement, en mettant l'accent sur la pr\u00e9cision et les proc\u00e9dures peu invasives.","breadcrumb":{"@id":"https:\/\/dammedical.nl\/fr\/logiciel-de-numerisation\/#breadcrumb"},"inLanguage":"fr-FR","potentialAction":[{"@type":"ReadAction","target":["https:\/\/dammedical.nl\/fr\/logiciel-de-numerisation\/"]}]},{"@type":"ImageObject","inLanguage":"fr-FR","@id":"https:\/\/dammedical.nl\/fr\/logiciel-de-numerisation\/#primaryimage","url":"https:\/\/dammedical.nl\/wp-content\/uploads\/2022\/10\/BTI-Scan4.png","contentUrl":"https:\/\/dammedical.nl\/wp-content\/uploads\/2022\/10\/BTI-Scan4.png","width":1000,"height":750},{"@type":"BreadcrumbList","@id":"https:\/\/dammedical.nl\/fr\/logiciel-de-numerisation\/#breadcrumb","itemListElement":[{"@type":"ListItem","position":1,"name":"Home","item":"https:\/\/dammedical.nl\/fr\/accueil\/"},{"@type":"ListItem","position":2,"name":"Logiciel de num\u00e9risation"}]},{"@type":"WebSite","@id":"https:\/\/dammedical.nl\/fr\/#website","url":"https:\/\/dammedical.nl\/fr\/","name":"Dam Medical","description":"Innovatief in chirurgie","publisher":{"@id":"https:\/\/dammedical.nl\/fr\/#organization"},"potentialAction":[{"@type":"SearchAction","target":{"@type":"EntryPoint","urlTemplate":"https:\/\/dammedical.nl\/fr\/?s={search_term_string}"},"query-input":{"@type":"PropertyValueSpecification","valueRequired":true,"valueName":"search_term_string"}}],"inLanguage":"fr-FR"},{"@type":"Organization","@id":"https:\/\/dammedical.nl\/fr\/#organization","name":"Dam Medical","url":"https:\/\/dammedical.nl\/fr\/","logo":{"@type":"ImageObject","inLanguage":"fr-FR","@id":"https:\/\/dammedical.nl\/fr\/#\/schema\/logo\/image\/","url":"https:\/\/dammedical.nl\/wp-content\/uploads\/2025\/05\/logo_DamMedical-rgb-pos-e1749559852320.png","contentUrl":"https:\/\/dammedical.nl\/wp-content\/uploads\/2025\/05\/logo_DamMedical-rgb-pos-e1749559852320.png","width":1977,"height":500,"caption":"Dam Medical"},"image":{"@id":"https:\/\/dammedical.nl\/fr\/#\/schema\/logo\/image\/"}}]}},"_links":{"self":[{"href":"https:\/\/dammedical.nl\/fr\/wp-json\/wp\/v2\/pages\/3936","targetHints":{"allow":["GET"]}}],"collection":[{"href":"https:\/\/dammedical.nl\/fr\/wp-json\/wp\/v2\/pages"}],"about":[{"href":"https:\/\/dammedical.nl\/fr\/wp-json\/wp\/v2\/types\/page"}],"author":[{"embeddable":true,"href":"https:\/\/dammedical.nl\/fr\/wp-json\/wp\/v2\/users\/3"}],"replies":[{"embeddable":true,"href":"https:\/\/dammedical.nl\/fr\/wp-json\/wp\/v2\/comments?post=3936"}],"version-history":[{"count":1,"href":"https:\/\/dammedical.nl\/fr\/wp-json\/wp\/v2\/pages\/3936\/revisions"}],"predecessor-version":[{"id":3943,"href":"https:\/\/dammedical.nl\/fr\/wp-json\/wp\/v2\/pages\/3936\/revisions\/3943"}],"wp:featuredmedia":[{"embeddable":true,"href":"https:\/\/dammedical.nl\/fr\/wp-json\/wp\/v2\/media\/3937"}],"wp:attachment":[{"href":"https:\/\/dammedical.nl\/fr\/wp-json\/wp\/v2\/media?parent=3936"}],"curies":[{"name":"wp","href":"https:\/\/api.w.org\/{rel}","templated":true}]}}