{"id":3939,"date":"2025-06-11T14:14:08","date_gmt":"2025-06-11T14:14:08","guid":{"rendered":"https:\/\/dammedical.nl\/loupes-et-protection-des-yeux\/"},"modified":"2025-10-02T13:06:12","modified_gmt":"2025-10-02T13:06:12","slug":"loupes-et-protection-des-yeux","status":"publish","type":"page","link":"https:\/\/dammedical.nl\/fr\/loupes-et-protection-des-yeux\/","title":{"rendered":"Loupes et protection des yeux"},"content":{"rendered":"\t\t<div data-elementor-type=\"wp-page\" data-elementor-id=\"3939\" class=\"elementor elementor-3939 elementor-965\" data-elementor-post-type=\"page\">\n\t\t\t\t<div class=\"elementor-element elementor-element-a0414cd e-flex e-con-boxed e-con e-child\" data-id=\"a0414cd\" data-element_type=\"container\" data-settings=\"{&quot;background_background&quot;:&quot;gradient&quot;}\">\n\t\t\t\t\t<div class=\"e-con-inner\">\n\t\t<div class=\"elementor-element elementor-element-1a4a02c4 e-flex e-con-boxed e-con e-child\" data-id=\"1a4a02c4\" data-element_type=\"container\">\n\t\t\t\t\t<div class=\"e-con-inner\">\n\t\t\t\t<div class=\"elementor-element elementor-element-57f52584 elementor-widget elementor-widget-heading\" data-id=\"57f52584\" data-element_type=\"widget\" data-widget_type=\"heading.default\">\n\t\t\t\t<div class=\"elementor-widget-container\">\n\t\t\t\t\t<h1 class=\"elementor-heading-title elementor-size-default\">Loupes et protection des yeux<\/h1>\t\t\t\t<\/div>\n\t\t\t\t<\/div>\n\t\t\t\t\t<\/div>\n\t\t\t\t<\/div>\n\t\t\t\t\t<\/div>\n\t\t\t\t<\/div>\n\t\t<div class=\"elementor-element elementor-element-f9e5a42 e-flex e-con-boxed e-con e-parent\" data-id=\"f9e5a42\" data-element_type=\"container\" data-settings=\"{&quot;background_background&quot;:&quot;classic&quot;}\">\n\t\t\t\t\t<div class=\"e-con-inner\">\n\t\t<div class=\"elementor-element elementor-element-4305397 e-con-full e-flex e-con e-child\" data-id=\"4305397\" data-element_type=\"container\">\n\t\t\t\t<div class=\"elementor-element elementor-element-82ed287 elementor-widget elementor-widget-heading\" data-id=\"82ed287\" data-element_type=\"widget\" data-widget_type=\"heading.default\">\n\t\t\t\t<div class=\"elementor-widget-container\">\n\t\t\t\t\t<h6 class=\"elementor-heading-title elementor-size-default\">iWearPro<\/h6>\t\t\t\t<\/div>\n\t\t\t\t<\/div>\n\t\t\t\t<div class=\"elementor-element elementor-element-3527e7e elementor-widget elementor-widget-heading\" data-id=\"3527e7e\" data-element_type=\"widget\" data-widget_type=\"heading.default\">\n\t\t\t\t<div class=\"elementor-widget-container\">\n\t\t\t\t\t<h3 class=\"elementor-heading-title elementor-size-default\">Pr\u00e9cision et protection<\/h3>\t\t\t\t<\/div>\n\t\t\t\t<\/div>\n\t\t\t\t<div class=\"elementor-element elementor-element-ff5f8a9 elementor-widget elementor-widget-heading\" data-id=\"ff5f8a9\" data-element_type=\"widget\" data-widget_type=\"heading.default\">\n\t\t\t\t<div class=\"elementor-widget-container\">\n\t\t\t\t\t<div class=\"elementor-heading-title elementor-size-default\">D\u00e9couvrez les loupes, les sources lumineuses et les protections oculaires de haute qualit\u00e9 de notre partenaire iWearPro.<\/div>\t\t\t\t<\/div>\n\t\t\t\t<\/div>\n\t\t\t\t<div class=\"elementor-element elementor-element-5cdfaf2 elementor-widget elementor-widget-text-editor\" data-id=\"5cdfaf2\" data-element_type=\"widget\" data-widget_type=\"text-editor.default\">\n\t\t\t\t<div class=\"elementor-widget-container\">\n\t\t\t\t\t\t\t\t\t<p>Pour des loupes, des sources lumineuses et des protections oculaires de haute qualit\u00e9, nous travaillons avec notre partenaire fiable iWearPro. Vous trouverez chez eux une large gamme de produits qui offrent confort, pr\u00e9cision et protection optimale lors de toute proc\u00e9dure. <\/p>\t\t\t\t\t\t\t\t<\/div>\n\t\t\t\t<\/div>\n\t\t\t\t<div class=\"elementor-element elementor-element-6aed8ed elementor-mobile-align-justify elementor-widget elementor-widget-button\" data-id=\"6aed8ed\" data-element_type=\"widget\" data-widget_type=\"button.default\">\n\t\t\t\t<div class=\"elementor-widget-container\">\n\t\t\t\t\t\t\t\t\t<div class=\"elementor-button-wrapper\">\n\t\t\t\t\t<a class=\"elementor-button elementor-button-link elementor-size-md\" href=\"https:\/\/www.iwearpro.com\" target=\"_blank\">\n\t\t\t\t\t\t<span class=\"elementor-button-content-wrapper\">\n\t\t\t\t\t\t\t\t\t<span class=\"elementor-button-text\">Allez sur le site web d'iWearPro<\/span>\n\t\t\t\t\t<\/span>\n\t\t\t\t\t<\/a>\n\t\t\t\t<\/div>\n\t\t\t\t\t\t\t\t<\/div>\n\t\t\t\t<\/div>\n\t\t\t\t<\/div>\n\t\t<div class=\"elementor-element elementor-element-568109d e-con-full e-flex e-con e-child\" data-id=\"568109d\" data-element_type=\"container\">\n\t\t\t\t<div class=\"elementor-element elementor-element-dd98c5c elementor-widget elementor-widget-image\" data-id=\"dd98c5c\" data-element_type=\"widget\" data-widget_type=\"image.default\">\n\t\t\t\t<div class=\"elementor-widget-container\">\n\t\t\t\t\t\t\t\t\t\t\t\t\t\t\t<img fetchpriority=\"high\" decoding=\"async\" width=\"1080\" height=\"1080\" src=\"https:\/\/dammedical.nl\/wp-content\/uploads\/2024\/07\/Univet-701-1A.jpg\" class=\"attachment-full size-full wp-image-3940\" alt=\"\" srcset=\"https:\/\/dammedical.nl\/wp-content\/uploads\/2024\/07\/Univet-701-1A.jpg 1080w, https:\/\/dammedical.nl\/wp-content\/uploads\/2024\/07\/Univet-701-1A-300x300.jpg 300w, https:\/\/dammedical.nl\/wp-content\/uploads\/2024\/07\/Univet-701-1A-1024x1024.jpg 1024w, https:\/\/dammedical.nl\/wp-content\/uploads\/2024\/07\/Univet-701-1A-150x150.jpg 150w, https:\/\/dammedical.nl\/wp-content\/uploads\/2024\/07\/Univet-701-1A-768x768.jpg 768w, https:\/\/dammedical.nl\/wp-content\/uploads\/2024\/07\/Univet-701-1A-600x600.jpg 600w, https:\/\/dammedical.nl\/wp-content\/uploads\/2024\/07\/Univet-701-1A-100x100.jpg 100w\" sizes=\"(max-width: 1080px) 100vw, 1080px\" \/>\t\t\t\t\t\t\t\t\t\t\t\t\t\t\t<\/div>\n\t\t\t\t<\/div>\n\t\t\t\t<\/div>\n\t\t\t\t\t<\/div>\n\t\t\t\t<\/div>\n\t\t\t\t<\/div>\n\t\t","protected":false},"excerpt":{"rendered":"<p>iWearPro Pr\u00e9cision et protection D\u00e9couvrez les loupes, les sources lumineuses et les protections oculaires de haute qualit\u00e9 de notre partenaire iWearPro. Pour des loupes, des sources lumineuses et des protections oculaires de haute qualit\u00e9, nous travaillons avec notre partenaire fiable iWearPro. Vous trouverez chez eux une large gamme de produits qui offrent confort, pr\u00e9cision et [&hellip;]<\/p>\n","protected":false},"author":3,"featured_media":3940,"parent":0,"menu_order":0,"comment_status":"closed","ping_status":"closed","template":"elementor_header_footer","meta":{"footnotes":""},"class_list":["post-3939","page","type-page","status-publish","has-post-thumbnail","hentry"],"yoast_head":"<!-- This site is optimized with the Yoast SEO plugin v26.3 - https:\/\/yoast.com\/wordpress\/plugins\/seo\/ -->\n<title>Loupes et protection des yeux - Dam Medical<\/title>\n<meta name=\"description\" content=\"Chez notre partenaire iWearPro, vous trouverez les lunettes grossissantes avec source lumineuse adapt\u00e9es aux chirurgiens buccaux, aux neurochirurgiens, aux chirurgiens plasticiens et aux implantologues.\" \/>\n<meta name=\"robots\" content=\"index, follow, max-snippet:-1, max-image-preview:large, max-video-preview:-1\" \/>\n<link rel=\"canonical\" href=\"https:\/\/dammedical.nl\/fr\/loupes-et-protection-des-yeux\/\" \/>\n<meta property=\"og:locale\" content=\"fr_FR\" \/>\n<meta property=\"og:type\" content=\"article\" \/>\n<meta property=\"og:title\" content=\"Loupes et protection des yeux - Dam Medical\" \/>\n<meta property=\"og:description\" content=\"Chez notre partenaire iWearPro, vous trouverez les lunettes grossissantes avec source lumineuse adapt\u00e9es aux chirurgiens buccaux, aux neurochirurgiens, aux chirurgiens plasticiens et aux implantologues.\" \/>\n<meta property=\"og:url\" content=\"https:\/\/dammedical.nl\/fr\/loupes-et-protection-des-yeux\/\" \/>\n<meta property=\"og:site_name\" content=\"Dam Medical\" \/>\n<meta property=\"article:modified_time\" content=\"2025-10-02T13:06:12+00:00\" \/>\n<meta property=\"og:image\" content=\"https:\/\/dammedical.nl\/wp-content\/uploads\/2024\/07\/Univet-701-1A.jpg\" \/>\n\t<meta property=\"og:image:width\" content=\"1080\" \/>\n\t<meta property=\"og:image:height\" content=\"1080\" \/>\n\t<meta property=\"og:image:type\" content=\"image\/jpeg\" \/>\n<meta name=\"twitter:card\" content=\"summary_large_image\" \/>\n<script type=\"application\/ld+json\" class=\"yoast-schema-graph\">{\"@context\":\"https:\/\/schema.org\",\"@graph\":[{\"@type\":\"WebPage\",\"@id\":\"https:\/\/dammedical.nl\/fr\/loupes-et-protection-des-yeux\/\",\"url\":\"https:\/\/dammedical.nl\/fr\/loupes-et-protection-des-yeux\/\",\"name\":\"Loupes et protection des yeux - Dam Medical\",\"isPartOf\":{\"@id\":\"https:\/\/dammedical.nl\/fr\/#website\"},\"primaryImageOfPage\":{\"@id\":\"https:\/\/dammedical.nl\/fr\/loupes-et-protection-des-yeux\/#primaryimage\"},\"image\":{\"@id\":\"https:\/\/dammedical.nl\/fr\/loupes-et-protection-des-yeux\/#primaryimage\"},\"thumbnailUrl\":\"https:\/\/dammedical.nl\/wp-content\/uploads\/2024\/07\/Univet-701-1A.jpg\",\"datePublished\":\"2025-06-11T14:14:08+00:00\",\"dateModified\":\"2025-10-02T13:06:12+00:00\",\"description\":\"Chez notre partenaire iWearPro, vous trouverez les lunettes grossissantes avec source lumineuse adapt\u00e9es aux chirurgiens buccaux, aux neurochirurgiens, aux chirurgiens plasticiens et aux implantologues.\",\"breadcrumb\":{\"@id\":\"https:\/\/dammedical.nl\/fr\/loupes-et-protection-des-yeux\/#breadcrumb\"},\"inLanguage\":\"fr-FR\",\"potentialAction\":[{\"@type\":\"ReadAction\",\"target\":[\"https:\/\/dammedical.nl\/fr\/loupes-et-protection-des-yeux\/\"]}]},{\"@type\":\"ImageObject\",\"inLanguage\":\"fr-FR\",\"@id\":\"https:\/\/dammedical.nl\/fr\/loupes-et-protection-des-yeux\/#primaryimage\",\"url\":\"https:\/\/dammedical.nl\/wp-content\/uploads\/2024\/07\/Univet-701-1A.jpg\",\"contentUrl\":\"https:\/\/dammedical.nl\/wp-content\/uploads\/2024\/07\/Univet-701-1A.jpg\",\"width\":1080,\"height\":1080},{\"@type\":\"BreadcrumbList\",\"@id\":\"https:\/\/dammedical.nl\/fr\/loupes-et-protection-des-yeux\/#breadcrumb\",\"itemListElement\":[{\"@type\":\"ListItem\",\"position\":1,\"name\":\"Home\",\"item\":\"https:\/\/dammedical.nl\/fr\/accueil\/\"},{\"@type\":\"ListItem\",\"position\":2,\"name\":\"Loupes et protection des yeux\"}]},{\"@type\":\"WebSite\",\"@id\":\"https:\/\/dammedical.nl\/fr\/#website\",\"url\":\"https:\/\/dammedical.nl\/fr\/\",\"name\":\"Dam Medical\",\"description\":\"Innovatief in chirurgie\",\"publisher\":{\"@id\":\"https:\/\/dammedical.nl\/fr\/#organization\"},\"potentialAction\":[{\"@type\":\"SearchAction\",\"target\":{\"@type\":\"EntryPoint\",\"urlTemplate\":\"https:\/\/dammedical.nl\/fr\/?s={search_term_string}\"},\"query-input\":{\"@type\":\"PropertyValueSpecification\",\"valueRequired\":true,\"valueName\":\"search_term_string\"}}],\"inLanguage\":\"fr-FR\"},{\"@type\":\"Organization\",\"@id\":\"https:\/\/dammedical.nl\/fr\/#organization\",\"name\":\"Dam Medical\",\"url\":\"https:\/\/dammedical.nl\/fr\/\",\"logo\":{\"@type\":\"ImageObject\",\"inLanguage\":\"fr-FR\",\"@id\":\"https:\/\/dammedical.nl\/fr\/#\/schema\/logo\/image\/\",\"url\":\"https:\/\/dammedical.nl\/wp-content\/uploads\/2025\/05\/logo_DamMedical-rgb-pos-e1749559852320.png\",\"contentUrl\":\"https:\/\/dammedical.nl\/wp-content\/uploads\/2025\/05\/logo_DamMedical-rgb-pos-e1749559852320.png\",\"width\":1977,\"height\":500,\"caption\":\"Dam Medical\"},\"image\":{\"@id\":\"https:\/\/dammedical.nl\/fr\/#\/schema\/logo\/image\/\"}}]}<\/script>\n<!-- \/ Yoast SEO plugin. -->","yoast_head_json":{"title":"Loupes et protection des yeux - Dam Medical","description":"Chez notre partenaire iWearPro, vous trouverez les lunettes grossissantes avec source lumineuse adapt\u00e9es aux chirurgiens buccaux, aux neurochirurgiens, aux chirurgiens plasticiens et aux implantologues.","robots":{"index":"index","follow":"follow","max-snippet":"max-snippet:-1","max-image-preview":"max-image-preview:large","max-video-preview":"max-video-preview:-1"},"canonical":"https:\/\/dammedical.nl\/fr\/loupes-et-protection-des-yeux\/","og_locale":"fr_FR","og_type":"article","og_title":"Loupes et protection des yeux - Dam Medical","og_description":"Chez notre partenaire iWearPro, vous trouverez les lunettes grossissantes avec source lumineuse adapt\u00e9es aux chirurgiens buccaux, aux neurochirurgiens, aux chirurgiens plasticiens et aux implantologues.","og_url":"https:\/\/dammedical.nl\/fr\/loupes-et-protection-des-yeux\/","og_site_name":"Dam Medical","article_modified_time":"2025-10-02T13:06:12+00:00","og_image":[{"width":1080,"height":1080,"url":"https:\/\/dammedical.nl\/wp-content\/uploads\/2024\/07\/Univet-701-1A.jpg","type":"image\/jpeg"}],"twitter_card":"summary_large_image","schema":{"@context":"https:\/\/schema.org","@graph":[{"@type":"WebPage","@id":"https:\/\/dammedical.nl\/fr\/loupes-et-protection-des-yeux\/","url":"https:\/\/dammedical.nl\/fr\/loupes-et-protection-des-yeux\/","name":"Loupes et protection des yeux - Dam Medical","isPartOf":{"@id":"https:\/\/dammedical.nl\/fr\/#website"},"primaryImageOfPage":{"@id":"https:\/\/dammedical.nl\/fr\/loupes-et-protection-des-yeux\/#primaryimage"},"image":{"@id":"https:\/\/dammedical.nl\/fr\/loupes-et-protection-des-yeux\/#primaryimage"},"thumbnailUrl":"https:\/\/dammedical.nl\/wp-content\/uploads\/2024\/07\/Univet-701-1A.jpg","datePublished":"2025-06-11T14:14:08+00:00","dateModified":"2025-10-02T13:06:12+00:00","description":"Chez notre partenaire iWearPro, vous trouverez les lunettes grossissantes avec source lumineuse adapt\u00e9es aux chirurgiens buccaux, aux neurochirurgiens, aux chirurgiens plasticiens et aux implantologues.","breadcrumb":{"@id":"https:\/\/dammedical.nl\/fr\/loupes-et-protection-des-yeux\/#breadcrumb"},"inLanguage":"fr-FR","potentialAction":[{"@type":"ReadAction","target":["https:\/\/dammedical.nl\/fr\/loupes-et-protection-des-yeux\/"]}]},{"@type":"ImageObject","inLanguage":"fr-FR","@id":"https:\/\/dammedical.nl\/fr\/loupes-et-protection-des-yeux\/#primaryimage","url":"https:\/\/dammedical.nl\/wp-content\/uploads\/2024\/07\/Univet-701-1A.jpg","contentUrl":"https:\/\/dammedical.nl\/wp-content\/uploads\/2024\/07\/Univet-701-1A.jpg","width":1080,"height":1080},{"@type":"BreadcrumbList","@id":"https:\/\/dammedical.nl\/fr\/loupes-et-protection-des-yeux\/#breadcrumb","itemListElement":[{"@type":"ListItem","position":1,"name":"Home","item":"https:\/\/dammedical.nl\/fr\/accueil\/"},{"@type":"ListItem","position":2,"name":"Loupes et protection des yeux"}]},{"@type":"WebSite","@id":"https:\/\/dammedical.nl\/fr\/#website","url":"https:\/\/dammedical.nl\/fr\/","name":"Dam Medical","description":"Innovatief in chirurgie","publisher":{"@id":"https:\/\/dammedical.nl\/fr\/#organization"},"potentialAction":[{"@type":"SearchAction","target":{"@type":"EntryPoint","urlTemplate":"https:\/\/dammedical.nl\/fr\/?s={search_term_string}"},"query-input":{"@type":"PropertyValueSpecification","valueRequired":true,"valueName":"search_term_string"}}],"inLanguage":"fr-FR"},{"@type":"Organization","@id":"https:\/\/dammedical.nl\/fr\/#organization","name":"Dam Medical","url":"https:\/\/dammedical.nl\/fr\/","logo":{"@type":"ImageObject","inLanguage":"fr-FR","@id":"https:\/\/dammedical.nl\/fr\/#\/schema\/logo\/image\/","url":"https:\/\/dammedical.nl\/wp-content\/uploads\/2025\/05\/logo_DamMedical-rgb-pos-e1749559852320.png","contentUrl":"https:\/\/dammedical.nl\/wp-content\/uploads\/2025\/05\/logo_DamMedical-rgb-pos-e1749559852320.png","width":1977,"height":500,"caption":"Dam Medical"},"image":{"@id":"https:\/\/dammedical.nl\/fr\/#\/schema\/logo\/image\/"}}]}},"_links":{"self":[{"href":"https:\/\/dammedical.nl\/fr\/wp-json\/wp\/v2\/pages\/3939","targetHints":{"allow":["GET"]}}],"collection":[{"href":"https:\/\/dammedical.nl\/fr\/wp-json\/wp\/v2\/pages"}],"about":[{"href":"https:\/\/dammedical.nl\/fr\/wp-json\/wp\/v2\/types\/page"}],"author":[{"embeddable":true,"href":"https:\/\/dammedical.nl\/fr\/wp-json\/wp\/v2\/users\/3"}],"replies":[{"embeddable":true,"href":"https:\/\/dammedical.nl\/fr\/wp-json\/wp\/v2\/comments?post=3939"}],"version-history":[{"count":3,"href":"https:\/\/dammedical.nl\/fr\/wp-json\/wp\/v2\/pages\/3939\/revisions"}],"predecessor-version":[{"id":4092,"href":"https:\/\/dammedical.nl\/fr\/wp-json\/wp\/v2\/pages\/3939\/revisions\/4092"}],"wp:featuredmedia":[{"embeddable":true,"href":"https:\/\/dammedical.nl\/fr\/wp-json\/wp\/v2\/media\/3940"}],"wp:attachment":[{"href":"https:\/\/dammedical.nl\/fr\/wp-json\/wp\/v2\/media?parent=3939"}],"curies":[{"name":"wp","href":"https:\/\/api.w.org\/{rel}","templated":true}]}}