{"id":4110,"date":"2025-06-11T14:17:50","date_gmt":"2025-06-11T14:17:50","guid":{"rendered":"https:\/\/dammedical.nl\/fixation-par-membrane\/"},"modified":"2025-10-02T13:07:15","modified_gmt":"2025-10-02T13:07:15","slug":"fixation-par-membrane","status":"publish","type":"page","link":"https:\/\/dammedical.nl\/fr\/fixation-par-membrane\/","title":{"rendered":"Fixation par membrane"},"content":{"rendered":"\t\t<div data-elementor-type=\"wp-page\" data-elementor-id=\"4110\" class=\"elementor elementor-4110 elementor-979\" data-elementor-post-type=\"page\">\n\t\t\t\t<div class=\"elementor-element elementor-element-20c57494 e-flex e-con-boxed e-con e-child\" data-id=\"20c57494\" data-element_type=\"container\" data-settings=\"{&quot;background_background&quot;:&quot;gradient&quot;}\">\n\t\t\t\t\t<div class=\"e-con-inner\">\n\t\t<div class=\"elementor-element elementor-element-7d1df8d5 e-flex e-con-boxed e-con e-child\" data-id=\"7d1df8d5\" data-element_type=\"container\">\n\t\t\t\t\t<div class=\"e-con-inner\">\n\t\t\t\t<div class=\"elementor-element elementor-element-1e945306 elementor-widget elementor-widget-heading\" data-id=\"1e945306\" data-element_type=\"widget\" data-widget_type=\"heading.default\">\n\t\t\t\t<div class=\"elementor-widget-container\">\n\t\t\t\t\t<h1 class=\"elementor-heading-title elementor-size-default\">Fixation par membrane<\/h1>\t\t\t\t<\/div>\n\t\t\t\t<\/div>\n\t\t\t\t\t<\/div>\n\t\t\t\t<\/div>\n\t\t\t\t\t<\/div>\n\t\t\t\t<\/div>\n\t\t<div class=\"elementor-element elementor-element-1488684d e-flex e-con-boxed e-con e-parent\" data-id=\"1488684d\" data-element_type=\"container\" data-settings=\"{&quot;background_background&quot;:&quot;classic&quot;}\">\n\t\t\t\t\t<div class=\"e-con-inner\">\n\t\t<div class=\"elementor-element elementor-element-17e0614d e-con-full e-flex e-con e-child\" data-id=\"17e0614d\" data-element_type=\"container\">\n\t\t\t\t<div class=\"elementor-element elementor-element-54465152 elementor-widget elementor-widget-heading\" data-id=\"54465152\" data-element_type=\"widget\" data-widget_type=\"heading.default\">\n\t\t\t\t<div class=\"elementor-widget-container\">\n\t\t\t\t\t<h6 class=\"elementor-heading-title elementor-size-default\">Kit de fixation de membrane MC Bio SuperTack<\/h6>\t\t\t\t<\/div>\n\t\t\t\t<\/div>\n\t\t\t\t<div class=\"elementor-element elementor-element-7729e49b elementor-widget elementor-widget-heading\" data-id=\"7729e49b\" data-element_type=\"widget\" data-widget_type=\"heading.default\">\n\t\t\t\t<div class=\"elementor-widget-container\">\n\t\t\t\t\t<h3 class=\"elementor-heading-title elementor-size-default\">Fixation ferme<\/h3>\t\t\t\t<\/div>\n\t\t\t\t<\/div>\n\t\t\t\t<div class=\"elementor-element elementor-element-1dd5214c elementor-widget elementor-widget-heading\" data-id=\"1dd5214c\" data-element_type=\"widget\" data-widget_type=\"heading.default\">\n\t\t\t\t<div class=\"elementor-widget-container\">\n\t\t\t\t\t<div class=\"elementor-heading-title elementor-size-default\">Set de fixation de membrane SuperTack pour une fixation facile des membranes dans tout type d'os. Id\u00e9al pour les implantologues et les chirurgiens buccaux. <\/div>\t\t\t\t<\/div>\n\t\t\t\t<\/div>\n\t\t\t\t<div class=\"elementor-element elementor-element-d5d4153 elementor-widget elementor-widget-text-editor\" data-id=\"d5d4153\" data-element_type=\"widget\" data-widget_type=\"text-editor.default\">\n\t\t\t\t<div class=\"elementor-widget-container\">\n\t\t\t\t\t\t\t\t\t<p>Pendant la phase de conception de ce produit innovant, notre objectif \u00e9tait de cr\u00e9er une fixation qui aide les chirurgiens buccaux et les implantologues \u00e0 fixer facilement et en toute s\u00e9curit\u00e9 les membranes dans tout type d&rsquo;os. La couleur bleue a \u00e9t\u00e9 choisie pour permettre une identification rapide et visible lors des phases de retrait des proc\u00e9dures GBR. <\/p>\t\t\t\t\t\t\t\t<\/div>\n\t\t\t\t<\/div>\n\t\t\t\t<\/div>\n\t\t<div class=\"elementor-element elementor-element-28d86eae e-con-full e-flex e-con e-child\" data-id=\"28d86eae\" data-element_type=\"container\">\n\t\t\t\t<div class=\"elementor-element elementor-element-caf86a3 elementor-widget elementor-widget-image\" data-id=\"caf86a3\" data-element_type=\"widget\" data-widget_type=\"image.default\">\n\t\t\t\t<div class=\"elementor-widget-container\">\n\t\t\t\t\t\t\t\t\t\t\t\t\t\t\t<img fetchpriority=\"high\" decoding=\"async\" width=\"500\" height=\"354\" src=\"https:\/\/dammedical.nl\/wp-content\/uploads\/2023\/10\/MC-Bio-Supertack.png\" class=\"attachment-full size-full wp-image-3892\" alt=\"\" srcset=\"https:\/\/dammedical.nl\/wp-content\/uploads\/2023\/10\/MC-Bio-Supertack.png 500w, https:\/\/dammedical.nl\/wp-content\/uploads\/2023\/10\/MC-Bio-Supertack-300x212.png 300w\" sizes=\"(max-width: 500px) 100vw, 500px\" \/>\t\t\t\t\t\t\t\t\t\t\t\t\t\t\t<\/div>\n\t\t\t\t<\/div>\n\t\t\t\t<\/div>\n\t\t\t\t\t<\/div>\n\t\t\t\t<\/div>\n\t\t<div class=\"elementor-element elementor-element-73392e2e e-flex e-con-boxed e-con e-parent\" data-id=\"73392e2e\" data-element_type=\"container\" data-settings=\"{&quot;background_background&quot;:&quot;classic&quot;}\">\n\t\t\t\t\t<div class=\"e-con-inner\">\n\t\t<div class=\"elementor-element elementor-element-2aea18d6 e-flex e-con-boxed e-con e-child\" data-id=\"2aea18d6\" data-element_type=\"container\">\n\t\t\t\t\t<div class=\"e-con-inner\">\n\t\t\t\t<div class=\"elementor-element elementor-element-dcd5eeb elementor-widget elementor-widget-heading\" data-id=\"dcd5eeb\" data-element_type=\"widget\" data-widget_type=\"heading.default\">\n\t\t\t\t<div class=\"elementor-widget-container\">\n\t\t\t\t\t<h3 class=\"elementor-heading-title elementor-size-default\">Notre gamme de produits<\/h3>\t\t\t\t<\/div>\n\t\t\t\t<\/div>\n\t\t\t\t\t<\/div>\n\t\t\t\t<\/div>\n\t\t<div class=\"elementor-element elementor-element-1f05d556 e-flex e-con-boxed e-con e-child\" data-id=\"1f05d556\" data-element_type=\"container\">\n\t\t\t\t\t<div class=\"e-con-inner\">\n\t\t<div class=\"elementor-element elementor-element-e21dfe0 e-con-full e-flex elementor-invisible e-con e-child\" data-id=\"e21dfe0\" data-element_type=\"container\" data-settings=\"{&quot;background_background&quot;:&quot;classic&quot;,&quot;animation&quot;:&quot;fadeInDown&quot;}\">\n\t\t\t\t<div class=\"elementor-element elementor-element-b40e601 elementor-widget elementor-widget-image\" data-id=\"b40e601\" data-element_type=\"widget\" data-widget_type=\"image.default\">\n\t\t\t\t<div class=\"elementor-widget-container\">\n\t\t\t\t\t\t\t\t\t\t\t\t\t\t\t<img decoding=\"async\" width=\"331\" height=\"400\" src=\"https:\/\/dammedical.nl\/wp-content\/uploads\/2023\/10\/MCBio-Supertack-3mm.png\" class=\"attachment-full size-full wp-image-3893\" alt=\"\" srcset=\"https:\/\/dammedical.nl\/wp-content\/uploads\/2023\/10\/MCBio-Supertack-3mm.png 331w, https:\/\/dammedical.nl\/wp-content\/uploads\/2023\/10\/MCBio-Supertack-3mm-248x300.png 248w\" sizes=\"(max-width: 331px) 100vw, 331px\" \/>\t\t\t\t\t\t\t\t\t\t\t\t\t\t\t<\/div>\n\t\t\t\t<\/div>\n\t\t\t\t<div class=\"elementor-element elementor-element-23bbbe3 elementor-widget elementor-widget-heading\" data-id=\"23bbbe3\" data-element_type=\"widget\" data-widget_type=\"heading.default\">\n\t\t\t\t<div class=\"elementor-widget-container\">\n\t\t\t\t\t<h5 class=\"elementor-heading-title elementor-size-default\">Clous st\u00e9riles SuperTack<\/h5>\t\t\t\t<\/div>\n\t\t\t\t<\/div>\n\t\t\t\t<div class=\"elementor-element elementor-element-cea23a1 elementor-widget elementor-widget-text-editor\" data-id=\"cea23a1\" data-element_type=\"widget\" data-widget_type=\"text-editor.default\">\n\t\t\t\t<div class=\"elementor-widget-container\">\n\t\t\t\t\t\t\t\t\t<p>Le cloueur SuperTack se caract\u00e9rise par une t\u00eate de 2,5 mm de diam\u00e8tre. La tige Tack a une forme conique, con\u00e7ue pour un retrait rapide et une l\u00e9sion tissulaire nulle ou minimale. Le choix de la couleur bleue sp\u00e9cifique facilite sa d\u00e9tection sous les tissus mous au moment du retrait.  <\/p>\t\t\t\t\t\t\t\t<\/div>\n\t\t\t\t<\/div>\n\t\t\t\t<\/div>\n\t\t<div class=\"elementor-element elementor-element-87abffb e-con-full e-flex elementor-invisible e-con e-child\" data-id=\"87abffb\" data-element_type=\"container\" data-settings=\"{&quot;background_background&quot;:&quot;classic&quot;,&quot;animation&quot;:&quot;fadeInDown&quot;}\">\n\t\t<div class=\"elementor-element elementor-element-b908e7c e-con-full e-flex e-con e-child\" data-id=\"b908e7c\" data-element_type=\"container\">\n\t\t\t\t<div class=\"elementor-element elementor-element-5c65926 elementor-widget elementor-widget-image\" data-id=\"5c65926\" data-element_type=\"widget\" data-widget_type=\"image.default\">\n\t\t\t\t<div class=\"elementor-widget-container\">\n\t\t\t\t\t\t\t\t\t\t\t\t\t\t\t<img decoding=\"async\" width=\"1000\" height=\"1000\" src=\"https:\/\/dammedical.nl\/wp-content\/uploads\/2023\/10\/MC-SuperTack-set.jpg\" class=\"attachment-full size-full wp-image-3894\" alt=\"\" srcset=\"https:\/\/dammedical.nl\/wp-content\/uploads\/2023\/10\/MC-SuperTack-set.jpg 1000w, https:\/\/dammedical.nl\/wp-content\/uploads\/2023\/10\/MC-SuperTack-set-300x300.jpg 300w, https:\/\/dammedical.nl\/wp-content\/uploads\/2023\/10\/MC-SuperTack-set-150x150.jpg 150w, https:\/\/dammedical.nl\/wp-content\/uploads\/2023\/10\/MC-SuperTack-set-768x768.jpg 768w, https:\/\/dammedical.nl\/wp-content\/uploads\/2023\/10\/MC-SuperTack-set-600x600.jpg 600w, https:\/\/dammedical.nl\/wp-content\/uploads\/2023\/10\/MC-SuperTack-set-100x100.jpg 100w\" sizes=\"(max-width: 1000px) 100vw, 1000px\" \/>\t\t\t\t\t\t\t\t\t\t\t\t\t\t\t<\/div>\n\t\t\t\t<\/div>\n\t\t\t\t<div class=\"elementor-element elementor-element-bdca8ec elementor-widget elementor-widget-image\" data-id=\"bdca8ec\" data-element_type=\"widget\" data-widget_type=\"image.default\">\n\t\t\t\t<div class=\"elementor-widget-container\">\n\t\t\t\t\t\t\t\t\t\t\t\t\t\t\t<img loading=\"lazy\" decoding=\"async\" width=\"1665\" height=\"929\" src=\"https:\/\/dammedical.nl\/wp-content\/uploads\/2023\/12\/532290171-MCBio-SuperTack-INS-set.jpg\" class=\"attachment-full size-full wp-image-3895\" alt=\"\" srcset=\"https:\/\/dammedical.nl\/wp-content\/uploads\/2023\/12\/532290171-MCBio-SuperTack-INS-set.jpg 1665w, https:\/\/dammedical.nl\/wp-content\/uploads\/2023\/12\/532290171-MCBio-SuperTack-INS-set-300x167.jpg 300w, https:\/\/dammedical.nl\/wp-content\/uploads\/2023\/12\/532290171-MCBio-SuperTack-INS-set-1024x571.jpg 1024w, https:\/\/dammedical.nl\/wp-content\/uploads\/2023\/12\/532290171-MCBio-SuperTack-INS-set-768x429.jpg 768w, https:\/\/dammedical.nl\/wp-content\/uploads\/2023\/12\/532290171-MCBio-SuperTack-INS-set-1536x857.jpg 1536w, https:\/\/dammedical.nl\/wp-content\/uploads\/2023\/12\/532290171-MCBio-SuperTack-INS-set-600x335.jpg 600w\" sizes=\"(max-width: 1665px) 100vw, 1665px\" \/>\t\t\t\t\t\t\t\t\t\t\t\t\t\t\t<\/div>\n\t\t\t\t<\/div>\n\t\t\t\t<\/div>\n\t\t\t\t<div class=\"elementor-element elementor-element-e0ca60a elementor-widget elementor-widget-heading\" data-id=\"e0ca60a\" data-element_type=\"widget\" data-widget_type=\"heading.default\">\n\t\t\t\t<div class=\"elementor-widget-container\">\n\t\t\t\t\t<h5 class=\"elementor-heading-title elementor-size-default\">Set SuperTack<\/h5>\t\t\t\t<\/div>\n\t\t\t\t<\/div>\n\t\t\t\t<div class=\"elementor-element elementor-element-823533c elementor-widget elementor-widget-text-editor\" data-id=\"823533c\" data-element_type=\"widget\" data-widget_type=\"text-editor.default\">\n\t\t\t\t<div class=\"elementor-widget-container\">\n\t\t\t\t\t\t\t\t\t<p>Dam Medical fournit les \u00ab\u00a0Tacks\u00a0\u00bb de mani\u00e8re st\u00e9rile. Les instruments peuvent \u00eatre livr\u00e9s dans le conteneur standard (MC Bio) ou dans un conteneur en acier inoxydable contenant uniquement les instruments r\u00e9utilisables. <\/p>\t\t\t\t\t\t\t\t<\/div>\n\t\t\t\t<\/div>\n\t\t\t\t<\/div>\n\t\t\t\t\t<\/div>\n\t\t\t\t<\/div>\n\t\t\t\t\t<\/div>\n\t\t\t\t<\/div>\n\t\t\t\t<\/div>\n\t\t","protected":false},"excerpt":{"rendered":"<p>Kit de fixation de membrane MC Bio SuperTack Fixation ferme Set de fixation de membrane SuperTack pour une fixation facile des membranes dans tout type d&rsquo;os. Id\u00e9al pour les implantologues et les chirurgiens buccaux. Pendant la phase de conception de ce produit innovant, notre objectif \u00e9tait de cr\u00e9er une fixation qui aide les chirurgiens buccaux [&hellip;]<\/p>\n","protected":false},"author":3,"featured_media":3893,"parent":0,"menu_order":0,"comment_status":"closed","ping_status":"closed","template":"elementor_header_footer","meta":{"footnotes":""},"class_list":["post-4110","page","type-page","status-publish","has-post-thumbnail","hentry"],"yoast_head":"<!-- This site is optimized with the Yoast SEO plugin v26.3 - https:\/\/yoast.com\/wordpress\/plugins\/seo\/ -->\n<title>Fixation par membrane - Dam Medical<\/title>\n<meta name=\"description\" content=\"Set de fixation de membrane SuperTack pour une fixation facile des membranes dans tout type d&#039;os. Id\u00e9al pour les implantologues et les chirurgiens buccaux.\" \/>\n<meta name=\"robots\" content=\"index, follow, max-snippet:-1, max-image-preview:large, max-video-preview:-1\" \/>\n<link rel=\"canonical\" href=\"https:\/\/dammedical.nl\/fr\/fixation-par-membrane\/\" \/>\n<meta property=\"og:locale\" content=\"fr_FR\" \/>\n<meta property=\"og:type\" content=\"article\" \/>\n<meta property=\"og:title\" content=\"Fixation par membrane - Dam Medical\" \/>\n<meta property=\"og:description\" content=\"Set de fixation de membrane SuperTack pour une fixation facile des membranes dans tout type d&#039;os. Id\u00e9al pour les implantologues et les chirurgiens buccaux.\" \/>\n<meta property=\"og:url\" content=\"https:\/\/dammedical.nl\/fr\/fixation-par-membrane\/\" \/>\n<meta property=\"og:site_name\" content=\"Dam Medical\" \/>\n<meta property=\"article:modified_time\" content=\"2025-10-02T13:07:15+00:00\" \/>\n<meta property=\"og:image\" content=\"https:\/\/dammedical.nl\/wp-content\/uploads\/2023\/10\/MCBio-Supertack-3mm.png\" \/>\n\t<meta property=\"og:image:width\" content=\"331\" \/>\n\t<meta property=\"og:image:height\" content=\"400\" \/>\n\t<meta property=\"og:image:type\" content=\"image\/png\" \/>\n<meta name=\"twitter:card\" content=\"summary_large_image\" \/>\n<meta name=\"twitter:label1\" content=\"Dur\u00e9e de lecture estim\u00e9e\" \/>\n\t<meta name=\"twitter:data1\" content=\"1 minute\" \/>\n<script type=\"application\/ld+json\" class=\"yoast-schema-graph\">{\"@context\":\"https:\/\/schema.org\",\"@graph\":[{\"@type\":\"WebPage\",\"@id\":\"https:\/\/dammedical.nl\/fr\/fixation-par-membrane\/\",\"url\":\"https:\/\/dammedical.nl\/fr\/fixation-par-membrane\/\",\"name\":\"Fixation par membrane - Dam Medical\",\"isPartOf\":{\"@id\":\"https:\/\/dammedical.nl\/fr\/#website\"},\"primaryImageOfPage\":{\"@id\":\"https:\/\/dammedical.nl\/fr\/fixation-par-membrane\/#primaryimage\"},\"image\":{\"@id\":\"https:\/\/dammedical.nl\/fr\/fixation-par-membrane\/#primaryimage\"},\"thumbnailUrl\":\"https:\/\/dammedical.nl\/wp-content\/uploads\/2023\/10\/MCBio-Supertack-3mm.png\",\"datePublished\":\"2025-06-11T14:17:50+00:00\",\"dateModified\":\"2025-10-02T13:07:15+00:00\",\"description\":\"Set de fixation de membrane SuperTack pour une fixation facile des membranes dans tout type d'os. Id\u00e9al pour les implantologues et les chirurgiens buccaux.\",\"breadcrumb\":{\"@id\":\"https:\/\/dammedical.nl\/fr\/fixation-par-membrane\/#breadcrumb\"},\"inLanguage\":\"fr-FR\",\"potentialAction\":[{\"@type\":\"ReadAction\",\"target\":[\"https:\/\/dammedical.nl\/fr\/fixation-par-membrane\/\"]}]},{\"@type\":\"ImageObject\",\"inLanguage\":\"fr-FR\",\"@id\":\"https:\/\/dammedical.nl\/fr\/fixation-par-membrane\/#primaryimage\",\"url\":\"https:\/\/dammedical.nl\/wp-content\/uploads\/2023\/10\/MCBio-Supertack-3mm.png\",\"contentUrl\":\"https:\/\/dammedical.nl\/wp-content\/uploads\/2023\/10\/MCBio-Supertack-3mm.png\",\"width\":331,\"height\":400},{\"@type\":\"BreadcrumbList\",\"@id\":\"https:\/\/dammedical.nl\/fr\/fixation-par-membrane\/#breadcrumb\",\"itemListElement\":[{\"@type\":\"ListItem\",\"position\":1,\"name\":\"Home\",\"item\":\"https:\/\/dammedical.nl\/fr\/accueil\/\"},{\"@type\":\"ListItem\",\"position\":2,\"name\":\"Fixation par membrane\"}]},{\"@type\":\"WebSite\",\"@id\":\"https:\/\/dammedical.nl\/fr\/#website\",\"url\":\"https:\/\/dammedical.nl\/fr\/\",\"name\":\"Dam Medical\",\"description\":\"Innovatief in chirurgie\",\"publisher\":{\"@id\":\"https:\/\/dammedical.nl\/fr\/#organization\"},\"potentialAction\":[{\"@type\":\"SearchAction\",\"target\":{\"@type\":\"EntryPoint\",\"urlTemplate\":\"https:\/\/dammedical.nl\/fr\/?s={search_term_string}\"},\"query-input\":{\"@type\":\"PropertyValueSpecification\",\"valueRequired\":true,\"valueName\":\"search_term_string\"}}],\"inLanguage\":\"fr-FR\"},{\"@type\":\"Organization\",\"@id\":\"https:\/\/dammedical.nl\/fr\/#organization\",\"name\":\"Dam Medical\",\"url\":\"https:\/\/dammedical.nl\/fr\/\",\"logo\":{\"@type\":\"ImageObject\",\"inLanguage\":\"fr-FR\",\"@id\":\"https:\/\/dammedical.nl\/fr\/#\/schema\/logo\/image\/\",\"url\":\"https:\/\/dammedical.nl\/wp-content\/uploads\/2025\/05\/logo_DamMedical-rgb-pos-e1749559852320.png\",\"contentUrl\":\"https:\/\/dammedical.nl\/wp-content\/uploads\/2025\/05\/logo_DamMedical-rgb-pos-e1749559852320.png\",\"width\":1977,\"height\":500,\"caption\":\"Dam Medical\"},\"image\":{\"@id\":\"https:\/\/dammedical.nl\/fr\/#\/schema\/logo\/image\/\"}}]}<\/script>\n<!-- \/ Yoast SEO plugin. -->","yoast_head_json":{"title":"Fixation par membrane - Dam Medical","description":"Set de fixation de membrane SuperTack pour une fixation facile des membranes dans tout type d'os. Id\u00e9al pour les implantologues et les chirurgiens buccaux.","robots":{"index":"index","follow":"follow","max-snippet":"max-snippet:-1","max-image-preview":"max-image-preview:large","max-video-preview":"max-video-preview:-1"},"canonical":"https:\/\/dammedical.nl\/fr\/fixation-par-membrane\/","og_locale":"fr_FR","og_type":"article","og_title":"Fixation par membrane - Dam Medical","og_description":"Set de fixation de membrane SuperTack pour une fixation facile des membranes dans tout type d'os. Id\u00e9al pour les implantologues et les chirurgiens buccaux.","og_url":"https:\/\/dammedical.nl\/fr\/fixation-par-membrane\/","og_site_name":"Dam Medical","article_modified_time":"2025-10-02T13:07:15+00:00","og_image":[{"width":331,"height":400,"url":"https:\/\/dammedical.nl\/wp-content\/uploads\/2023\/10\/MCBio-Supertack-3mm.png","type":"image\/png"}],"twitter_card":"summary_large_image","twitter_misc":{"Dur\u00e9e de lecture estim\u00e9e":"1 minute"},"schema":{"@context":"https:\/\/schema.org","@graph":[{"@type":"WebPage","@id":"https:\/\/dammedical.nl\/fr\/fixation-par-membrane\/","url":"https:\/\/dammedical.nl\/fr\/fixation-par-membrane\/","name":"Fixation par membrane - Dam Medical","isPartOf":{"@id":"https:\/\/dammedical.nl\/fr\/#website"},"primaryImageOfPage":{"@id":"https:\/\/dammedical.nl\/fr\/fixation-par-membrane\/#primaryimage"},"image":{"@id":"https:\/\/dammedical.nl\/fr\/fixation-par-membrane\/#primaryimage"},"thumbnailUrl":"https:\/\/dammedical.nl\/wp-content\/uploads\/2023\/10\/MCBio-Supertack-3mm.png","datePublished":"2025-06-11T14:17:50+00:00","dateModified":"2025-10-02T13:07:15+00:00","description":"Set de fixation de membrane SuperTack pour une fixation facile des membranes dans tout type d'os. Id\u00e9al pour les implantologues et les chirurgiens buccaux.","breadcrumb":{"@id":"https:\/\/dammedical.nl\/fr\/fixation-par-membrane\/#breadcrumb"},"inLanguage":"fr-FR","potentialAction":[{"@type":"ReadAction","target":["https:\/\/dammedical.nl\/fr\/fixation-par-membrane\/"]}]},{"@type":"ImageObject","inLanguage":"fr-FR","@id":"https:\/\/dammedical.nl\/fr\/fixation-par-membrane\/#primaryimage","url":"https:\/\/dammedical.nl\/wp-content\/uploads\/2023\/10\/MCBio-Supertack-3mm.png","contentUrl":"https:\/\/dammedical.nl\/wp-content\/uploads\/2023\/10\/MCBio-Supertack-3mm.png","width":331,"height":400},{"@type":"BreadcrumbList","@id":"https:\/\/dammedical.nl\/fr\/fixation-par-membrane\/#breadcrumb","itemListElement":[{"@type":"ListItem","position":1,"name":"Home","item":"https:\/\/dammedical.nl\/fr\/accueil\/"},{"@type":"ListItem","position":2,"name":"Fixation par membrane"}]},{"@type":"WebSite","@id":"https:\/\/dammedical.nl\/fr\/#website","url":"https:\/\/dammedical.nl\/fr\/","name":"Dam Medical","description":"Innovatief in chirurgie","publisher":{"@id":"https:\/\/dammedical.nl\/fr\/#organization"},"potentialAction":[{"@type":"SearchAction","target":{"@type":"EntryPoint","urlTemplate":"https:\/\/dammedical.nl\/fr\/?s={search_term_string}"},"query-input":{"@type":"PropertyValueSpecification","valueRequired":true,"valueName":"search_term_string"}}],"inLanguage":"fr-FR"},{"@type":"Organization","@id":"https:\/\/dammedical.nl\/fr\/#organization","name":"Dam Medical","url":"https:\/\/dammedical.nl\/fr\/","logo":{"@type":"ImageObject","inLanguage":"fr-FR","@id":"https:\/\/dammedical.nl\/fr\/#\/schema\/logo\/image\/","url":"https:\/\/dammedical.nl\/wp-content\/uploads\/2025\/05\/logo_DamMedical-rgb-pos-e1749559852320.png","contentUrl":"https:\/\/dammedical.nl\/wp-content\/uploads\/2025\/05\/logo_DamMedical-rgb-pos-e1749559852320.png","width":1977,"height":500,"caption":"Dam Medical"},"image":{"@id":"https:\/\/dammedical.nl\/fr\/#\/schema\/logo\/image\/"}}]}},"_links":{"self":[{"href":"https:\/\/dammedical.nl\/fr\/wp-json\/wp\/v2\/pages\/4110","targetHints":{"allow":["GET"]}}],"collection":[{"href":"https:\/\/dammedical.nl\/fr\/wp-json\/wp\/v2\/pages"}],"about":[{"href":"https:\/\/dammedical.nl\/fr\/wp-json\/wp\/v2\/types\/page"}],"author":[{"embeddable":true,"href":"https:\/\/dammedical.nl\/fr\/wp-json\/wp\/v2\/users\/3"}],"replies":[{"embeddable":true,"href":"https:\/\/dammedical.nl\/fr\/wp-json\/wp\/v2\/comments?post=4110"}],"version-history":[{"count":1,"href":"https:\/\/dammedical.nl\/fr\/wp-json\/wp\/v2\/pages\/4110\/revisions"}],"predecessor-version":[{"id":4111,"href":"https:\/\/dammedical.nl\/fr\/wp-json\/wp\/v2\/pages\/4110\/revisions\/4111"}],"wp:featuredmedia":[{"embeddable":true,"href":"https:\/\/dammedical.nl\/fr\/wp-json\/wp\/v2\/media\/3893"}],"wp:attachment":[{"href":"https:\/\/dammedical.nl\/fr\/wp-json\/wp\/v2\/media?parent=4110"}],"curies":[{"name":"wp","href":"https:\/\/api.w.org\/{rel}","templated":true}]}}