{"id":4114,"date":"2025-06-03T09:09:40","date_gmt":"2025-06-03T09:09:40","guid":{"rendered":"https:\/\/dammedical.nl\/jeilmedical\/"},"modified":"2025-10-02T13:07:42","modified_gmt":"2025-10-02T13:07:42","slug":"jeilmedical","status":"publish","type":"page","link":"https:\/\/dammedical.nl\/fr\/jeilmedical\/","title":{"rendered":"JEILMEDICAL"},"content":{"rendered":"\t\t<div data-elementor-type=\"wp-page\" data-elementor-id=\"4114\" class=\"elementor elementor-4114 elementor-657\" data-elementor-post-type=\"page\">\n\t\t\t\t<div class=\"elementor-element elementor-element-5d81f283 e-flex e-con-boxed e-con e-child\" data-id=\"5d81f283\" data-element_type=\"container\" data-settings=\"{&quot;background_background&quot;:&quot;gradient&quot;}\">\n\t\t\t\t\t<div class=\"e-con-inner\">\n\t\t<div class=\"elementor-element elementor-element-5d66aa3 e-flex e-con-boxed e-con e-child\" data-id=\"5d66aa3\" data-element_type=\"container\">\n\t\t\t\t\t<div class=\"e-con-inner\">\n\t\t\t\t<div class=\"elementor-element elementor-element-34b154a6 elementor-widget elementor-widget-heading\" data-id=\"34b154a6\" data-element_type=\"widget\" data-widget_type=\"heading.default\">\n\t\t\t\t<div class=\"elementor-widget-container\">\n\t\t\t\t\t<h1 class=\"elementor-heading-title elementor-size-default\">JEILMEDICAL<\/h1>\t\t\t\t<\/div>\n\t\t\t\t<\/div>\n\t\t\t\t\t<\/div>\n\t\t\t\t<\/div>\n\t\t\t\t\t<\/div>\n\t\t\t\t<\/div>\n\t\t<div class=\"elementor-element elementor-element-7ce829b3 e-flex e-con-boxed e-con e-parent\" data-id=\"7ce829b3\" data-element_type=\"container\" data-settings=\"{&quot;background_background&quot;:&quot;classic&quot;}\">\n\t\t\t\t\t<div class=\"e-con-inner\">\n\t\t<div class=\"elementor-element elementor-element-55e607f6 e-con-full e-flex e-con e-child\" data-id=\"55e607f6\" data-element_type=\"container\">\n\t\t\t\t<div class=\"elementor-element elementor-element-166c00ae elementor-widget elementor-widget-heading\" data-id=\"166c00ae\" data-element_type=\"widget\" data-widget_type=\"heading.default\">\n\t\t\t\t<div class=\"elementor-widget-container\">\n\t\t\t\t\t<h6 class=\"elementor-heading-title elementor-size-default\">JEILMEDICAL<\/h6>\t\t\t\t<\/div>\n\t\t\t\t<\/div>\n\t\t\t\t<div class=\"elementor-element elementor-element-2884e647 elementor-widget elementor-widget-heading\" data-id=\"2884e647\" data-element_type=\"widget\" data-widget_type=\"heading.default\">\n\t\t\t\t<div class=\"elementor-widget-container\">\n\t\t\t\t\t<h3 class=\"elementor-heading-title elementor-size-default\">Technologie innovante<\/h3>\t\t\t\t<\/div>\n\t\t\t\t<\/div>\n\t\t\t\t<div class=\"elementor-element elementor-element-7d6419f7 elementor-widget elementor-widget-heading\" data-id=\"7d6419f7\" data-element_type=\"widget\" data-widget_type=\"heading.default\">\n\t\t\t\t<div class=\"elementor-widget-container\">\n\t\t\t\t\t<div class=\"elementor-heading-title elementor-size-default\">JEILMEDICAL a \u00e9t\u00e9 le premier \u00e0 r\u00e9aliser avec succ\u00e8s la production locale de vis et de plaques pour les traitements maxillo-faciaux gr\u00e2ce \u00e0 son d\u00e9veloppement technologique unique.  <\/div>\t\t\t\t<\/div>\n\t\t\t\t<\/div>\n\t\t\t\t<div class=\"elementor-element elementor-element-12aa54de elementor-widget elementor-widget-text-editor\" data-id=\"12aa54de\" data-element_type=\"widget\" data-widget_type=\"text-editor.default\">\n\t\t\t\t<div class=\"elementor-widget-container\">\n\t\t\t\t\t\t\t\t\t<p>Gr\u00e2ce \u00e0 des investissements audacieux en R&amp;D, ils ont r\u00e9ussi \u00e0 \u00e9tendre leur champ d&rsquo;activit\u00e9 des traitements maxillo-faciaux aux traitements cr\u00e2niens, orthop\u00e9diques, thoraciques et v\u00e9t\u00e9rinaires.<\/p><p>JEILMEDICAL propose dans sa gamme de produits des vis orthodontiques de haute qualit\u00e9 reconnues pour leur fiabilit\u00e9, leur pr\u00e9cision et leur facilit\u00e9 d&rsquo;utilisation. Les mini-vis orthodontiques JEIL sont sp\u00e9cialement con\u00e7ues pour les dispositifs d&rsquo;ancrage temporaire (DAT) lors d&rsquo;un traitement orthodontique.   <\/p>\t\t\t\t\t\t\t\t<\/div>\n\t\t\t\t<\/div>\n\t\t\t\t<div class=\"elementor-element elementor-element-64b7057 elementor-widget-divider--view-line elementor-widget elementor-widget-divider\" data-id=\"64b7057\" data-element_type=\"widget\" data-widget_type=\"divider.default\">\n\t\t\t\t<div class=\"elementor-widget-container\">\n\t\t\t\t\t\t\t<div class=\"elementor-divider\">\n\t\t\t<span class=\"elementor-divider-separator\">\n\t\t\t\t\t\t<\/span>\n\t\t<\/div>\n\t\t\t\t\t\t<\/div>\n\t\t\t\t<\/div>\n\t\t<div class=\"elementor-element elementor-element-3c69c02 e-con-full e-flex e-con e-child\" data-id=\"3c69c02\" data-element_type=\"container\">\n\t\t\t\t<div class=\"elementor-element elementor-element-194582e elementor-widget elementor-widget-text-editor\" data-id=\"194582e\" data-element_type=\"widget\" data-widget_type=\"text-editor.default\">\n\t\t\t\t<div class=\"elementor-widget-container\">\n\t\t\t\t\t\t\t\t\t<p>Si vous souhaitez lire plus d&rsquo;informations en ligne, veuillez vous r\u00e9f\u00e9rer \u00e0 la page officielle de <a href=\"https:\/\/www.jeilmed.co.kr\/en\/product.php?idx=43\" target=\"_blank\" rel=\"noopener\">JEILMEDICAL<\/a>.<\/p>\t\t\t\t\t\t\t\t<\/div>\n\t\t\t\t<\/div>\n\t\t\t\t<\/div>\n\t\t\t\t<\/div>\n\t\t<div class=\"elementor-element elementor-element-16dcbf79 e-con-full e-flex e-con e-child\" data-id=\"16dcbf79\" data-element_type=\"container\">\n\t\t<div class=\"elementor-element elementor-element-a7f5c3a e-flex e-con-boxed e-con e-child\" data-id=\"a7f5c3a\" data-element_type=\"container\" data-settings=\"{&quot;background_background&quot;:&quot;classic&quot;}\">\n\t\t\t\t\t<div class=\"e-con-inner\">\n\t\t\t\t<div class=\"elementor-element elementor-element-3c8d0d04 elementor-widget elementor-widget-heading\" data-id=\"3c8d0d04\" data-element_type=\"widget\" data-widget_type=\"heading.default\">\n\t\t\t\t<div class=\"elementor-widget-container\">\n\t\t\t\t\t<h3 class=\"elementor-heading-title elementor-size-default\">Contact<\/h3>\t\t\t\t<\/div>\n\t\t\t\t<\/div>\n\t\t\t\t<div class=\"elementor-element elementor-element-5d88dc14 elementor-widget elementor-widget-heading\" data-id=\"5d88dc14\" data-element_type=\"widget\" data-widget_type=\"heading.default\">\n\t\t\t\t<div class=\"elementor-widget-container\">\n\t\t\t\t\t<div class=\"elementor-heading-title elementor-size-default\">Pour plus d'informations, nous sommes \u00e0 votre disposition !<\/div>\t\t\t\t<\/div>\n\t\t\t\t<\/div>\n\t\t\t\t<div class=\"elementor-element elementor-element-1a1b7b0b elementor-button-align-stretch elementor-widget elementor-widget-form\" data-id=\"1a1b7b0b\" data-element_type=\"widget\" data-settings=\"{&quot;step_next_label&quot;:&quot;Suivant&quot;,&quot;step_previous_label&quot;:&quot;Pr\\u00e9c\\u00e9dent&quot;,&quot;button_width&quot;:&quot;100&quot;,&quot;step_type&quot;:&quot;number_text&quot;,&quot;step_icon_shape&quot;:&quot;circle&quot;}\" data-widget_type=\"form.default\">\n\t\t\t\t<div class=\"elementor-widget-container\">\n\t\t\t\t\t\t\t<form class=\"elementor-form\" method=\"post\" name=\"Nouveau formulaire\" aria-label=\"Nouveau formulaire\">\n\t\t\t<input type=\"hidden\" name=\"post_id\" value=\"4114\"\/>\n\t\t\t<input type=\"hidden\" name=\"form_id\" value=\"1a1b7b0b\"\/>\n\t\t\t<input type=\"hidden\" name=\"referer_title\" value=\"JEILMEDICAL %sepsitename%% - Exclusivement chez Dam Medical\" \/>\n\n\t\t\t\t\t\t\t<input type=\"hidden\" name=\"queried_id\" value=\"4114\"\/>\n\t\t\t\n\t\t\t<div class=\"elementor-form-fields-wrapper elementor-labels-above\">\n\t\t\t\t\t\t\t\t<div class=\"elementor-field-type-text elementor-field-group elementor-column elementor-field-group-name elementor-col-100 elementor-md-50 elementor-field-required elementor-mark-required\">\n\t\t\t\t\t\t\t\t\t\t\t\t<label for=\"form-field-name\" class=\"elementor-field-label\">\n\t\t\t\t\t\t\t\tNom\t\t\t\t\t\t\t<\/label>\n\t\t\t\t\t\t\t\t\t\t\t\t\t\t<input size=\"1\" type=\"text\" name=\"form_fields[name]\" id=\"form-field-name\" class=\"elementor-field elementor-size-sm  elementor-field-textual\" placeholder=\"Nom\" required=\"required\">\n\t\t\t\t\t\t\t\t\t\t\t<\/div>\n\t\t\t\t\t\t\t\t<div class=\"elementor-field-type-email elementor-field-group elementor-column elementor-field-group-field_d78ea4c elementor-col-100 elementor-md-50 elementor-field-required elementor-mark-required\">\n\t\t\t\t\t\t\t\t\t\t\t\t<label for=\"form-field-field_d78ea4c\" class=\"elementor-field-label\">\n\t\t\t\t\t\t\t\tCourriel\t\t\t\t\t\t\t<\/label>\n\t\t\t\t\t\t\t\t\t\t\t\t\t\t<input size=\"1\" type=\"email\" name=\"form_fields[field_d78ea4c]\" id=\"form-field-field_d78ea4c\" class=\"elementor-field elementor-size-sm  elementor-field-textual\" placeholder=\"Courriel\" required=\"required\">\n\t\t\t\t\t\t\t\t\t\t\t<\/div>\n\t\t\t\t\t\t\t\t<div class=\"elementor-field-type-text elementor-field-group elementor-column elementor-field-group-field_ab5baf9 elementor-col-100 elementor-md-50 elementor-field-required elementor-mark-required\">\n\t\t\t\t\t\t\t\t\t\t\t\t<label for=\"form-field-field_ab5baf9\" class=\"elementor-field-label\">\n\t\t\t\t\t\t\t\tL'organisation\t\t\t\t\t\t\t<\/label>\n\t\t\t\t\t\t\t\t\t\t\t\t\t\t<input size=\"1\" type=\"text\" name=\"form_fields[field_ab5baf9]\" id=\"form-field-field_ab5baf9\" class=\"elementor-field elementor-size-sm  elementor-field-textual\" placeholder=\"L&#039;organisation\" required=\"required\">\n\t\t\t\t\t\t\t\t\t\t\t<\/div>\n\t\t\t\t\t\t\t\t<div class=\"elementor-field-type-textarea elementor-field-group elementor-column elementor-field-group-message elementor-col-100 elementor-field-required elementor-mark-required\">\n\t\t\t\t\t\t\t\t\t\t\t\t<label for=\"form-field-message\" class=\"elementor-field-label\">\n\t\t\t\t\t\t\t\tMessage\t\t\t\t\t\t\t<\/label>\n\t\t\t\t\t\t<textarea class=\"elementor-field-textual elementor-field  elementor-size-sm\" name=\"form_fields[message]\" id=\"form-field-message\" rows=\"4\" placeholder=\"Message\" required=\"required\"><\/textarea>\t\t\t\t<\/div>\n\t\t\t\t\t\t\t\t<div class=\"elementor-field-group elementor-column elementor-field-type-submit elementor-col-100 e-form__buttons\">\n\t\t\t\t\t<button class=\"elementor-button elementor-size-sm\" type=\"submit\">\n\t\t\t\t\t\t<span class=\"elementor-button-content-wrapper\">\n\t\t\t\t\t\t\t\t\t\t\t\t\t\t\t\t\t\t\t\t\t\t<span class=\"elementor-button-text\">Exp\u00e9dition<\/span>\n\t\t\t\t\t\t\t\t\t\t\t\t\t<\/span>\n\t\t\t\t\t<\/button>\n\t\t\t\t<\/div>\n\t\t\t<\/div>\n\t\t<\/form>\n\t\t\t\t\t\t<\/div>\n\t\t\t\t<\/div>\n\t\t\t\t\t<\/div>\n\t\t\t\t<\/div>\n\t\t\t\t<div class=\"elementor-element elementor-element-12600b98 elementor-widget elementor-widget-image\" data-id=\"12600b98\" data-element_type=\"widget\" data-widget_type=\"image.default\">\n\t\t\t\t<div class=\"elementor-widget-container\">\n\t\t\t\t\t\t\t\t\t\t\t\t\t\t\t<img fetchpriority=\"high\" decoding=\"async\" width=\"800\" height=\"92\" src=\"https:\/\/dammedical.nl\/wp-content\/uploads\/2025\/05\/logo-Jeil-1024x118.png\" class=\"attachment-large size-large wp-image-3911\" alt=\"\" srcset=\"https:\/\/dammedical.nl\/wp-content\/uploads\/2025\/05\/logo-Jeil-1024x118.png 1024w, https:\/\/dammedical.nl\/wp-content\/uploads\/2025\/05\/logo-Jeil-600x69.png 600w, https:\/\/dammedical.nl\/wp-content\/uploads\/2025\/05\/logo-Jeil-300x35.png 300w, https:\/\/dammedical.nl\/wp-content\/uploads\/2025\/05\/logo-Jeil-768x89.png 768w, https:\/\/dammedical.nl\/wp-content\/uploads\/2025\/05\/logo-Jeil.png 1280w\" sizes=\"(max-width: 800px) 100vw, 800px\" \/>\t\t\t\t\t\t\t\t\t\t\t\t\t\t\t<\/div>\n\t\t\t\t<\/div>\n\t\t\t\t<\/div>\n\t\t\t\t\t<\/div>\n\t\t\t\t<\/div>\n\t\t\t\t<\/div>\n\t\t","protected":false},"excerpt":{"rendered":"<p>JEILMEDICAL Technologie innovante JEILMEDICAL a \u00e9t\u00e9 le premier \u00e0 r\u00e9aliser avec succ\u00e8s la production locale de vis et de plaques pour les traitements maxillo-faciaux gr\u00e2ce \u00e0 son d\u00e9veloppement technologique unique. Gr\u00e2ce \u00e0 des investissements audacieux en R&amp;D, ils ont r\u00e9ussi \u00e0 \u00e9tendre leur champ d&rsquo;activit\u00e9 des traitements maxillo-faciaux aux traitements cr\u00e2niens, orthop\u00e9diques, thoraciques et v\u00e9t\u00e9rinaires. [&hellip;]<\/p>\n","protected":false},"author":3,"featured_media":4116,"parent":0,"menu_order":0,"comment_status":"closed","ping_status":"closed","template":"elementor_header_footer","meta":{"footnotes":""},"class_list":["post-4114","page","type-page","status-publish","has-post-thumbnail","hentry"],"yoast_head":"<!-- This site is optimized with the Yoast SEO plugin v26.3 - https:\/\/yoast.com\/wordpress\/plugins\/seo\/ -->\n<title>JEILMEDICAL %sepsitename%% - Exclusivement chez Dam Medical<\/title>\n<meta name=\"description\" content=\"Les vis orthodontiques les plus utilis\u00e9es pour les applications d&#039;orthodontie et de chirurgie buccale. Disponible exclusivement chez Dam Medical.\" \/>\n<meta name=\"robots\" content=\"index, follow, max-snippet:-1, max-image-preview:large, max-video-preview:-1\" \/>\n<link rel=\"canonical\" href=\"https:\/\/dammedical.nl\/fr\/jeilmedical\/\" \/>\n<meta property=\"og:locale\" content=\"fr_FR\" \/>\n<meta property=\"og:type\" content=\"article\" \/>\n<meta property=\"og:title\" content=\"JEILMEDICAL %sepsitename%% - Exclusivement chez Dam Medical\" \/>\n<meta property=\"og:description\" content=\"Les vis orthodontiques les plus utilis\u00e9es pour les applications d&#039;orthodontie et de chirurgie buccale. Disponible exclusivement chez Dam Medical.\" \/>\n<meta property=\"og:url\" content=\"https:\/\/dammedical.nl\/fr\/jeilmedical\/\" \/>\n<meta property=\"og:site_name\" content=\"Dam Medical\" \/>\n<meta property=\"article:modified_time\" content=\"2025-10-02T13:07:42+00:00\" \/>\n<meta property=\"og:image\" content=\"https:\/\/dammedical.nl\/wp-content\/uploads\/2025\/06\/Jeil-Medical-Dual-Top-2.png\" \/>\n\t<meta property=\"og:image:width\" content=\"1215\" \/>\n\t<meta property=\"og:image:height\" content=\"475\" \/>\n\t<meta property=\"og:image:type\" content=\"image\/png\" \/>\n<meta name=\"twitter:card\" content=\"summary_large_image\" \/>\n<meta name=\"twitter:label1\" content=\"Dur\u00e9e de lecture estim\u00e9e\" \/>\n\t<meta name=\"twitter:data1\" content=\"1 minute\" \/>\n<script type=\"application\/ld+json\" class=\"yoast-schema-graph\">{\"@context\":\"https:\/\/schema.org\",\"@graph\":[{\"@type\":\"WebPage\",\"@id\":\"https:\/\/dammedical.nl\/fr\/jeilmedical\/\",\"url\":\"https:\/\/dammedical.nl\/fr\/jeilmedical\/\",\"name\":\"JEILMEDICAL %sepsitename%% - Exclusivement chez Dam Medical\",\"isPartOf\":{\"@id\":\"https:\/\/dammedical.nl\/fr\/#website\"},\"primaryImageOfPage\":{\"@id\":\"https:\/\/dammedical.nl\/fr\/jeilmedical\/#primaryimage\"},\"image\":{\"@id\":\"https:\/\/dammedical.nl\/fr\/jeilmedical\/#primaryimage\"},\"thumbnailUrl\":\"https:\/\/dammedical.nl\/wp-content\/uploads\/2025\/06\/Jeil-Medical-Dual-Top-2.png\",\"datePublished\":\"2025-06-03T09:09:40+00:00\",\"dateModified\":\"2025-10-02T13:07:42+00:00\",\"description\":\"Les vis orthodontiques les plus utilis\u00e9es pour les applications d'orthodontie et de chirurgie buccale. Disponible exclusivement chez Dam Medical.\",\"breadcrumb\":{\"@id\":\"https:\/\/dammedical.nl\/fr\/jeilmedical\/#breadcrumb\"},\"inLanguage\":\"fr-FR\",\"potentialAction\":[{\"@type\":\"ReadAction\",\"target\":[\"https:\/\/dammedical.nl\/fr\/jeilmedical\/\"]}]},{\"@type\":\"ImageObject\",\"inLanguage\":\"fr-FR\",\"@id\":\"https:\/\/dammedical.nl\/fr\/jeilmedical\/#primaryimage\",\"url\":\"https:\/\/dammedical.nl\/wp-content\/uploads\/2025\/06\/Jeil-Medical-Dual-Top-2.png\",\"contentUrl\":\"https:\/\/dammedical.nl\/wp-content\/uploads\/2025\/06\/Jeil-Medical-Dual-Top-2.png\",\"width\":1215,\"height\":475},{\"@type\":\"BreadcrumbList\",\"@id\":\"https:\/\/dammedical.nl\/fr\/jeilmedical\/#breadcrumb\",\"itemListElement\":[{\"@type\":\"ListItem\",\"position\":1,\"name\":\"Home\",\"item\":\"https:\/\/dammedical.nl\/fr\/accueil\/\"},{\"@type\":\"ListItem\",\"position\":2,\"name\":\"JEILMEDICAL\"}]},{\"@type\":\"WebSite\",\"@id\":\"https:\/\/dammedical.nl\/fr\/#website\",\"url\":\"https:\/\/dammedical.nl\/fr\/\",\"name\":\"Dam Medical\",\"description\":\"Innovatief in chirurgie\",\"publisher\":{\"@id\":\"https:\/\/dammedical.nl\/fr\/#organization\"},\"potentialAction\":[{\"@type\":\"SearchAction\",\"target\":{\"@type\":\"EntryPoint\",\"urlTemplate\":\"https:\/\/dammedical.nl\/fr\/?s={search_term_string}\"},\"query-input\":{\"@type\":\"PropertyValueSpecification\",\"valueRequired\":true,\"valueName\":\"search_term_string\"}}],\"inLanguage\":\"fr-FR\"},{\"@type\":\"Organization\",\"@id\":\"https:\/\/dammedical.nl\/fr\/#organization\",\"name\":\"Dam Medical\",\"url\":\"https:\/\/dammedical.nl\/fr\/\",\"logo\":{\"@type\":\"ImageObject\",\"inLanguage\":\"fr-FR\",\"@id\":\"https:\/\/dammedical.nl\/fr\/#\/schema\/logo\/image\/\",\"url\":\"https:\/\/dammedical.nl\/wp-content\/uploads\/2025\/05\/logo_DamMedical-rgb-pos-e1749559852320.png\",\"contentUrl\":\"https:\/\/dammedical.nl\/wp-content\/uploads\/2025\/05\/logo_DamMedical-rgb-pos-e1749559852320.png\",\"width\":1977,\"height\":500,\"caption\":\"Dam Medical\"},\"image\":{\"@id\":\"https:\/\/dammedical.nl\/fr\/#\/schema\/logo\/image\/\"}}]}<\/script>\n<!-- \/ Yoast SEO plugin. -->","yoast_head_json":{"title":"JEILMEDICAL %sepsitename%% - Exclusivement chez Dam Medical","description":"Les vis orthodontiques les plus utilis\u00e9es pour les applications d'orthodontie et de chirurgie buccale. Disponible exclusivement chez Dam Medical.","robots":{"index":"index","follow":"follow","max-snippet":"max-snippet:-1","max-image-preview":"max-image-preview:large","max-video-preview":"max-video-preview:-1"},"canonical":"https:\/\/dammedical.nl\/fr\/jeilmedical\/","og_locale":"fr_FR","og_type":"article","og_title":"JEILMEDICAL %sepsitename%% - Exclusivement chez Dam Medical","og_description":"Les vis orthodontiques les plus utilis\u00e9es pour les applications d'orthodontie et de chirurgie buccale. Disponible exclusivement chez Dam Medical.","og_url":"https:\/\/dammedical.nl\/fr\/jeilmedical\/","og_site_name":"Dam Medical","article_modified_time":"2025-10-02T13:07:42+00:00","og_image":[{"width":1215,"height":475,"url":"https:\/\/dammedical.nl\/wp-content\/uploads\/2025\/06\/Jeil-Medical-Dual-Top-2.png","type":"image\/png"}],"twitter_card":"summary_large_image","twitter_misc":{"Dur\u00e9e de lecture estim\u00e9e":"1 minute"},"schema":{"@context":"https:\/\/schema.org","@graph":[{"@type":"WebPage","@id":"https:\/\/dammedical.nl\/fr\/jeilmedical\/","url":"https:\/\/dammedical.nl\/fr\/jeilmedical\/","name":"JEILMEDICAL %sepsitename%% - Exclusivement chez Dam Medical","isPartOf":{"@id":"https:\/\/dammedical.nl\/fr\/#website"},"primaryImageOfPage":{"@id":"https:\/\/dammedical.nl\/fr\/jeilmedical\/#primaryimage"},"image":{"@id":"https:\/\/dammedical.nl\/fr\/jeilmedical\/#primaryimage"},"thumbnailUrl":"https:\/\/dammedical.nl\/wp-content\/uploads\/2025\/06\/Jeil-Medical-Dual-Top-2.png","datePublished":"2025-06-03T09:09:40+00:00","dateModified":"2025-10-02T13:07:42+00:00","description":"Les vis orthodontiques les plus utilis\u00e9es pour les applications d'orthodontie et de chirurgie buccale. Disponible exclusivement chez Dam Medical.","breadcrumb":{"@id":"https:\/\/dammedical.nl\/fr\/jeilmedical\/#breadcrumb"},"inLanguage":"fr-FR","potentialAction":[{"@type":"ReadAction","target":["https:\/\/dammedical.nl\/fr\/jeilmedical\/"]}]},{"@type":"ImageObject","inLanguage":"fr-FR","@id":"https:\/\/dammedical.nl\/fr\/jeilmedical\/#primaryimage","url":"https:\/\/dammedical.nl\/wp-content\/uploads\/2025\/06\/Jeil-Medical-Dual-Top-2.png","contentUrl":"https:\/\/dammedical.nl\/wp-content\/uploads\/2025\/06\/Jeil-Medical-Dual-Top-2.png","width":1215,"height":475},{"@type":"BreadcrumbList","@id":"https:\/\/dammedical.nl\/fr\/jeilmedical\/#breadcrumb","itemListElement":[{"@type":"ListItem","position":1,"name":"Home","item":"https:\/\/dammedical.nl\/fr\/accueil\/"},{"@type":"ListItem","position":2,"name":"JEILMEDICAL"}]},{"@type":"WebSite","@id":"https:\/\/dammedical.nl\/fr\/#website","url":"https:\/\/dammedical.nl\/fr\/","name":"Dam Medical","description":"Innovatief in chirurgie","publisher":{"@id":"https:\/\/dammedical.nl\/fr\/#organization"},"potentialAction":[{"@type":"SearchAction","target":{"@type":"EntryPoint","urlTemplate":"https:\/\/dammedical.nl\/fr\/?s={search_term_string}"},"query-input":{"@type":"PropertyValueSpecification","valueRequired":true,"valueName":"search_term_string"}}],"inLanguage":"fr-FR"},{"@type":"Organization","@id":"https:\/\/dammedical.nl\/fr\/#organization","name":"Dam Medical","url":"https:\/\/dammedical.nl\/fr\/","logo":{"@type":"ImageObject","inLanguage":"fr-FR","@id":"https:\/\/dammedical.nl\/fr\/#\/schema\/logo\/image\/","url":"https:\/\/dammedical.nl\/wp-content\/uploads\/2025\/05\/logo_DamMedical-rgb-pos-e1749559852320.png","contentUrl":"https:\/\/dammedical.nl\/wp-content\/uploads\/2025\/05\/logo_DamMedical-rgb-pos-e1749559852320.png","width":1977,"height":500,"caption":"Dam Medical"},"image":{"@id":"https:\/\/dammedical.nl\/fr\/#\/schema\/logo\/image\/"}}]}},"_links":{"self":[{"href":"https:\/\/dammedical.nl\/fr\/wp-json\/wp\/v2\/pages\/4114","targetHints":{"allow":["GET"]}}],"collection":[{"href":"https:\/\/dammedical.nl\/fr\/wp-json\/wp\/v2\/pages"}],"about":[{"href":"https:\/\/dammedical.nl\/fr\/wp-json\/wp\/v2\/types\/page"}],"author":[{"embeddable":true,"href":"https:\/\/dammedical.nl\/fr\/wp-json\/wp\/v2\/users\/3"}],"replies":[{"embeddable":true,"href":"https:\/\/dammedical.nl\/fr\/wp-json\/wp\/v2\/comments?post=4114"}],"version-history":[{"count":1,"href":"https:\/\/dammedical.nl\/fr\/wp-json\/wp\/v2\/pages\/4114\/revisions"}],"predecessor-version":[{"id":4177,"href":"https:\/\/dammedical.nl\/fr\/wp-json\/wp\/v2\/pages\/4114\/revisions\/4177"}],"wp:featuredmedia":[{"embeddable":true,"href":"https:\/\/dammedical.nl\/fr\/wp-json\/wp\/v2\/media\/4116"}],"wp:attachment":[{"href":"https:\/\/dammedical.nl\/fr\/wp-json\/wp\/v2\/media?parent=4114"}],"curies":[{"name":"wp","href":"https:\/\/api.w.org\/{rel}","templated":true}]}}