{"id":4184,"date":"2025-06-03T09:43:23","date_gmt":"2025-06-03T09:43:23","guid":{"rendered":"https:\/\/dammedical.nl\/dewimed\/"},"modified":"2025-10-02T13:08:20","modified_gmt":"2025-10-02T13:08:20","slug":"dewimed","status":"publish","type":"page","link":"https:\/\/dammedical.nl\/fr\/dewimed\/","title":{"rendered":"DEWIMED"},"content":{"rendered":"\t\t<div data-elementor-type=\"wp-page\" data-elementor-id=\"4184\" class=\"elementor elementor-4184 elementor-672\" data-elementor-post-type=\"page\">\n\t\t\t\t<div class=\"elementor-element elementor-element-196a84fc e-flex e-con-boxed e-con e-child\" data-id=\"196a84fc\" data-element_type=\"container\" data-settings=\"{&quot;background_background&quot;:&quot;gradient&quot;}\">\n\t\t\t\t\t<div class=\"e-con-inner\">\n\t\t<div class=\"elementor-element elementor-element-479bb3f1 e-flex e-con-boxed e-con e-child\" data-id=\"479bb3f1\" data-element_type=\"container\">\n\t\t\t\t\t<div class=\"e-con-inner\">\n\t\t\t\t<div class=\"elementor-element elementor-element-4174b272 elementor-widget elementor-widget-heading\" data-id=\"4174b272\" data-element_type=\"widget\" data-widget_type=\"heading.default\">\n\t\t\t\t<div class=\"elementor-widget-container\">\n\t\t\t\t\t<h1 class=\"elementor-heading-title elementor-size-default\">DEWIMED<\/h1>\t\t\t\t<\/div>\n\t\t\t\t<\/div>\n\t\t\t\t\t<\/div>\n\t\t\t\t<\/div>\n\t\t\t\t\t<\/div>\n\t\t\t\t<\/div>\n\t\t<div class=\"elementor-element elementor-element-20827693 e-flex e-con-boxed e-con e-parent\" data-id=\"20827693\" data-element_type=\"container\" data-settings=\"{&quot;background_background&quot;:&quot;classic&quot;}\">\n\t\t\t\t\t<div class=\"e-con-inner\">\n\t\t<div class=\"elementor-element elementor-element-1af94d96 e-con-full e-flex e-con e-child\" data-id=\"1af94d96\" data-element_type=\"container\">\n\t\t\t\t<div class=\"elementor-element elementor-element-18431472 elementor-widget elementor-widget-heading\" data-id=\"18431472\" data-element_type=\"widget\" data-widget_type=\"heading.default\">\n\t\t\t\t<div class=\"elementor-widget-container\">\n\t\t\t\t\t<h6 class=\"elementor-heading-title elementor-size-default\">DEWIMED<\/h6>\t\t\t\t<\/div>\n\t\t\t\t<\/div>\n\t\t\t\t<div class=\"elementor-element elementor-element-58d4ef60 elementor-widget elementor-widget-heading\" data-id=\"58d4ef60\" data-element_type=\"widget\" data-widget_type=\"heading.default\">\n\t\t\t\t<div class=\"elementor-widget-container\">\n\t\t\t\t\t<h3 class=\"elementor-heading-title elementor-size-default\">Technologie innovante<\/h3>\t\t\t\t<\/div>\n\t\t\t\t<\/div>\n\t\t\t\t<div class=\"elementor-element elementor-element-1291d966 elementor-widget elementor-widget-heading\" data-id=\"1291d966\" data-element_type=\"widget\" data-widget_type=\"heading.default\">\n\t\t\t\t<div class=\"elementor-widget-container\">\n\t\t\t\t\t<div class=\"elementor-heading-title elementor-size-default\">DEWIMED est une soci\u00e9t\u00e9 de distribution de dispositifs et d'instruments m\u00e9dicaux. Son objectif n'est pas seulement d'offrir des produits de haute qualit\u00e9, mais aussi des solutions globales pour les soins de sant\u00e9.   <\/div>\t\t\t\t<\/div>\n\t\t\t\t<\/div>\n\t\t\t\t<div class=\"elementor-element elementor-element-2ace414d elementor-widget elementor-widget-text-editor\" data-id=\"2ace414d\" data-element_type=\"widget\" data-widget_type=\"text-editor.default\">\n\t\t\t\t<div class=\"elementor-widget-container\">\n\t\t\t\t\t\t\t\t\t<p>Aujourd&rsquo;hui, la marque DEWIMED est synonyme de traitement de mat\u00e9riaux de haute qualit\u00e9 et de pr\u00e9cision absolue. Les chirurgiens, les m\u00e9decins et le personnel clinique du monde entier font confiance \u00e0 DEWIMED depuis des d\u00e9cennies. Son portefeuille de produits polyvalents est tr\u00e8s appr\u00e9ci\u00e9 pour son \u00e9troite collaboration avec les besoins des prestataires de soins de sant\u00e9 et son optimisation continue.  <\/p><p>Outre les vis orthodontiques, DEWIMED dispose \u00e9galement d&rsquo;un large portefeuille d&rsquo;instruments.<\/p><p>La gamme comprend des instruments de diagnostic, de chirurgie g\u00e9n\u00e9rale, d&rsquo;anesth\u00e9sie, des (micro) ciseaux (DewiCut), des pinces (atraumatiques), des pinces h\u00e9mostatiques (atraumatiques), et bien plus encore. Consultez la gamme compl\u00e8te d&rsquo;instruments DEWIMED dans la brochure. <\/p>\t\t\t\t\t\t\t\t<\/div>\n\t\t\t\t<\/div>\n\t\t<div class=\"elementor-element elementor-element-15fd6ceb e-con-full e-flex e-con e-child\" data-id=\"15fd6ceb\" data-element_type=\"container\">\n\t\t\t\t<div class=\"elementor-element elementor-element-62c5279d elementor-mobile-align-justify elementor-widget elementor-widget-button\" data-id=\"62c5279d\" data-element_type=\"widget\" data-widget_type=\"button.default\">\n\t\t\t\t<div class=\"elementor-widget-container\">\n\t\t\t\t\t\t\t\t\t<div class=\"elementor-button-wrapper\">\n\t\t\t\t\t<a class=\"elementor-button elementor-button-link elementor-size-md\" href=\"https:\/\/dammedical.nl\/wp-content\/uploads\/2025\/06\/DAM-Dewimed-general-instruments-brochure.pdf\" target=\"_blank\">\n\t\t\t\t\t\t<span class=\"elementor-button-content-wrapper\">\n\t\t\t\t\t\t<span class=\"elementor-button-icon\">\n\t\t\t\t<svg aria-hidden=\"true\" class=\"e-font-icon-svg e-far-file-alt\" viewBox=\"0 0 384 512\" xmlns=\"http:\/\/www.w3.org\/2000\/svg\"><path d=\"M288 248v28c0 6.6-5.4 12-12 12H108c-6.6 0-12-5.4-12-12v-28c0-6.6 5.4-12 12-12h168c6.6 0 12 5.4 12 12zm-12 72H108c-6.6 0-12 5.4-12 12v28c0 6.6 5.4 12 12 12h168c6.6 0 12-5.4 12-12v-28c0-6.6-5.4-12-12-12zm108-188.1V464c0 26.5-21.5 48-48 48H48c-26.5 0-48-21.5-48-48V48C0 21.5 21.5 0 48 0h204.1C264.8 0 277 5.1 286 14.1L369.9 98c9 8.9 14.1 21.2 14.1 33.9zm-128-80V128h76.1L256 51.9zM336 464V176H232c-13.3 0-24-10.7-24-24V48H48v416h288z\"><\/path><\/svg>\t\t\t<\/span>\n\t\t\t\t\t\t\t\t\t<span class=\"elementor-button-text\">Consultez la brochure DEWIMED<\/span>\n\t\t\t\t\t<\/span>\n\t\t\t\t\t<\/a>\n\t\t\t\t<\/div>\n\t\t\t\t\t\t\t\t<\/div>\n\t\t\t\t<\/div>\n\t\t\t\t<\/div>\n\t\t\t\t<div class=\"elementor-element elementor-element-5f65b748 elementor-widget-divider--view-line elementor-widget elementor-widget-divider\" data-id=\"5f65b748\" data-element_type=\"widget\" data-widget_type=\"divider.default\">\n\t\t\t\t<div class=\"elementor-widget-container\">\n\t\t\t\t\t\t\t<div class=\"elementor-divider\">\n\t\t\t<span class=\"elementor-divider-separator\">\n\t\t\t\t\t\t<\/span>\n\t\t<\/div>\n\t\t\t\t\t\t<\/div>\n\t\t\t\t<\/div>\n\t\t<div class=\"elementor-element elementor-element-120f0a45 e-con-full e-flex e-con e-child\" data-id=\"120f0a45\" data-element_type=\"container\">\n\t\t\t\t<div class=\"elementor-element elementor-element-42169903 elementor-widget elementor-widget-text-editor\" data-id=\"42169903\" data-element_type=\"widget\" data-widget_type=\"text-editor.default\">\n\t\t\t\t<div class=\"elementor-widget-container\">\n\t\t\t\t\t\t\t\t\t<p>Si vous souhaitez lire plus d&rsquo;informations en ligne, veuillez vous r\u00e9f\u00e9rer \u00e0 la page officielle de <a href=\"https:\/\/www.dewimed.de\/en\/products\/\" target=\"_blank\" rel=\"noopener\">DEWIMED<\/a>.<\/p>\t\t\t\t\t\t\t\t<\/div>\n\t\t\t\t<\/div>\n\t\t\t\t<\/div>\n\t\t\t\t<\/div>\n\t\t<div class=\"elementor-element elementor-element-44df024d e-con-full e-flex e-con e-child\" data-id=\"44df024d\" data-element_type=\"container\">\n\t\t<div class=\"elementor-element elementor-element-3199d0a5 e-flex e-con-boxed e-con e-child\" data-id=\"3199d0a5\" data-element_type=\"container\" data-settings=\"{&quot;background_background&quot;:&quot;classic&quot;}\">\n\t\t\t\t\t<div class=\"e-con-inner\">\n\t\t\t\t<div class=\"elementor-element elementor-element-4a94ba7c elementor-widget elementor-widget-heading\" data-id=\"4a94ba7c\" data-element_type=\"widget\" data-widget_type=\"heading.default\">\n\t\t\t\t<div class=\"elementor-widget-container\">\n\t\t\t\t\t<h3 class=\"elementor-heading-title elementor-size-default\">Contact<\/h3>\t\t\t\t<\/div>\n\t\t\t\t<\/div>\n\t\t\t\t<div class=\"elementor-element elementor-element-1bda68d3 elementor-widget elementor-widget-heading\" data-id=\"1bda68d3\" data-element_type=\"widget\" data-widget_type=\"heading.default\">\n\t\t\t\t<div class=\"elementor-widget-container\">\n\t\t\t\t\t<div class=\"elementor-heading-title elementor-size-default\">Pour plus d'informations, nous sommes \u00e0 votre disposition !<\/div>\t\t\t\t<\/div>\n\t\t\t\t<\/div>\n\t\t\t\t<div class=\"elementor-element elementor-element-570150f8 elementor-button-align-stretch elementor-widget elementor-widget-form\" data-id=\"570150f8\" data-element_type=\"widget\" data-settings=\"{&quot;step_next_label&quot;:&quot;Suivant&quot;,&quot;step_previous_label&quot;:&quot;Pr\\u00e9c\\u00e9dent&quot;,&quot;button_width&quot;:&quot;100&quot;,&quot;step_type&quot;:&quot;number_text&quot;,&quot;step_icon_shape&quot;:&quot;circle&quot;}\" data-widget_type=\"form.default\">\n\t\t\t\t<div class=\"elementor-widget-container\">\n\t\t\t\t\t\t\t<form class=\"elementor-form\" method=\"post\" name=\"Nouveau formulaire\" aria-label=\"Nouveau formulaire\">\n\t\t\t<input type=\"hidden\" name=\"post_id\" value=\"4184\"\/>\n\t\t\t<input type=\"hidden\" name=\"form_id\" value=\"570150f8\"\/>\n\t\t\t<input type=\"hidden\" name=\"referer_title\" value=\"DEWIMED %sepsitename%% - Exclusivement chez Dam Medical\" \/>\n\n\t\t\t\t\t\t\t<input type=\"hidden\" name=\"queried_id\" value=\"4184\"\/>\n\t\t\t\n\t\t\t<div class=\"elementor-form-fields-wrapper elementor-labels-above\">\n\t\t\t\t\t\t\t\t<div class=\"elementor-field-type-text elementor-field-group elementor-column elementor-field-group-name elementor-col-100 elementor-md-50 elementor-field-required elementor-mark-required\">\n\t\t\t\t\t\t\t\t\t\t\t\t<label for=\"form-field-name\" class=\"elementor-field-label\">\n\t\t\t\t\t\t\t\tNom\t\t\t\t\t\t\t<\/label>\n\t\t\t\t\t\t\t\t\t\t\t\t\t\t<input size=\"1\" type=\"text\" name=\"form_fields[name]\" id=\"form-field-name\" class=\"elementor-field elementor-size-sm  elementor-field-textual\" placeholder=\"Nom\" required=\"required\">\n\t\t\t\t\t\t\t\t\t\t\t<\/div>\n\t\t\t\t\t\t\t\t<div class=\"elementor-field-type-email elementor-field-group elementor-column elementor-field-group-field_d78ea4c elementor-col-100 elementor-md-50 elementor-field-required elementor-mark-required\">\n\t\t\t\t\t\t\t\t\t\t\t\t<label for=\"form-field-field_d78ea4c\" class=\"elementor-field-label\">\n\t\t\t\t\t\t\t\tCourriel\t\t\t\t\t\t\t<\/label>\n\t\t\t\t\t\t\t\t\t\t\t\t\t\t<input size=\"1\" type=\"email\" name=\"form_fields[field_d78ea4c]\" id=\"form-field-field_d78ea4c\" class=\"elementor-field elementor-size-sm  elementor-field-textual\" placeholder=\"Courriel\" required=\"required\">\n\t\t\t\t\t\t\t\t\t\t\t<\/div>\n\t\t\t\t\t\t\t\t<div class=\"elementor-field-type-text elementor-field-group elementor-column elementor-field-group-field_ab5baf9 elementor-col-100 elementor-md-50 elementor-field-required elementor-mark-required\">\n\t\t\t\t\t\t\t\t\t\t\t\t<label for=\"form-field-field_ab5baf9\" class=\"elementor-field-label\">\n\t\t\t\t\t\t\t\tL'organisation\t\t\t\t\t\t\t<\/label>\n\t\t\t\t\t\t\t\t\t\t\t\t\t\t<input size=\"1\" type=\"text\" name=\"form_fields[field_ab5baf9]\" id=\"form-field-field_ab5baf9\" class=\"elementor-field elementor-size-sm  elementor-field-textual\" placeholder=\"L&#039;organisation\" required=\"required\">\n\t\t\t\t\t\t\t\t\t\t\t<\/div>\n\t\t\t\t\t\t\t\t<div class=\"elementor-field-type-textarea elementor-field-group elementor-column elementor-field-group-message elementor-col-100 elementor-field-required elementor-mark-required\">\n\t\t\t\t\t\t\t\t\t\t\t\t<label for=\"form-field-message\" class=\"elementor-field-label\">\n\t\t\t\t\t\t\t\tMessage\t\t\t\t\t\t\t<\/label>\n\t\t\t\t\t\t<textarea class=\"elementor-field-textual elementor-field  elementor-size-sm\" name=\"form_fields[message]\" id=\"form-field-message\" rows=\"4\" placeholder=\"Message\" required=\"required\"><\/textarea>\t\t\t\t<\/div>\n\t\t\t\t\t\t\t\t<div class=\"elementor-field-group elementor-column elementor-field-type-submit elementor-col-100 e-form__buttons\">\n\t\t\t\t\t<button class=\"elementor-button elementor-size-sm\" type=\"submit\">\n\t\t\t\t\t\t<span class=\"elementor-button-content-wrapper\">\n\t\t\t\t\t\t\t\t\t\t\t\t\t\t\t\t\t\t\t\t\t\t<span class=\"elementor-button-text\">Exp\u00e9dition<\/span>\n\t\t\t\t\t\t\t\t\t\t\t\t\t<\/span>\n\t\t\t\t\t<\/button>\n\t\t\t\t<\/div>\n\t\t\t<\/div>\n\t\t<\/form>\n\t\t\t\t\t\t<\/div>\n\t\t\t\t<\/div>\n\t\t\t\t\t<\/div>\n\t\t\t\t<\/div>\n\t\t\t\t<div class=\"elementor-element elementor-element-2264ec6f elementor-widget elementor-widget-image\" data-id=\"2264ec6f\" data-element_type=\"widget\" data-widget_type=\"image.default\">\n\t\t\t\t<div class=\"elementor-widget-container\">\n\t\t\t\t\t\t\t\t\t\t\t\t\t\t\t<img fetchpriority=\"high\" decoding=\"async\" width=\"800\" height=\"214\" src=\"https:\/\/dammedical.nl\/wp-content\/uploads\/2025\/05\/DEWIMED-logo-web-1024x274.png\" class=\"attachment-large size-large wp-image-3944\" alt=\"\" srcset=\"https:\/\/dammedical.nl\/wp-content\/uploads\/2025\/05\/DEWIMED-logo-web-1024x274.png 1024w, https:\/\/dammedical.nl\/wp-content\/uploads\/2025\/05\/DEWIMED-logo-web-600x161.png 600w, https:\/\/dammedical.nl\/wp-content\/uploads\/2025\/05\/DEWIMED-logo-web-300x80.png 300w, https:\/\/dammedical.nl\/wp-content\/uploads\/2025\/05\/DEWIMED-logo-web-768x206.png 768w, https:\/\/dammedical.nl\/wp-content\/uploads\/2025\/05\/DEWIMED-logo-web-1536x411.png 1536w, https:\/\/dammedical.nl\/wp-content\/uploads\/2025\/05\/DEWIMED-logo-web.png 1650w\" sizes=\"(max-width: 800px) 100vw, 800px\" \/>\t\t\t\t\t\t\t\t\t\t\t\t\t\t\t<\/div>\n\t\t\t\t<\/div>\n\t\t\t\t<\/div>\n\t\t\t\t\t<\/div>\n\t\t\t\t<\/div>\n\t\t\t\t<\/div>\n\t\t","protected":false},"excerpt":{"rendered":"<p>DEWIMED Technologie innovante DEWIMED est une soci\u00e9t\u00e9 de distribution de dispositifs et d&rsquo;instruments m\u00e9dicaux. Son objectif n&rsquo;est pas seulement d&rsquo;offrir des produits de haute qualit\u00e9, mais aussi des solutions globales pour les soins de sant\u00e9. Aujourd&rsquo;hui, la marque DEWIMED est synonyme de traitement de mat\u00e9riaux de haute qualit\u00e9 et de pr\u00e9cision absolue. Les chirurgiens, les [&hellip;]<\/p>\n","protected":false},"author":3,"featured_media":4185,"parent":0,"menu_order":0,"comment_status":"closed","ping_status":"closed","template":"elementor_header_footer","meta":{"footnotes":""},"class_list":["post-4184","page","type-page","status-publish","has-post-thumbnail","hentry"],"yoast_head":"<!-- This site is optimized with the Yoast SEO plugin v26.3 - https:\/\/yoast.com\/wordpress\/plugins\/seo\/ -->\n<title>DEWIMED %sepsitename%% - Exclusivement chez Dam Medical<\/title>\n<meta name=\"description\" content=\"Le syst\u00e8me DEWIMED O.S.A.S. offre une gamme tr\u00e8s compl\u00e8te de vis d&#039;ancrage orthodontique pour les orthodontistes et les chirurgiens buccaux.\" \/>\n<meta name=\"robots\" content=\"index, follow, max-snippet:-1, max-image-preview:large, max-video-preview:-1\" \/>\n<link rel=\"canonical\" href=\"https:\/\/dammedical.nl\/fr\/dewimed\/\" \/>\n<meta property=\"og:locale\" content=\"fr_FR\" \/>\n<meta property=\"og:type\" content=\"article\" \/>\n<meta property=\"og:title\" content=\"DEWIMED %sepsitename%% - Exclusivement chez Dam Medical\" \/>\n<meta property=\"og:description\" content=\"Le syst\u00e8me DEWIMED O.S.A.S. offre une gamme tr\u00e8s compl\u00e8te de vis d&#039;ancrage orthodontique pour les orthodontistes et les chirurgiens buccaux.\" \/>\n<meta property=\"og:url\" content=\"https:\/\/dammedical.nl\/fr\/dewimed\/\" \/>\n<meta property=\"og:site_name\" content=\"Dam Medical\" \/>\n<meta property=\"article:modified_time\" content=\"2025-10-02T13:08:20+00:00\" \/>\n<meta property=\"og:image\" content=\"https:\/\/dammedical.nl\/wp-content\/uploads\/2025\/06\/IMG_6153-scaled-1.jpg\" \/>\n\t<meta property=\"og:image:width\" content=\"2560\" \/>\n\t<meta property=\"og:image:height\" content=\"1706\" \/>\n\t<meta property=\"og:image:type\" content=\"image\/jpeg\" \/>\n<meta name=\"twitter:card\" content=\"summary_large_image\" \/>\n<meta name=\"twitter:label1\" content=\"Dur\u00e9e de lecture estim\u00e9e\" \/>\n\t<meta name=\"twitter:data1\" content=\"1 minute\" \/>\n<script type=\"application\/ld+json\" class=\"yoast-schema-graph\">{\"@context\":\"https:\/\/schema.org\",\"@graph\":[{\"@type\":\"WebPage\",\"@id\":\"https:\/\/dammedical.nl\/fr\/dewimed\/\",\"url\":\"https:\/\/dammedical.nl\/fr\/dewimed\/\",\"name\":\"DEWIMED %sepsitename%% - Exclusivement chez Dam Medical\",\"isPartOf\":{\"@id\":\"https:\/\/dammedical.nl\/fr\/#website\"},\"primaryImageOfPage\":{\"@id\":\"https:\/\/dammedical.nl\/fr\/dewimed\/#primaryimage\"},\"image\":{\"@id\":\"https:\/\/dammedical.nl\/fr\/dewimed\/#primaryimage\"},\"thumbnailUrl\":\"https:\/\/dammedical.nl\/wp-content\/uploads\/2025\/06\/IMG_6153-scaled-1.jpg\",\"datePublished\":\"2025-06-03T09:43:23+00:00\",\"dateModified\":\"2025-10-02T13:08:20+00:00\",\"description\":\"Le syst\u00e8me DEWIMED O.S.A.S. offre une gamme tr\u00e8s compl\u00e8te de vis d'ancrage orthodontique pour les orthodontistes et les chirurgiens buccaux.\",\"breadcrumb\":{\"@id\":\"https:\/\/dammedical.nl\/fr\/dewimed\/#breadcrumb\"},\"inLanguage\":\"fr-FR\",\"potentialAction\":[{\"@type\":\"ReadAction\",\"target\":[\"https:\/\/dammedical.nl\/fr\/dewimed\/\"]}]},{\"@type\":\"ImageObject\",\"inLanguage\":\"fr-FR\",\"@id\":\"https:\/\/dammedical.nl\/fr\/dewimed\/#primaryimage\",\"url\":\"https:\/\/dammedical.nl\/wp-content\/uploads\/2025\/06\/IMG_6153-scaled-1.jpg\",\"contentUrl\":\"https:\/\/dammedical.nl\/wp-content\/uploads\/2025\/06\/IMG_6153-scaled-1.jpg\",\"width\":2560,\"height\":1706},{\"@type\":\"BreadcrumbList\",\"@id\":\"https:\/\/dammedical.nl\/fr\/dewimed\/#breadcrumb\",\"itemListElement\":[{\"@type\":\"ListItem\",\"position\":1,\"name\":\"Home\",\"item\":\"https:\/\/dammedical.nl\/fr\/accueil\/\"},{\"@type\":\"ListItem\",\"position\":2,\"name\":\"DEWIMED\"}]},{\"@type\":\"WebSite\",\"@id\":\"https:\/\/dammedical.nl\/fr\/#website\",\"url\":\"https:\/\/dammedical.nl\/fr\/\",\"name\":\"Dam Medical\",\"description\":\"Innovatief in chirurgie\",\"publisher\":{\"@id\":\"https:\/\/dammedical.nl\/fr\/#organization\"},\"potentialAction\":[{\"@type\":\"SearchAction\",\"target\":{\"@type\":\"EntryPoint\",\"urlTemplate\":\"https:\/\/dammedical.nl\/fr\/?s={search_term_string}\"},\"query-input\":{\"@type\":\"PropertyValueSpecification\",\"valueRequired\":true,\"valueName\":\"search_term_string\"}}],\"inLanguage\":\"fr-FR\"},{\"@type\":\"Organization\",\"@id\":\"https:\/\/dammedical.nl\/fr\/#organization\",\"name\":\"Dam Medical\",\"url\":\"https:\/\/dammedical.nl\/fr\/\",\"logo\":{\"@type\":\"ImageObject\",\"inLanguage\":\"fr-FR\",\"@id\":\"https:\/\/dammedical.nl\/fr\/#\/schema\/logo\/image\/\",\"url\":\"https:\/\/dammedical.nl\/wp-content\/uploads\/2025\/05\/logo_DamMedical-rgb-pos-e1749559852320.png\",\"contentUrl\":\"https:\/\/dammedical.nl\/wp-content\/uploads\/2025\/05\/logo_DamMedical-rgb-pos-e1749559852320.png\",\"width\":1977,\"height\":500,\"caption\":\"Dam Medical\"},\"image\":{\"@id\":\"https:\/\/dammedical.nl\/fr\/#\/schema\/logo\/image\/\"}}]}<\/script>\n<!-- \/ Yoast SEO plugin. -->","yoast_head_json":{"title":"DEWIMED %sepsitename%% - Exclusivement chez Dam Medical","description":"Le syst\u00e8me DEWIMED O.S.A.S. offre une gamme tr\u00e8s compl\u00e8te de vis d'ancrage orthodontique pour les orthodontistes et les chirurgiens buccaux.","robots":{"index":"index","follow":"follow","max-snippet":"max-snippet:-1","max-image-preview":"max-image-preview:large","max-video-preview":"max-video-preview:-1"},"canonical":"https:\/\/dammedical.nl\/fr\/dewimed\/","og_locale":"fr_FR","og_type":"article","og_title":"DEWIMED %sepsitename%% - Exclusivement chez Dam Medical","og_description":"Le syst\u00e8me DEWIMED O.S.A.S. offre une gamme tr\u00e8s compl\u00e8te de vis d'ancrage orthodontique pour les orthodontistes et les chirurgiens buccaux.","og_url":"https:\/\/dammedical.nl\/fr\/dewimed\/","og_site_name":"Dam Medical","article_modified_time":"2025-10-02T13:08:20+00:00","og_image":[{"width":2560,"height":1706,"url":"https:\/\/dammedical.nl\/wp-content\/uploads\/2025\/06\/IMG_6153-scaled-1.jpg","type":"image\/jpeg"}],"twitter_card":"summary_large_image","twitter_misc":{"Dur\u00e9e de lecture estim\u00e9e":"1 minute"},"schema":{"@context":"https:\/\/schema.org","@graph":[{"@type":"WebPage","@id":"https:\/\/dammedical.nl\/fr\/dewimed\/","url":"https:\/\/dammedical.nl\/fr\/dewimed\/","name":"DEWIMED %sepsitename%% - Exclusivement chez Dam Medical","isPartOf":{"@id":"https:\/\/dammedical.nl\/fr\/#website"},"primaryImageOfPage":{"@id":"https:\/\/dammedical.nl\/fr\/dewimed\/#primaryimage"},"image":{"@id":"https:\/\/dammedical.nl\/fr\/dewimed\/#primaryimage"},"thumbnailUrl":"https:\/\/dammedical.nl\/wp-content\/uploads\/2025\/06\/IMG_6153-scaled-1.jpg","datePublished":"2025-06-03T09:43:23+00:00","dateModified":"2025-10-02T13:08:20+00:00","description":"Le syst\u00e8me DEWIMED O.S.A.S. offre une gamme tr\u00e8s compl\u00e8te de vis d'ancrage orthodontique pour les orthodontistes et les chirurgiens buccaux.","breadcrumb":{"@id":"https:\/\/dammedical.nl\/fr\/dewimed\/#breadcrumb"},"inLanguage":"fr-FR","potentialAction":[{"@type":"ReadAction","target":["https:\/\/dammedical.nl\/fr\/dewimed\/"]}]},{"@type":"ImageObject","inLanguage":"fr-FR","@id":"https:\/\/dammedical.nl\/fr\/dewimed\/#primaryimage","url":"https:\/\/dammedical.nl\/wp-content\/uploads\/2025\/06\/IMG_6153-scaled-1.jpg","contentUrl":"https:\/\/dammedical.nl\/wp-content\/uploads\/2025\/06\/IMG_6153-scaled-1.jpg","width":2560,"height":1706},{"@type":"BreadcrumbList","@id":"https:\/\/dammedical.nl\/fr\/dewimed\/#breadcrumb","itemListElement":[{"@type":"ListItem","position":1,"name":"Home","item":"https:\/\/dammedical.nl\/fr\/accueil\/"},{"@type":"ListItem","position":2,"name":"DEWIMED"}]},{"@type":"WebSite","@id":"https:\/\/dammedical.nl\/fr\/#website","url":"https:\/\/dammedical.nl\/fr\/","name":"Dam Medical","description":"Innovatief in chirurgie","publisher":{"@id":"https:\/\/dammedical.nl\/fr\/#organization"},"potentialAction":[{"@type":"SearchAction","target":{"@type":"EntryPoint","urlTemplate":"https:\/\/dammedical.nl\/fr\/?s={search_term_string}"},"query-input":{"@type":"PropertyValueSpecification","valueRequired":true,"valueName":"search_term_string"}}],"inLanguage":"fr-FR"},{"@type":"Organization","@id":"https:\/\/dammedical.nl\/fr\/#organization","name":"Dam Medical","url":"https:\/\/dammedical.nl\/fr\/","logo":{"@type":"ImageObject","inLanguage":"fr-FR","@id":"https:\/\/dammedical.nl\/fr\/#\/schema\/logo\/image\/","url":"https:\/\/dammedical.nl\/wp-content\/uploads\/2025\/05\/logo_DamMedical-rgb-pos-e1749559852320.png","contentUrl":"https:\/\/dammedical.nl\/wp-content\/uploads\/2025\/05\/logo_DamMedical-rgb-pos-e1749559852320.png","width":1977,"height":500,"caption":"Dam Medical"},"image":{"@id":"https:\/\/dammedical.nl\/fr\/#\/schema\/logo\/image\/"}}]}},"_links":{"self":[{"href":"https:\/\/dammedical.nl\/fr\/wp-json\/wp\/v2\/pages\/4184","targetHints":{"allow":["GET"]}}],"collection":[{"href":"https:\/\/dammedical.nl\/fr\/wp-json\/wp\/v2\/pages"}],"about":[{"href":"https:\/\/dammedical.nl\/fr\/wp-json\/wp\/v2\/types\/page"}],"author":[{"embeddable":true,"href":"https:\/\/dammedical.nl\/fr\/wp-json\/wp\/v2\/users\/3"}],"replies":[{"embeddable":true,"href":"https:\/\/dammedical.nl\/fr\/wp-json\/wp\/v2\/comments?post=4184"}],"version-history":[{"count":1,"href":"https:\/\/dammedical.nl\/fr\/wp-json\/wp\/v2\/pages\/4184\/revisions"}],"predecessor-version":[{"id":4186,"href":"https:\/\/dammedical.nl\/fr\/wp-json\/wp\/v2\/pages\/4184\/revisions\/4186"}],"wp:featuredmedia":[{"embeddable":true,"href":"https:\/\/dammedical.nl\/fr\/wp-json\/wp\/v2\/media\/4185"}],"wp:attachment":[{"href":"https:\/\/dammedical.nl\/fr\/wp-json\/wp\/v2\/media?parent=4184"}],"curies":[{"name":"wp","href":"https:\/\/api.w.org\/{rel}","templated":true}]}}