{"id":4207,"date":"2025-06-11T14:05:32","date_gmt":"2025-06-11T14:05:32","guid":{"rendered":"https:\/\/dammedical.nl\/tournevis-sans-fil\/"},"modified":"2025-10-02T13:12:13","modified_gmt":"2025-10-02T13:12:13","slug":"tournevis-sans-fil","status":"publish","type":"page","link":"https:\/\/dammedical.nl\/fr\/tournevis-sans-fil\/","title":{"rendered":"Tournevis sans fil"},"content":{"rendered":"\t\t<div data-elementor-type=\"wp-page\" data-elementor-id=\"4207\" class=\"elementor elementor-4207 elementor-939\" data-elementor-post-type=\"page\">\n\t\t\t\t<div class=\"elementor-element elementor-element-3743e87f e-flex e-con-boxed e-con e-child\" data-id=\"3743e87f\" data-element_type=\"container\" data-settings=\"{&quot;background_background&quot;:&quot;gradient&quot;}\">\n\t\t\t\t\t<div class=\"e-con-inner\">\n\t\t<div class=\"elementor-element elementor-element-3d50a4a0 e-flex e-con-boxed e-con e-child\" data-id=\"3d50a4a0\" data-element_type=\"container\">\n\t\t\t\t\t<div class=\"e-con-inner\">\n\t\t\t\t<div class=\"elementor-element elementor-element-73a4d7d0 elementor-widget elementor-widget-heading\" data-id=\"73a4d7d0\" data-element_type=\"widget\" data-widget_type=\"heading.default\">\n\t\t\t\t<div class=\"elementor-widget-container\">\n\t\t\t\t\t<h1 class=\"elementor-heading-title elementor-size-default\">Tournevis sans fil<\/h1>\t\t\t\t<\/div>\n\t\t\t\t<\/div>\n\t\t\t\t\t<\/div>\n\t\t\t\t<\/div>\n\t\t\t\t\t<\/div>\n\t\t\t\t<\/div>\n\t\t<div class=\"elementor-element elementor-element-28f6f18 e-flex e-con-boxed e-con e-parent\" data-id=\"28f6f18\" data-element_type=\"container\" data-settings=\"{&quot;background_background&quot;:&quot;classic&quot;}\">\n\t\t\t\t\t<div class=\"e-con-inner\">\n\t\t<div class=\"elementor-element elementor-element-42d27a7b e-con-full e-flex e-con e-child\" data-id=\"42d27a7b\" data-element_type=\"container\">\n\t\t\t\t<div class=\"elementor-element elementor-element-7d19ac09 elementor-widget elementor-widget-heading\" data-id=\"7d19ac09\" data-element_type=\"widget\" data-widget_type=\"heading.default\">\n\t\t\t\t<div class=\"elementor-widget-container\">\n\t\t\t\t\t<h6 class=\"elementor-heading-title elementor-size-default\">Tournevis sans fil NSK iSD900<\/h6>\t\t\t\t<\/div>\n\t\t\t\t<\/div>\n\t\t\t\t<div class=\"elementor-element elementor-element-5ce35faf elementor-widget elementor-widget-heading\" data-id=\"5ce35faf\" data-element_type=\"widget\" data-widget_type=\"heading.default\">\n\t\t\t\t<div class=\"elementor-widget-container\">\n\t\t\t\t\t<h3 class=\"elementor-heading-title elementor-size-default\">Plus rapide et plus s\u00fbr<\/h3>\t\t\t\t<\/div>\n\t\t\t\t<\/div>\n\t\t\t\t<div class=\"elementor-element elementor-element-50033bf8 elementor-widget elementor-widget-heading\" data-id=\"50033bf8\" data-element_type=\"widget\" data-widget_type=\"heading.default\">\n\t\t\t\t<div class=\"elementor-widget-container\">\n\t\t\t\t\t<div class=\"elementor-heading-title elementor-size-default\">Tournevis sans fil pour proth\u00e8ses dentaires avec syst\u00e8me d'\u00e9talonnage du couple (TCS).<\/div>\t\t\t\t<\/div>\n\t\t\t\t<\/div>\n\t\t\t\t<div class=\"elementor-element elementor-element-670b4f5e elementor-widget elementor-widget-text-editor\" data-id=\"670b4f5e\" data-element_type=\"widget\" data-widget_type=\"text-editor.default\">\n\t\t\t\t<div class=\"elementor-widget-container\">\n\t\t\t\t\t\t\t\t\t<p>NSK pr\u00e9sente la visseuse sans fil iSD900 avec syst\u00e8me d&rsquo;\u00e9talonnage du couple (TCS) pour les proc\u00e9dures de fixation de vis proth\u00e9tiques.<\/p><p>L&rsquo;iSD900 garantit un contr\u00f4le pr\u00e9cis du couple gr\u00e2ce au syst\u00e8me unique d&rsquo;\u00e9talonnage du couple NSK qui est extr\u00eamement convivial. L&rsquo;iSD900 vous aide \u00e0 gagner du temps et permet un serrage pr\u00e9cis et sans risque des vis. Les implantologues peuvent compter sur l&rsquo;iSD900 pour la s\u00e9curit\u00e9 et la productivit\u00e9.  <\/p><p>L&rsquo;iSD900 (code de commande : Y1001358) est disponible exclusivement aupr\u00e8s de Dam Medical.<\/p>\t\t\t\t\t\t\t\t<\/div>\n\t\t\t\t<\/div>\n\t\t\t\t<\/div>\n\t\t<div class=\"elementor-element elementor-element-7b5dcdf8 e-con-full e-flex e-con e-child\" data-id=\"7b5dcdf8\" data-element_type=\"container\">\n\t\t\t\t<div class=\"elementor-element elementor-element-3caeeb8 elementor-widget elementor-widget-image\" data-id=\"3caeeb8\" data-element_type=\"widget\" data-widget_type=\"image.default\">\n\t\t\t\t<div class=\"elementor-widget-container\">\n\t\t\t\t\t\t\t\t\t\t\t\t\t\t\t<img fetchpriority=\"high\" decoding=\"async\" width=\"690\" height=\"270\" src=\"https:\/\/dammedical.nl\/wp-content\/uploads\/2022\/05\/isd900.png\" class=\"attachment-large size-large wp-image-4026\" alt=\"\" srcset=\"https:\/\/dammedical.nl\/wp-content\/uploads\/2022\/05\/isd900.png 690w, https:\/\/dammedical.nl\/wp-content\/uploads\/2022\/05\/isd900-300x117.png 300w, https:\/\/dammedical.nl\/wp-content\/uploads\/2022\/05\/isd900-600x235.png 600w\" sizes=\"(max-width: 690px) 100vw, 690px\" \/>\t\t\t\t\t\t\t\t\t\t\t\t\t\t\t<\/div>\n\t\t\t\t<\/div>\n\t\t\t\t<\/div>\n\t\t\t\t\t<\/div>\n\t\t\t\t<\/div>\n\t\t<div class=\"elementor-element elementor-element-5197d81 e-flex e-con-boxed e-con e-parent\" data-id=\"5197d81\" data-element_type=\"container\" data-settings=\"{&quot;background_background&quot;:&quot;classic&quot;}\">\n\t\t\t\t\t<div class=\"e-con-inner\">\n\t\t<div class=\"elementor-element elementor-element-400fab0 e-con-full e-flex e-con e-child\" data-id=\"400fab0\" data-element_type=\"container\">\n\t\t\t\t<div class=\"elementor-element elementor-element-d5393c7 elementor-widget elementor-widget-heading\" data-id=\"d5393c7\" data-element_type=\"widget\" data-widget_type=\"heading.default\">\n\t\t\t\t<div class=\"elementor-widget-container\">\n\t\t\t\t\t<h3 class=\"elementor-heading-title elementor-size-default\">Technologie et fonction<\/h3>\t\t\t\t<\/div>\n\t\t\t\t<\/div>\n\t\t\t\t<\/div>\n\t\t<div class=\"elementor-element elementor-element-e444894 e-con-full e-flex e-con e-child\" data-id=\"e444894\" data-element_type=\"container\">\n\t\t<div class=\"elementor-element elementor-element-43ccda6 e-con-full e-flex elementor-invisible e-con e-child\" data-id=\"43ccda6\" data-element_type=\"container\" data-settings=\"{&quot;background_background&quot;:&quot;classic&quot;,&quot;animation&quot;:&quot;fadeInDown&quot;}\">\n\t\t\t\t<div class=\"elementor-element elementor-element-52c727e elementor-widget elementor-widget-heading\" data-id=\"52c727e\" data-element_type=\"widget\" data-widget_type=\"heading.default\">\n\t\t\t\t<div class=\"elementor-widget-container\">\n\t\t\t\t\t<h5 class=\"elementor-heading-title elementor-size-default\">Syst\u00e8me d'\u00e9talonnage du couple (TCS)<\/h5>\t\t\t\t<\/div>\n\t\t\t\t<\/div>\n\t\t\t\t<div class=\"elementor-element elementor-element-9ce7591 elementor-widget elementor-widget-text-editor\" data-id=\"9ce7591\" data-element_type=\"widget\" data-widget_type=\"text-editor.default\">\n\t\t\t\t<div class=\"elementor-widget-container\">\n\t\t\t\t\t\t\t\t\t<p>Le TCS permet un \u00e9talonnage facile en quelques secondes et garantit un couple pr\u00e9cis.<\/p>\t\t\t\t\t\t\t\t<\/div>\n\t\t\t\t<\/div>\n\t\t\t\t<\/div>\n\t\t<div class=\"elementor-element elementor-element-cd905a3 e-con-full e-flex elementor-invisible e-con e-child\" data-id=\"cd905a3\" data-element_type=\"container\" data-settings=\"{&quot;background_background&quot;:&quot;classic&quot;,&quot;animation&quot;:&quot;fadeInDown&quot;}\">\n\t\t\t\t<div class=\"elementor-element elementor-element-9ce68fa elementor-widget elementor-widget-heading\" data-id=\"9ce68fa\" data-element_type=\"widget\" data-widget_type=\"heading.default\">\n\t\t\t\t<div class=\"elementor-widget-container\">\n\t\t\t\t\t<h5 class=\"elementor-heading-title elementor-size-default\">Gamme de couple \u00e9largie<\/h5>\t\t\t\t<\/div>\n\t\t\t\t<\/div>\n\t\t\t\t<div class=\"elementor-element elementor-element-84a3461 elementor-widget elementor-widget-text-editor\" data-id=\"84a3461\" data-element_type=\"widget\" data-widget_type=\"text-editor.default\">\n\t\t\t\t<div class=\"elementor-widget-container\">\n\t\t\t\t\t\t\t\t\t<p>L&rsquo;iSD900 est capable de r\u00e9gler et de d\u00e9livrer facilement un couple pr\u00e9cis de 10 \u00e0 40 Ncm par incr\u00e9ments de 1 ou 5 Ncm.<\/p>\t\t\t\t\t\t\t\t<\/div>\n\t\t\t\t<\/div>\n\t\t\t\t<\/div>\n\t\t<div class=\"elementor-element elementor-element-cf07270 e-con-full e-flex elementor-invisible e-con e-child\" data-id=\"cf07270\" data-element_type=\"container\" data-settings=\"{&quot;background_background&quot;:&quot;classic&quot;,&quot;animation&quot;:&quot;fadeInDown&quot;}\">\n\t\t\t\t<div class=\"elementor-element elementor-element-5bc6b28 elementor-widget elementor-widget-heading\" data-id=\"5bc6b28\" data-element_type=\"widget\" data-widget_type=\"heading.default\">\n\t\t\t\t<div class=\"elementor-widget-container\">\n\t\t\t\t\t<h5 class=\"elementor-heading-title elementor-size-default\">\u00c9cran LCD<\/h5>\t\t\t\t<\/div>\n\t\t\t\t<\/div>\n\t\t\t\t<div class=\"elementor-element elementor-element-df7397f elementor-widget elementor-widget-text-editor\" data-id=\"df7397f\" data-element_type=\"widget\" data-widget_type=\"text-editor.default\">\n\t\t\t\t<div class=\"elementor-widget-container\">\n\t\t\t\t\t\t\t\t\t<p>L&rsquo;\u00e9cran LCD num\u00e9rique affiche les r\u00e9glages du couple, de la vitesse, de la rotation inverse, de l&rsquo;\u00e9tat de la batterie et du mode d&rsquo;\u00e9talonnage. L&rsquo;affichage est clair et tr\u00e8s convivial. <\/p>\t\t\t\t\t\t\t\t<\/div>\n\t\t\t\t<\/div>\n\t\t\t\t<\/div>\n\t\t<div class=\"elementor-element elementor-element-2af516a e-con-full e-flex elementor-invisible e-con e-child\" data-id=\"2af516a\" data-element_type=\"container\" data-settings=\"{&quot;background_background&quot;:&quot;classic&quot;,&quot;animation&quot;:&quot;fadeInDown&quot;}\">\n\t\t\t\t<div class=\"elementor-element elementor-element-b61cfb7 elementor-widget elementor-widget-heading\" data-id=\"b61cfb7\" data-element_type=\"widget\" data-widget_type=\"heading.default\">\n\t\t\t\t<div class=\"elementor-widget-container\">\n\t\t\t\t\t<h5 class=\"elementor-heading-title elementor-size-default\">Vitesse de rotation<\/h5>\t\t\t\t<\/div>\n\t\t\t\t<\/div>\n\t\t\t\t<div class=\"elementor-element elementor-element-e2a51ae elementor-widget elementor-widget-text-editor\" data-id=\"e2a51ae\" data-element_type=\"widget\" data-widget_type=\"text-editor.default\">\n\t\t\t\t<div class=\"elementor-widget-container\">\n\t\t\t\t\t\t\t\t\t<p>L&rsquo;\u00e9cran LCD num\u00e9rique affiche les r\u00e9glages du couple, de la vitesse, de la rotation inverse, de l&rsquo;\u00e9tat de la batterie et du mode d&rsquo;\u00e9talonnage. L&rsquo;affichage est clair et tr\u00e8s convivial. <\/p>\t\t\t\t\t\t\t\t<\/div>\n\t\t\t\t<\/div>\n\t\t\t\t<\/div>\n\t\t<div class=\"elementor-element elementor-element-e612712 e-con-full e-flex elementor-invisible e-con e-child\" data-id=\"e612712\" data-element_type=\"container\" data-settings=\"{&quot;background_background&quot;:&quot;classic&quot;,&quot;animation&quot;:&quot;fadeInDown&quot;}\">\n\t\t\t\t<div class=\"elementor-element elementor-element-4c4ad17 elementor-widget elementor-widget-heading\" data-id=\"4c4ad17\" data-element_type=\"widget\" data-widget_type=\"heading.default\">\n\t\t\t\t<div class=\"elementor-widget-container\">\n\t\t\t\t\t<h5 class=\"elementor-heading-title elementor-size-default\">Haute visibilit\u00e9<\/h5>\t\t\t\t<\/div>\n\t\t\t\t<\/div>\n\t\t\t\t<div class=\"elementor-element elementor-element-bdd4302 elementor-widget elementor-widget-text-editor\" data-id=\"bdd4302\" data-element_type=\"widget\" data-widget_type=\"text-editor.default\">\n\t\t\t\t<div class=\"elementor-widget-container\">\n\t\t\t\t\t\t\t\t\t<p>Il est trop difficile de maintenir une bonne visibilit\u00e9 pour r\u00e9tracter la muqueuse buccale avec les cl\u00e9s \u00e0 cliquet actuelles qui n\u00e9cessitent vos deux mains. L&rsquo;iSD900 vous permet de maintenir une bonne visibilit\u00e9 et d&rsquo;effectuer des op\u00e9rations de meilleure qualit\u00e9. <\/p>\t\t\t\t\t\t\t\t<\/div>\n\t\t\t\t<\/div>\n\t\t\t\t<\/div>\n\t\t<div class=\"elementor-element elementor-element-0ed24a4 e-con-full e-flex elementor-invisible e-con e-child\" data-id=\"0ed24a4\" data-element_type=\"container\" data-settings=\"{&quot;background_background&quot;:&quot;classic&quot;,&quot;animation&quot;:&quot;fadeInDown&quot;}\">\n\t\t\t\t<div class=\"elementor-element elementor-element-79ba45c elementor-widget elementor-widget-heading\" data-id=\"79ba45c\" data-element_type=\"widget\" data-widget_type=\"heading.default\">\n\t\t\t\t<div class=\"elementor-widget-container\">\n\t\t\t\t\t<h5 class=\"elementor-heading-title elementor-size-default\">Levier d'interrupteur ON \/ OFF<\/h5>\t\t\t\t<\/div>\n\t\t\t\t<\/div>\n\t\t\t\t<div class=\"elementor-element elementor-element-4c10d87 elementor-widget elementor-widget-text-editor\" data-id=\"4c10d87\" data-element_type=\"widget\" data-widget_type=\"text-editor.default\">\n\t\t\t\t<div class=\"elementor-widget-container\">\n\t\t\t\t\t\t\t\t\t<p>L&rsquo;iSD900 est dot\u00e9 d&rsquo;un interrupteur marche\/arr\u00eat amovible et coulissant qui permet aux cliniciens d&rsquo;utiliser facilement l&rsquo;instrument. La poign\u00e9e d&rsquo;extension est enti\u00e8rement autoclavable pour r\u00e9pondre aux exigences de contamination crois\u00e9e. <\/p>\t\t\t\t\t\t\t\t<\/div>\n\t\t\t\t<\/div>\n\t\t\t\t<\/div>\n\t\t\t\t<\/div>\n\t\t\t\t\t<\/div>\n\t\t\t\t<\/div>\n\t\t\t\t<\/div>\n\t\t","protected":false},"excerpt":{"rendered":"<p>Tournevis sans fil NSK iSD900 Plus rapide et plus s\u00fbr Tournevis sans fil pour proth\u00e8ses dentaires avec syst\u00e8me d&rsquo;\u00e9talonnage du couple (TCS). NSK pr\u00e9sente la visseuse sans fil iSD900 avec syst\u00e8me d&rsquo;\u00e9talonnage du couple (TCS) pour les proc\u00e9dures de fixation de vis proth\u00e9tiques. L&rsquo;iSD900 garantit un contr\u00f4le pr\u00e9cis du couple gr\u00e2ce au syst\u00e8me unique d&rsquo;\u00e9talonnage [&hellip;]<\/p>\n","protected":false},"author":3,"featured_media":4026,"parent":0,"menu_order":0,"comment_status":"closed","ping_status":"closed","template":"elementor_header_footer","meta":{"footnotes":""},"class_list":["post-4207","page","type-page","status-publish","has-post-thumbnail","hentry"],"yoast_head":"<!-- This site is optimized with the Yoast SEO plugin v26.3 - https:\/\/yoast.com\/wordpress\/plugins\/seo\/ -->\n<title>Tournevis sans fil - Dam Medical<\/title>\n<meta name=\"description\" content=\"Le tournevis sans fil NSK iSD900 pour une pr\u00e9cision optimale et un serrage sans risque des implants.\" \/>\n<meta name=\"robots\" content=\"index, follow, max-snippet:-1, max-image-preview:large, max-video-preview:-1\" \/>\n<link rel=\"canonical\" href=\"https:\/\/dammedical.nl\/fr\/tournevis-sans-fil\/\" \/>\n<meta property=\"og:locale\" content=\"fr_FR\" \/>\n<meta property=\"og:type\" content=\"article\" \/>\n<meta property=\"og:title\" content=\"Tournevis sans fil - Dam Medical\" \/>\n<meta property=\"og:description\" content=\"Le tournevis sans fil NSK iSD900 pour une pr\u00e9cision optimale et un serrage sans risque des implants.\" \/>\n<meta property=\"og:url\" content=\"https:\/\/dammedical.nl\/fr\/tournevis-sans-fil\/\" \/>\n<meta property=\"og:site_name\" content=\"Dam Medical\" \/>\n<meta property=\"article:modified_time\" content=\"2025-10-02T13:12:13+00:00\" \/>\n<meta property=\"og:image\" content=\"https:\/\/dammedical.nl\/wp-content\/uploads\/2022\/05\/isd900.png\" \/>\n\t<meta property=\"og:image:width\" content=\"690\" \/>\n\t<meta property=\"og:image:height\" content=\"270\" \/>\n\t<meta property=\"og:image:type\" content=\"image\/png\" \/>\n<meta name=\"twitter:card\" content=\"summary_large_image\" \/>\n<meta name=\"twitter:label1\" content=\"Dur\u00e9e de lecture estim\u00e9e\" \/>\n\t<meta name=\"twitter:data1\" content=\"2 minutes\" \/>\n<script type=\"application\/ld+json\" class=\"yoast-schema-graph\">{\"@context\":\"https:\/\/schema.org\",\"@graph\":[{\"@type\":\"WebPage\",\"@id\":\"https:\/\/dammedical.nl\/fr\/tournevis-sans-fil\/\",\"url\":\"https:\/\/dammedical.nl\/fr\/tournevis-sans-fil\/\",\"name\":\"Tournevis sans fil - Dam Medical\",\"isPartOf\":{\"@id\":\"https:\/\/dammedical.nl\/fr\/#website\"},\"primaryImageOfPage\":{\"@id\":\"https:\/\/dammedical.nl\/fr\/tournevis-sans-fil\/#primaryimage\"},\"image\":{\"@id\":\"https:\/\/dammedical.nl\/fr\/tournevis-sans-fil\/#primaryimage\"},\"thumbnailUrl\":\"https:\/\/dammedical.nl\/wp-content\/uploads\/2022\/05\/isd900.png\",\"datePublished\":\"2025-06-11T14:05:32+00:00\",\"dateModified\":\"2025-10-02T13:12:13+00:00\",\"description\":\"Le tournevis sans fil NSK iSD900 pour une pr\u00e9cision optimale et un serrage sans risque des implants.\",\"breadcrumb\":{\"@id\":\"https:\/\/dammedical.nl\/fr\/tournevis-sans-fil\/#breadcrumb\"},\"inLanguage\":\"fr-FR\",\"potentialAction\":[{\"@type\":\"ReadAction\",\"target\":[\"https:\/\/dammedical.nl\/fr\/tournevis-sans-fil\/\"]}]},{\"@type\":\"ImageObject\",\"inLanguage\":\"fr-FR\",\"@id\":\"https:\/\/dammedical.nl\/fr\/tournevis-sans-fil\/#primaryimage\",\"url\":\"https:\/\/dammedical.nl\/wp-content\/uploads\/2022\/05\/isd900.png\",\"contentUrl\":\"https:\/\/dammedical.nl\/wp-content\/uploads\/2022\/05\/isd900.png\",\"width\":690,\"height\":270},{\"@type\":\"BreadcrumbList\",\"@id\":\"https:\/\/dammedical.nl\/fr\/tournevis-sans-fil\/#breadcrumb\",\"itemListElement\":[{\"@type\":\"ListItem\",\"position\":1,\"name\":\"Home\",\"item\":\"https:\/\/dammedical.nl\/fr\/accueil\/\"},{\"@type\":\"ListItem\",\"position\":2,\"name\":\"Tournevis sans fil\"}]},{\"@type\":\"WebSite\",\"@id\":\"https:\/\/dammedical.nl\/fr\/#website\",\"url\":\"https:\/\/dammedical.nl\/fr\/\",\"name\":\"Dam Medical\",\"description\":\"Innovatief in chirurgie\",\"publisher\":{\"@id\":\"https:\/\/dammedical.nl\/fr\/#organization\"},\"potentialAction\":[{\"@type\":\"SearchAction\",\"target\":{\"@type\":\"EntryPoint\",\"urlTemplate\":\"https:\/\/dammedical.nl\/fr\/?s={search_term_string}\"},\"query-input\":{\"@type\":\"PropertyValueSpecification\",\"valueRequired\":true,\"valueName\":\"search_term_string\"}}],\"inLanguage\":\"fr-FR\"},{\"@type\":\"Organization\",\"@id\":\"https:\/\/dammedical.nl\/fr\/#organization\",\"name\":\"Dam Medical\",\"url\":\"https:\/\/dammedical.nl\/fr\/\",\"logo\":{\"@type\":\"ImageObject\",\"inLanguage\":\"fr-FR\",\"@id\":\"https:\/\/dammedical.nl\/fr\/#\/schema\/logo\/image\/\",\"url\":\"https:\/\/dammedical.nl\/wp-content\/uploads\/2025\/05\/logo_DamMedical-rgb-pos-e1749559852320.png\",\"contentUrl\":\"https:\/\/dammedical.nl\/wp-content\/uploads\/2025\/05\/logo_DamMedical-rgb-pos-e1749559852320.png\",\"width\":1977,\"height\":500,\"caption\":\"Dam Medical\"},\"image\":{\"@id\":\"https:\/\/dammedical.nl\/fr\/#\/schema\/logo\/image\/\"}}]}<\/script>\n<!-- \/ Yoast SEO plugin. -->","yoast_head_json":{"title":"Tournevis sans fil - Dam Medical","description":"Le tournevis sans fil NSK iSD900 pour une pr\u00e9cision optimale et un serrage sans risque des implants.","robots":{"index":"index","follow":"follow","max-snippet":"max-snippet:-1","max-image-preview":"max-image-preview:large","max-video-preview":"max-video-preview:-1"},"canonical":"https:\/\/dammedical.nl\/fr\/tournevis-sans-fil\/","og_locale":"fr_FR","og_type":"article","og_title":"Tournevis sans fil - Dam Medical","og_description":"Le tournevis sans fil NSK iSD900 pour une pr\u00e9cision optimale et un serrage sans risque des implants.","og_url":"https:\/\/dammedical.nl\/fr\/tournevis-sans-fil\/","og_site_name":"Dam Medical","article_modified_time":"2025-10-02T13:12:13+00:00","og_image":[{"width":690,"height":270,"url":"https:\/\/dammedical.nl\/wp-content\/uploads\/2022\/05\/isd900.png","type":"image\/png"}],"twitter_card":"summary_large_image","twitter_misc":{"Dur\u00e9e de lecture estim\u00e9e":"2 minutes"},"schema":{"@context":"https:\/\/schema.org","@graph":[{"@type":"WebPage","@id":"https:\/\/dammedical.nl\/fr\/tournevis-sans-fil\/","url":"https:\/\/dammedical.nl\/fr\/tournevis-sans-fil\/","name":"Tournevis sans fil - Dam Medical","isPartOf":{"@id":"https:\/\/dammedical.nl\/fr\/#website"},"primaryImageOfPage":{"@id":"https:\/\/dammedical.nl\/fr\/tournevis-sans-fil\/#primaryimage"},"image":{"@id":"https:\/\/dammedical.nl\/fr\/tournevis-sans-fil\/#primaryimage"},"thumbnailUrl":"https:\/\/dammedical.nl\/wp-content\/uploads\/2022\/05\/isd900.png","datePublished":"2025-06-11T14:05:32+00:00","dateModified":"2025-10-02T13:12:13+00:00","description":"Le tournevis sans fil NSK iSD900 pour une pr\u00e9cision optimale et un serrage sans risque des implants.","breadcrumb":{"@id":"https:\/\/dammedical.nl\/fr\/tournevis-sans-fil\/#breadcrumb"},"inLanguage":"fr-FR","potentialAction":[{"@type":"ReadAction","target":["https:\/\/dammedical.nl\/fr\/tournevis-sans-fil\/"]}]},{"@type":"ImageObject","inLanguage":"fr-FR","@id":"https:\/\/dammedical.nl\/fr\/tournevis-sans-fil\/#primaryimage","url":"https:\/\/dammedical.nl\/wp-content\/uploads\/2022\/05\/isd900.png","contentUrl":"https:\/\/dammedical.nl\/wp-content\/uploads\/2022\/05\/isd900.png","width":690,"height":270},{"@type":"BreadcrumbList","@id":"https:\/\/dammedical.nl\/fr\/tournevis-sans-fil\/#breadcrumb","itemListElement":[{"@type":"ListItem","position":1,"name":"Home","item":"https:\/\/dammedical.nl\/fr\/accueil\/"},{"@type":"ListItem","position":2,"name":"Tournevis sans fil"}]},{"@type":"WebSite","@id":"https:\/\/dammedical.nl\/fr\/#website","url":"https:\/\/dammedical.nl\/fr\/","name":"Dam Medical","description":"Innovatief in chirurgie","publisher":{"@id":"https:\/\/dammedical.nl\/fr\/#organization"},"potentialAction":[{"@type":"SearchAction","target":{"@type":"EntryPoint","urlTemplate":"https:\/\/dammedical.nl\/fr\/?s={search_term_string}"},"query-input":{"@type":"PropertyValueSpecification","valueRequired":true,"valueName":"search_term_string"}}],"inLanguage":"fr-FR"},{"@type":"Organization","@id":"https:\/\/dammedical.nl\/fr\/#organization","name":"Dam Medical","url":"https:\/\/dammedical.nl\/fr\/","logo":{"@type":"ImageObject","inLanguage":"fr-FR","@id":"https:\/\/dammedical.nl\/fr\/#\/schema\/logo\/image\/","url":"https:\/\/dammedical.nl\/wp-content\/uploads\/2025\/05\/logo_DamMedical-rgb-pos-e1749559852320.png","contentUrl":"https:\/\/dammedical.nl\/wp-content\/uploads\/2025\/05\/logo_DamMedical-rgb-pos-e1749559852320.png","width":1977,"height":500,"caption":"Dam Medical"},"image":{"@id":"https:\/\/dammedical.nl\/fr\/#\/schema\/logo\/image\/"}}]}},"_links":{"self":[{"href":"https:\/\/dammedical.nl\/fr\/wp-json\/wp\/v2\/pages\/4207","targetHints":{"allow":["GET"]}}],"collection":[{"href":"https:\/\/dammedical.nl\/fr\/wp-json\/wp\/v2\/pages"}],"about":[{"href":"https:\/\/dammedical.nl\/fr\/wp-json\/wp\/v2\/types\/page"}],"author":[{"embeddable":true,"href":"https:\/\/dammedical.nl\/fr\/wp-json\/wp\/v2\/users\/3"}],"replies":[{"embeddable":true,"href":"https:\/\/dammedical.nl\/fr\/wp-json\/wp\/v2\/comments?post=4207"}],"version-history":[{"count":1,"href":"https:\/\/dammedical.nl\/fr\/wp-json\/wp\/v2\/pages\/4207\/revisions"}],"predecessor-version":[{"id":4209,"href":"https:\/\/dammedical.nl\/fr\/wp-json\/wp\/v2\/pages\/4207\/revisions\/4209"}],"wp:featuredmedia":[{"embeddable":true,"href":"https:\/\/dammedical.nl\/fr\/wp-json\/wp\/v2\/media\/4026"}],"wp:attachment":[{"href":"https:\/\/dammedical.nl\/fr\/wp-json\/wp\/v2\/media?parent=4207"}],"curies":[{"name":"wp","href":"https:\/\/api.w.org\/{rel}","templated":true}]}}