{"id":4211,"date":"2025-06-11T14:06:08","date_gmt":"2025-06-11T14:06:08","guid":{"rendered":"https:\/\/dammedical.nl\/unite-de-forage-a-grande-vitesse\/"},"modified":"2025-10-02T13:12:13","modified_gmt":"2025-10-02T13:12:13","slug":"unite-de-forage-a-grande-vitesse","status":"publish","type":"page","link":"https:\/\/dammedical.nl\/fr\/unite-de-forage-a-grande-vitesse\/","title":{"rendered":"Unit\u00e9 de forage \u00e0 grande vitesse"},"content":{"rendered":"\t\t<div data-elementor-type=\"wp-page\" data-elementor-id=\"4211\" class=\"elementor elementor-4211 elementor-941\" data-elementor-post-type=\"page\">\n\t\t\t\t<div class=\"elementor-element elementor-element-37491313 e-flex e-con-boxed e-con e-child\" data-id=\"37491313\" data-element_type=\"container\" data-settings=\"{&quot;background_background&quot;:&quot;gradient&quot;}\">\n\t\t\t\t\t<div class=\"e-con-inner\">\n\t\t<div class=\"elementor-element elementor-element-14146b69 e-flex e-con-boxed e-con e-child\" data-id=\"14146b69\" data-element_type=\"container\">\n\t\t\t\t\t<div class=\"e-con-inner\">\n\t\t\t\t<div class=\"elementor-element elementor-element-66ea91c6 elementor-widget elementor-widget-heading\" data-id=\"66ea91c6\" data-element_type=\"widget\" data-widget_type=\"heading.default\">\n\t\t\t\t<div class=\"elementor-widget-container\">\n\t\t\t\t\t<h1 class=\"elementor-heading-title elementor-size-default\">Unit\u00e9 de forage \u00e0 grande vitesse<\/h1>\t\t\t\t<\/div>\n\t\t\t\t<\/div>\n\t\t\t\t\t<\/div>\n\t\t\t\t<\/div>\n\t\t\t\t\t<\/div>\n\t\t\t\t<\/div>\n\t\t<div class=\"elementor-element elementor-element-28cd70e1 e-flex e-con-boxed e-con e-parent\" data-id=\"28cd70e1\" data-element_type=\"container\" data-settings=\"{&quot;background_background&quot;:&quot;classic&quot;}\">\n\t\t\t\t\t<div class=\"e-con-inner\">\n\t\t<div class=\"elementor-element elementor-element-53207529 e-con-full e-flex e-con e-child\" data-id=\"53207529\" data-element_type=\"container\">\n\t\t\t\t<div class=\"elementor-element elementor-element-69f8e0d8 elementor-widget elementor-widget-heading\" data-id=\"69f8e0d8\" data-element_type=\"widget\" data-widget_type=\"heading.default\">\n\t\t\t\t<div class=\"elementor-widget-container\">\n\t\t\t\t\t<h6 class=\"elementor-heading-title elementor-size-default\">NSK Primado2<\/h6>\t\t\t\t<\/div>\n\t\t\t\t<\/div>\n\t\t\t\t<div class=\"elementor-element elementor-element-4753dc40 elementor-widget elementor-widget-heading\" data-id=\"4753dc40\" data-element_type=\"widget\" data-widget_type=\"heading.default\">\n\t\t\t\t<div class=\"elementor-widget-container\">\n\t\t\t\t\t<h3 class=\"elementor-heading-title elementor-size-default\">Unit\u00e9 de contr\u00f4le<\/h3>\t\t\t\t<\/div>\n\t\t\t\t<\/div>\n\t\t\t\t<div class=\"elementor-element elementor-element-368cc5ea elementor-widget elementor-widget-heading\" data-id=\"368cc5ea\" data-element_type=\"widget\" data-widget_type=\"heading.default\">\n\t\t\t\t<div class=\"elementor-widget-container\">\n\t\t\t\t\t<div class=\"elementor-heading-title elementor-size-default\">Compact, polyvalent et pr\u00e9cis. Le moteur id\u00e9al pour les salles d'op\u00e9ration. <\/div>\t\t\t\t<\/div>\n\t\t\t\t<\/div>\n\t\t\t\t<div class=\"elementor-element elementor-element-1fe454b8 elementor-widget elementor-widget-text-editor\" data-id=\"1fe454b8\" data-element_type=\"widget\" data-widget_type=\"text-editor.default\">\n\t\t\t\t<div class=\"elementor-widget-container\">\n\t\t\t\t\t\t\t\t\t<p>Le NSK Primado2 est un appareil de per\u00e7age et de sciage multifonctionnel qui peut \u00eatre utilis\u00e9 dans diff\u00e9rentes disciplines. Id\u00e9al pour la neurochirurgie, la MKA, l&rsquo;ORL, l&rsquo;orthop\u00e9die et la chirurgie de la main. <\/p><p>Le design est moderne. L&rsquo;\u00e9cran d&rsquo;accueil permet de r\u00e9gler la vitesse et l&rsquo;irrigation. Le Primado2 peut \u00eatre fourni avec deux p\u00e9dales diff\u00e9rentes.  <\/p><p>Enfin, une tr\u00e8s large gamme de pi\u00e8ces \u00e0 main, de scies et de perceuses est disponible.<\/p><p>Vous cherchez une alternative au syst\u00e8me BBraun Elan, J&amp;J Anspach Emax, Stryker CORE ou Medtronic Midas ?<\/p><p>Plus d&rsquo;informations ou une d\u00e9monstration ? Contactez notre conseiller. <\/p>\t\t\t\t\t\t\t\t<\/div>\n\t\t\t\t<\/div>\n\t\t\t\t<div class=\"elementor-element elementor-element-616342ac elementor-mobile-align-justify elementor-widget elementor-widget-button\" data-id=\"616342ac\" data-element_type=\"widget\" data-widget_type=\"button.default\">\n\t\t\t\t<div class=\"elementor-widget-container\">\n\t\t\t\t\t\t\t\t\t<div class=\"elementor-button-wrapper\">\n\t\t\t\t\t<a class=\"elementor-button elementor-button-link elementor-size-md\" href=\"https:\/\/dammedical.nl\/wp-content\/uploads\/2025\/09\/DAM-2025-Primado2_0100ENv4_INT_20240412a_low_single.pdf\" target=\"_blank\">\n\t\t\t\t\t\t<span class=\"elementor-button-content-wrapper\">\n\t\t\t\t\t\t<span class=\"elementor-button-icon\">\n\t\t\t\t<svg aria-hidden=\"true\" class=\"e-font-icon-svg e-far-file-alt\" viewBox=\"0 0 384 512\" xmlns=\"http:\/\/www.w3.org\/2000\/svg\"><path d=\"M288 248v28c0 6.6-5.4 12-12 12H108c-6.6 0-12-5.4-12-12v-28c0-6.6 5.4-12 12-12h168c6.6 0 12 5.4 12 12zm-12 72H108c-6.6 0-12 5.4-12 12v28c0 6.6 5.4 12 12 12h168c6.6 0 12-5.4 12-12v-28c0-6.6-5.4-12-12-12zm108-188.1V464c0 26.5-21.5 48-48 48H48c-26.5 0-48-21.5-48-48V48C0 21.5 21.5 0 48 0h204.1C264.8 0 277 5.1 286 14.1L369.9 98c9 8.9 14.1 21.2 14.1 33.9zm-128-80V128h76.1L256 51.9zM336 464V176H232c-13.3 0-24-10.7-24-24V48H48v416h288z\"><\/path><\/svg>\t\t\t<\/span>\n\t\t\t\t\t\t\t\t\t<span class=\"elementor-button-text\">Consultez le catalogue NSK Primado2<\/span>\n\t\t\t\t\t<\/span>\n\t\t\t\t\t<\/a>\n\t\t\t\t<\/div>\n\t\t\t\t\t\t\t\t<\/div>\n\t\t\t\t<\/div>\n\t\t\t\t<\/div>\n\t\t<div class=\"elementor-element elementor-element-6a614ad7 e-con-full e-flex e-con e-child\" data-id=\"6a614ad7\" data-element_type=\"container\">\n\t\t\t\t<div class=\"elementor-element elementor-element-5ce886eb elementor-arrows-position-inside elementor-widget elementor-widget-image-carousel\" data-id=\"5ce886eb\" data-element_type=\"widget\" data-settings=\"{&quot;slides_to_show&quot;:&quot;1&quot;,&quot;navigation&quot;:&quot;arrows&quot;,&quot;autoplay&quot;:&quot;yes&quot;,&quot;pause_on_hover&quot;:&quot;yes&quot;,&quot;pause_on_interaction&quot;:&quot;yes&quot;,&quot;autoplay_speed&quot;:5000,&quot;infinite&quot;:&quot;yes&quot;,&quot;effect&quot;:&quot;slide&quot;,&quot;speed&quot;:500}\" data-widget_type=\"image-carousel.default\">\n\t\t\t\t<div class=\"elementor-widget-container\">\n\t\t\t\t\t\t\t<div class=\"elementor-image-carousel-wrapper swiper\" role=\"region\" aria-roledescription=\"carousel\" aria-label=\"Afbeelding carrousel\" dir=\"ltr\">\n\t\t\t<div class=\"elementor-image-carousel swiper-wrapper\" aria-live=\"off\">\n\t\t\t\t\t\t\t\t<div class=\"swiper-slide\" role=\"group\" aria-roledescription=\"slide\" aria-label=\"1 sur 6\"><figure class=\"swiper-slide-inner\"><img decoding=\"async\" class=\"swiper-slide-image\" src=\"https:\/\/dammedical.nl\/wp-content\/uploads\/2023\/07\/Primado2.png\" alt=\"Primado2\" \/><\/figure><\/div><div class=\"swiper-slide\" role=\"group\" aria-roledescription=\"slide\" aria-label=\"2 sur 6\"><figure class=\"swiper-slide-inner\"><img decoding=\"async\" class=\"swiper-slide-image\" src=\"https:\/\/dammedical.nl\/wp-content\/uploads\/2023\/07\/primado-burrs.png\" alt=\"primado-burrs\" \/><\/figure><\/div><div class=\"swiper-slide\" role=\"group\" aria-roledescription=\"slide\" aria-label=\"3 sur 6\"><figure class=\"swiper-slide-inner\"><img decoding=\"async\" class=\"swiper-slide-image\" src=\"https:\/\/dammedical.nl\/wp-content\/uploads\/2023\/07\/primado-wire-pin-driver.png\" alt=\"primado-wire-pin-driver\" \/><\/figure><\/div><div class=\"swiper-slide\" role=\"group\" aria-roledescription=\"slide\" aria-label=\"4 sur 6\"><figure class=\"swiper-slide-inner\"><img decoding=\"async\" class=\"swiper-slide-image\" src=\"https:\/\/dammedical.nl\/wp-content\/uploads\/2023\/07\/primado2-micro-bone-saw-motor.png\" alt=\"primado2-micro-moteur-scie-\u00e0-l&#039;os\" \/><\/figure><\/div><div class=\"swiper-slide\" role=\"group\" aria-roledescription=\"slide\" aria-label=\"5 sur 6\"><figure class=\"swiper-slide-inner\"><img decoding=\"async\" class=\"swiper-slide-image\" src=\"https:\/\/dammedical.nl\/wp-content\/uploads\/2023\/07\/primado2-attachments.png\" alt=\"primado2-attachments\" \/><\/figure><\/div><div class=\"swiper-slide\" role=\"group\" aria-roledescription=\"slide\" aria-label=\"6 sur 6\"><figure class=\"swiper-slide-inner\"><img decoding=\"async\" class=\"swiper-slide-image\" src=\"https:\/\/dammedical.nl\/wp-content\/uploads\/2023\/07\/primado-cleaning-tool.png\" alt=\"primado-cleaning-tool\" \/><\/figure><\/div>\t\t\t<\/div>\n\t\t\t\t\t\t\t\t\t\t\t\t<div class=\"elementor-swiper-button elementor-swiper-button-prev\" role=\"button\" tabindex=\"0\">\n\t\t\t\t\t\t<svg aria-hidden=\"true\" class=\"e-font-icon-svg e-eicon-chevron-left\" viewBox=\"0 0 1000 1000\" xmlns=\"http:\/\/www.w3.org\/2000\/svg\"><path d=\"M646 125C629 125 613 133 604 142L308 442C296 454 292 471 292 487 292 504 296 521 308 533L604 854C617 867 629 875 646 875 663 875 679 871 692 858 704 846 713 829 713 812 713 796 708 779 692 767L438 487 692 225C700 217 708 204 708 187 708 171 704 154 692 142 675 129 663 125 646 125Z\"><\/path><\/svg>\t\t\t\t\t<\/div>\n\t\t\t\t\t<div class=\"elementor-swiper-button elementor-swiper-button-next\" role=\"button\" tabindex=\"0\">\n\t\t\t\t\t\t<svg aria-hidden=\"true\" class=\"e-font-icon-svg e-eicon-chevron-right\" viewBox=\"0 0 1000 1000\" xmlns=\"http:\/\/www.w3.org\/2000\/svg\"><path d=\"M696 533C708 521 713 504 713 487 713 471 708 454 696 446L400 146C388 133 375 125 354 125 338 125 325 129 313 142 300 154 292 171 292 187 292 204 296 221 308 233L563 492 304 771C292 783 288 800 288 817 288 833 296 850 308 863 321 871 338 875 354 875 371 875 388 867 400 854L696 533Z\"><\/path><\/svg>\t\t\t\t\t<\/div>\n\t\t\t\t\n\t\t\t\t\t\t\t\t\t<\/div>\n\t\t\t\t\t\t<\/div>\n\t\t\t\t<\/div>\n\t\t\t\t<\/div>\n\t\t\t\t\t<\/div>\n\t\t\t\t<\/div>\n\t\t<div class=\"elementor-element elementor-element-19b4450 e-flex e-con-boxed e-con e-parent\" data-id=\"19b4450\" data-element_type=\"container\" data-settings=\"{&quot;background_background&quot;:&quot;classic&quot;}\">\n\t\t\t\t\t<div class=\"e-con-inner\">\n\t\t<div class=\"elementor-element elementor-element-c5e2baf e-flex e-con-boxed elementor-invisible e-con e-child\" data-id=\"c5e2baf\" data-element_type=\"container\" data-settings=\"{&quot;background_background&quot;:&quot;classic&quot;,&quot;animation&quot;:&quot;fadeInDown&quot;}\">\n\t\t\t\t\t<div class=\"e-con-inner\">\n\t\t\t\t<div class=\"elementor-element elementor-element-fe24a08 elementor-widget elementor-widget-video\" data-id=\"fe24a08\" data-element_type=\"widget\" data-settings=\"{&quot;video_type&quot;:&quot;vimeo&quot;}\" data-widget_type=\"video.default\">\n\t\t\t\t<div class=\"elementor-widget-container\">\n\t\t\t\t\t\t\t<div class=\"elementor-wrapper elementor-open-inline\">\n\t\t\t<iframe class=\"elementor-video-iframe\" allowfullscreen allow=\"clipboard-write\" title=\"Lecteur vid\u00e9o vimeo\" src=\"https:\/\/player.vimeo.com\/video\/679604083?color&amp;autopause=0&amp;loop=0&amp;muted=0&amp;title=1&amp;portrait=1&amp;byline=1#t=\"><\/iframe>\t\t<\/div>\n\t\t\t\t\t\t<\/div>\n\t\t\t\t<\/div>\n\t\t\t\t\t<\/div>\n\t\t\t\t<\/div>\n\t\t\t\t\t<\/div>\n\t\t\t\t<\/div>\n\t\t\t\t<\/div>\n\t\t","protected":false},"excerpt":{"rendered":"<p>NSK Primado2 Unit\u00e9 de contr\u00f4le Compact, polyvalent et pr\u00e9cis. Le moteur id\u00e9al pour les salles d&rsquo;op\u00e9ration. Le NSK Primado2 est un appareil de per\u00e7age et de sciage multifonctionnel qui peut \u00eatre utilis\u00e9 dans diff\u00e9rentes disciplines. Id\u00e9al pour la neurochirurgie, la MKA, l&rsquo;ORL, l&rsquo;orthop\u00e9die et la chirurgie de la main. Le design est moderne. L&rsquo;\u00e9cran d&rsquo;accueil [&hellip;]<\/p>\n","protected":false},"author":3,"featured_media":4027,"parent":0,"menu_order":0,"comment_status":"closed","ping_status":"closed","template":"elementor_header_footer","meta":{"footnotes":""},"class_list":["post-4211","page","type-page","status-publish","has-post-thumbnail","hentry"],"yoast_head":"<!-- This site is optimized with the Yoast SEO plugin v26.3 - https:\/\/yoast.com\/wordpress\/plugins\/seo\/ -->\n<title>Unit\u00e9 de forage \u00e0 grande vitesse - Dam Medical<\/title>\n<meta name=\"description\" content=\"Unit\u00e9 de commande NSK Primado2 - compacte, polyvalente et pr\u00e9cise. Le moteur ultime pour la salle d&#039;op\u00e9ration. Exclusivement disponible via Dam Medical BV.\" \/>\n<meta name=\"robots\" content=\"index, follow, max-snippet:-1, max-image-preview:large, max-video-preview:-1\" \/>\n<link rel=\"canonical\" href=\"https:\/\/dammedical.nl\/fr\/unite-de-forage-a-grande-vitesse\/\" \/>\n<meta property=\"og:locale\" content=\"fr_FR\" \/>\n<meta property=\"og:type\" content=\"article\" \/>\n<meta property=\"og:title\" content=\"Unit\u00e9 de forage \u00e0 grande vitesse - Dam Medical\" \/>\n<meta property=\"og:description\" content=\"Unit\u00e9 de commande NSK Primado2 - compacte, polyvalente et pr\u00e9cise. Le moteur ultime pour la salle d&#039;op\u00e9ration. Exclusivement disponible via Dam Medical BV.\" \/>\n<meta property=\"og:url\" content=\"https:\/\/dammedical.nl\/fr\/unite-de-forage-a-grande-vitesse\/\" \/>\n<meta property=\"og:site_name\" content=\"Dam Medical\" \/>\n<meta property=\"article:modified_time\" content=\"2025-10-02T13:12:13+00:00\" \/>\n<meta property=\"og:image\" content=\"https:\/\/dammedical.nl\/wp-content\/uploads\/2023\/07\/Primado2.png\" \/>\n\t<meta property=\"og:image:width\" content=\"500\" \/>\n\t<meta property=\"og:image:height\" content=\"500\" \/>\n\t<meta property=\"og:image:type\" content=\"image\/png\" \/>\n<meta name=\"twitter:card\" content=\"summary_large_image\" \/>\n<meta name=\"twitter:label1\" content=\"Dur\u00e9e de lecture estim\u00e9e\" \/>\n\t<meta name=\"twitter:data1\" content=\"1 minute\" \/>\n<script type=\"application\/ld+json\" class=\"yoast-schema-graph\">{\"@context\":\"https:\/\/schema.org\",\"@graph\":[{\"@type\":\"WebPage\",\"@id\":\"https:\/\/dammedical.nl\/fr\/unite-de-forage-a-grande-vitesse\/\",\"url\":\"https:\/\/dammedical.nl\/fr\/unite-de-forage-a-grande-vitesse\/\",\"name\":\"Unit\u00e9 de forage \u00e0 grande vitesse - Dam Medical\",\"isPartOf\":{\"@id\":\"https:\/\/dammedical.nl\/fr\/#website\"},\"primaryImageOfPage\":{\"@id\":\"https:\/\/dammedical.nl\/fr\/unite-de-forage-a-grande-vitesse\/#primaryimage\"},\"image\":{\"@id\":\"https:\/\/dammedical.nl\/fr\/unite-de-forage-a-grande-vitesse\/#primaryimage\"},\"thumbnailUrl\":\"https:\/\/dammedical.nl\/wp-content\/uploads\/2023\/07\/Primado2.png\",\"datePublished\":\"2025-06-11T14:06:08+00:00\",\"dateModified\":\"2025-10-02T13:12:13+00:00\",\"description\":\"Unit\u00e9 de commande NSK Primado2 - compacte, polyvalente et pr\u00e9cise. Le moteur ultime pour la salle d'op\u00e9ration. Exclusivement disponible via Dam Medical BV.\",\"breadcrumb\":{\"@id\":\"https:\/\/dammedical.nl\/fr\/unite-de-forage-a-grande-vitesse\/#breadcrumb\"},\"inLanguage\":\"fr-FR\",\"potentialAction\":[{\"@type\":\"ReadAction\",\"target\":[\"https:\/\/dammedical.nl\/fr\/unite-de-forage-a-grande-vitesse\/\"]}]},{\"@type\":\"ImageObject\",\"inLanguage\":\"fr-FR\",\"@id\":\"https:\/\/dammedical.nl\/fr\/unite-de-forage-a-grande-vitesse\/#primaryimage\",\"url\":\"https:\/\/dammedical.nl\/wp-content\/uploads\/2023\/07\/Primado2.png\",\"contentUrl\":\"https:\/\/dammedical.nl\/wp-content\/uploads\/2023\/07\/Primado2.png\",\"width\":500,\"height\":500},{\"@type\":\"BreadcrumbList\",\"@id\":\"https:\/\/dammedical.nl\/fr\/unite-de-forage-a-grande-vitesse\/#breadcrumb\",\"itemListElement\":[{\"@type\":\"ListItem\",\"position\":1,\"name\":\"Home\",\"item\":\"https:\/\/dammedical.nl\/fr\/accueil\/\"},{\"@type\":\"ListItem\",\"position\":2,\"name\":\"Unit\u00e9 de forage \u00e0 grande vitesse\"}]},{\"@type\":\"WebSite\",\"@id\":\"https:\/\/dammedical.nl\/fr\/#website\",\"url\":\"https:\/\/dammedical.nl\/fr\/\",\"name\":\"Dam Medical\",\"description\":\"Innovatief in chirurgie\",\"publisher\":{\"@id\":\"https:\/\/dammedical.nl\/fr\/#organization\"},\"potentialAction\":[{\"@type\":\"SearchAction\",\"target\":{\"@type\":\"EntryPoint\",\"urlTemplate\":\"https:\/\/dammedical.nl\/fr\/?s={search_term_string}\"},\"query-input\":{\"@type\":\"PropertyValueSpecification\",\"valueRequired\":true,\"valueName\":\"search_term_string\"}}],\"inLanguage\":\"fr-FR\"},{\"@type\":\"Organization\",\"@id\":\"https:\/\/dammedical.nl\/fr\/#organization\",\"name\":\"Dam Medical\",\"url\":\"https:\/\/dammedical.nl\/fr\/\",\"logo\":{\"@type\":\"ImageObject\",\"inLanguage\":\"fr-FR\",\"@id\":\"https:\/\/dammedical.nl\/fr\/#\/schema\/logo\/image\/\",\"url\":\"https:\/\/dammedical.nl\/wp-content\/uploads\/2025\/05\/logo_DamMedical-rgb-pos-e1749559852320.png\",\"contentUrl\":\"https:\/\/dammedical.nl\/wp-content\/uploads\/2025\/05\/logo_DamMedical-rgb-pos-e1749559852320.png\",\"width\":1977,\"height\":500,\"caption\":\"Dam Medical\"},\"image\":{\"@id\":\"https:\/\/dammedical.nl\/fr\/#\/schema\/logo\/image\/\"}}]}<\/script>\n<!-- \/ Yoast SEO plugin. -->","yoast_head_json":{"title":"Unit\u00e9 de forage \u00e0 grande vitesse - Dam Medical","description":"Unit\u00e9 de commande NSK Primado2 - compacte, polyvalente et pr\u00e9cise. Le moteur ultime pour la salle d'op\u00e9ration. Exclusivement disponible via Dam Medical BV.","robots":{"index":"index","follow":"follow","max-snippet":"max-snippet:-1","max-image-preview":"max-image-preview:large","max-video-preview":"max-video-preview:-1"},"canonical":"https:\/\/dammedical.nl\/fr\/unite-de-forage-a-grande-vitesse\/","og_locale":"fr_FR","og_type":"article","og_title":"Unit\u00e9 de forage \u00e0 grande vitesse - Dam Medical","og_description":"Unit\u00e9 de commande NSK Primado2 - compacte, polyvalente et pr\u00e9cise. Le moteur ultime pour la salle d'op\u00e9ration. Exclusivement disponible via Dam Medical BV.","og_url":"https:\/\/dammedical.nl\/fr\/unite-de-forage-a-grande-vitesse\/","og_site_name":"Dam Medical","article_modified_time":"2025-10-02T13:12:13+00:00","og_image":[{"width":500,"height":500,"url":"https:\/\/dammedical.nl\/wp-content\/uploads\/2023\/07\/Primado2.png","type":"image\/png"}],"twitter_card":"summary_large_image","twitter_misc":{"Dur\u00e9e de lecture estim\u00e9e":"1 minute"},"schema":{"@context":"https:\/\/schema.org","@graph":[{"@type":"WebPage","@id":"https:\/\/dammedical.nl\/fr\/unite-de-forage-a-grande-vitesse\/","url":"https:\/\/dammedical.nl\/fr\/unite-de-forage-a-grande-vitesse\/","name":"Unit\u00e9 de forage \u00e0 grande vitesse - Dam Medical","isPartOf":{"@id":"https:\/\/dammedical.nl\/fr\/#website"},"primaryImageOfPage":{"@id":"https:\/\/dammedical.nl\/fr\/unite-de-forage-a-grande-vitesse\/#primaryimage"},"image":{"@id":"https:\/\/dammedical.nl\/fr\/unite-de-forage-a-grande-vitesse\/#primaryimage"},"thumbnailUrl":"https:\/\/dammedical.nl\/wp-content\/uploads\/2023\/07\/Primado2.png","datePublished":"2025-06-11T14:06:08+00:00","dateModified":"2025-10-02T13:12:13+00:00","description":"Unit\u00e9 de commande NSK Primado2 - compacte, polyvalente et pr\u00e9cise. Le moteur ultime pour la salle d'op\u00e9ration. Exclusivement disponible via Dam Medical BV.","breadcrumb":{"@id":"https:\/\/dammedical.nl\/fr\/unite-de-forage-a-grande-vitesse\/#breadcrumb"},"inLanguage":"fr-FR","potentialAction":[{"@type":"ReadAction","target":["https:\/\/dammedical.nl\/fr\/unite-de-forage-a-grande-vitesse\/"]}]},{"@type":"ImageObject","inLanguage":"fr-FR","@id":"https:\/\/dammedical.nl\/fr\/unite-de-forage-a-grande-vitesse\/#primaryimage","url":"https:\/\/dammedical.nl\/wp-content\/uploads\/2023\/07\/Primado2.png","contentUrl":"https:\/\/dammedical.nl\/wp-content\/uploads\/2023\/07\/Primado2.png","width":500,"height":500},{"@type":"BreadcrumbList","@id":"https:\/\/dammedical.nl\/fr\/unite-de-forage-a-grande-vitesse\/#breadcrumb","itemListElement":[{"@type":"ListItem","position":1,"name":"Home","item":"https:\/\/dammedical.nl\/fr\/accueil\/"},{"@type":"ListItem","position":2,"name":"Unit\u00e9 de forage \u00e0 grande vitesse"}]},{"@type":"WebSite","@id":"https:\/\/dammedical.nl\/fr\/#website","url":"https:\/\/dammedical.nl\/fr\/","name":"Dam Medical","description":"Innovatief in chirurgie","publisher":{"@id":"https:\/\/dammedical.nl\/fr\/#organization"},"potentialAction":[{"@type":"SearchAction","target":{"@type":"EntryPoint","urlTemplate":"https:\/\/dammedical.nl\/fr\/?s={search_term_string}"},"query-input":{"@type":"PropertyValueSpecification","valueRequired":true,"valueName":"search_term_string"}}],"inLanguage":"fr-FR"},{"@type":"Organization","@id":"https:\/\/dammedical.nl\/fr\/#organization","name":"Dam Medical","url":"https:\/\/dammedical.nl\/fr\/","logo":{"@type":"ImageObject","inLanguage":"fr-FR","@id":"https:\/\/dammedical.nl\/fr\/#\/schema\/logo\/image\/","url":"https:\/\/dammedical.nl\/wp-content\/uploads\/2025\/05\/logo_DamMedical-rgb-pos-e1749559852320.png","contentUrl":"https:\/\/dammedical.nl\/wp-content\/uploads\/2025\/05\/logo_DamMedical-rgb-pos-e1749559852320.png","width":1977,"height":500,"caption":"Dam Medical"},"image":{"@id":"https:\/\/dammedical.nl\/fr\/#\/schema\/logo\/image\/"}}]}},"_links":{"self":[{"href":"https:\/\/dammedical.nl\/fr\/wp-json\/wp\/v2\/pages\/4211","targetHints":{"allow":["GET"]}}],"collection":[{"href":"https:\/\/dammedical.nl\/fr\/wp-json\/wp\/v2\/pages"}],"about":[{"href":"https:\/\/dammedical.nl\/fr\/wp-json\/wp\/v2\/types\/page"}],"author":[{"embeddable":true,"href":"https:\/\/dammedical.nl\/fr\/wp-json\/wp\/v2\/users\/3"}],"replies":[{"embeddable":true,"href":"https:\/\/dammedical.nl\/fr\/wp-json\/wp\/v2\/comments?post=4211"}],"version-history":[{"count":1,"href":"https:\/\/dammedical.nl\/fr\/wp-json\/wp\/v2\/pages\/4211\/revisions"}],"predecessor-version":[{"id":4213,"href":"https:\/\/dammedical.nl\/fr\/wp-json\/wp\/v2\/pages\/4211\/revisions\/4213"}],"wp:featuredmedia":[{"embeddable":true,"href":"https:\/\/dammedical.nl\/fr\/wp-json\/wp\/v2\/media\/4027"}],"wp:attachment":[{"href":"https:\/\/dammedical.nl\/fr\/wp-json\/wp\/v2\/media?parent=4211"}],"curies":[{"name":"wp","href":"https:\/\/api.w.org\/{rel}","templated":true}]}}