{"id":4223,"date":"2025-06-11T14:14:34","date_gmt":"2025-06-11T14:14:34","guid":{"rendered":"https:\/\/dammedical.nl\/vis-orthodontiques\/"},"modified":"2025-10-02T13:12:13","modified_gmt":"2025-10-02T13:12:13","slug":"vis-orthodontiques","status":"publish","type":"page","link":"https:\/\/dammedical.nl\/fr\/vis-orthodontiques\/","title":{"rendered":"Vis orthodontiques"},"content":{"rendered":"\t\t<div data-elementor-type=\"wp-page\" data-elementor-id=\"4223\" class=\"elementor elementor-4223 elementor-967\" data-elementor-post-type=\"page\">\n\t\t\t\t<div class=\"elementor-element elementor-element-34d9345d e-flex e-con-boxed e-con e-child\" data-id=\"34d9345d\" data-element_type=\"container\" data-settings=\"{&quot;background_background&quot;:&quot;gradient&quot;}\">\n\t\t\t\t\t<div class=\"e-con-inner\">\n\t\t<div class=\"elementor-element elementor-element-790db310 e-flex e-con-boxed e-con e-child\" data-id=\"790db310\" data-element_type=\"container\">\n\t\t\t\t\t<div class=\"e-con-inner\">\n\t\t\t\t<div class=\"elementor-element elementor-element-4c74134e elementor-widget elementor-widget-heading\" data-id=\"4c74134e\" data-element_type=\"widget\" data-widget_type=\"heading.default\">\n\t\t\t\t<div class=\"elementor-widget-container\">\n\t\t\t\t\t<h1 class=\"elementor-heading-title elementor-size-default\">Vis orthodontiques<\/h1>\t\t\t\t<\/div>\n\t\t\t\t<\/div>\n\t\t\t\t\t<\/div>\n\t\t\t\t<\/div>\n\t\t\t\t\t<\/div>\n\t\t\t\t<\/div>\n\t\t<div class=\"elementor-element elementor-element-734a31fc e-flex e-con-boxed e-con e-parent\" data-id=\"734a31fc\" data-element_type=\"container\" data-settings=\"{&quot;background_background&quot;:&quot;classic&quot;}\">\n\t\t\t\t\t<div class=\"e-con-inner\">\n\t\t<div class=\"elementor-element elementor-element-4d69b524 e-con-full e-flex e-con e-child\" data-id=\"4d69b524\" data-element_type=\"container\">\n\t\t\t\t<div class=\"elementor-element elementor-element-494761b elementor-widget elementor-widget-heading\" data-id=\"494761b\" data-element_type=\"widget\" data-widget_type=\"heading.default\">\n\t\t\t\t<div class=\"elementor-widget-container\">\n\t\t\t\t\t<h6 class=\"elementor-heading-title elementor-size-default\">Vis orthodontiques<\/h6>\t\t\t\t<\/div>\n\t\t\t\t<\/div>\n\t\t\t\t<div class=\"elementor-element elementor-element-73af3f30 elementor-widget elementor-widget-heading\" data-id=\"73af3f30\" data-element_type=\"widget\" data-widget_type=\"heading.default\">\n\t\t\t\t<div class=\"elementor-widget-container\">\n\t\t\t\t\t<h3 class=\"elementor-heading-title elementor-size-default\">Un ancrage puissant<\/h3>\t\t\t\t<\/div>\n\t\t\t\t<\/div>\n\t\t\t\t<div class=\"elementor-element elementor-element-3963225 elementor-widget elementor-widget-heading\" data-id=\"3963225\" data-element_type=\"widget\" data-widget_type=\"heading.default\">\n\t\t\t\t<div class=\"elementor-widget-container\">\n\t\t\t\t\t<div class=\"elementor-heading-title elementor-size-default\">DAM fournit une tr\u00e8s large gamme de vis orthodontiques (TAD).<\/div>\t\t\t\t<\/div>\n\t\t\t\t<\/div>\n\t\t\t\t<div class=\"elementor-element elementor-element-3e9b701d elementor-widget elementor-widget-text-editor\" data-id=\"3e9b701d\" data-element_type=\"widget\" data-widget_type=\"text-editor.default\">\n\t\t\t\t<div class=\"elementor-widget-container\">\n\t\t\t\t\t\t\t\t\t<p>Il s&rsquo;agit souvent d&rsquo;une vis en titane, d&rsquo;une longueur d&rsquo;au moins 6 \u00e0 12 mm maximum. Les vis sont utilis\u00e9es par les orthodontistes pour d\u00e9placer les dents dans la direction souhait\u00e9e sans stresser ou d\u00e9placer les dents adjacentes. <\/p><p>En tant qu&rsquo;unit\u00e9 d&rsquo;ancrage, les mini-vis sont for\u00e9es dans le processus alv\u00e9olaire. La mise en place des mini-vis est une proc\u00e9dure chirurgicale qui peut \u00eatre r\u00e9alis\u00e9e dans un cadre orthodontique, \u00e0 condition que les protocoles d&rsquo;infection et de s\u00e9curit\u00e9 soient respect\u00e9s. <\/p><p>Une petite incision est pratiqu\u00e9e dans la gencive pour fixer l&rsquo;ancrage \u00e0 la m\u00e2choire.<\/p>\t\t\t\t\t\t\t\t<\/div>\n\t\t\t\t<\/div>\n\t\t\t\t<div class=\"elementor-element elementor-element-c05641c elementor-widget elementor-widget-video\" data-id=\"c05641c\" data-element_type=\"widget\" data-settings=\"{&quot;youtube_url&quot;:&quot;https:\\\/\\\/youtu.be\\\/qGss0efAZz0&quot;,&quot;video_type&quot;:&quot;youtube&quot;,&quot;controls&quot;:&quot;yes&quot;}\" data-widget_type=\"video.default\">\n\t\t\t\t<div class=\"elementor-widget-container\">\n\t\t\t\t\t\t\t<div class=\"elementor-wrapper elementor-open-inline\">\n\t\t\t<div class=\"elementor-video\"><\/div>\t\t<\/div>\n\t\t\t\t\t\t<\/div>\n\t\t\t\t<\/div>\n\t\t\t\t<div class=\"elementor-element elementor-element-837a6bb elementor-widget elementor-widget-video\" data-id=\"837a6bb\" data-element_type=\"widget\" data-settings=\"{&quot;youtube_url&quot;:&quot;https:\\\/\\\/youtu.be\\\/ZONmOTkJj8I&quot;,&quot;video_type&quot;:&quot;youtube&quot;,&quot;controls&quot;:&quot;yes&quot;}\" data-widget_type=\"video.default\">\n\t\t\t\t<div class=\"elementor-widget-container\">\n\t\t\t\t\t\t\t<div class=\"elementor-wrapper elementor-open-inline\">\n\t\t\t<div class=\"elementor-video\"><\/div>\t\t<\/div>\n\t\t\t\t\t\t<\/div>\n\t\t\t\t<\/div>\n\t\t\t\t<\/div>\n\t\t<div class=\"elementor-element elementor-element-3a115666 e-con-full e-flex e-con e-child\" data-id=\"3a115666\" data-element_type=\"container\">\n\t\t\t\t<div class=\"elementor-element elementor-element-cced1b2 elementor-widget elementor-widget-image\" data-id=\"cced1b2\" data-element_type=\"widget\" data-widget_type=\"image.default\">\n\t\t\t\t<div class=\"elementor-widget-container\">\n\t\t\t\t\t\t\t\t\t\t\t\t\t\t\t<img fetchpriority=\"high\" decoding=\"async\" width=\"445\" height=\"861\" src=\"https:\/\/dammedical.nl\/wp-content\/uploads\/2020\/06\/dewimed-schroef.png\" class=\"attachment-large size-large wp-image-4224\" alt=\"\" srcset=\"https:\/\/dammedical.nl\/wp-content\/uploads\/2020\/06\/dewimed-schroef.png 445w, https:\/\/dammedical.nl\/wp-content\/uploads\/2020\/06\/dewimed-schroef-155x300.png 155w\" sizes=\"(max-width: 445px) 100vw, 445px\" \/>\t\t\t\t\t\t\t\t\t\t\t\t\t\t\t<\/div>\n\t\t\t\t<\/div>\n\t\t\t\t<\/div>\n\t\t\t\t\t<\/div>\n\t\t\t\t<\/div>\n\t\t<div class=\"elementor-element elementor-element-ceee5b3 e-flex e-con-boxed e-con e-parent\" data-id=\"ceee5b3\" data-element_type=\"container\" data-settings=\"{&quot;background_background&quot;:&quot;classic&quot;}\">\n\t\t\t\t\t<div class=\"e-con-inner\">\n\t\t<div class=\"elementor-element elementor-element-7f5002f e-con-full e-flex e-con e-child\" data-id=\"7f5002f\" data-element_type=\"container\">\n\t\t\t\t<div class=\"elementor-element elementor-element-e53bd0b elementor-widget elementor-widget-heading\" data-id=\"e53bd0b\" data-element_type=\"widget\" data-widget_type=\"heading.default\">\n\t\t\t\t<div class=\"elementor-widget-container\">\n\t\t\t\t\t<h3 class=\"elementor-heading-title elementor-size-default\">Nos marques<\/h3>\t\t\t\t<\/div>\n\t\t\t\t<\/div>\n\t\t\t\t<\/div>\n\t\t<div class=\"elementor-element elementor-element-3ff3e08 e-con-full e-flex elementor-invisible e-con e-child\" data-id=\"3ff3e08\" data-element_type=\"container\" data-settings=\"{&quot;background_background&quot;:&quot;classic&quot;,&quot;animation&quot;:&quot;fadeInDown&quot;}\">\n\t\t\t\t<div class=\"elementor-element elementor-element-f846da1 elementor-widget elementor-widget-image\" data-id=\"f846da1\" data-element_type=\"widget\" data-widget_type=\"image.default\">\n\t\t\t\t<div class=\"elementor-widget-container\">\n\t\t\t\t\t\t\t\t\t\t\t\t\t\t\t<img decoding=\"async\" width=\"800\" height=\"92\" src=\"https:\/\/dammedical.nl\/wp-content\/uploads\/2021\/02\/logo-Jeil-1024x118.png\" class=\"attachment-large size-large wp-image-4225\" alt=\"\" srcset=\"https:\/\/dammedical.nl\/wp-content\/uploads\/2021\/02\/logo-Jeil-1024x118.png 1024w, https:\/\/dammedical.nl\/wp-content\/uploads\/2021\/02\/logo-Jeil-300x35.png 300w, https:\/\/dammedical.nl\/wp-content\/uploads\/2021\/02\/logo-Jeil-768x89.png 768w, https:\/\/dammedical.nl\/wp-content\/uploads\/2021\/02\/logo-Jeil-600x69.png 600w, https:\/\/dammedical.nl\/wp-content\/uploads\/2021\/02\/logo-Jeil.png 1280w\" sizes=\"(max-width: 800px) 100vw, 800px\" \/>\t\t\t\t\t\t\t\t\t\t\t\t\t\t\t<\/div>\n\t\t\t\t<\/div>\n\t\t<div class=\"elementor-element elementor-element-7662009 e-con-full e-flex e-con e-child\" data-id=\"7662009\" data-element_type=\"container\">\n\t\t\t\t<div class=\"elementor-element elementor-element-f0f41f8 elementor-mobile-align-justify elementor-widget elementor-widget-button\" data-id=\"f0f41f8\" data-element_type=\"widget\" data-widget_type=\"button.default\">\n\t\t\t\t<div class=\"elementor-widget-container\">\n\t\t\t\t\t\t\t\t\t<div class=\"elementor-button-wrapper\">\n\t\t\t\t\t<a class=\"elementor-button elementor-button-link elementor-size-md\" href=\"https:\/\/dammedical.nl\/wp-content\/uploads\/2025\/09\/DAM-2025-Brochure_Jeil_Dual-Top-Anchor-System_EU_02-A03.pdf\" target=\"_blank\">\n\t\t\t\t\t\t<span class=\"elementor-button-content-wrapper\">\n\t\t\t\t\t\t\t\t\t<span class=\"elementor-button-text\">Voir la gamme Jeil<\/span>\n\t\t\t\t\t<\/span>\n\t\t\t\t\t<\/a>\n\t\t\t\t<\/div>\n\t\t\t\t\t\t\t\t<\/div>\n\t\t\t\t<\/div>\n\t\t\t\t<\/div>\n\t\t\t\t<\/div>\n\t\t<div class=\"elementor-element elementor-element-cb6bb69 e-con-full e-flex elementor-invisible e-con e-child\" data-id=\"cb6bb69\" data-element_type=\"container\" data-settings=\"{&quot;background_background&quot;:&quot;classic&quot;,&quot;animation&quot;:&quot;fadeInDown&quot;}\">\n\t\t\t\t<div class=\"elementor-element elementor-element-68041da elementor-widget elementor-widget-image\" data-id=\"68041da\" data-element_type=\"widget\" data-widget_type=\"image.default\">\n\t\t\t\t<div class=\"elementor-widget-container\">\n\t\t\t\t\t\t\t\t\t\t\t\t\t\t\t<img decoding=\"async\" width=\"1650\" height=\"442\" src=\"https:\/\/dammedical.nl\/wp-content\/uploads\/2021\/02\/DEWIMED-logo-web.png\" class=\"attachment-full size-full wp-image-4080\" alt=\"\" srcset=\"https:\/\/dammedical.nl\/wp-content\/uploads\/2021\/02\/DEWIMED-logo-web.png 1650w, https:\/\/dammedical.nl\/wp-content\/uploads\/2021\/02\/DEWIMED-logo-web-300x80.png 300w, https:\/\/dammedical.nl\/wp-content\/uploads\/2021\/02\/DEWIMED-logo-web-1024x274.png 1024w, https:\/\/dammedical.nl\/wp-content\/uploads\/2021\/02\/DEWIMED-logo-web-768x206.png 768w, https:\/\/dammedical.nl\/wp-content\/uploads\/2021\/02\/DEWIMED-logo-web-1536x411.png 1536w, https:\/\/dammedical.nl\/wp-content\/uploads\/2021\/02\/DEWIMED-logo-web-600x161.png 600w\" sizes=\"(max-width: 1650px) 100vw, 1650px\" \/>\t\t\t\t\t\t\t\t\t\t\t\t\t\t\t<\/div>\n\t\t\t\t<\/div>\n\t\t<div class=\"elementor-element elementor-element-7fed2a2 e-con-full e-flex e-con e-child\" data-id=\"7fed2a2\" data-element_type=\"container\">\n\t\t\t\t<div class=\"elementor-element elementor-element-6f12605 elementor-mobile-align-justify elementor-widget elementor-widget-button\" data-id=\"6f12605\" data-element_type=\"widget\" data-widget_type=\"button.default\">\n\t\t\t\t<div class=\"elementor-widget-container\">\n\t\t\t\t\t\t\t\t\t<div class=\"elementor-button-wrapper\">\n\t\t\t\t\t<a class=\"elementor-button elementor-button-link elementor-size-md\" href=\"https:\/\/dammedical.nl\/wp-content\/uploads\/2025\/09\/DAM-2025-OSAS.pdf\" target=\"_blank\">\n\t\t\t\t\t\t<span class=\"elementor-button-content-wrapper\">\n\t\t\t\t\t\t\t\t\t<span class=\"elementor-button-text\">Consultez le syst\u00e8me OSAS<\/span>\n\t\t\t\t\t<\/span>\n\t\t\t\t\t<\/a>\n\t\t\t\t<\/div>\n\t\t\t\t\t\t\t\t<\/div>\n\t\t\t\t<\/div>\n\t\t\t\t<\/div>\n\t\t\t\t<\/div>\n\t\t\t\t\t<\/div>\n\t\t\t\t<\/div>\n\t\t\t\t<\/div>\n\t\t","protected":false},"excerpt":{"rendered":"<p>Vis orthodontiques Un ancrage puissant DAM fournit une tr\u00e8s large gamme de vis orthodontiques (TAD). Il s&rsquo;agit souvent d&rsquo;une vis en titane, d&rsquo;une longueur d&rsquo;au moins 6 \u00e0 12 mm maximum. Les vis sont utilis\u00e9es par les orthodontistes pour d\u00e9placer les dents dans la direction souhait\u00e9e sans stresser ou d\u00e9placer les dents adjacentes. En tant [&hellip;]<\/p>\n","protected":false},"author":3,"featured_media":4224,"parent":0,"menu_order":0,"comment_status":"closed","ping_status":"closed","template":"elementor_header_footer","meta":{"footnotes":""},"class_list":["post-4223","page","type-page","status-publish","has-post-thumbnail","hentry"],"yoast_head":"<!-- This site is optimized with the Yoast SEO plugin v26.3 - https:\/\/yoast.com\/wordpress\/plugins\/seo\/ -->\n<title>Vis orthodontiques - Dam Medical<\/title>\n<meta name=\"description\" content=\"Nos marques de vis orthodontiques sont JEILMEDICAL et DEWIMED. Les vis sont utilis\u00e9es par les orthodontistes.\" \/>\n<meta name=\"robots\" content=\"index, follow, max-snippet:-1, max-image-preview:large, max-video-preview:-1\" \/>\n<link rel=\"canonical\" href=\"https:\/\/dammedical.nl\/fr\/vis-orthodontiques\/\" \/>\n<meta property=\"og:locale\" content=\"fr_FR\" \/>\n<meta property=\"og:type\" content=\"article\" \/>\n<meta property=\"og:title\" content=\"Vis orthodontiques - Dam Medical\" \/>\n<meta property=\"og:description\" content=\"Nos marques de vis orthodontiques sont JEILMEDICAL et DEWIMED. Les vis sont utilis\u00e9es par les orthodontistes.\" \/>\n<meta property=\"og:url\" content=\"https:\/\/dammedical.nl\/fr\/vis-orthodontiques\/\" \/>\n<meta property=\"og:site_name\" content=\"Dam Medical\" \/>\n<meta property=\"article:modified_time\" content=\"2025-10-02T13:12:13+00:00\" \/>\n<meta property=\"og:image\" content=\"https:\/\/dammedical.nl\/wp-content\/uploads\/2020\/06\/dewimed-schroef.png\" \/>\n\t<meta property=\"og:image:width\" content=\"445\" \/>\n\t<meta property=\"og:image:height\" content=\"861\" \/>\n\t<meta property=\"og:image:type\" content=\"image\/png\" \/>\n<meta name=\"twitter:card\" content=\"summary_large_image\" \/>\n<meta name=\"twitter:label1\" content=\"Dur\u00e9e de lecture estim\u00e9e\" \/>\n\t<meta name=\"twitter:data1\" content=\"1 minute\" \/>\n<script type=\"application\/ld+json\" class=\"yoast-schema-graph\">{\"@context\":\"https:\/\/schema.org\",\"@graph\":[{\"@type\":\"WebPage\",\"@id\":\"https:\/\/dammedical.nl\/fr\/vis-orthodontiques\/\",\"url\":\"https:\/\/dammedical.nl\/fr\/vis-orthodontiques\/\",\"name\":\"Vis orthodontiques - Dam Medical\",\"isPartOf\":{\"@id\":\"https:\/\/dammedical.nl\/fr\/#website\"},\"primaryImageOfPage\":{\"@id\":\"https:\/\/dammedical.nl\/fr\/vis-orthodontiques\/#primaryimage\"},\"image\":{\"@id\":\"https:\/\/dammedical.nl\/fr\/vis-orthodontiques\/#primaryimage\"},\"thumbnailUrl\":\"https:\/\/dammedical.nl\/wp-content\/uploads\/2020\/06\/dewimed-schroef.png\",\"datePublished\":\"2025-06-11T14:14:34+00:00\",\"dateModified\":\"2025-10-02T13:12:13+00:00\",\"description\":\"Nos marques de vis orthodontiques sont JEILMEDICAL et DEWIMED. Les vis sont utilis\u00e9es par les orthodontistes.\",\"breadcrumb\":{\"@id\":\"https:\/\/dammedical.nl\/fr\/vis-orthodontiques\/#breadcrumb\"},\"inLanguage\":\"fr-FR\",\"potentialAction\":[{\"@type\":\"ReadAction\",\"target\":[\"https:\/\/dammedical.nl\/fr\/vis-orthodontiques\/\"]}]},{\"@type\":\"ImageObject\",\"inLanguage\":\"fr-FR\",\"@id\":\"https:\/\/dammedical.nl\/fr\/vis-orthodontiques\/#primaryimage\",\"url\":\"https:\/\/dammedical.nl\/wp-content\/uploads\/2020\/06\/dewimed-schroef.png\",\"contentUrl\":\"https:\/\/dammedical.nl\/wp-content\/uploads\/2020\/06\/dewimed-schroef.png\",\"width\":445,\"height\":861},{\"@type\":\"BreadcrumbList\",\"@id\":\"https:\/\/dammedical.nl\/fr\/vis-orthodontiques\/#breadcrumb\",\"itemListElement\":[{\"@type\":\"ListItem\",\"position\":1,\"name\":\"Home\",\"item\":\"https:\/\/dammedical.nl\/fr\/accueil\/\"},{\"@type\":\"ListItem\",\"position\":2,\"name\":\"Vis orthodontiques\"}]},{\"@type\":\"WebSite\",\"@id\":\"https:\/\/dammedical.nl\/fr\/#website\",\"url\":\"https:\/\/dammedical.nl\/fr\/\",\"name\":\"Dam Medical\",\"description\":\"Innovatief in chirurgie\",\"publisher\":{\"@id\":\"https:\/\/dammedical.nl\/fr\/#organization\"},\"potentialAction\":[{\"@type\":\"SearchAction\",\"target\":{\"@type\":\"EntryPoint\",\"urlTemplate\":\"https:\/\/dammedical.nl\/fr\/?s={search_term_string}\"},\"query-input\":{\"@type\":\"PropertyValueSpecification\",\"valueRequired\":true,\"valueName\":\"search_term_string\"}}],\"inLanguage\":\"fr-FR\"},{\"@type\":\"Organization\",\"@id\":\"https:\/\/dammedical.nl\/fr\/#organization\",\"name\":\"Dam Medical\",\"url\":\"https:\/\/dammedical.nl\/fr\/\",\"logo\":{\"@type\":\"ImageObject\",\"inLanguage\":\"fr-FR\",\"@id\":\"https:\/\/dammedical.nl\/fr\/#\/schema\/logo\/image\/\",\"url\":\"https:\/\/dammedical.nl\/wp-content\/uploads\/2025\/05\/logo_DamMedical-rgb-pos-e1749559852320.png\",\"contentUrl\":\"https:\/\/dammedical.nl\/wp-content\/uploads\/2025\/05\/logo_DamMedical-rgb-pos-e1749559852320.png\",\"width\":1977,\"height\":500,\"caption\":\"Dam Medical\"},\"image\":{\"@id\":\"https:\/\/dammedical.nl\/fr\/#\/schema\/logo\/image\/\"}}]}<\/script>\n<!-- \/ Yoast SEO plugin. -->","yoast_head_json":{"title":"Vis orthodontiques - Dam Medical","description":"Nos marques de vis orthodontiques sont JEILMEDICAL et DEWIMED. Les vis sont utilis\u00e9es par les orthodontistes.","robots":{"index":"index","follow":"follow","max-snippet":"max-snippet:-1","max-image-preview":"max-image-preview:large","max-video-preview":"max-video-preview:-1"},"canonical":"https:\/\/dammedical.nl\/fr\/vis-orthodontiques\/","og_locale":"fr_FR","og_type":"article","og_title":"Vis orthodontiques - Dam Medical","og_description":"Nos marques de vis orthodontiques sont JEILMEDICAL et DEWIMED. Les vis sont utilis\u00e9es par les orthodontistes.","og_url":"https:\/\/dammedical.nl\/fr\/vis-orthodontiques\/","og_site_name":"Dam Medical","article_modified_time":"2025-10-02T13:12:13+00:00","og_image":[{"width":445,"height":861,"url":"https:\/\/dammedical.nl\/wp-content\/uploads\/2020\/06\/dewimed-schroef.png","type":"image\/png"}],"twitter_card":"summary_large_image","twitter_misc":{"Dur\u00e9e de lecture estim\u00e9e":"1 minute"},"schema":{"@context":"https:\/\/schema.org","@graph":[{"@type":"WebPage","@id":"https:\/\/dammedical.nl\/fr\/vis-orthodontiques\/","url":"https:\/\/dammedical.nl\/fr\/vis-orthodontiques\/","name":"Vis orthodontiques - Dam Medical","isPartOf":{"@id":"https:\/\/dammedical.nl\/fr\/#website"},"primaryImageOfPage":{"@id":"https:\/\/dammedical.nl\/fr\/vis-orthodontiques\/#primaryimage"},"image":{"@id":"https:\/\/dammedical.nl\/fr\/vis-orthodontiques\/#primaryimage"},"thumbnailUrl":"https:\/\/dammedical.nl\/wp-content\/uploads\/2020\/06\/dewimed-schroef.png","datePublished":"2025-06-11T14:14:34+00:00","dateModified":"2025-10-02T13:12:13+00:00","description":"Nos marques de vis orthodontiques sont JEILMEDICAL et DEWIMED. Les vis sont utilis\u00e9es par les orthodontistes.","breadcrumb":{"@id":"https:\/\/dammedical.nl\/fr\/vis-orthodontiques\/#breadcrumb"},"inLanguage":"fr-FR","potentialAction":[{"@type":"ReadAction","target":["https:\/\/dammedical.nl\/fr\/vis-orthodontiques\/"]}]},{"@type":"ImageObject","inLanguage":"fr-FR","@id":"https:\/\/dammedical.nl\/fr\/vis-orthodontiques\/#primaryimage","url":"https:\/\/dammedical.nl\/wp-content\/uploads\/2020\/06\/dewimed-schroef.png","contentUrl":"https:\/\/dammedical.nl\/wp-content\/uploads\/2020\/06\/dewimed-schroef.png","width":445,"height":861},{"@type":"BreadcrumbList","@id":"https:\/\/dammedical.nl\/fr\/vis-orthodontiques\/#breadcrumb","itemListElement":[{"@type":"ListItem","position":1,"name":"Home","item":"https:\/\/dammedical.nl\/fr\/accueil\/"},{"@type":"ListItem","position":2,"name":"Vis orthodontiques"}]},{"@type":"WebSite","@id":"https:\/\/dammedical.nl\/fr\/#website","url":"https:\/\/dammedical.nl\/fr\/","name":"Dam Medical","description":"Innovatief in chirurgie","publisher":{"@id":"https:\/\/dammedical.nl\/fr\/#organization"},"potentialAction":[{"@type":"SearchAction","target":{"@type":"EntryPoint","urlTemplate":"https:\/\/dammedical.nl\/fr\/?s={search_term_string}"},"query-input":{"@type":"PropertyValueSpecification","valueRequired":true,"valueName":"search_term_string"}}],"inLanguage":"fr-FR"},{"@type":"Organization","@id":"https:\/\/dammedical.nl\/fr\/#organization","name":"Dam Medical","url":"https:\/\/dammedical.nl\/fr\/","logo":{"@type":"ImageObject","inLanguage":"fr-FR","@id":"https:\/\/dammedical.nl\/fr\/#\/schema\/logo\/image\/","url":"https:\/\/dammedical.nl\/wp-content\/uploads\/2025\/05\/logo_DamMedical-rgb-pos-e1749559852320.png","contentUrl":"https:\/\/dammedical.nl\/wp-content\/uploads\/2025\/05\/logo_DamMedical-rgb-pos-e1749559852320.png","width":1977,"height":500,"caption":"Dam Medical"},"image":{"@id":"https:\/\/dammedical.nl\/fr\/#\/schema\/logo\/image\/"}}]}},"_links":{"self":[{"href":"https:\/\/dammedical.nl\/fr\/wp-json\/wp\/v2\/pages\/4223","targetHints":{"allow":["GET"]}}],"collection":[{"href":"https:\/\/dammedical.nl\/fr\/wp-json\/wp\/v2\/pages"}],"about":[{"href":"https:\/\/dammedical.nl\/fr\/wp-json\/wp\/v2\/types\/page"}],"author":[{"embeddable":true,"href":"https:\/\/dammedical.nl\/fr\/wp-json\/wp\/v2\/users\/3"}],"replies":[{"embeddable":true,"href":"https:\/\/dammedical.nl\/fr\/wp-json\/wp\/v2\/comments?post=4223"}],"version-history":[{"count":1,"href":"https:\/\/dammedical.nl\/fr\/wp-json\/wp\/v2\/pages\/4223\/revisions"}],"predecessor-version":[{"id":4226,"href":"https:\/\/dammedical.nl\/fr\/wp-json\/wp\/v2\/pages\/4223\/revisions\/4226"}],"wp:featuredmedia":[{"embeddable":true,"href":"https:\/\/dammedical.nl\/fr\/wp-json\/wp\/v2\/media\/4224"}],"wp:attachment":[{"href":"https:\/\/dammedical.nl\/fr\/wp-json\/wp\/v2\/media?parent=4223"}],"curies":[{"name":"wp","href":"https:\/\/api.w.org\/{rel}","templated":true}]}}