{"id":4227,"date":"2025-06-11T14:14:56","date_gmt":"2025-06-11T14:14:56","guid":{"rendered":"https:\/\/dammedical.nl\/flet\/"},"modified":"2025-10-02T13:12:24","modified_gmt":"2025-10-02T13:12:24","slug":"flet","status":"publish","type":"page","link":"https:\/\/dammedical.nl\/fr\/flet\/","title":{"rendered":"Flet"},"content":{"rendered":"<h6>Micro-broyeur et mini-broyeur Noviomagus<\/h6>\n<h3>Variantes de Botmill<\/h3>\n<p>\t\t\t\t\tLe Micro Mill et le Mini Mill de Noviomagus sont tous deux con\u00e7us pour broyer efficacement la mati\u00e8re osseuse.\t\t\t\t<\/p>\n<p>Bien qu&rsquo;ils diff\u00e8rent en taille et en port\u00e9e, ils partagent la m\u00eame qualit\u00e9 \u00e9lev\u00e9e que vous attendez de Noviomagus.<\/p>\n<p>\t\t\t\t\t\t\t\t\t\t\t\t\t\t\t<img fetchpriority=\"high\" decoding=\"async\" width=\"800\" height=\"451\" src=\"https:\/\/dammedical.nl\/wp-content\/uploads\/2020\/04\/Schermafbeelding-2020-04-23-om-14.47.59-1024x577.png\" alt=\"\" srcset=\"https:\/\/dammedical.nl\/wp-content\/uploads\/2020\/04\/Schermafbeelding-2020-04-23-om-14.47.59-1024x577.png 1024w, https:\/\/dammedical.nl\/wp-content\/uploads\/2020\/04\/Schermafbeelding-2020-04-23-om-14.47.59-300x169.png 300w, https:\/\/dammedical.nl\/wp-content\/uploads\/2020\/04\/Schermafbeelding-2020-04-23-om-14.47.59-768x433.png 768w, https:\/\/dammedical.nl\/wp-content\/uploads\/2020\/04\/Schermafbeelding-2020-04-23-om-14.47.59-600x338.png 600w, https:\/\/dammedical.nl\/wp-content\/uploads\/2020\/04\/Schermafbeelding-2020-04-23-om-14.47.59.png 1486w\" sizes=\"(max-width: 800px) 100vw, 800px\" \/>\t\t\t\t\t\t\t\t\t\t\t\t\t\t\t<\/p>\n<h6>Variantes disponibles<\/h6>\n<h3>Micro-broyeur et mini-broyeur<\/h3>\n<h5>Micro-broyeur Noviomagus  <\/h5>\n<p>Le <strong>Micro Mill de <\/strong> <strong>Noviomagus<\/strong> est une fraise \u00e0 os compacte sp\u00e9cialement con\u00e7ue pour les proc\u00e9dures d&rsquo;implantologie en chirurgie orale et maxillo-faciale.<\/p>\n<p>Le micro-broyeur Noviomagus broie de petites particules d&rsquo;os en tr\u00e8s petites particules d&rsquo;os (0,5 &#8211; 2 mm), en vue d&rsquo;une \u00ab\u00a0greffe\u00a0\u00bb osseuse n\u00e9cessaire.<\/p>\n<p>Gr\u00e2ce \u00e0 sa conception compacte et \u00e0 sa facilit\u00e9 d&rsquo;utilisation, le Micro Mill tient dans la main et le broyage n\u00e9cessite peu d&rsquo;effort. Le greffon broy\u00e9 est recueilli dans la \u00ab\u00a0coupe \u00e0 microcopeaux\u00a0\u00bb qui est d\u00e9viss\u00e9e du bo\u00eetier apr\u00e8s le processus de broyage. <\/p>\n<p>Il existe deux tambours de broyage en acier inoxydable sp\u00e9cialement tremp\u00e9 pour le Micro Mill. Le tambour de broyage <g id=\"gid_0\">Extra Extra Fine (XXF<\/g> ) produit des particules d&rsquo;os \u2265<g id=\"gid_1\"> 1 et 2 mm.<\/g> Le tambour de broyage Extra<strong>Extra Fine (XXXF<\/strong> ) produit des particules d&rsquo;os \u2265 <strong>1 mm.<\/strong>  <\/p>\n<p>Le micro-broyeur peut \u00eatre enti\u00e8rement d\u00e9mont\u00e9 et toutes ses pi\u00e8ces peuvent \u00eatre st\u00e9rilis\u00e9es en autoclave.<\/p>\n<p><em>Noviomagus Micro Mill est une micro-fraise \u00e0 os unique en son genre pour une reconstruction biologique r\u00e9ussie par greffe osseuse.<\/em><\/p>\n<figure><img decoding=\"async\" src=\"https:\/\/dammedical.nl\/wp-content\/uploads\/2020\/04\/Schermafbeelding-2020-04-23-om-14.44.23-300x221.png\" alt=\"Schermafbeelding-2020-04-23-om-14.44.23\" \/><\/figure>\n<figure><img decoding=\"async\" src=\"https:\/\/dammedical.nl\/wp-content\/uploads\/2020\/04\/Schermafbeelding-2020-04-23-om-14.44.12-300x153.png\" alt=\"Schermafbeelding-2020-04-23-om-14.44.12\" \/><\/figure>\n<figure><img decoding=\"async\" src=\"https:\/\/dammedical.nl\/wp-content\/uploads\/2020\/04\/Schermafbeelding-2020-04-23-om-14.44.42-300x255.png\" alt=\"Schermafbeelding-2020-04-23-om-14.44.42\" \/><\/figure>\n<h5>Mini broyeur Noviomagus  <\/h5>\n<p>Le mini-broyeur Noviomagus garantit des \u00ab\u00a0cro\u00fbtons d&rsquo;os\u00a0\u00bb avec une structure osseuse trab\u00e9culaire intacte. Les tambours de broyage extra-fin et extra-fin sont con\u00e7us pour produire de tr\u00e8s petits granul\u00e9s d&rsquo;os pour divers d\u00e9fauts osseux. Domaines d&rsquo;application : chirurgie plastique, chirurgie de la colonne vert\u00e9brale, chirurgie maxillo-faciale et chirurgie de la main et du pied. Le mini-broyeur peut broyer des particules d&rsquo;os en moins de 10 secondes.   <\/p>\n<p>Caract\u00e9ristiques du mini-moulin :<\/p>\n<ul>\n<li>\n\t\t\t\t\t\t\t<svg aria-hidden=\"true\" viewBox=\"0 0 512 512\" xmlns=\"http:\/\/www.w3.org\/2000\/svg\"><path d=\"M256 8C119 8 8 119 8 256s111 248 248 248 248-111 248-248S393 8 256 8z\"><\/path><\/svg><br \/>\n\t\t\t\t\t\t\t\t\t\tBroyage de particules d&rsquo;os, moins de 10 secondes\n\t\t\t\t\t\t\t\t\t<\/li>\n<li>\n\t\t\t\t\t\t\t<svg aria-hidden=\"true\" viewBox=\"0 0 512 512\" xmlns=\"http:\/\/www.w3.org\/2000\/svg\"><path d=\"M256 8C119 8 8 119 8 256s111 248 248 248 248-111 248-248S393 8 256 8z\"><\/path><\/svg><br \/>\n\t\t\t\t\t\t\t\t\t\tBroyage d&rsquo;os surgel\u00e9s\n\t\t\t\t\t\t\t\t\t<\/li>\n<li>\n\t\t\t\t\t\t\t<svg aria-hidden=\"true\" viewBox=\"0 0 512 512\" xmlns=\"http:\/\/www.w3.org\/2000\/svg\"><path d=\"M256 8C119 8 8 119 8 256s111 248 248 248 248-111 248-248S393 8 256 8z\"><\/path><\/svg><br \/>\n\t\t\t\t\t\t\t\t\t\tDeux types de tambours de broyage : Extra Fine 2 x 2 mm, longueur moyenne 3-5 mm et Extra Extra Fine 1 x 1 mm, longueur moyenne 1-3 mm.\n\t\t\t\t\t\t\t\t\t<\/li>\n<li>\n\t\t\t\t\t\t\t<svg aria-hidden=\"true\" viewBox=\"0 0 512 512\" xmlns=\"http:\/\/www.w3.org\/2000\/svg\"><path d=\"M256 8C119 8 8 119 8 256s111 248 248 248 248-111 248-248S393 8 256 8z\"><\/path><\/svg><br \/>\n\t\t\t\t\t\t\t\t\t\tPas de risque de d\u00e9bris m\u00e9talliques\n\t\t\t\t\t\t\t\t\t<\/li>\n<li>\n\t\t\t\t\t\t\t<svg aria-hidden=\"true\" viewBox=\"0 0 512 512\" xmlns=\"http:\/\/www.w3.org\/2000\/svg\"><path d=\"M256 8C119 8 8 119 8 256s111 248 248 248 248-111 248-248S393 8 256 8z\"><\/path><\/svg><br \/>\n\t\t\t\t\t\t\t\t\t\tLongue dur\u00e9e de vie sans usure\n\t\t\t\t\t\t\t\t\t<\/li>\n<li>\n\t\t\t\t\t\t\t<svg aria-hidden=\"true\" viewBox=\"0 0 512 512\" xmlns=\"http:\/\/www.w3.org\/2000\/svg\"><path d=\"M256 8C119 8 8 119 8 256s111 248 248 248 248-111 248-248S393 8 256 8z\"><\/path><\/svg><br \/>\n\t\t\t\t\t\t\t\t\t\tGranules d&rsquo;os de taille optimale\n\t\t\t\t\t\t\t\t\t<\/li>\n<li>\n\t\t\t\t\t\t\t<svg aria-hidden=\"true\" viewBox=\"0 0 512 512\" xmlns=\"http:\/\/www.w3.org\/2000\/svg\"><path d=\"M256 8C119 8 8 119 8 256s111 248 248 248 248-111 248-248S393 8 256 8z\"><\/path><\/svg><br \/>\n\t\t\t\t\t\t\t\t\t\tFacile \u00e0 nettoyer\n\t\t\t\t\t\t\t\t\t<\/li>\n<\/ul>\n<figure><img decoding=\"async\" src=\"https:\/\/dammedical.nl\/wp-content\/uploads\/2020\/04\/Schermafbeelding-2020-04-23-om-13.42.47-300x273.png\" alt=\"Schermafbeelding-2020-04-23-om-13.42.47\" \/><\/figure>\n<figure><img decoding=\"async\" src=\"https:\/\/dammedical.nl\/wp-content\/uploads\/2020\/04\/Schermafbeelding-2020-04-23-om-13.43.09-300x199.png\" alt=\"Schermafbeelding-2020-04-23-om-13.43.09\" \/><\/figure>\n<figure><img decoding=\"async\" src=\"https:\/\/dammedical.nl\/wp-content\/uploads\/2020\/04\/Schermafbeelding-2020-04-23-om-13.43.23-272x300.png\" alt=\"Schermafbeelding-2020-04-23-om-13.43.23\" \/><\/figure>\n<figure><img decoding=\"async\" src=\"https:\/\/dammedical.nl\/wp-content\/uploads\/2020\/04\/Schermafbeelding-2020-04-23-om-13.43.43-291x300.png\" alt=\"Schermafbeelding-2020-04-23-om-13.43.43\" \/><\/figure>\n","protected":false},"excerpt":{"rendered":"<p>Micro-broyeur et mini-broyeur Noviomagus Variantes de Botmill Le Micro Mill et le Mini Mill de Noviomagus sont tous deux con\u00e7us pour broyer efficacement la mati\u00e8re osseuse. Bien qu&rsquo;ils diff\u00e8rent en taille et en port\u00e9e, ils partagent la m\u00eame qualit\u00e9 \u00e9lev\u00e9e que vous attendez de Noviomagus. Variantes disponibles Micro-broyeur et mini-broyeur Micro-broyeur Noviomagus Le Micro Mill [&hellip;]<\/p>\n","protected":false},"author":3,"featured_media":3862,"parent":0,"menu_order":0,"comment_status":"closed","ping_status":"closed","template":"elementor_header_footer","meta":{"footnotes":""},"class_list":["post-4227","page","type-page","status-publish","has-post-thumbnail","hentry"],"yoast_head":"<!-- This site is optimized with the Yoast SEO plugin v27.4 - https:\/\/yoast.com\/product\/yoast-seo-wordpress\/ -->\n<title>Flet - Dam Medical<\/title>\n<meta name=\"description\" content=\"Le Micro Mill et le Mini Mill de Noviomagus sont des broyeurs d&#039;os con\u00e7us pour broyer la mati\u00e8re osseuse.\" \/>\n<meta name=\"robots\" content=\"index, follow, max-snippet:-1, max-image-preview:large, max-video-preview:-1\" \/>\n<link rel=\"canonical\" href=\"https:\/\/dammedical.nl\/fr\/flet\/\" \/>\n<meta property=\"og:locale\" content=\"fr_FR\" \/>\n<meta property=\"og:type\" content=\"article\" \/>\n<meta property=\"og:title\" content=\"Flet - Dam Medical\" \/>\n<meta property=\"og:description\" content=\"Le Micro Mill et le Mini Mill de Noviomagus sont des broyeurs d&#039;os con\u00e7us pour broyer la mati\u00e8re osseuse.\" \/>\n<meta property=\"og:url\" content=\"https:\/\/dammedical.nl\/fr\/flet\/\" \/>\n<meta property=\"og:site_name\" content=\"Dam Medical\" \/>\n<meta property=\"article:modified_time\" content=\"2025-10-02T13:12:24+00:00\" \/>\n<meta property=\"og:image\" content=\"https:\/\/dammedical.nl\/wp-content\/uploads\/2020\/04\/Schermafbeelding-2020-04-23-om-14.44.23.png\" \/>\n\t<meta property=\"og:image:width\" content=\"1386\" \/>\n\t<meta property=\"og:image:height\" content=\"1022\" \/>\n\t<meta property=\"og:image:type\" content=\"image\/png\" \/>\n<meta name=\"twitter:card\" content=\"summary_large_image\" \/>\n<meta name=\"twitter:label1\" content=\"Dur\u00e9e de lecture estim\u00e9e\" \/>\n\t<meta name=\"twitter:data1\" content=\"2 minutes\" \/>\n<script type=\"application\/ld+json\" class=\"yoast-schema-graph\">{\"@context\":\"https:\\\/\\\/schema.org\",\"@graph\":[{\"@type\":\"WebPage\",\"@id\":\"https:\\\/\\\/dammedical.nl\\\/fr\\\/flet\\\/\",\"url\":\"https:\\\/\\\/dammedical.nl\\\/fr\\\/flet\\\/\",\"name\":\"Flet - Dam Medical\",\"isPartOf\":{\"@id\":\"https:\\\/\\\/dammedical.nl\\\/fr\\\/#website\"},\"primaryImageOfPage\":{\"@id\":\"https:\\\/\\\/dammedical.nl\\\/fr\\\/flet\\\/#primaryimage\"},\"image\":{\"@id\":\"https:\\\/\\\/dammedical.nl\\\/fr\\\/flet\\\/#primaryimage\"},\"thumbnailUrl\":\"https:\\\/\\\/dammedical.nl\\\/wp-content\\\/uploads\\\/2020\\\/04\\\/Schermafbeelding-2020-04-23-om-14.44.23.png\",\"datePublished\":\"2025-06-11T14:14:56+00:00\",\"dateModified\":\"2025-10-02T13:12:24+00:00\",\"description\":\"Le Micro Mill et le Mini Mill de Noviomagus sont des broyeurs d'os con\u00e7us pour broyer la mati\u00e8re osseuse.\",\"breadcrumb\":{\"@id\":\"https:\\\/\\\/dammedical.nl\\\/fr\\\/flet\\\/#breadcrumb\"},\"inLanguage\":\"fr-FR\",\"potentialAction\":[{\"@type\":\"ReadAction\",\"target\":[\"https:\\\/\\\/dammedical.nl\\\/fr\\\/flet\\\/\"]}]},{\"@type\":\"ImageObject\",\"inLanguage\":\"fr-FR\",\"@id\":\"https:\\\/\\\/dammedical.nl\\\/fr\\\/flet\\\/#primaryimage\",\"url\":\"https:\\\/\\\/dammedical.nl\\\/wp-content\\\/uploads\\\/2020\\\/04\\\/Schermafbeelding-2020-04-23-om-14.44.23.png\",\"contentUrl\":\"https:\\\/\\\/dammedical.nl\\\/wp-content\\\/uploads\\\/2020\\\/04\\\/Schermafbeelding-2020-04-23-om-14.44.23.png\",\"width\":1386,\"height\":1022},{\"@type\":\"BreadcrumbList\",\"@id\":\"https:\\\/\\\/dammedical.nl\\\/fr\\\/flet\\\/#breadcrumb\",\"itemListElement\":[{\"@type\":\"ListItem\",\"position\":1,\"name\":\"Home\",\"item\":\"https:\\\/\\\/dammedical.nl\\\/fr\\\/accueil\\\/\"},{\"@type\":\"ListItem\",\"position\":2,\"name\":\"Flet\"}]},{\"@type\":\"WebSite\",\"@id\":\"https:\\\/\\\/dammedical.nl\\\/fr\\\/#website\",\"url\":\"https:\\\/\\\/dammedical.nl\\\/fr\\\/\",\"name\":\"Dam Medical\",\"description\":\"Innovatief in chirurgie\",\"publisher\":{\"@id\":\"https:\\\/\\\/dammedical.nl\\\/fr\\\/#organization\"},\"potentialAction\":[{\"@type\":\"SearchAction\",\"target\":{\"@type\":\"EntryPoint\",\"urlTemplate\":\"https:\\\/\\\/dammedical.nl\\\/fr\\\/?s={search_term_string}\"},\"query-input\":{\"@type\":\"PropertyValueSpecification\",\"valueRequired\":true,\"valueName\":\"search_term_string\"}}],\"inLanguage\":\"fr-FR\"},{\"@type\":\"Organization\",\"@id\":\"https:\\\/\\\/dammedical.nl\\\/fr\\\/#organization\",\"name\":\"Dam Medical\",\"url\":\"https:\\\/\\\/dammedical.nl\\\/fr\\\/\",\"logo\":{\"@type\":\"ImageObject\",\"inLanguage\":\"fr-FR\",\"@id\":\"https:\\\/\\\/dammedical.nl\\\/fr\\\/#\\\/schema\\\/logo\\\/image\\\/\",\"url\":\"https:\\\/\\\/dammedical.nl\\\/wp-content\\\/uploads\\\/2025\\\/05\\\/logo_DamMedical-rgb-pos-e1749559852320.png\",\"contentUrl\":\"https:\\\/\\\/dammedical.nl\\\/wp-content\\\/uploads\\\/2025\\\/05\\\/logo_DamMedical-rgb-pos-e1749559852320.png\",\"width\":1977,\"height\":500,\"caption\":\"Dam Medical\"},\"image\":{\"@id\":\"https:\\\/\\\/dammedical.nl\\\/fr\\\/#\\\/schema\\\/logo\\\/image\\\/\"}}]}<\/script>\n<!-- \/ Yoast SEO plugin. -->","yoast_head_json":{"title":"Flet - Dam Medical","description":"Le Micro Mill et le Mini Mill de Noviomagus sont des broyeurs d'os con\u00e7us pour broyer la mati\u00e8re osseuse.","robots":{"index":"index","follow":"follow","max-snippet":"max-snippet:-1","max-image-preview":"max-image-preview:large","max-video-preview":"max-video-preview:-1"},"canonical":"https:\/\/dammedical.nl\/fr\/flet\/","og_locale":"fr_FR","og_type":"article","og_title":"Flet - Dam Medical","og_description":"Le Micro Mill et le Mini Mill de Noviomagus sont des broyeurs d'os con\u00e7us pour broyer la mati\u00e8re osseuse.","og_url":"https:\/\/dammedical.nl\/fr\/flet\/","og_site_name":"Dam Medical","article_modified_time":"2025-10-02T13:12:24+00:00","og_image":[{"width":1386,"height":1022,"url":"https:\/\/dammedical.nl\/wp-content\/uploads\/2020\/04\/Schermafbeelding-2020-04-23-om-14.44.23.png","type":"image\/png"}],"twitter_card":"summary_large_image","twitter_misc":{"Dur\u00e9e de lecture estim\u00e9e":"2 minutes"},"schema":{"@context":"https:\/\/schema.org","@graph":[{"@type":"WebPage","@id":"https:\/\/dammedical.nl\/fr\/flet\/","url":"https:\/\/dammedical.nl\/fr\/flet\/","name":"Flet - Dam Medical","isPartOf":{"@id":"https:\/\/dammedical.nl\/fr\/#website"},"primaryImageOfPage":{"@id":"https:\/\/dammedical.nl\/fr\/flet\/#primaryimage"},"image":{"@id":"https:\/\/dammedical.nl\/fr\/flet\/#primaryimage"},"thumbnailUrl":"https:\/\/dammedical.nl\/wp-content\/uploads\/2020\/04\/Schermafbeelding-2020-04-23-om-14.44.23.png","datePublished":"2025-06-11T14:14:56+00:00","dateModified":"2025-10-02T13:12:24+00:00","description":"Le Micro Mill et le Mini Mill de Noviomagus sont des broyeurs d'os con\u00e7us pour broyer la mati\u00e8re osseuse.","breadcrumb":{"@id":"https:\/\/dammedical.nl\/fr\/flet\/#breadcrumb"},"inLanguage":"fr-FR","potentialAction":[{"@type":"ReadAction","target":["https:\/\/dammedical.nl\/fr\/flet\/"]}]},{"@type":"ImageObject","inLanguage":"fr-FR","@id":"https:\/\/dammedical.nl\/fr\/flet\/#primaryimage","url":"https:\/\/dammedical.nl\/wp-content\/uploads\/2020\/04\/Schermafbeelding-2020-04-23-om-14.44.23.png","contentUrl":"https:\/\/dammedical.nl\/wp-content\/uploads\/2020\/04\/Schermafbeelding-2020-04-23-om-14.44.23.png","width":1386,"height":1022},{"@type":"BreadcrumbList","@id":"https:\/\/dammedical.nl\/fr\/flet\/#breadcrumb","itemListElement":[{"@type":"ListItem","position":1,"name":"Home","item":"https:\/\/dammedical.nl\/fr\/accueil\/"},{"@type":"ListItem","position":2,"name":"Flet"}]},{"@type":"WebSite","@id":"https:\/\/dammedical.nl\/fr\/#website","url":"https:\/\/dammedical.nl\/fr\/","name":"Dam Medical","description":"Innovatief in chirurgie","publisher":{"@id":"https:\/\/dammedical.nl\/fr\/#organization"},"potentialAction":[{"@type":"SearchAction","target":{"@type":"EntryPoint","urlTemplate":"https:\/\/dammedical.nl\/fr\/?s={search_term_string}"},"query-input":{"@type":"PropertyValueSpecification","valueRequired":true,"valueName":"search_term_string"}}],"inLanguage":"fr-FR"},{"@type":"Organization","@id":"https:\/\/dammedical.nl\/fr\/#organization","name":"Dam Medical","url":"https:\/\/dammedical.nl\/fr\/","logo":{"@type":"ImageObject","inLanguage":"fr-FR","@id":"https:\/\/dammedical.nl\/fr\/#\/schema\/logo\/image\/","url":"https:\/\/dammedical.nl\/wp-content\/uploads\/2025\/05\/logo_DamMedical-rgb-pos-e1749559852320.png","contentUrl":"https:\/\/dammedical.nl\/wp-content\/uploads\/2025\/05\/logo_DamMedical-rgb-pos-e1749559852320.png","width":1977,"height":500,"caption":"Dam Medical"},"image":{"@id":"https:\/\/dammedical.nl\/fr\/#\/schema\/logo\/image\/"}}]}},"_links":{"self":[{"href":"https:\/\/dammedical.nl\/fr\/wp-json\/wp\/v2\/pages\/4227","targetHints":{"allow":["GET"]}}],"collection":[{"href":"https:\/\/dammedical.nl\/fr\/wp-json\/wp\/v2\/pages"}],"about":[{"href":"https:\/\/dammedical.nl\/fr\/wp-json\/wp\/v2\/types\/page"}],"author":[{"embeddable":true,"href":"https:\/\/dammedical.nl\/fr\/wp-json\/wp\/v2\/users\/3"}],"replies":[{"embeddable":true,"href":"https:\/\/dammedical.nl\/fr\/wp-json\/wp\/v2\/comments?post=4227"}],"version-history":[{"count":1,"href":"https:\/\/dammedical.nl\/fr\/wp-json\/wp\/v2\/pages\/4227\/revisions"}],"predecessor-version":[{"id":4228,"href":"https:\/\/dammedical.nl\/fr\/wp-json\/wp\/v2\/pages\/4227\/revisions\/4228"}],"wp:featuredmedia":[{"embeddable":true,"href":"https:\/\/dammedical.nl\/fr\/wp-json\/wp\/v2\/media\/3862"}],"wp:attachment":[{"href":"https:\/\/dammedical.nl\/fr\/wp-json\/wp\/v2\/media?parent=4227"}],"curies":[{"name":"wp","href":"https:\/\/api.w.org\/{rel}","templated":true}]}}