{"id":4229,"date":"2025-06-11T14:15:34","date_gmt":"2025-06-11T14:15:34","guid":{"rendered":"https:\/\/dammedical.nl\/dpt\/"},"modified":"2025-10-02T13:12:24","modified_gmt":"2025-10-02T13:12:24","slug":"dpt","status":"publish","type":"page","link":"https:\/\/dammedical.nl\/fr\/dpt\/","title":{"rendered":"DPT"},"content":{"rendered":"\t\t<div data-elementor-type=\"wp-page\" data-elementor-id=\"4229\" class=\"elementor elementor-4229 elementor-971\" data-elementor-post-type=\"page\">\n\t\t\t\t<div class=\"elementor-element elementor-element-1e387e9a e-flex e-con-boxed e-con e-child\" data-id=\"1e387e9a\" data-element_type=\"container\" data-settings=\"{&quot;background_background&quot;:&quot;gradient&quot;}\">\n\t\t\t\t\t<div class=\"e-con-inner\">\n\t\t<div class=\"elementor-element elementor-element-137e2e74 e-flex e-con-boxed e-con e-child\" data-id=\"137e2e74\" data-element_type=\"container\">\n\t\t\t\t\t<div class=\"e-con-inner\">\n\t\t\t\t<div class=\"elementor-element elementor-element-1156201d elementor-widget elementor-widget-heading\" data-id=\"1156201d\" data-element_type=\"widget\" data-widget_type=\"heading.default\">\n\t\t\t\t<div class=\"elementor-widget-container\">\n\t\t\t\t\t<h1 class=\"elementor-heading-title elementor-size-default\">DPT<\/h1>\t\t\t\t<\/div>\n\t\t\t\t<\/div>\n\t\t\t\t\t<\/div>\n\t\t\t\t<\/div>\n\t\t\t\t\t<\/div>\n\t\t\t\t<\/div>\n\t\t<div class=\"elementor-element elementor-element-48a1abc6 e-flex e-con-boxed e-con e-parent\" data-id=\"48a1abc6\" data-element_type=\"container\" data-settings=\"{&quot;background_background&quot;:&quot;classic&quot;}\">\n\t\t\t\t\t<div class=\"e-con-inner\">\n\t\t<div class=\"elementor-element elementor-element-618828f9 e-con-full e-flex e-con e-child\" data-id=\"618828f9\" data-element_type=\"container\">\n\t\t\t\t<div class=\"elementor-element elementor-element-4f22a175 elementor-widget elementor-widget-heading\" data-id=\"4f22a175\" data-element_type=\"widget\" data-widget_type=\"heading.default\">\n\t\t\t\t<div class=\"elementor-widget-container\">\n\t\t\t\t\t<h6 class=\"elementor-heading-title elementor-size-default\">DISTRACTION TRANSPALATINE (TPD)<\/h6>\t\t\t\t<\/div>\n\t\t\t\t<\/div>\n\t\t\t\t<div class=\"elementor-element elementor-element-4e241ad5 elementor-widget elementor-widget-heading\" data-id=\"4e241ad5\" data-element_type=\"widget\" data-widget_type=\"heading.default\">\n\t\t\t\t<div class=\"elementor-widget-container\">\n\t\t\t\t\t<h3 class=\"elementor-heading-title elementor-size-default\">Profil de m\u00e2choire plus large<\/h3>\t\t\t\t<\/div>\n\t\t\t\t<\/div>\n\t\t\t\t<div class=\"elementor-element elementor-element-9142675 elementor-widget elementor-widget-heading\" data-id=\"9142675\" data-element_type=\"widget\" data-widget_type=\"heading.default\">\n\t\t\t\t<div class=\"elementor-widget-container\">\n\t\t\t\t\t<div class=\"elementor-heading-title elementor-size-default\">Un module TPD, ou TPD en abr\u00e9g\u00e9, peut \u00eatre utilis\u00e9 pour \u00e9largir la m\u00e2choire.<\/div>\t\t\t\t<\/div>\n\t\t\t\t<\/div>\n\t\t\t\t<div class=\"elementor-element elementor-element-31d7849b elementor-widget elementor-widget-text-editor\" data-id=\"31d7849b\" data-element_type=\"widget\" data-widget_type=\"text-editor.default\">\n\t\t\t\t<div class=\"elementor-widget-container\">\n\t\t\t\t\t\t\t\t\t<p>Une m\u00e2choire sup\u00e9rieure trop \u00e9troite peut causer des probl\u00e8mes. Il s&rsquo;agit notamment d&rsquo;un manque d&rsquo;espace pour les dents, d&rsquo;une occlusion perturb\u00e9e et d&rsquo;une respiration buccale. L&rsquo;extraction de dents et le traitement par appareil dentaire (orthodontie) peuvent r\u00e9soudre certains de ces probl\u00e8mes.<\/p><p>Mais ces proc\u00e9dures ne r\u00e9solvent pas le probl\u00e8me de la petite m\u00e2choire. Un DPT peut \u00eatre utilis\u00e9 pour \u00e9largir la m\u00e2choire.<\/p>\t\t\t\t\t\t\t\t<\/div>\n\t\t\t\t<\/div>\n\t\t\t\t<div class=\"elementor-element elementor-element-304ed776 elementor-mobile-align-justify elementor-widget elementor-widget-button\" data-id=\"304ed776\" data-element_type=\"widget\" data-widget_type=\"button.default\">\n\t\t\t\t<div class=\"elementor-widget-container\">\n\t\t\t\t\t\t\t\t\t<div class=\"elementor-button-wrapper\">\n\t\t\t\t\t<a class=\"elementor-button elementor-button-link elementor-size-md\" href=\"https:\/\/dammedical.nl\/wp-content\/uploads\/2025\/09\/DAM-2025-TPD-NEO-brochure.pdf\" target=\"_blank\">\n\t\t\t\t\t\t<span class=\"elementor-button-content-wrapper\">\n\t\t\t\t\t\t<span class=\"elementor-button-icon\">\n\t\t\t\t<svg aria-hidden=\"true\" class=\"e-font-icon-svg e-far-file-alt\" viewBox=\"0 0 384 512\" xmlns=\"http:\/\/www.w3.org\/2000\/svg\"><path d=\"M288 248v28c0 6.6-5.4 12-12 12H108c-6.6 0-12-5.4-12-12v-28c0-6.6 5.4-12 12-12h168c6.6 0 12 5.4 12 12zm-12 72H108c-6.6 0-12 5.4-12 12v28c0 6.6 5.4 12 12 12h168c6.6 0 12-5.4 12-12v-28c0-6.6-5.4-12-12-12zm108-188.1V464c0 26.5-21.5 48-48 48H48c-26.5 0-48-21.5-48-48V48C0 21.5 21.5 0 48 0h204.1C264.8 0 277 5.1 286 14.1L369.9 98c9 8.9 14.1 21.2 14.1 33.9zm-128-80V128h76.1L256 51.9zM336 464V176H232c-13.3 0-24-10.7-24-24V48H48v416h288z\"><\/path><\/svg>\t\t\t<\/span>\n\t\t\t\t\t\t\t\t\t<span class=\"elementor-button-text\">Consultez la brochure de la DPT ici<\/span>\n\t\t\t\t\t<\/span>\n\t\t\t\t\t<\/a>\n\t\t\t\t<\/div>\n\t\t\t\t\t\t\t\t<\/div>\n\t\t\t\t<\/div>\n\t\t\t\t<div class=\"elementor-element elementor-element-ca4b077 elementor-mobile-align-justify elementor-widget elementor-widget-button\" data-id=\"ca4b077\" data-element_type=\"widget\" data-widget_type=\"button.default\">\n\t\t\t\t<div class=\"elementor-widget-container\">\n\t\t\t\t\t\t\t\t\t<div class=\"elementor-button-wrapper\">\n\t\t\t\t\t<a class=\"elementor-button elementor-button-link elementor-size-md\" href=\"https:\/\/dammedical.nl\/wp-content\/uploads\/2021\/12\/TPD-IFU-NEDERLANDS.pdf\" target=\"_blank\">\n\t\t\t\t\t\t<span class=\"elementor-button-content-wrapper\">\n\t\t\t\t\t\t\t\t\t<span class=\"elementor-button-text\">Consultez l'IFU en n\u00e9erlandais ici<\/span>\n\t\t\t\t\t<\/span>\n\t\t\t\t\t<\/a>\n\t\t\t\t<\/div>\n\t\t\t\t\t\t\t\t<\/div>\n\t\t\t\t<\/div>\n\t\t\t\t<\/div>\n\t\t<div class=\"elementor-element elementor-element-21c8e58a e-con-full e-flex e-con e-child\" data-id=\"21c8e58a\" data-element_type=\"container\">\n\t\t\t\t<div class=\"elementor-element elementor-element-0a49c69 elementor-widget elementor-widget-image\" data-id=\"0a49c69\" data-element_type=\"widget\" data-widget_type=\"image.default\">\n\t\t\t\t<div class=\"elementor-widget-container\">\n\t\t\t\t\t\t\t\t\t\t\t\t\t\t\t<img fetchpriority=\"high\" decoding=\"async\" width=\"720\" height=\"514\" src=\"https:\/\/dammedical.nl\/wp-content\/uploads\/2025\/04\/TPD-NEO.jpg\" class=\"attachment-full size-full wp-image-3869\" alt=\"\" srcset=\"https:\/\/dammedical.nl\/wp-content\/uploads\/2025\/04\/TPD-NEO.jpg 720w, https:\/\/dammedical.nl\/wp-content\/uploads\/2025\/04\/TPD-NEO-300x214.jpg 300w, https:\/\/dammedical.nl\/wp-content\/uploads\/2025\/04\/TPD-NEO-600x428.jpg 600w\" sizes=\"(max-width: 720px) 100vw, 720px\" \/>\t\t\t\t\t\t\t\t\t\t\t\t\t\t\t<\/div>\n\t\t\t\t<\/div>\n\t\t\t\t<\/div>\n\t\t\t\t\t<\/div>\n\t\t\t\t<\/div>\n\t\t<div class=\"elementor-element elementor-element-1481d6e7 e-flex e-con-boxed e-con e-parent\" data-id=\"1481d6e7\" data-element_type=\"container\" data-settings=\"{&quot;background_background&quot;:&quot;classic&quot;}\">\n\t\t\t\t\t<div class=\"e-con-inner\">\n\t\t<div class=\"elementor-element elementor-element-413f2bbd e-con-full e-flex e-con e-child\" data-id=\"413f2bbd\" data-element_type=\"container\">\n\t\t\t\t<div class=\"elementor-element elementor-element-68581e3 elementor-widget elementor-widget-heading\" data-id=\"68581e3\" data-element_type=\"widget\" data-widget_type=\"heading.default\">\n\t\t\t\t<div class=\"elementor-widget-container\">\n\t\t\t\t\t<h3 class=\"elementor-heading-title elementor-size-default\">Avantages du DPT<\/h3>\t\t\t\t<\/div>\n\t\t\t\t<\/div>\n\t\t\t\t<div class=\"elementor-element elementor-element-55a2a0b0 elementor-widget elementor-widget-text-editor\" data-id=\"55a2a0b0\" data-element_type=\"widget\" data-widget_type=\"text-editor.default\">\n\t\t\t\t<div class=\"elementor-widget-container\">\n\t\t\t\t\t\t\t\t\t<p>L&rsquo;avantage d&rsquo;un DPT est que les forces sont exerc\u00e9es sur l&rsquo;os plut\u00f4t que sur les dents, comme lors de l&rsquo;\u00e9largissement d&rsquo;une m\u00e2choire \u00e9troite \u00e0 l&rsquo;aide d&rsquo;un appareil dentaire. Contrairement au traitement par appareil dentaire, les dents ne sont pas pouss\u00e9es vers l&rsquo;ext\u00e9rieur et les racines des dents ne sont pas expos\u00e9es.<\/p><p>Le module TPD Neo est d\u00e9sormais disponible en version st\u00e9rile. Les num\u00e9ros de commande sont les suivants :<\/p>\t\t\t\t\t\t\t\t<\/div>\n\t\t\t\t<\/div>\n\t\t<div class=\"elementor-element elementor-element-200b63f1 e-con-full e-flex e-con e-child\" data-id=\"200b63f1\" data-element_type=\"container\">\n\t\t\t\t<div class=\"elementor-element elementor-element-b089448 elementor-widget__width-initial elementor-widget-mobile__width-inherit elementor-icon-list--layout-traditional elementor-list-item-link-full_width elementor-widget elementor-widget-icon-list\" data-id=\"b089448\" data-element_type=\"widget\" data-widget_type=\"icon-list.default\">\n\t\t\t\t<div class=\"elementor-widget-container\">\n\t\t\t\t\t\t\t<ul class=\"elementor-icon-list-items\">\n\t\t\t\t\t\t\t<li class=\"elementor-icon-list-item\">\n\t\t\t\t\t\t\t\t\t\t\t<span class=\"elementor-icon-list-icon\">\n\t\t\t\t\t\t\t<svg aria-hidden=\"true\" class=\"e-font-icon-svg e-fas-circle\" viewBox=\"0 0 512 512\" xmlns=\"http:\/\/www.w3.org\/2000\/svg\"><path d=\"M256 8C119 8 8 119 8 256s111 248 248 248 248-111 248-248S393 8 256 8z\"><\/path><\/svg>\t\t\t\t\t\t<\/span>\n\t\t\t\t\t\t\t\t\t\t<span class=\"elementor-icon-list-text\">03-701A-STER - TPD neo module 1 17-24mm distraction 7mm, st\u00e9rile<\/span>\n\t\t\t\t\t\t\t\t\t<\/li>\n\t\t\t\t\t\t\t\t<li class=\"elementor-icon-list-item\">\n\t\t\t\t\t\t\t\t\t\t\t<span class=\"elementor-icon-list-icon\">\n\t\t\t\t\t\t\t<svg aria-hidden=\"true\" class=\"e-font-icon-svg e-fas-circle\" viewBox=\"0 0 512 512\" xmlns=\"http:\/\/www.w3.org\/2000\/svg\"><path d=\"M256 8C119 8 8 119 8 256s111 248 248 248 248-111 248-248S393 8 256 8z\"><\/path><\/svg>\t\t\t\t\t\t<\/span>\n\t\t\t\t\t\t\t\t\t\t<span class=\"elementor-icon-list-text\">03-702A-STER - TPD neo module 2 20-32mm distraction 12mm, st\u00e9rile<\/span>\n\t\t\t\t\t\t\t\t\t<\/li>\n\t\t\t\t\t\t\t\t<li class=\"elementor-icon-list-item\">\n\t\t\t\t\t\t\t\t\t\t\t<span class=\"elementor-icon-list-icon\">\n\t\t\t\t\t\t\t<svg aria-hidden=\"true\" class=\"e-font-icon-svg e-fas-circle\" viewBox=\"0 0 512 512\" xmlns=\"http:\/\/www.w3.org\/2000\/svg\"><path d=\"M256 8C119 8 8 119 8 256s111 248 248 248 248-111 248-248S393 8 256 8z\"><\/path><\/svg>\t\t\t\t\t\t<\/span>\n\t\t\t\t\t\t\t\t\t\t<span class=\"elementor-icon-list-text\">03-725A-STER - TPD neo module 2.5 - 24-43mm distraction 19mm, st\u00e9rile<\/span>\n\t\t\t\t\t\t\t\t\t<\/li>\n\t\t\t\t\t\t\t\t<li class=\"elementor-icon-list-item\">\n\t\t\t\t\t\t\t\t\t\t\t<span class=\"elementor-icon-list-icon\">\n\t\t\t\t\t\t\t<svg aria-hidden=\"true\" class=\"e-font-icon-svg e-fas-circle\" viewBox=\"0 0 512 512\" xmlns=\"http:\/\/www.w3.org\/2000\/svg\"><path d=\"M256 8C119 8 8 119 8 256s111 248 248 248 248-111 248-248S393 8 256 8z\"><\/path><\/svg>\t\t\t\t\t\t<\/span>\n\t\t\t\t\t\t\t\t\t\t<span class=\"elementor-icon-list-text\">03-703A-STER - TPD neo module 3 - 27-52mm distraction 25mm, st\u00e9rile<\/span>\n\t\t\t\t\t\t\t\t\t<\/li>\n\t\t\t\t\t\t<\/ul>\n\t\t\t\t\t\t<\/div>\n\t\t\t\t<\/div>\n\t\t\t\t<\/div>\n\t\t\t\t<\/div>\n\t\t\t\t<div class=\"elementor-element elementor-element-8aa3dc0 elementor-widget elementor-widget-text-editor\" data-id=\"8aa3dc0\" data-element_type=\"widget\" data-widget_type=\"text-editor.default\">\n\t\t\t\t<div class=\"elementor-widget-container\">\n\t\t\t\t\t\t\t\t\t<p>D\u00e9marrer le DPT ? Contactez notre service client\u00e8le pour obtenir des conseils.<\/p>\t\t\t\t\t\t\t\t<\/div>\n\t\t\t\t<\/div>\n\t\t\t\t\t<\/div>\n\t\t\t\t<\/div>\n\t\t\t\t<\/div>\n\t\t","protected":false},"excerpt":{"rendered":"<p>DISTRACTION TRANSPALATINE (TPD) Profil de m\u00e2choire plus large Un module TPD, ou TPD en abr\u00e9g\u00e9, peut \u00eatre utilis\u00e9 pour \u00e9largir la m\u00e2choire. Une m\u00e2choire sup\u00e9rieure trop \u00e9troite peut causer des probl\u00e8mes. Il s&rsquo;agit notamment d&rsquo;un manque d&rsquo;espace pour les dents, d&rsquo;une occlusion perturb\u00e9e et d&rsquo;une respiration buccale. L&rsquo;extraction de dents et le traitement par appareil [&hellip;]<\/p>\n","protected":false},"author":3,"featured_media":4230,"parent":0,"menu_order":0,"comment_status":"closed","ping_status":"closed","template":"elementor_header_footer","meta":{"footnotes":""},"class_list":["post-4229","page","type-page","status-publish","has-post-thumbnail","hentry"],"yoast_head":"<!-- This site is optimized with the Yoast SEO plugin v26.3 - https:\/\/yoast.com\/wordpress\/plugins\/seo\/ -->\n<title>DPT - Dam Medical<\/title>\n<meta name=\"description\" content=\"Avec un DPT, la m\u00e2choire peut \u00eatre \u00e9largie de mani\u00e8re efficace. Les forces agissent sur l&#039;os et non sur les dents, pour un r\u00e9sultat plus stable.\" \/>\n<meta name=\"robots\" content=\"index, follow, max-snippet:-1, max-image-preview:large, max-video-preview:-1\" \/>\n<link rel=\"canonical\" href=\"https:\/\/dammedical.nl\/fr\/dpt\/\" \/>\n<meta property=\"og:locale\" content=\"fr_FR\" \/>\n<meta property=\"og:type\" content=\"article\" \/>\n<meta property=\"og:title\" content=\"DPT - Dam Medical\" \/>\n<meta property=\"og:description\" content=\"Avec un DPT, la m\u00e2choire peut \u00eatre \u00e9largie de mani\u00e8re efficace. Les forces agissent sur l&#039;os et non sur les dents, pour un r\u00e9sultat plus stable.\" \/>\n<meta property=\"og:url\" content=\"https:\/\/dammedical.nl\/fr\/dpt\/\" \/>\n<meta property=\"og:site_name\" content=\"Dam Medical\" \/>\n<meta property=\"article:modified_time\" content=\"2025-10-02T13:12:24+00:00\" \/>\n<meta property=\"og:image\" content=\"https:\/\/dammedical.nl\/wp-content\/uploads\/2021\/12\/03-701A-TPD-2.jpg\" \/>\n\t<meta property=\"og:image:width\" content=\"395\" \/>\n\t<meta property=\"og:image:height\" content=\"344\" \/>\n\t<meta property=\"og:image:type\" content=\"image\/jpeg\" \/>\n<meta name=\"twitter:card\" content=\"summary_large_image\" \/>\n<meta name=\"twitter:label1\" content=\"Dur\u00e9e de lecture estim\u00e9e\" \/>\n\t<meta name=\"twitter:data1\" content=\"1 minute\" \/>\n<script type=\"application\/ld+json\" class=\"yoast-schema-graph\">{\"@context\":\"https:\/\/schema.org\",\"@graph\":[{\"@type\":\"WebPage\",\"@id\":\"https:\/\/dammedical.nl\/fr\/dpt\/\",\"url\":\"https:\/\/dammedical.nl\/fr\/dpt\/\",\"name\":\"DPT - Dam Medical\",\"isPartOf\":{\"@id\":\"https:\/\/dammedical.nl\/fr\/#website\"},\"primaryImageOfPage\":{\"@id\":\"https:\/\/dammedical.nl\/fr\/dpt\/#primaryimage\"},\"image\":{\"@id\":\"https:\/\/dammedical.nl\/fr\/dpt\/#primaryimage\"},\"thumbnailUrl\":\"https:\/\/dammedical.nl\/wp-content\/uploads\/2021\/12\/03-701A-TPD-2.jpg\",\"datePublished\":\"2025-06-11T14:15:34+00:00\",\"dateModified\":\"2025-10-02T13:12:24+00:00\",\"description\":\"Avec un DPT, la m\u00e2choire peut \u00eatre \u00e9largie de mani\u00e8re efficace. Les forces agissent sur l'os et non sur les dents, pour un r\u00e9sultat plus stable.\",\"breadcrumb\":{\"@id\":\"https:\/\/dammedical.nl\/fr\/dpt\/#breadcrumb\"},\"inLanguage\":\"fr-FR\",\"potentialAction\":[{\"@type\":\"ReadAction\",\"target\":[\"https:\/\/dammedical.nl\/fr\/dpt\/\"]}]},{\"@type\":\"ImageObject\",\"inLanguage\":\"fr-FR\",\"@id\":\"https:\/\/dammedical.nl\/fr\/dpt\/#primaryimage\",\"url\":\"https:\/\/dammedical.nl\/wp-content\/uploads\/2021\/12\/03-701A-TPD-2.jpg\",\"contentUrl\":\"https:\/\/dammedical.nl\/wp-content\/uploads\/2021\/12\/03-701A-TPD-2.jpg\",\"width\":395,\"height\":344},{\"@type\":\"BreadcrumbList\",\"@id\":\"https:\/\/dammedical.nl\/fr\/dpt\/#breadcrumb\",\"itemListElement\":[{\"@type\":\"ListItem\",\"position\":1,\"name\":\"Home\",\"item\":\"https:\/\/dammedical.nl\/fr\/accueil\/\"},{\"@type\":\"ListItem\",\"position\":2,\"name\":\"DPT\"}]},{\"@type\":\"WebSite\",\"@id\":\"https:\/\/dammedical.nl\/fr\/#website\",\"url\":\"https:\/\/dammedical.nl\/fr\/\",\"name\":\"Dam Medical\",\"description\":\"Innovatief in chirurgie\",\"publisher\":{\"@id\":\"https:\/\/dammedical.nl\/fr\/#organization\"},\"potentialAction\":[{\"@type\":\"SearchAction\",\"target\":{\"@type\":\"EntryPoint\",\"urlTemplate\":\"https:\/\/dammedical.nl\/fr\/?s={search_term_string}\"},\"query-input\":{\"@type\":\"PropertyValueSpecification\",\"valueRequired\":true,\"valueName\":\"search_term_string\"}}],\"inLanguage\":\"fr-FR\"},{\"@type\":\"Organization\",\"@id\":\"https:\/\/dammedical.nl\/fr\/#organization\",\"name\":\"Dam Medical\",\"url\":\"https:\/\/dammedical.nl\/fr\/\",\"logo\":{\"@type\":\"ImageObject\",\"inLanguage\":\"fr-FR\",\"@id\":\"https:\/\/dammedical.nl\/fr\/#\/schema\/logo\/image\/\",\"url\":\"https:\/\/dammedical.nl\/wp-content\/uploads\/2025\/05\/logo_DamMedical-rgb-pos-e1749559852320.png\",\"contentUrl\":\"https:\/\/dammedical.nl\/wp-content\/uploads\/2025\/05\/logo_DamMedical-rgb-pos-e1749559852320.png\",\"width\":1977,\"height\":500,\"caption\":\"Dam Medical\"},\"image\":{\"@id\":\"https:\/\/dammedical.nl\/fr\/#\/schema\/logo\/image\/\"}}]}<\/script>\n<!-- \/ Yoast SEO plugin. -->","yoast_head_json":{"title":"DPT - Dam Medical","description":"Avec un DPT, la m\u00e2choire peut \u00eatre \u00e9largie de mani\u00e8re efficace. Les forces agissent sur l'os et non sur les dents, pour un r\u00e9sultat plus stable.","robots":{"index":"index","follow":"follow","max-snippet":"max-snippet:-1","max-image-preview":"max-image-preview:large","max-video-preview":"max-video-preview:-1"},"canonical":"https:\/\/dammedical.nl\/fr\/dpt\/","og_locale":"fr_FR","og_type":"article","og_title":"DPT - Dam Medical","og_description":"Avec un DPT, la m\u00e2choire peut \u00eatre \u00e9largie de mani\u00e8re efficace. Les forces agissent sur l'os et non sur les dents, pour un r\u00e9sultat plus stable.","og_url":"https:\/\/dammedical.nl\/fr\/dpt\/","og_site_name":"Dam Medical","article_modified_time":"2025-10-02T13:12:24+00:00","og_image":[{"width":395,"height":344,"url":"https:\/\/dammedical.nl\/wp-content\/uploads\/2021\/12\/03-701A-TPD-2.jpg","type":"image\/jpeg"}],"twitter_card":"summary_large_image","twitter_misc":{"Dur\u00e9e de lecture estim\u00e9e":"1 minute"},"schema":{"@context":"https:\/\/schema.org","@graph":[{"@type":"WebPage","@id":"https:\/\/dammedical.nl\/fr\/dpt\/","url":"https:\/\/dammedical.nl\/fr\/dpt\/","name":"DPT - Dam Medical","isPartOf":{"@id":"https:\/\/dammedical.nl\/fr\/#website"},"primaryImageOfPage":{"@id":"https:\/\/dammedical.nl\/fr\/dpt\/#primaryimage"},"image":{"@id":"https:\/\/dammedical.nl\/fr\/dpt\/#primaryimage"},"thumbnailUrl":"https:\/\/dammedical.nl\/wp-content\/uploads\/2021\/12\/03-701A-TPD-2.jpg","datePublished":"2025-06-11T14:15:34+00:00","dateModified":"2025-10-02T13:12:24+00:00","description":"Avec un DPT, la m\u00e2choire peut \u00eatre \u00e9largie de mani\u00e8re efficace. Les forces agissent sur l'os et non sur les dents, pour un r\u00e9sultat plus stable.","breadcrumb":{"@id":"https:\/\/dammedical.nl\/fr\/dpt\/#breadcrumb"},"inLanguage":"fr-FR","potentialAction":[{"@type":"ReadAction","target":["https:\/\/dammedical.nl\/fr\/dpt\/"]}]},{"@type":"ImageObject","inLanguage":"fr-FR","@id":"https:\/\/dammedical.nl\/fr\/dpt\/#primaryimage","url":"https:\/\/dammedical.nl\/wp-content\/uploads\/2021\/12\/03-701A-TPD-2.jpg","contentUrl":"https:\/\/dammedical.nl\/wp-content\/uploads\/2021\/12\/03-701A-TPD-2.jpg","width":395,"height":344},{"@type":"BreadcrumbList","@id":"https:\/\/dammedical.nl\/fr\/dpt\/#breadcrumb","itemListElement":[{"@type":"ListItem","position":1,"name":"Home","item":"https:\/\/dammedical.nl\/fr\/accueil\/"},{"@type":"ListItem","position":2,"name":"DPT"}]},{"@type":"WebSite","@id":"https:\/\/dammedical.nl\/fr\/#website","url":"https:\/\/dammedical.nl\/fr\/","name":"Dam Medical","description":"Innovatief in chirurgie","publisher":{"@id":"https:\/\/dammedical.nl\/fr\/#organization"},"potentialAction":[{"@type":"SearchAction","target":{"@type":"EntryPoint","urlTemplate":"https:\/\/dammedical.nl\/fr\/?s={search_term_string}"},"query-input":{"@type":"PropertyValueSpecification","valueRequired":true,"valueName":"search_term_string"}}],"inLanguage":"fr-FR"},{"@type":"Organization","@id":"https:\/\/dammedical.nl\/fr\/#organization","name":"Dam Medical","url":"https:\/\/dammedical.nl\/fr\/","logo":{"@type":"ImageObject","inLanguage":"fr-FR","@id":"https:\/\/dammedical.nl\/fr\/#\/schema\/logo\/image\/","url":"https:\/\/dammedical.nl\/wp-content\/uploads\/2025\/05\/logo_DamMedical-rgb-pos-e1749559852320.png","contentUrl":"https:\/\/dammedical.nl\/wp-content\/uploads\/2025\/05\/logo_DamMedical-rgb-pos-e1749559852320.png","width":1977,"height":500,"caption":"Dam Medical"},"image":{"@id":"https:\/\/dammedical.nl\/fr\/#\/schema\/logo\/image\/"}}]}},"_links":{"self":[{"href":"https:\/\/dammedical.nl\/fr\/wp-json\/wp\/v2\/pages\/4229","targetHints":{"allow":["GET"]}}],"collection":[{"href":"https:\/\/dammedical.nl\/fr\/wp-json\/wp\/v2\/pages"}],"about":[{"href":"https:\/\/dammedical.nl\/fr\/wp-json\/wp\/v2\/types\/page"}],"author":[{"embeddable":true,"href":"https:\/\/dammedical.nl\/fr\/wp-json\/wp\/v2\/users\/3"}],"replies":[{"embeddable":true,"href":"https:\/\/dammedical.nl\/fr\/wp-json\/wp\/v2\/comments?post=4229"}],"version-history":[{"count":1,"href":"https:\/\/dammedical.nl\/fr\/wp-json\/wp\/v2\/pages\/4229\/revisions"}],"predecessor-version":[{"id":4231,"href":"https:\/\/dammedical.nl\/fr\/wp-json\/wp\/v2\/pages\/4229\/revisions\/4231"}],"wp:featuredmedia":[{"embeddable":true,"href":"https:\/\/dammedical.nl\/fr\/wp-json\/wp\/v2\/media\/4230"}],"wp:attachment":[{"href":"https:\/\/dammedical.nl\/fr\/wp-json\/wp\/v2\/media?parent=4229"}],"curies":[{"name":"wp","href":"https:\/\/api.w.org\/{rel}","templated":true}]}}