{"id":4330,"date":"2025-05-27T11:20:29","date_gmt":"2025-05-27T11:20:29","guid":{"rendered":"https:\/\/dammedical.nl\/nsk\/"},"modified":"2025-10-02T13:14:16","modified_gmt":"2025-10-02T13:14:16","slug":"nsk","status":"publish","type":"page","link":"https:\/\/dammedical.nl\/fr\/nsk\/","title":{"rendered":"NSK"},"content":{"rendered":"\t\t<div data-elementor-type=\"wp-page\" data-elementor-id=\"4330\" class=\"elementor elementor-4330 elementor-419\" data-elementor-post-type=\"page\">\n\t\t\t\t<div class=\"elementor-element elementor-element-1693b7fd e-flex e-con-boxed e-con e-child\" data-id=\"1693b7fd\" data-element_type=\"container\" data-settings=\"{&quot;background_background&quot;:&quot;gradient&quot;}\">\n\t\t\t\t\t<div class=\"e-con-inner\">\n\t\t<div class=\"elementor-element elementor-element-681b0bf e-flex e-con-boxed e-con e-child\" data-id=\"681b0bf\" data-element_type=\"container\">\n\t\t\t\t\t<div class=\"e-con-inner\">\n\t\t\t\t<div class=\"elementor-element elementor-element-1d2dcd4c elementor-widget elementor-widget-heading\" data-id=\"1d2dcd4c\" data-element_type=\"widget\" data-widget_type=\"heading.default\">\n\t\t\t\t<div class=\"elementor-widget-container\">\n\t\t\t\t\t<h1 class=\"elementor-heading-title elementor-size-default\">NSK<\/h1>\t\t\t\t<\/div>\n\t\t\t\t<\/div>\n\t\t\t\t\t<\/div>\n\t\t\t\t<\/div>\n\t\t\t\t\t<\/div>\n\t\t\t\t<\/div>\n\t\t<div class=\"elementor-element elementor-element-30710198 e-flex e-con-boxed e-con e-parent\" data-id=\"30710198\" data-element_type=\"container\" data-settings=\"{&quot;background_background&quot;:&quot;classic&quot;}\">\n\t\t\t\t\t<div class=\"e-con-inner\">\n\t\t<div class=\"elementor-element elementor-element-6292e48 e-con-full e-flex e-con e-child\" data-id=\"6292e48\" data-element_type=\"container\">\n\t\t\t\t<div class=\"elementor-element elementor-element-b2a03f2 elementor-widget elementor-widget-heading\" data-id=\"b2a03f2\" data-element_type=\"widget\" data-widget_type=\"heading.default\">\n\t\t\t\t<div class=\"elementor-widget-container\">\n\t\t\t\t\t<h6 class=\"elementor-heading-title elementor-size-default\">NSK<\/h6>\t\t\t\t<\/div>\n\t\t\t\t<\/div>\n\t\t\t\t<div class=\"elementor-element elementor-element-4c8810a0 elementor-widget elementor-widget-heading\" data-id=\"4c8810a0\" data-element_type=\"widget\" data-widget_type=\"heading.default\">\n\t\t\t\t<div class=\"elementor-widget-container\">\n\t\t\t\t\t<h3 class=\"elementor-heading-title elementor-size-default\">Technologie innovante<\/h3>\t\t\t\t<\/div>\n\t\t\t\t<\/div>\n\t\t\t\t<div class=\"elementor-element elementor-element-4c143075 elementor-widget elementor-widget-heading\" data-id=\"4c143075\" data-element_type=\"widget\" data-widget_type=\"heading.default\">\n\t\t\t\t<div class=\"elementor-widget-container\">\n\t\t\t\t\t<div class=\"elementor-heading-title elementor-size-default\">NSK fabrique la plus vaste gamme d'instruments dentaires rotatifs, de moteurs et de micro-\u00e9quipements au monde. Les produits ont un excellent rapport qualit\u00e9-prix et n\u00e9cessitent peu d'entretien. <\/div>\t\t\t\t<\/div>\n\t\t\t\t<\/div>\n\t\t\t\t<div class=\"elementor-element elementor-element-8bb7c65 elementor-widget elementor-widget-text-editor\" data-id=\"8bb7c65\" data-element_type=\"widget\" data-widget_type=\"text-editor.default\">\n\t\t\t\t<div class=\"elementor-widget-container\">\n\t\t\t\t\t\t\t\t\t<p>Dam Medical B.V. est le distributeur exclusif pour les Pays-Bas des syst\u00e8mes chirurgicaux, tels que le micromoteur SurgicPro et le moteur ultrasonique VarioSurg avec les pi\u00e8ces manuelles et angulaires associ\u00e9es. Nous fournissons \u00e9galement les accessoires de nettoyage et d&rsquo;entretien correspondants, tels que le NSK PANA SPRAY plus. <\/p><p>L&rsquo;association des deux syst\u00e8mes de (micro)chirurgie\/implantologie (SurgicPro et VarioSurg) garantit une facilit\u00e9 d&rsquo;utilisation optimale.<\/p><p>Une seule p\u00e9dale est n\u00e9cessaire pour faire fonctionner les deux syst\u00e8mes. Depuis l&rsquo;arriv\u00e9e du NSK Surgic Pro2, cette p\u00e9dale est m\u00eame sans fil. <\/p><p>Une seule p\u00e9dale permet de r\u00e9gler la quantit\u00e9 de liquide d&rsquo;irrigation, de changer le sens de rotation et de s\u00e9lectionner diff\u00e9rents programmes. Parmi ces applications, citons : la chirurgie osseuse, le grattage, l&rsquo;extraction, le soul\u00e8vement des sinus, la pr\u00e9paration des implants, le descellement de la membrane sinusienne, l&rsquo;endo r\u00e9trograde, le d\u00e9tartrage supragingival et l&rsquo;entretien des proth\u00e8ses. <\/p><p>Le VarioSurg est l&rsquo;unit\u00e9 chirurgicale \u00e0 ultrasons la plus puissante de NSK, avec un gain de plus de 150 % par rapport \u00e0 son pr\u00e9d\u00e9cesseur.<\/p><p>Surgic Pro est la microperceuse chirurgicale de NSK pour la pose d&rsquo;implants et les proc\u00e9dures chirurgicales g\u00e9n\u00e9rales avec une s\u00e9curit\u00e9 suppl\u00e9mentaire gr\u00e2ce \u00e0 la technologie AHC (Advanced Handpiece Calibration-system).<\/p>\t\t\t\t\t\t\t\t<\/div>\n\t\t\t\t<\/div>\n\t\t\t\t<\/div>\n\t\t<div class=\"elementor-element elementor-element-3e614d80 e-con-full e-flex e-con e-child\" data-id=\"3e614d80\" data-element_type=\"container\">\n\t\t<div class=\"elementor-element elementor-element-7e61f7ec e-flex e-con-boxed e-con e-child\" data-id=\"7e61f7ec\" data-element_type=\"container\" data-settings=\"{&quot;background_background&quot;:&quot;classic&quot;}\">\n\t\t\t\t\t<div class=\"e-con-inner\">\n\t\t\t\t<div class=\"elementor-element elementor-element-33f0ee85 elementor-widget elementor-widget-heading\" data-id=\"33f0ee85\" data-element_type=\"widget\" data-widget_type=\"heading.default\">\n\t\t\t\t<div class=\"elementor-widget-container\">\n\t\t\t\t\t<h3 class=\"elementor-heading-title elementor-size-default\">Contact<\/h3>\t\t\t\t<\/div>\n\t\t\t\t<\/div>\n\t\t\t\t<div class=\"elementor-element elementor-element-3945b9d elementor-widget elementor-widget-heading\" data-id=\"3945b9d\" data-element_type=\"widget\" data-widget_type=\"heading.default\">\n\t\t\t\t<div class=\"elementor-widget-container\">\n\t\t\t\t\t<div class=\"elementor-heading-title elementor-size-default\">Pour plus d'informations, nous sommes \u00e0 votre disposition !<\/div>\t\t\t\t<\/div>\n\t\t\t\t<\/div>\n\t\t\t\t<div class=\"elementor-element elementor-element-74e5a9c4 elementor-button-align-stretch elementor-widget elementor-widget-form\" data-id=\"74e5a9c4\" data-element_type=\"widget\" data-settings=\"{&quot;step_next_label&quot;:&quot;Suivant&quot;,&quot;step_previous_label&quot;:&quot;Pr\\u00e9c\\u00e9dent&quot;,&quot;button_width&quot;:&quot;100&quot;,&quot;step_type&quot;:&quot;number_text&quot;,&quot;step_icon_shape&quot;:&quot;circle&quot;}\" data-widget_type=\"form.default\">\n\t\t\t\t<div class=\"elementor-widget-container\">\n\t\t\t\t\t\t\t<form class=\"elementor-form\" method=\"post\" name=\"Nouveau formulaire\" aria-label=\"Nouveau formulaire\">\n\t\t\t<input type=\"hidden\" name=\"post_id\" value=\"4330\"\/>\n\t\t\t<input type=\"hidden\" name=\"form_id\" value=\"74e5a9c4\"\/>\n\t\t\t<input type=\"hidden\" name=\"referer_title\" value=\"NSK %sepsitename%% - Exclusivement chez Dam Medical\" \/>\n\n\t\t\t\t\t\t\t<input type=\"hidden\" name=\"queried_id\" value=\"4330\"\/>\n\t\t\t\n\t\t\t<div class=\"elementor-form-fields-wrapper elementor-labels-above\">\n\t\t\t\t\t\t\t\t<div class=\"elementor-field-type-text elementor-field-group elementor-column elementor-field-group-name elementor-col-100 elementor-md-50 elementor-field-required elementor-mark-required\">\n\t\t\t\t\t\t\t\t\t\t\t\t<label for=\"form-field-name\" class=\"elementor-field-label\">\n\t\t\t\t\t\t\t\tNom\t\t\t\t\t\t\t<\/label>\n\t\t\t\t\t\t\t\t\t\t\t\t\t\t<input size=\"1\" type=\"text\" name=\"form_fields[name]\" id=\"form-field-name\" class=\"elementor-field elementor-size-sm  elementor-field-textual\" placeholder=\"Nom\" required=\"required\">\n\t\t\t\t\t\t\t\t\t\t\t<\/div>\n\t\t\t\t\t\t\t\t<div class=\"elementor-field-type-email elementor-field-group elementor-column elementor-field-group-field_d78ea4c elementor-col-100 elementor-md-50 elementor-field-required elementor-mark-required\">\n\t\t\t\t\t\t\t\t\t\t\t\t<label for=\"form-field-field_d78ea4c\" class=\"elementor-field-label\">\n\t\t\t\t\t\t\t\tCourriel\t\t\t\t\t\t\t<\/label>\n\t\t\t\t\t\t\t\t\t\t\t\t\t\t<input size=\"1\" type=\"email\" name=\"form_fields[field_d78ea4c]\" id=\"form-field-field_d78ea4c\" class=\"elementor-field elementor-size-sm  elementor-field-textual\" placeholder=\"Courriel\" required=\"required\">\n\t\t\t\t\t\t\t\t\t\t\t<\/div>\n\t\t\t\t\t\t\t\t<div class=\"elementor-field-type-text elementor-field-group elementor-column elementor-field-group-field_ab5baf9 elementor-col-100 elementor-md-50 elementor-field-required elementor-mark-required\">\n\t\t\t\t\t\t\t\t\t\t\t\t<label for=\"form-field-field_ab5baf9\" class=\"elementor-field-label\">\n\t\t\t\t\t\t\t\tL'organisation\t\t\t\t\t\t\t<\/label>\n\t\t\t\t\t\t\t\t\t\t\t\t\t\t<input size=\"1\" type=\"text\" name=\"form_fields[field_ab5baf9]\" id=\"form-field-field_ab5baf9\" class=\"elementor-field elementor-size-sm  elementor-field-textual\" placeholder=\"L&#039;organisation\" required=\"required\">\n\t\t\t\t\t\t\t\t\t\t\t<\/div>\n\t\t\t\t\t\t\t\t<div class=\"elementor-field-type-textarea elementor-field-group elementor-column elementor-field-group-message elementor-col-100 elementor-field-required elementor-mark-required\">\n\t\t\t\t\t\t\t\t\t\t\t\t<label for=\"form-field-message\" class=\"elementor-field-label\">\n\t\t\t\t\t\t\t\tMessage\t\t\t\t\t\t\t<\/label>\n\t\t\t\t\t\t<textarea class=\"elementor-field-textual elementor-field  elementor-size-sm\" name=\"form_fields[message]\" id=\"form-field-message\" rows=\"4\" placeholder=\"Message\" required=\"required\"><\/textarea>\t\t\t\t<\/div>\n\t\t\t\t\t\t\t\t<div class=\"elementor-field-group elementor-column elementor-field-type-submit elementor-col-100 e-form__buttons\">\n\t\t\t\t\t<button class=\"elementor-button elementor-size-sm\" type=\"submit\">\n\t\t\t\t\t\t<span class=\"elementor-button-content-wrapper\">\n\t\t\t\t\t\t\t\t\t\t\t\t\t\t\t\t\t\t\t\t\t\t<span class=\"elementor-button-text\">Exp\u00e9dition<\/span>\n\t\t\t\t\t\t\t\t\t\t\t\t\t<\/span>\n\t\t\t\t\t<\/button>\n\t\t\t\t<\/div>\n\t\t\t<\/div>\n\t\t<\/form>\n\t\t\t\t\t\t<\/div>\n\t\t\t\t<\/div>\n\t\t\t\t\t<\/div>\n\t\t\t\t<\/div>\n\t\t\t\t<div class=\"elementor-element elementor-element-f7f1843 elementor-widget elementor-widget-image\" data-id=\"f7f1843\" data-element_type=\"widget\" data-widget_type=\"image.default\">\n\t\t\t\t<div class=\"elementor-widget-container\">\n\t\t\t\t\t\t\t\t\t\t\t\t\t\t\t<img fetchpriority=\"high\" decoding=\"async\" width=\"800\" height=\"292\" src=\"https:\/\/dammedical.nl\/wp-content\/uploads\/2025\/05\/logo-NSK-1024x374.jpg\" class=\"attachment-large size-large wp-image-3941\" alt=\"\" srcset=\"https:\/\/dammedical.nl\/wp-content\/uploads\/2025\/05\/logo-NSK-1024x374.jpg 1024w, https:\/\/dammedical.nl\/wp-content\/uploads\/2025\/05\/logo-NSK-600x219.jpg 600w, https:\/\/dammedical.nl\/wp-content\/uploads\/2025\/05\/logo-NSK-300x109.jpg 300w, https:\/\/dammedical.nl\/wp-content\/uploads\/2025\/05\/logo-NSK-768x280.jpg 768w, https:\/\/dammedical.nl\/wp-content\/uploads\/2025\/05\/logo-NSK.jpg 1211w\" sizes=\"(max-width: 800px) 100vw, 800px\" \/>\t\t\t\t\t\t\t\t\t\t\t\t\t\t\t<\/div>\n\t\t\t\t<\/div>\n\t\t\t\t<\/div>\n\t\t\t\t\t<\/div>\n\t\t\t\t<\/div>\n\t\t<div class=\"elementor-element elementor-element-47ce4dfb e-flex e-con-boxed e-con e-parent\" data-id=\"47ce4dfb\" data-element_type=\"container\" data-settings=\"{&quot;background_background&quot;:&quot;classic&quot;}\">\n\t\t\t\t\t<div class=\"e-con-inner\">\n\t\t<div class=\"elementor-element elementor-element-76b43f69 e-flex e-con-boxed elementor-invisible e-con e-child\" data-id=\"76b43f69\" data-element_type=\"container\" data-settings=\"{&quot;background_background&quot;:&quot;classic&quot;,&quot;animation&quot;:&quot;fadeInDown&quot;}\">\n\t\t\t\t\t<div class=\"e-con-inner\">\n\t\t\t\t<div class=\"elementor-element elementor-element-348c482 elementor-widget elementor-widget-video\" data-id=\"348c482\" data-element_type=\"widget\" data-settings=\"{&quot;youtube_url&quot;:&quot;https:\\\/\\\/youtu.be\\\/DDelAzjHoDA?si=r49Z42BPuYdlpUM0&quot;,&quot;show_image_overlay&quot;:&quot;yes&quot;,&quot;image_overlay&quot;:{&quot;url&quot;:&quot;https:\\\/\\\/dammedical.nl\\\/wp-content\\\/uploads\\\/2025\\\/05\\\/SP2-VS4-link.png&quot;,&quot;id&quot;:4163,&quot;size&quot;:&quot;&quot;,&quot;alt&quot;:&quot;&quot;,&quot;source&quot;:&quot;library&quot;},&quot;video_type&quot;:&quot;youtube&quot;,&quot;controls&quot;:&quot;yes&quot;}\" data-widget_type=\"video.default\">\n\t\t\t\t<div class=\"elementor-widget-container\">\n\t\t\t\t\t\t\t<div class=\"elementor-wrapper elementor-open-inline\">\n\t\t\t<div class=\"elementor-video\"><\/div>\t\t\t\t<div class=\"elementor-custom-embed-image-overlay\" style=\"background-image: url(https:\/\/dammedical.nl\/wp-content\/uploads\/2025\/05\/SP2-VS4-link.png);\">\n\t\t\t\t\t\t\t\t\t\t\t\t\t\t\t\t<div class=\"elementor-custom-embed-play\" role=\"button\" aria-label=\"Lire la vid\u00e9o\" tabindex=\"0\">\n\t\t\t\t\t\t\t<svg aria-hidden=\"true\" class=\"e-font-icon-svg e-eicon-play\" viewBox=\"0 0 1000 1000\" xmlns=\"http:\/\/www.w3.org\/2000\/svg\"><path d=\"M838 162C746 71 633 25 500 25 371 25 258 71 163 162 71 254 25 367 25 500 25 633 71 746 163 837 254 929 367 979 500 979 633 979 746 933 838 837 929 746 975 633 975 500 975 367 929 254 838 162M808 192C892 279 933 379 933 500 933 621 892 725 808 808 725 892 621 938 500 938 379 938 279 896 196 808 113 725 67 621 67 500 67 379 108 279 196 192 279 108 383 62 500 62 621 62 721 108 808 192M438 392V642L642 517 438 392Z\"><\/path><\/svg>\t\t\t\t\t\t<\/div>\n\t\t\t\t\t\t\t\t\t<\/div>\n\t\t\t\t\t<\/div>\n\t\t\t\t\t\t<\/div>\n\t\t\t\t<\/div>\n\t\t\t\t\t<\/div>\n\t\t\t\t<\/div>\n\t\t\t\t\t<\/div>\n\t\t\t\t<\/div>\n\t\t\t\t<\/div>\n\t\t","protected":false},"excerpt":{"rendered":"<p>NSK Technologie innovante NSK fabrique la plus vaste gamme d&rsquo;instruments dentaires rotatifs, de moteurs et de micro-\u00e9quipements au monde. Les produits ont un excellent rapport qualit\u00e9-prix et n\u00e9cessitent peu d&rsquo;entretien. Dam Medical B.V. est le distributeur exclusif pour les Pays-Bas des syst\u00e8mes chirurgicaux, tels que le micromoteur SurgicPro et le moteur ultrasonique VarioSurg avec les [&hellip;]<\/p>\n","protected":false},"author":3,"featured_media":4331,"parent":0,"menu_order":0,"comment_status":"closed","ping_status":"closed","template":"elementor_header_footer","meta":{"footnotes":""},"class_list":["post-4330","page","type-page","status-publish","has-post-thumbnail","hentry"],"yoast_head":"<!-- This site is optimized with the Yoast SEO plugin v26.3 - https:\/\/yoast.com\/wordpress\/plugins\/seo\/ -->\n<title>NSK %sepsitename%% - Exclusivement chez Dam Medical<\/title>\n<meta name=\"description\" content=\"DAM Medical est le distributeur exclusif de NSK Surgic Pro et VarioSurg aux Pays-Bas. Contactez-nous pour plus d&#039;informations ou une pr\u00e9sentation.\" \/>\n<meta name=\"robots\" content=\"index, follow, max-snippet:-1, max-image-preview:large, max-video-preview:-1\" \/>\n<link rel=\"canonical\" href=\"https:\/\/dammedical.nl\/fr\/nsk\/\" \/>\n<meta property=\"og:locale\" content=\"fr_FR\" \/>\n<meta property=\"og:type\" content=\"article\" \/>\n<meta property=\"og:title\" content=\"NSK %sepsitename%% - Exclusivement chez Dam Medical\" \/>\n<meta property=\"og:description\" content=\"DAM Medical est le distributeur exclusif de NSK Surgic Pro et VarioSurg aux Pays-Bas. Contactez-nous pour plus d&#039;informations ou une pr\u00e9sentation.\" \/>\n<meta property=\"og:url\" content=\"https:\/\/dammedical.nl\/fr\/nsk\/\" \/>\n<meta property=\"og:site_name\" content=\"Dam Medical\" \/>\n<meta property=\"article:modified_time\" content=\"2025-10-02T13:14:16+00:00\" \/>\n<meta property=\"og:image\" content=\"https:\/\/dammedical.nl\/wp-content\/uploads\/2025\/05\/SP2-VS4-Osseo-link.png\" \/>\n\t<meta property=\"og:image:width\" content=\"500\" \/>\n\t<meta property=\"og:image:height\" content=\"461\" \/>\n\t<meta property=\"og:image:type\" content=\"image\/png\" \/>\n<meta name=\"twitter:card\" content=\"summary_large_image\" \/>\n<meta name=\"twitter:label1\" content=\"Dur\u00e9e de lecture estim\u00e9e\" \/>\n\t<meta name=\"twitter:data1\" content=\"1 minute\" \/>\n<script type=\"application\/ld+json\" class=\"yoast-schema-graph\">{\"@context\":\"https:\/\/schema.org\",\"@graph\":[{\"@type\":\"WebPage\",\"@id\":\"https:\/\/dammedical.nl\/fr\/nsk\/\",\"url\":\"https:\/\/dammedical.nl\/fr\/nsk\/\",\"name\":\"NSK %sepsitename%% - Exclusivement chez Dam Medical\",\"isPartOf\":{\"@id\":\"https:\/\/dammedical.nl\/fr\/#website\"},\"primaryImageOfPage\":{\"@id\":\"https:\/\/dammedical.nl\/fr\/nsk\/#primaryimage\"},\"image\":{\"@id\":\"https:\/\/dammedical.nl\/fr\/nsk\/#primaryimage\"},\"thumbnailUrl\":\"https:\/\/dammedical.nl\/wp-content\/uploads\/2025\/05\/SP2-VS4-Osseo-link.png\",\"datePublished\":\"2025-05-27T11:20:29+00:00\",\"dateModified\":\"2025-10-02T13:14:16+00:00\",\"description\":\"DAM Medical est le distributeur exclusif de NSK Surgic Pro et VarioSurg aux Pays-Bas. Contactez-nous pour plus d'informations ou une pr\u00e9sentation.\",\"breadcrumb\":{\"@id\":\"https:\/\/dammedical.nl\/fr\/nsk\/#breadcrumb\"},\"inLanguage\":\"fr-FR\",\"potentialAction\":[{\"@type\":\"ReadAction\",\"target\":[\"https:\/\/dammedical.nl\/fr\/nsk\/\"]}]},{\"@type\":\"ImageObject\",\"inLanguage\":\"fr-FR\",\"@id\":\"https:\/\/dammedical.nl\/fr\/nsk\/#primaryimage\",\"url\":\"https:\/\/dammedical.nl\/wp-content\/uploads\/2025\/05\/SP2-VS4-Osseo-link.png\",\"contentUrl\":\"https:\/\/dammedical.nl\/wp-content\/uploads\/2025\/05\/SP2-VS4-Osseo-link.png\",\"width\":500,\"height\":461,\"caption\":\"La nouvelle norme en mati\u00e8re de chirurgie buccale et d'implantologie. Le NSK Surgic Pro2, VarioSurg3 et Osseo ISQ connect\u00e9s avec une p\u00e9dale sans fil.\"},{\"@type\":\"BreadcrumbList\",\"@id\":\"https:\/\/dammedical.nl\/fr\/nsk\/#breadcrumb\",\"itemListElement\":[{\"@type\":\"ListItem\",\"position\":1,\"name\":\"Home\",\"item\":\"https:\/\/dammedical.nl\/fr\/accueil\/\"},{\"@type\":\"ListItem\",\"position\":2,\"name\":\"NSK\"}]},{\"@type\":\"WebSite\",\"@id\":\"https:\/\/dammedical.nl\/fr\/#website\",\"url\":\"https:\/\/dammedical.nl\/fr\/\",\"name\":\"Dam Medical\",\"description\":\"Innovatief in chirurgie\",\"publisher\":{\"@id\":\"https:\/\/dammedical.nl\/fr\/#organization\"},\"potentialAction\":[{\"@type\":\"SearchAction\",\"target\":{\"@type\":\"EntryPoint\",\"urlTemplate\":\"https:\/\/dammedical.nl\/fr\/?s={search_term_string}\"},\"query-input\":{\"@type\":\"PropertyValueSpecification\",\"valueRequired\":true,\"valueName\":\"search_term_string\"}}],\"inLanguage\":\"fr-FR\"},{\"@type\":\"Organization\",\"@id\":\"https:\/\/dammedical.nl\/fr\/#organization\",\"name\":\"Dam Medical\",\"url\":\"https:\/\/dammedical.nl\/fr\/\",\"logo\":{\"@type\":\"ImageObject\",\"inLanguage\":\"fr-FR\",\"@id\":\"https:\/\/dammedical.nl\/fr\/#\/schema\/logo\/image\/\",\"url\":\"https:\/\/dammedical.nl\/wp-content\/uploads\/2025\/05\/logo_DamMedical-rgb-pos-e1749559852320.png\",\"contentUrl\":\"https:\/\/dammedical.nl\/wp-content\/uploads\/2025\/05\/logo_DamMedical-rgb-pos-e1749559852320.png\",\"width\":1977,\"height\":500,\"caption\":\"Dam Medical\"},\"image\":{\"@id\":\"https:\/\/dammedical.nl\/fr\/#\/schema\/logo\/image\/\"}}]}<\/script>\n<!-- \/ Yoast SEO plugin. -->","yoast_head_json":{"title":"NSK %sepsitename%% - Exclusivement chez Dam Medical","description":"DAM Medical est le distributeur exclusif de NSK Surgic Pro et VarioSurg aux Pays-Bas. Contactez-nous pour plus d'informations ou une pr\u00e9sentation.","robots":{"index":"index","follow":"follow","max-snippet":"max-snippet:-1","max-image-preview":"max-image-preview:large","max-video-preview":"max-video-preview:-1"},"canonical":"https:\/\/dammedical.nl\/fr\/nsk\/","og_locale":"fr_FR","og_type":"article","og_title":"NSK %sepsitename%% - Exclusivement chez Dam Medical","og_description":"DAM Medical est le distributeur exclusif de NSK Surgic Pro et VarioSurg aux Pays-Bas. Contactez-nous pour plus d'informations ou une pr\u00e9sentation.","og_url":"https:\/\/dammedical.nl\/fr\/nsk\/","og_site_name":"Dam Medical","article_modified_time":"2025-10-02T13:14:16+00:00","og_image":[{"width":500,"height":461,"url":"https:\/\/dammedical.nl\/wp-content\/uploads\/2025\/05\/SP2-VS4-Osseo-link.png","type":"image\/png"}],"twitter_card":"summary_large_image","twitter_misc":{"Dur\u00e9e de lecture estim\u00e9e":"1 minute"},"schema":{"@context":"https:\/\/schema.org","@graph":[{"@type":"WebPage","@id":"https:\/\/dammedical.nl\/fr\/nsk\/","url":"https:\/\/dammedical.nl\/fr\/nsk\/","name":"NSK %sepsitename%% - Exclusivement chez Dam Medical","isPartOf":{"@id":"https:\/\/dammedical.nl\/fr\/#website"},"primaryImageOfPage":{"@id":"https:\/\/dammedical.nl\/fr\/nsk\/#primaryimage"},"image":{"@id":"https:\/\/dammedical.nl\/fr\/nsk\/#primaryimage"},"thumbnailUrl":"https:\/\/dammedical.nl\/wp-content\/uploads\/2025\/05\/SP2-VS4-Osseo-link.png","datePublished":"2025-05-27T11:20:29+00:00","dateModified":"2025-10-02T13:14:16+00:00","description":"DAM Medical est le distributeur exclusif de NSK Surgic Pro et VarioSurg aux Pays-Bas. Contactez-nous pour plus d'informations ou une pr\u00e9sentation.","breadcrumb":{"@id":"https:\/\/dammedical.nl\/fr\/nsk\/#breadcrumb"},"inLanguage":"fr-FR","potentialAction":[{"@type":"ReadAction","target":["https:\/\/dammedical.nl\/fr\/nsk\/"]}]},{"@type":"ImageObject","inLanguage":"fr-FR","@id":"https:\/\/dammedical.nl\/fr\/nsk\/#primaryimage","url":"https:\/\/dammedical.nl\/wp-content\/uploads\/2025\/05\/SP2-VS4-Osseo-link.png","contentUrl":"https:\/\/dammedical.nl\/wp-content\/uploads\/2025\/05\/SP2-VS4-Osseo-link.png","width":500,"height":461,"caption":"La nouvelle norme en mati\u00e8re de chirurgie buccale et d'implantologie. Le NSK Surgic Pro2, VarioSurg3 et Osseo ISQ connect\u00e9s avec une p\u00e9dale sans fil."},{"@type":"BreadcrumbList","@id":"https:\/\/dammedical.nl\/fr\/nsk\/#breadcrumb","itemListElement":[{"@type":"ListItem","position":1,"name":"Home","item":"https:\/\/dammedical.nl\/fr\/accueil\/"},{"@type":"ListItem","position":2,"name":"NSK"}]},{"@type":"WebSite","@id":"https:\/\/dammedical.nl\/fr\/#website","url":"https:\/\/dammedical.nl\/fr\/","name":"Dam Medical","description":"Innovatief in chirurgie","publisher":{"@id":"https:\/\/dammedical.nl\/fr\/#organization"},"potentialAction":[{"@type":"SearchAction","target":{"@type":"EntryPoint","urlTemplate":"https:\/\/dammedical.nl\/fr\/?s={search_term_string}"},"query-input":{"@type":"PropertyValueSpecification","valueRequired":true,"valueName":"search_term_string"}}],"inLanguage":"fr-FR"},{"@type":"Organization","@id":"https:\/\/dammedical.nl\/fr\/#organization","name":"Dam Medical","url":"https:\/\/dammedical.nl\/fr\/","logo":{"@type":"ImageObject","inLanguage":"fr-FR","@id":"https:\/\/dammedical.nl\/fr\/#\/schema\/logo\/image\/","url":"https:\/\/dammedical.nl\/wp-content\/uploads\/2025\/05\/logo_DamMedical-rgb-pos-e1749559852320.png","contentUrl":"https:\/\/dammedical.nl\/wp-content\/uploads\/2025\/05\/logo_DamMedical-rgb-pos-e1749559852320.png","width":1977,"height":500,"caption":"Dam Medical"},"image":{"@id":"https:\/\/dammedical.nl\/fr\/#\/schema\/logo\/image\/"}}]}},"_links":{"self":[{"href":"https:\/\/dammedical.nl\/fr\/wp-json\/wp\/v2\/pages\/4330","targetHints":{"allow":["GET"]}}],"collection":[{"href":"https:\/\/dammedical.nl\/fr\/wp-json\/wp\/v2\/pages"}],"about":[{"href":"https:\/\/dammedical.nl\/fr\/wp-json\/wp\/v2\/types\/page"}],"author":[{"embeddable":true,"href":"https:\/\/dammedical.nl\/fr\/wp-json\/wp\/v2\/users\/3"}],"replies":[{"embeddable":true,"href":"https:\/\/dammedical.nl\/fr\/wp-json\/wp\/v2\/comments?post=4330"}],"version-history":[{"count":1,"href":"https:\/\/dammedical.nl\/fr\/wp-json\/wp\/v2\/pages\/4330\/revisions"}],"predecessor-version":[{"id":4336,"href":"https:\/\/dammedical.nl\/fr\/wp-json\/wp\/v2\/pages\/4330\/revisions\/4336"}],"wp:featuredmedia":[{"embeddable":true,"href":"https:\/\/dammedical.nl\/fr\/wp-json\/wp\/v2\/media\/4331"}],"wp:attachment":[{"href":"https:\/\/dammedical.nl\/fr\/wp-json\/wp\/v2\/media?parent=4330"}],"curies":[{"name":"wp","href":"https:\/\/api.w.org\/{rel}","templated":true}]}}