{"id":4339,"date":"2025-05-30T08:56:59","date_gmt":"2025-05-30T08:56:59","guid":{"rendered":"https:\/\/dammedical.nl\/bti-biotechnologie\/"},"modified":"2025-10-02T13:14:09","modified_gmt":"2025-10-02T13:14:09","slug":"bti-biotechnologie","status":"publish","type":"page","link":"https:\/\/dammedical.nl\/fr\/bti-biotechnologie\/","title":{"rendered":"BTI Biotechnologie"},"content":{"rendered":"\t\t<div data-elementor-type=\"wp-page\" data-elementor-id=\"4339\" class=\"elementor elementor-4339 elementor-580\" data-elementor-post-type=\"page\">\n\t\t\t\t<div class=\"elementor-element elementor-element-33917579 e-flex e-con-boxed e-con e-child\" data-id=\"33917579\" data-element_type=\"container\" data-settings=\"{&quot;background_background&quot;:&quot;gradient&quot;}\">\n\t\t\t\t\t<div class=\"e-con-inner\">\n\t\t<div class=\"elementor-element elementor-element-4de73ccc e-flex e-con-boxed e-con e-child\" data-id=\"4de73ccc\" data-element_type=\"container\">\n\t\t\t\t\t<div class=\"e-con-inner\">\n\t\t\t\t<div class=\"elementor-element elementor-element-1634e676 elementor-widget elementor-widget-heading\" data-id=\"1634e676\" data-element_type=\"widget\" data-widget_type=\"heading.default\">\n\t\t\t\t<div class=\"elementor-widget-container\">\n\t\t\t\t\t<h1 class=\"elementor-heading-title elementor-size-default\">BTI Biotechnologie<\/h1>\t\t\t\t<\/div>\n\t\t\t\t<\/div>\n\t\t\t\t\t<\/div>\n\t\t\t\t<\/div>\n\t\t\t\t\t<\/div>\n\t\t\t\t<\/div>\n\t\t<div class=\"elementor-element elementor-element-4e1087b e-flex e-con-boxed e-con e-parent\" data-id=\"4e1087b\" data-element_type=\"container\" data-settings=\"{&quot;background_background&quot;:&quot;classic&quot;}\">\n\t\t\t\t\t<div class=\"e-con-inner\">\n\t\t<div class=\"elementor-element elementor-element-2bb306d6 e-con-full e-flex e-con e-child\" data-id=\"2bb306d6\" data-element_type=\"container\">\n\t\t\t\t<div class=\"elementor-element elementor-element-5cb0dabf elementor-widget elementor-widget-heading\" data-id=\"5cb0dabf\" data-element_type=\"widget\" data-widget_type=\"heading.default\">\n\t\t\t\t<div class=\"elementor-widget-container\">\n\t\t\t\t\t<h6 class=\"elementor-heading-title elementor-size-default\">BTI Biotechnologie<\/h6>\t\t\t\t<\/div>\n\t\t\t\t<\/div>\n\t\t\t\t<div class=\"elementor-element elementor-element-46c94df2 elementor-widget elementor-widget-heading\" data-id=\"46c94df2\" data-element_type=\"widget\" data-widget_type=\"heading.default\">\n\t\t\t\t<div class=\"elementor-widget-container\">\n\t\t\t\t\t<h3 class=\"elementor-heading-title elementor-size-default\">Technologie innovante<\/h3>\t\t\t\t<\/div>\n\t\t\t\t<\/div>\n\t\t\t\t<div class=\"elementor-element elementor-element-1eddd40a elementor-widget elementor-widget-heading\" data-id=\"1eddd40a\" data-element_type=\"widget\" data-widget_type=\"heading.default\">\n\t\t\t\t<div class=\"elementor-widget-container\">\n\t\t\t\t\t<div class=\"elementor-heading-title elementor-size-default\">L'Institut de biotechnologie BTI a \u00e9t\u00e9 fond\u00e9 en 1999 par le Dr Eduardo Anitua, actuel pr\u00e9sident et directeur scientifique de l'entreprise, et est aujourd'hui l'une des entreprises leaders dans le domaine de l'implantologie et de la r\u00e9habilitation orale.<\/div>\t\t\t\t<\/div>\n\t\t\t\t<\/div>\n\t\t\t\t<div class=\"elementor-element elementor-element-7cd925c3 elementor-widget elementor-widget-text-editor\" data-id=\"7cd925c3\" data-element_type=\"widget\" data-widget_type=\"text-editor.default\">\n\t\t\t\t<div class=\"elementor-widget-container\">\n\t\t\t\t\t\t\t\t\t<p>Il s&rsquo;agit \u00e9galement d&rsquo;une r\u00e9f\u00e9rence scientifique internationale dans l&rsquo;application des th\u00e9rapies r\u00e9g\u00e9n\u00e9ratives dans diff\u00e9rents domaines de la m\u00e9decine, de la chirurgie buccale \u00e0 des sp\u00e9cialit\u00e9s telles que la traumatologie, la dermatologie, l&rsquo;ophtalmologie, la m\u00e9decine sportive, la chirurgie cardiovasculaire, plastique et esth\u00e9tique, entre autres.<\/p><p>BTI a une mission de recherche claire et est consid\u00e9r\u00e9e comme une r\u00e9f\u00e9rence scientifique mondiale en m\u00e9decine r\u00e9g\u00e9n\u00e9rative gr\u00e2ce au d\u00e9veloppement et aux brevets de la technologie du plasma riche en facteur de croissance Endoret\u00ae (prgf\u00ae) dans diverses sp\u00e9cialit\u00e9s m\u00e9dicales.<\/p><p>Dans le domaine de l&rsquo;implantologie orale, nous avons d\u00e9velopp\u00e9 un syst\u00e8me d&rsquo;implant qui se distingue au niveau international par sa qualit\u00e9, son innovation et sa polyvalence.<\/p><p>BTI dispose d&rsquo;une \u00e9quipe professionnelle pluridisciplinaire de plus de 350 personnes, dont 20 % se consacrent exclusivement \u00e0 la R&amp;D.<\/p><p>Les installations du BTI sont dot\u00e9es d&rsquo;une technologie m\u00e9dicale et audiovisuelle de pointe : 5 000 m2 d\u00e9di\u00e9s \u00e0 la formation, \u00e0 la recherche et \u00e0 la pratique clinique, et 2 500 m2 d\u00e9di\u00e9s \u00e0 la production, au contr\u00f4le et \u00e0 la recherche de nos produits.<\/p>\t\t\t\t\t\t\t\t<\/div>\n\t\t\t\t<\/div>\n\t\t\t\t<div class=\"elementor-element elementor-element-8525ac0 elementor-widget-divider--view-line elementor-widget elementor-widget-divider\" data-id=\"8525ac0\" data-element_type=\"widget\" data-widget_type=\"divider.default\">\n\t\t\t\t<div class=\"elementor-widget-container\">\n\t\t\t\t\t\t\t<div class=\"elementor-divider\">\n\t\t\t<span class=\"elementor-divider-separator\">\n\t\t\t\t\t\t<\/span>\n\t\t<\/div>\n\t\t\t\t\t\t<\/div>\n\t\t\t\t<\/div>\n\t\t<div class=\"elementor-element elementor-element-38f2f02 e-con-full e-flex e-con e-child\" data-id=\"38f2f02\" data-element_type=\"container\">\n\t\t\t\t<div class=\"elementor-element elementor-element-edfec70 elementor-widget elementor-widget-text-editor\" data-id=\"edfec70\" data-element_type=\"widget\" data-widget_type=\"text-editor.default\">\n\t\t\t\t<div class=\"elementor-widget-container\">\n\t\t\t\t\t\t\t\t\t<p>Si vous souhaitez lire plus d&rsquo;informations en ligne, veuillez consulter la page officielle de <a href=\"https:\/\/bti-biotechnologyinstitute.com\/en\/\" target=\"_blank\" rel=\"noopener\">BTI Biotechnology<\/a>.<\/p>\t\t\t\t\t\t\t\t<\/div>\n\t\t\t\t<\/div>\n\t\t\t\t<\/div>\n\t\t\t\t<\/div>\n\t\t<div class=\"elementor-element elementor-element-605cd132 e-con-full e-flex e-con e-child\" data-id=\"605cd132\" data-element_type=\"container\">\n\t\t<div class=\"elementor-element elementor-element-565b6d4d e-flex e-con-boxed e-con e-child\" data-id=\"565b6d4d\" data-element_type=\"container\" data-settings=\"{&quot;background_background&quot;:&quot;classic&quot;}\">\n\t\t\t\t\t<div class=\"e-con-inner\">\n\t\t\t\t<div class=\"elementor-element elementor-element-38c49752 elementor-widget elementor-widget-heading\" data-id=\"38c49752\" data-element_type=\"widget\" data-widget_type=\"heading.default\">\n\t\t\t\t<div class=\"elementor-widget-container\">\n\t\t\t\t\t<h3 class=\"elementor-heading-title elementor-size-default\">Contact<\/h3>\t\t\t\t<\/div>\n\t\t\t\t<\/div>\n\t\t\t\t<div class=\"elementor-element elementor-element-16af5325 elementor-widget elementor-widget-heading\" data-id=\"16af5325\" data-element_type=\"widget\" data-widget_type=\"heading.default\">\n\t\t\t\t<div class=\"elementor-widget-container\">\n\t\t\t\t\t<div class=\"elementor-heading-title elementor-size-default\">Pour plus d'informations, nous sommes \u00e0 votre disposition !<\/div>\t\t\t\t<\/div>\n\t\t\t\t<\/div>\n\t\t\t\t<div class=\"elementor-element elementor-element-4fca5d87 elementor-button-align-stretch elementor-widget elementor-widget-form\" data-id=\"4fca5d87\" data-element_type=\"widget\" data-settings=\"{&quot;step_next_label&quot;:&quot;Suivant&quot;,&quot;step_previous_label&quot;:&quot;Pr\\u00e9c\\u00e9dent&quot;,&quot;button_width&quot;:&quot;100&quot;,&quot;step_type&quot;:&quot;number_text&quot;,&quot;step_icon_shape&quot;:&quot;circle&quot;}\" data-widget_type=\"form.default\">\n\t\t\t\t<div class=\"elementor-widget-container\">\n\t\t\t\t\t\t\t<form class=\"elementor-form\" method=\"post\" name=\"Nouveau formulaire\" aria-label=\"Nouveau formulaire\">\n\t\t\t<input type=\"hidden\" name=\"post_id\" value=\"4339\"\/>\n\t\t\t<input type=\"hidden\" name=\"form_id\" value=\"4fca5d87\"\/>\n\t\t\t<input type=\"hidden\" name=\"referer_title\" value=\"BTI Biotechnologie %sepsitename%% - Exclusivement chez Dam Medical\" \/>\n\n\t\t\t\t\t\t\t<input type=\"hidden\" name=\"queried_id\" value=\"4339\"\/>\n\t\t\t\n\t\t\t<div class=\"elementor-form-fields-wrapper elementor-labels-above\">\n\t\t\t\t\t\t\t\t<div class=\"elementor-field-type-text elementor-field-group elementor-column elementor-field-group-name elementor-col-100 elementor-md-50 elementor-field-required elementor-mark-required\">\n\t\t\t\t\t\t\t\t\t\t\t\t<label for=\"form-field-name\" class=\"elementor-field-label\">\n\t\t\t\t\t\t\t\tNom\t\t\t\t\t\t\t<\/label>\n\t\t\t\t\t\t\t\t\t\t\t\t\t\t<input size=\"1\" type=\"text\" name=\"form_fields[name]\" id=\"form-field-name\" class=\"elementor-field elementor-size-sm  elementor-field-textual\" placeholder=\"Nom\" required=\"required\">\n\t\t\t\t\t\t\t\t\t\t\t<\/div>\n\t\t\t\t\t\t\t\t<div class=\"elementor-field-type-email elementor-field-group elementor-column elementor-field-group-field_d78ea4c elementor-col-100 elementor-md-50 elementor-field-required elementor-mark-required\">\n\t\t\t\t\t\t\t\t\t\t\t\t<label for=\"form-field-field_d78ea4c\" class=\"elementor-field-label\">\n\t\t\t\t\t\t\t\tCourriel\t\t\t\t\t\t\t<\/label>\n\t\t\t\t\t\t\t\t\t\t\t\t\t\t<input size=\"1\" type=\"email\" name=\"form_fields[field_d78ea4c]\" id=\"form-field-field_d78ea4c\" class=\"elementor-field elementor-size-sm  elementor-field-textual\" placeholder=\"Courriel\" required=\"required\">\n\t\t\t\t\t\t\t\t\t\t\t<\/div>\n\t\t\t\t\t\t\t\t<div class=\"elementor-field-type-text elementor-field-group elementor-column elementor-field-group-field_ab5baf9 elementor-col-100 elementor-md-50 elementor-field-required elementor-mark-required\">\n\t\t\t\t\t\t\t\t\t\t\t\t<label for=\"form-field-field_ab5baf9\" class=\"elementor-field-label\">\n\t\t\t\t\t\t\t\tL'organisation\t\t\t\t\t\t\t<\/label>\n\t\t\t\t\t\t\t\t\t\t\t\t\t\t<input size=\"1\" type=\"text\" name=\"form_fields[field_ab5baf9]\" id=\"form-field-field_ab5baf9\" class=\"elementor-field elementor-size-sm  elementor-field-textual\" placeholder=\"L&#039;organisation\" required=\"required\">\n\t\t\t\t\t\t\t\t\t\t\t<\/div>\n\t\t\t\t\t\t\t\t<div class=\"elementor-field-type-textarea elementor-field-group elementor-column elementor-field-group-message elementor-col-100 elementor-field-required elementor-mark-required\">\n\t\t\t\t\t\t\t\t\t\t\t\t<label for=\"form-field-message\" class=\"elementor-field-label\">\n\t\t\t\t\t\t\t\tMessage\t\t\t\t\t\t\t<\/label>\n\t\t\t\t\t\t<textarea class=\"elementor-field-textual elementor-field  elementor-size-sm\" name=\"form_fields[message]\" id=\"form-field-message\" rows=\"4\" placeholder=\"Message\" required=\"required\"><\/textarea>\t\t\t\t<\/div>\n\t\t\t\t\t\t\t\t<div class=\"elementor-field-group elementor-column elementor-field-type-submit elementor-col-100 e-form__buttons\">\n\t\t\t\t\t<button class=\"elementor-button elementor-size-sm\" type=\"submit\">\n\t\t\t\t\t\t<span class=\"elementor-button-content-wrapper\">\n\t\t\t\t\t\t\t\t\t\t\t\t\t\t\t\t\t\t\t\t\t\t<span class=\"elementor-button-text\">Exp\u00e9dition<\/span>\n\t\t\t\t\t\t\t\t\t\t\t\t\t<\/span>\n\t\t\t\t\t<\/button>\n\t\t\t\t<\/div>\n\t\t\t<\/div>\n\t\t<\/form>\n\t\t\t\t\t\t<\/div>\n\t\t\t\t<\/div>\n\t\t\t\t\t<\/div>\n\t\t\t\t<\/div>\n\t\t\t\t<div class=\"elementor-element elementor-element-431e594a elementor-widget elementor-widget-image\" data-id=\"431e594a\" data-element_type=\"widget\" data-widget_type=\"image.default\">\n\t\t\t\t<div class=\"elementor-widget-container\">\n\t\t\t\t\t\t\t\t\t\t\t\t\t\t\t<img fetchpriority=\"high\" decoding=\"async\" width=\"274\" height=\"208\" src=\"https:\/\/dammedical.nl\/wp-content\/uploads\/2025\/05\/logo-bti.png\" class=\"attachment-large size-large wp-image-3945\" alt=\"\" \/>\t\t\t\t\t\t\t\t\t\t\t\t\t\t\t<\/div>\n\t\t\t\t<\/div>\n\t\t\t\t<\/div>\n\t\t\t\t\t<\/div>\n\t\t\t\t<\/div>\n\t\t\t\t<\/div>\n\t\t","protected":false},"excerpt":{"rendered":"<p>BTI Biotechnologie Technologie innovante L&rsquo;Institut de biotechnologie BTI a \u00e9t\u00e9 fond\u00e9 en 1999 par le Dr Eduardo Anitua, actuel pr\u00e9sident et directeur scientifique de l&rsquo;entreprise, et est aujourd&rsquo;hui l&rsquo;une des entreprises leaders dans le domaine de l&rsquo;implantologie et de la r\u00e9habilitation orale. Il s&rsquo;agit \u00e9galement d&rsquo;une r\u00e9f\u00e9rence scientifique internationale dans l&rsquo;application des th\u00e9rapies r\u00e9g\u00e9n\u00e9ratives dans [&hellip;]<\/p>\n","protected":false},"author":3,"featured_media":3945,"parent":0,"menu_order":0,"comment_status":"closed","ping_status":"closed","template":"elementor_header_footer","meta":{"footnotes":""},"class_list":["post-4339","page","type-page","status-publish","has-post-thumbnail","hentry"],"yoast_head":"<!-- This site is optimized with the Yoast SEO plugin v26.3 - https:\/\/yoast.com\/wordpress\/plugins\/seo\/ -->\n<title>BTI Biotechnologie %sepsitename%% - Exclusivement chez Dam Medical<\/title>\n<meta name=\"description\" content=\"BTI Biotechnology est une entreprise leader dans le domaine de l&#039;implantologie et de la r\u00e9habilitation orale et se distingue par sa qualit\u00e9 et son innovation.\" \/>\n<meta name=\"robots\" content=\"index, follow, max-snippet:-1, max-image-preview:large, max-video-preview:-1\" \/>\n<link rel=\"canonical\" href=\"https:\/\/dammedical.nl\/fr\/bti-biotechnologie\/\" \/>\n<meta property=\"og:locale\" content=\"fr_FR\" \/>\n<meta property=\"og:type\" content=\"article\" \/>\n<meta property=\"og:title\" content=\"BTI Biotechnologie %sepsitename%% - Exclusivement chez Dam Medical\" \/>\n<meta property=\"og:description\" content=\"BTI Biotechnology est une entreprise leader dans le domaine de l&#039;implantologie et de la r\u00e9habilitation orale et se distingue par sa qualit\u00e9 et son innovation.\" \/>\n<meta property=\"og:url\" content=\"https:\/\/dammedical.nl\/fr\/bti-biotechnologie\/\" \/>\n<meta property=\"og:site_name\" content=\"Dam Medical\" \/>\n<meta property=\"article:modified_time\" content=\"2025-10-02T13:14:09+00:00\" \/>\n<meta property=\"og:image\" content=\"https:\/\/dammedical.nl\/wp-content\/uploads\/2025\/05\/logo-bti.png\" \/>\n\t<meta property=\"og:image:width\" content=\"274\" \/>\n\t<meta property=\"og:image:height\" content=\"208\" \/>\n\t<meta property=\"og:image:type\" content=\"image\/png\" \/>\n<meta name=\"twitter:card\" content=\"summary_large_image\" \/>\n<meta name=\"twitter:label1\" content=\"Dur\u00e9e de lecture estim\u00e9e\" \/>\n\t<meta name=\"twitter:data1\" content=\"1 minute\" \/>\n<script type=\"application\/ld+json\" class=\"yoast-schema-graph\">{\"@context\":\"https:\/\/schema.org\",\"@graph\":[{\"@type\":\"WebPage\",\"@id\":\"https:\/\/dammedical.nl\/fr\/bti-biotechnologie\/\",\"url\":\"https:\/\/dammedical.nl\/fr\/bti-biotechnologie\/\",\"name\":\"BTI Biotechnologie %sepsitename%% - Exclusivement chez Dam Medical\",\"isPartOf\":{\"@id\":\"https:\/\/dammedical.nl\/fr\/#website\"},\"primaryImageOfPage\":{\"@id\":\"https:\/\/dammedical.nl\/fr\/bti-biotechnologie\/#primaryimage\"},\"image\":{\"@id\":\"https:\/\/dammedical.nl\/fr\/bti-biotechnologie\/#primaryimage\"},\"thumbnailUrl\":\"https:\/\/dammedical.nl\/wp-content\/uploads\/2025\/05\/logo-bti.png\",\"datePublished\":\"2025-05-30T08:56:59+00:00\",\"dateModified\":\"2025-10-02T13:14:09+00:00\",\"description\":\"BTI Biotechnology est une entreprise leader dans le domaine de l'implantologie et de la r\u00e9habilitation orale et se distingue par sa qualit\u00e9 et son innovation.\",\"breadcrumb\":{\"@id\":\"https:\/\/dammedical.nl\/fr\/bti-biotechnologie\/#breadcrumb\"},\"inLanguage\":\"fr-FR\",\"potentialAction\":[{\"@type\":\"ReadAction\",\"target\":[\"https:\/\/dammedical.nl\/fr\/bti-biotechnologie\/\"]}]},{\"@type\":\"ImageObject\",\"inLanguage\":\"fr-FR\",\"@id\":\"https:\/\/dammedical.nl\/fr\/bti-biotechnologie\/#primaryimage\",\"url\":\"https:\/\/dammedical.nl\/wp-content\/uploads\/2025\/05\/logo-bti.png\",\"contentUrl\":\"https:\/\/dammedical.nl\/wp-content\/uploads\/2025\/05\/logo-bti.png\",\"width\":274,\"height\":208},{\"@type\":\"BreadcrumbList\",\"@id\":\"https:\/\/dammedical.nl\/fr\/bti-biotechnologie\/#breadcrumb\",\"itemListElement\":[{\"@type\":\"ListItem\",\"position\":1,\"name\":\"Home\",\"item\":\"https:\/\/dammedical.nl\/fr\/accueil\/\"},{\"@type\":\"ListItem\",\"position\":2,\"name\":\"BTI Biotechnologie\"}]},{\"@type\":\"WebSite\",\"@id\":\"https:\/\/dammedical.nl\/fr\/#website\",\"url\":\"https:\/\/dammedical.nl\/fr\/\",\"name\":\"Dam Medical\",\"description\":\"Innovatief in chirurgie\",\"publisher\":{\"@id\":\"https:\/\/dammedical.nl\/fr\/#organization\"},\"potentialAction\":[{\"@type\":\"SearchAction\",\"target\":{\"@type\":\"EntryPoint\",\"urlTemplate\":\"https:\/\/dammedical.nl\/fr\/?s={search_term_string}\"},\"query-input\":{\"@type\":\"PropertyValueSpecification\",\"valueRequired\":true,\"valueName\":\"search_term_string\"}}],\"inLanguage\":\"fr-FR\"},{\"@type\":\"Organization\",\"@id\":\"https:\/\/dammedical.nl\/fr\/#organization\",\"name\":\"Dam Medical\",\"url\":\"https:\/\/dammedical.nl\/fr\/\",\"logo\":{\"@type\":\"ImageObject\",\"inLanguage\":\"fr-FR\",\"@id\":\"https:\/\/dammedical.nl\/fr\/#\/schema\/logo\/image\/\",\"url\":\"https:\/\/dammedical.nl\/wp-content\/uploads\/2025\/05\/logo_DamMedical-rgb-pos-e1749559852320.png\",\"contentUrl\":\"https:\/\/dammedical.nl\/wp-content\/uploads\/2025\/05\/logo_DamMedical-rgb-pos-e1749559852320.png\",\"width\":1977,\"height\":500,\"caption\":\"Dam Medical\"},\"image\":{\"@id\":\"https:\/\/dammedical.nl\/fr\/#\/schema\/logo\/image\/\"}}]}<\/script>\n<!-- \/ Yoast SEO plugin. -->","yoast_head_json":{"title":"BTI Biotechnologie %sepsitename%% - Exclusivement chez Dam Medical","description":"BTI Biotechnology est une entreprise leader dans le domaine de l'implantologie et de la r\u00e9habilitation orale et se distingue par sa qualit\u00e9 et son innovation.","robots":{"index":"index","follow":"follow","max-snippet":"max-snippet:-1","max-image-preview":"max-image-preview:large","max-video-preview":"max-video-preview:-1"},"canonical":"https:\/\/dammedical.nl\/fr\/bti-biotechnologie\/","og_locale":"fr_FR","og_type":"article","og_title":"BTI Biotechnologie %sepsitename%% - Exclusivement chez Dam Medical","og_description":"BTI Biotechnology est une entreprise leader dans le domaine de l'implantologie et de la r\u00e9habilitation orale et se distingue par sa qualit\u00e9 et son innovation.","og_url":"https:\/\/dammedical.nl\/fr\/bti-biotechnologie\/","og_site_name":"Dam Medical","article_modified_time":"2025-10-02T13:14:09+00:00","og_image":[{"width":274,"height":208,"url":"https:\/\/dammedical.nl\/wp-content\/uploads\/2025\/05\/logo-bti.png","type":"image\/png"}],"twitter_card":"summary_large_image","twitter_misc":{"Dur\u00e9e de lecture estim\u00e9e":"1 minute"},"schema":{"@context":"https:\/\/schema.org","@graph":[{"@type":"WebPage","@id":"https:\/\/dammedical.nl\/fr\/bti-biotechnologie\/","url":"https:\/\/dammedical.nl\/fr\/bti-biotechnologie\/","name":"BTI Biotechnologie %sepsitename%% - Exclusivement chez Dam Medical","isPartOf":{"@id":"https:\/\/dammedical.nl\/fr\/#website"},"primaryImageOfPage":{"@id":"https:\/\/dammedical.nl\/fr\/bti-biotechnologie\/#primaryimage"},"image":{"@id":"https:\/\/dammedical.nl\/fr\/bti-biotechnologie\/#primaryimage"},"thumbnailUrl":"https:\/\/dammedical.nl\/wp-content\/uploads\/2025\/05\/logo-bti.png","datePublished":"2025-05-30T08:56:59+00:00","dateModified":"2025-10-02T13:14:09+00:00","description":"BTI Biotechnology est une entreprise leader dans le domaine de l'implantologie et de la r\u00e9habilitation orale et se distingue par sa qualit\u00e9 et son innovation.","breadcrumb":{"@id":"https:\/\/dammedical.nl\/fr\/bti-biotechnologie\/#breadcrumb"},"inLanguage":"fr-FR","potentialAction":[{"@type":"ReadAction","target":["https:\/\/dammedical.nl\/fr\/bti-biotechnologie\/"]}]},{"@type":"ImageObject","inLanguage":"fr-FR","@id":"https:\/\/dammedical.nl\/fr\/bti-biotechnologie\/#primaryimage","url":"https:\/\/dammedical.nl\/wp-content\/uploads\/2025\/05\/logo-bti.png","contentUrl":"https:\/\/dammedical.nl\/wp-content\/uploads\/2025\/05\/logo-bti.png","width":274,"height":208},{"@type":"BreadcrumbList","@id":"https:\/\/dammedical.nl\/fr\/bti-biotechnologie\/#breadcrumb","itemListElement":[{"@type":"ListItem","position":1,"name":"Home","item":"https:\/\/dammedical.nl\/fr\/accueil\/"},{"@type":"ListItem","position":2,"name":"BTI Biotechnologie"}]},{"@type":"WebSite","@id":"https:\/\/dammedical.nl\/fr\/#website","url":"https:\/\/dammedical.nl\/fr\/","name":"Dam Medical","description":"Innovatief in chirurgie","publisher":{"@id":"https:\/\/dammedical.nl\/fr\/#organization"},"potentialAction":[{"@type":"SearchAction","target":{"@type":"EntryPoint","urlTemplate":"https:\/\/dammedical.nl\/fr\/?s={search_term_string}"},"query-input":{"@type":"PropertyValueSpecification","valueRequired":true,"valueName":"search_term_string"}}],"inLanguage":"fr-FR"},{"@type":"Organization","@id":"https:\/\/dammedical.nl\/fr\/#organization","name":"Dam Medical","url":"https:\/\/dammedical.nl\/fr\/","logo":{"@type":"ImageObject","inLanguage":"fr-FR","@id":"https:\/\/dammedical.nl\/fr\/#\/schema\/logo\/image\/","url":"https:\/\/dammedical.nl\/wp-content\/uploads\/2025\/05\/logo_DamMedical-rgb-pos-e1749559852320.png","contentUrl":"https:\/\/dammedical.nl\/wp-content\/uploads\/2025\/05\/logo_DamMedical-rgb-pos-e1749559852320.png","width":1977,"height":500,"caption":"Dam Medical"},"image":{"@id":"https:\/\/dammedical.nl\/fr\/#\/schema\/logo\/image\/"}}]}},"_links":{"self":[{"href":"https:\/\/dammedical.nl\/fr\/wp-json\/wp\/v2\/pages\/4339","targetHints":{"allow":["GET"]}}],"collection":[{"href":"https:\/\/dammedical.nl\/fr\/wp-json\/wp\/v2\/pages"}],"about":[{"href":"https:\/\/dammedical.nl\/fr\/wp-json\/wp\/v2\/types\/page"}],"author":[{"embeddable":true,"href":"https:\/\/dammedical.nl\/fr\/wp-json\/wp\/v2\/users\/3"}],"replies":[{"embeddable":true,"href":"https:\/\/dammedical.nl\/fr\/wp-json\/wp\/v2\/comments?post=4339"}],"version-history":[{"count":1,"href":"https:\/\/dammedical.nl\/fr\/wp-json\/wp\/v2\/pages\/4339\/revisions"}],"predecessor-version":[{"id":4340,"href":"https:\/\/dammedical.nl\/fr\/wp-json\/wp\/v2\/pages\/4339\/revisions\/4340"}],"wp:featuredmedia":[{"embeddable":true,"href":"https:\/\/dammedical.nl\/fr\/wp-json\/wp\/v2\/media\/3945"}],"wp:attachment":[{"href":"https:\/\/dammedical.nl\/fr\/wp-json\/wp\/v2\/media?parent=4339"}],"curies":[{"name":"wp","href":"https:\/\/api.w.org\/{rel}","templated":true}]}}