{"id":4349,"date":"2025-06-11T14:08:54","date_gmt":"2025-06-11T14:08:54","guid":{"rendered":"https:\/\/dammedical.nl\/prgf\/"},"modified":"2025-10-02T13:14:34","modified_gmt":"2025-10-02T13:14:34","slug":"prgf","status":"publish","type":"page","link":"https:\/\/dammedical.nl\/fr\/prgf\/","title":{"rendered":"PRGF"},"content":{"rendered":"\t\t<div data-elementor-type=\"wp-page\" data-elementor-id=\"4349\" class=\"elementor elementor-4349 elementor-951\" data-elementor-post-type=\"page\">\n\t\t\t\t<div class=\"elementor-element elementor-element-317901a2 e-flex e-con-boxed e-con e-child\" data-id=\"317901a2\" data-element_type=\"container\" data-settings=\"{&quot;background_background&quot;:&quot;gradient&quot;}\">\n\t\t\t\t\t<div class=\"e-con-inner\">\n\t\t<div class=\"elementor-element elementor-element-7e2aab87 e-flex e-con-boxed e-con e-child\" data-id=\"7e2aab87\" data-element_type=\"container\">\n\t\t\t\t\t<div class=\"e-con-inner\">\n\t\t\t\t<div class=\"elementor-element elementor-element-3026466a elementor-widget elementor-widget-heading\" data-id=\"3026466a\" data-element_type=\"widget\" data-widget_type=\"heading.default\">\n\t\t\t\t<div class=\"elementor-widget-container\">\n\t\t\t\t\t<h1 class=\"elementor-heading-title elementor-size-default\">PRGF<\/h1>\t\t\t\t<\/div>\n\t\t\t\t<\/div>\n\t\t\t\t\t<\/div>\n\t\t\t\t<\/div>\n\t\t\t\t\t<\/div>\n\t\t\t\t<\/div>\n\t\t<div class=\"elementor-element elementor-element-1a238be8 e-flex e-con-boxed e-con e-parent\" data-id=\"1a238be8\" data-element_type=\"container\" data-settings=\"{&quot;background_background&quot;:&quot;classic&quot;}\">\n\t\t\t\t\t<div class=\"e-con-inner\">\n\t\t<div class=\"elementor-element elementor-element-7d34224f e-con-full e-flex e-con e-child\" data-id=\"7d34224f\" data-element_type=\"container\">\n\t\t\t\t<div class=\"elementor-element elementor-element-266d83d3 elementor-widget elementor-widget-heading\" data-id=\"266d83d3\" data-element_type=\"widget\" data-widget_type=\"heading.default\">\n\t\t\t\t<div class=\"elementor-widget-container\">\n\t\t\t\t\t<h6 class=\"elementor-heading-title elementor-size-default\">Technologie BTI Endoret (PRGF)<\/h6>\t\t\t\t<\/div>\n\t\t\t\t<\/div>\n\t\t\t\t<div class=\"elementor-element elementor-element-534552cd elementor-widget elementor-widget-heading\" data-id=\"534552cd\" data-element_type=\"widget\" data-widget_type=\"heading.default\">\n\t\t\t\t<div class=\"elementor-widget-container\">\n\t\t\t\t\t<h3 class=\"elementor-heading-title elementor-size-default\">Qu'est-ce que Endoret (PRGF) ?<\/h3>\t\t\t\t<\/div>\n\t\t\t\t<\/div>\n\t\t\t\t<div class=\"elementor-element elementor-element-2f05deb9 elementor-widget elementor-widget-text-editor\" data-id=\"2f05deb9\" data-element_type=\"widget\" data-widget_type=\"text-editor.default\">\n\t\t\t\t<div class=\"elementor-widget-container\">\n\t\t\t\t\t\t\t\t\t<p>Le plasma sanguin contient une concentration accrue de plaquettes qui provoquent la lib\u00e9ration de prot\u00e9ines, telles que les facteurs de croissance, afin d&rsquo;am\u00e9liorer la prise en charge clinique.<\/p>\t\t\t\t\t\t\t\t<\/div>\n\t\t\t\t<\/div>\n\t\t\t\t<div class=\"elementor-element elementor-element-57ab043f elementor-widget elementor-widget-heading\" data-id=\"57ab043f\" data-element_type=\"widget\" data-widget_type=\"heading.default\">\n\t\t\t\t<div class=\"elementor-widget-container\">\n\t\t\t\t\t<h5 class=\"elementor-heading-title elementor-size-default\">Pourquoi utiliser Endoret plut\u00f4t que d'autres PRP ?<\/h5>\t\t\t\t<\/div>\n\t\t\t\t<\/div>\n\t\t<div class=\"elementor-element elementor-element-68b74cf1 e-con-full e-flex e-con e-child\" data-id=\"68b74cf1\" data-element_type=\"container\">\n\t\t\t\t<div class=\"elementor-element elementor-element-3177f5f7 elementor-widget__width-initial elementor-widget-mobile__width-inherit elementor-icon-list--layout-traditional elementor-list-item-link-full_width elementor-widget elementor-widget-icon-list\" data-id=\"3177f5f7\" data-element_type=\"widget\" data-widget_type=\"icon-list.default\">\n\t\t\t\t<div class=\"elementor-widget-container\">\n\t\t\t\t\t\t\t<ul class=\"elementor-icon-list-items\">\n\t\t\t\t\t\t\t<li class=\"elementor-icon-list-item\">\n\t\t\t\t\t\t\t\t\t\t\t<span class=\"elementor-icon-list-icon\">\n\t\t\t\t\t\t\t<svg aria-hidden=\"true\" class=\"e-font-icon-svg e-fas-circle\" viewBox=\"0 0 512 512\" xmlns=\"http:\/\/www.w3.org\/2000\/svg\"><path d=\"M256 8C119 8 8 119 8 256s111 248 248 248 248-111 248-248S393 8 256 8z\"><\/path><\/svg>\t\t\t\t\t\t<\/span>\n\t\t\t\t\t\t\t\t\t\t<span class=\"elementor-icon-list-text\">Autologue et riche en facteurs de croissance<\/span>\n\t\t\t\t\t\t\t\t\t<\/li>\n\t\t\t\t\t\t\t\t<li class=\"elementor-icon-list-item\">\n\t\t\t\t\t\t\t\t\t\t\t<span class=\"elementor-icon-list-icon\">\n\t\t\t\t\t\t\t<svg aria-hidden=\"true\" class=\"e-font-icon-svg e-fas-circle\" viewBox=\"0 0 512 512\" xmlns=\"http:\/\/www.w3.org\/2000\/svg\"><path d=\"M256 8C119 8 8 119 8 256s111 248 248 248 248-111 248-248S393 8 256 8z\"><\/path><\/svg>\t\t\t\t\t\t<\/span>\n\t\t\t\t\t\t\t\t\t\t<span class=\"elementor-icon-list-text\">Concentration optimale des facteurs de croissance<\/span>\n\t\t\t\t\t\t\t\t\t<\/li>\n\t\t\t\t\t\t\t\t<li class=\"elementor-icon-list-item\">\n\t\t\t\t\t\t\t\t\t\t\t<span class=\"elementor-icon-list-icon\">\n\t\t\t\t\t\t\t<svg aria-hidden=\"true\" class=\"e-font-icon-svg e-fas-circle\" viewBox=\"0 0 512 512\" xmlns=\"http:\/\/www.w3.org\/2000\/svg\"><path d=\"M256 8C119 8 8 119 8 256s111 248 248 248 248-111 248-248S393 8 256 8z\"><\/path><\/svg>\t\t\t\t\t\t<\/span>\n\t\t\t\t\t\t\t\t\t\t<span class=\"elementor-icon-list-text\">Exempt de leucocytes et de prot\u00e9ines inflammatoires<\/span>\n\t\t\t\t\t\t\t\t\t<\/li>\n\t\t\t\t\t\t\t\t<li class=\"elementor-icon-list-item\">\n\t\t\t\t\t\t\t\t\t\t\t<span class=\"elementor-icon-list-icon\">\n\t\t\t\t\t\t\t<svg aria-hidden=\"true\" class=\"e-font-icon-svg e-fas-circle\" viewBox=\"0 0 512 512\" xmlns=\"http:\/\/www.w3.org\/2000\/svg\"><path d=\"M256 8C119 8 8 119 8 256s111 248 248 248 248-111 248-248S393 8 256 8z\"><\/path><\/svg>\t\t\t\t\t\t<\/span>\n\t\t\t\t\t\t\t\t\t\t<span class=\"elementor-icon-list-text\">Activation contr\u00f4l\u00e9e<\/span>\n\t\t\t\t\t\t\t\t\t<\/li>\n\t\t\t\t\t\t\t\t<li class=\"elementor-icon-list-item\">\n\t\t\t\t\t\t\t\t\t\t\t<span class=\"elementor-icon-list-icon\">\n\t\t\t\t\t\t\t<svg aria-hidden=\"true\" class=\"e-font-icon-svg e-fas-circle\" viewBox=\"0 0 512 512\" xmlns=\"http:\/\/www.w3.org\/2000\/svg\"><path d=\"M256 8C119 8 8 119 8 256s111 248 248 248 248-111 248-248S393 8 256 8z\"><\/path><\/svg>\t\t\t\t\t\t<\/span>\n\t\t\t\t\t\t\t\t\t\t<span class=\"elementor-icon-list-text\">Double effet et biodisponibilit\u00e9<\/span>\n\t\t\t\t\t\t\t\t\t<\/li>\n\t\t\t\t\t\t\t\t<li class=\"elementor-icon-list-item\">\n\t\t\t\t\t\t\t\t\t\t\t<span class=\"elementor-icon-list-icon\">\n\t\t\t\t\t\t\t<svg aria-hidden=\"true\" class=\"e-font-icon-svg e-fas-circle\" viewBox=\"0 0 512 512\" xmlns=\"http:\/\/www.w3.org\/2000\/svg\"><path d=\"M256 8C119 8 8 119 8 256s111 248 248 248 248-111 248-248S393 8 256 8z\"><\/path><\/svg>\t\t\t\t\t\t<\/span>\n\t\t\t\t\t\t\t\t\t\t<span class=\"elementor-icon-list-text\">Polyvalence<\/span>\n\t\t\t\t\t\t\t\t\t<\/li>\n\t\t\t\t\t\t\t\t<li class=\"elementor-icon-list-item\">\n\t\t\t\t\t\t\t\t\t\t\t<span class=\"elementor-icon-list-icon\">\n\t\t\t\t\t\t\t<svg aria-hidden=\"true\" class=\"e-font-icon-svg e-fas-circle\" viewBox=\"0 0 512 512\" xmlns=\"http:\/\/www.w3.org\/2000\/svg\"><path d=\"M256 8C119 8 8 119 8 256s111 248 248 248 248-111 248-248S393 8 256 8z\"><\/path><\/svg>\t\t\t\t\t\t<\/span>\n\t\t\t\t\t\t\t\t\t\t<span class=\"elementor-icon-list-text\">Garanties de s\u00e9curit\u00e9 et de conformit\u00e9<\/span>\n\t\t\t\t\t\t\t\t\t<\/li>\n\t\t\t\t\t\t\t\t<li class=\"elementor-icon-list-item\">\n\t\t\t\t\t\t\t\t\t\t\t<span class=\"elementor-icon-list-icon\">\n\t\t\t\t\t\t\t<svg aria-hidden=\"true\" class=\"e-font-icon-svg e-fas-circle\" viewBox=\"0 0 512 512\" xmlns=\"http:\/\/www.w3.org\/2000\/svg\"><path d=\"M256 8C119 8 8 119 8 256s111 248 248 248 248-111 248-248S393 8 256 8z\"><\/path><\/svg>\t\t\t\t\t\t<\/span>\n\t\t\t\t\t\t\t\t\t\t<span class=\"elementor-icon-list-text\">Preuves scientifiques<\/span>\n\t\t\t\t\t\t\t\t\t<\/li>\n\t\t\t\t\t\t\t\t<li class=\"elementor-icon-list-item\">\n\t\t\t\t\t\t\t\t\t\t\t<span class=\"elementor-icon-list-icon\">\n\t\t\t\t\t\t\t<svg aria-hidden=\"true\" class=\"e-font-icon-svg e-fas-circle\" viewBox=\"0 0 512 512\" xmlns=\"http:\/\/www.w3.org\/2000\/svg\"><path d=\"M256 8C119 8 8 119 8 256s111 248 248 248 248-111 248-248S393 8 256 8z\"><\/path><\/svg>\t\t\t\t\t\t<\/span>\n\t\t\t\t\t\t\t\t\t\t<span class=\"elementor-icon-list-text\">Formation au RTC<\/span>\n\t\t\t\t\t\t\t\t\t<\/li>\n\t\t\t\t\t\t<\/ul>\n\t\t\t\t\t\t<\/div>\n\t\t\t\t<\/div>\n\t\t\t\t<\/div>\n\t\t\t\t<div class=\"elementor-element elementor-element-75d90222 elementor-mobile-align-justify elementor-widget elementor-widget-button\" data-id=\"75d90222\" data-element_type=\"widget\" data-widget_type=\"button.default\">\n\t\t\t\t<div class=\"elementor-widget-container\">\n\t\t\t\t\t\t\t\t\t<div class=\"elementor-button-wrapper\">\n\t\t\t\t\t<a class=\"elementor-button elementor-button-link elementor-size-md\" href=\"https:\/\/dammedical.nl\/wp-content\/uploads\/2025\/09\/DAM-2025-ENDORET-ORAL-SURGERY-ENG.pdf\" target=\"_blank\">\n\t\t\t\t\t\t<span class=\"elementor-button-content-wrapper\">\n\t\t\t\t\t\t<span class=\"elementor-button-icon\">\n\t\t\t\t<svg aria-hidden=\"true\" class=\"e-font-icon-svg e-far-file-alt\" viewBox=\"0 0 384 512\" xmlns=\"http:\/\/www.w3.org\/2000\/svg\"><path d=\"M288 248v28c0 6.6-5.4 12-12 12H108c-6.6 0-12-5.4-12-12v-28c0-6.6 5.4-12 12-12h168c6.6 0 12 5.4 12 12zm-12 72H108c-6.6 0-12 5.4-12 12v28c0 6.6 5.4 12 12 12h168c6.6 0 12-5.4 12-12v-28c0-6.6-5.4-12-12-12zm108-188.1V464c0 26.5-21.5 48-48 48H48c-26.5 0-48-21.5-48-48V48C0 21.5 21.5 0 48 0h204.1C264.8 0 277 5.1 286 14.1L369.9 98c9 8.9 14.1 21.2 14.1 33.9zm-128-80V128h76.1L256 51.9zM336 464V176H232c-13.3 0-24-10.7-24-24V48H48v416h288z\"><\/path><\/svg>\t\t\t<\/span>\n\t\t\t\t\t\t\t\t\t<span class=\"elementor-button-text\">Brochure BTI Endoret (PRGF)<\/span>\n\t\t\t\t\t<\/span>\n\t\t\t\t\t<\/a>\n\t\t\t\t<\/div>\n\t\t\t\t\t\t\t\t<\/div>\n\t\t\t\t<\/div>\n\t\t\t\t<\/div>\n\t\t<div class=\"elementor-element elementor-element-53535e6b e-con-full e-flex e-con e-child\" data-id=\"53535e6b\" data-element_type=\"container\">\n\t\t\t\t<div class=\"elementor-element elementor-element-f0d664b elementor-widget elementor-widget-image\" data-id=\"f0d664b\" data-element_type=\"widget\" data-widget_type=\"image.default\">\n\t\t\t\t<div class=\"elementor-widget-container\">\n\t\t\t\t\t\t\t\t\t\t\t\t\t\t\t<img fetchpriority=\"high\" decoding=\"async\" width=\"800\" height=\"216\" src=\"https:\/\/dammedical.nl\/wp-content\/uploads\/2022\/10\/Endoret_PGRF_formulations-1024x276.png\" class=\"attachment-large size-large wp-image-4060\" alt=\"\" srcset=\"https:\/\/dammedical.nl\/wp-content\/uploads\/2022\/10\/Endoret_PGRF_formulations-1024x276.png 1024w, https:\/\/dammedical.nl\/wp-content\/uploads\/2022\/10\/Endoret_PGRF_formulations-300x81.png 300w, https:\/\/dammedical.nl\/wp-content\/uploads\/2022\/10\/Endoret_PGRF_formulations-768x207.png 768w, https:\/\/dammedical.nl\/wp-content\/uploads\/2022\/10\/Endoret_PGRF_formulations-1536x414.png 1536w, https:\/\/dammedical.nl\/wp-content\/uploads\/2022\/10\/Endoret_PGRF_formulations-600x162.png 600w, https:\/\/dammedical.nl\/wp-content\/uploads\/2022\/10\/Endoret_PGRF_formulations.png 1920w\" sizes=\"(max-width: 800px) 100vw, 800px\" \/>\t\t\t\t\t\t\t\t\t\t\t\t\t\t\t<\/div>\n\t\t\t\t<\/div>\n\t\t\t\t<div class=\"elementor-element elementor-element-23e3dc4 elementor-widget elementor-widget-image\" data-id=\"23e3dc4\" data-element_type=\"widget\" data-widget_type=\"image.default\">\n\t\t\t\t<div class=\"elementor-widget-container\">\n\t\t\t\t\t\t\t\t\t\t\t\t\t\t\t<img decoding=\"async\" width=\"780\" height=\"650\" src=\"https:\/\/dammedical.nl\/wp-content\/uploads\/2022\/10\/Endoret-systeem.jpg\" class=\"attachment-full size-full wp-image-4061\" alt=\"\" srcset=\"https:\/\/dammedical.nl\/wp-content\/uploads\/2022\/10\/Endoret-systeem.jpg 780w, https:\/\/dammedical.nl\/wp-content\/uploads\/2022\/10\/Endoret-systeem-300x250.jpg 300w, https:\/\/dammedical.nl\/wp-content\/uploads\/2022\/10\/Endoret-systeem-768x640.jpg 768w, https:\/\/dammedical.nl\/wp-content\/uploads\/2022\/10\/Endoret-systeem-600x500.jpg 600w\" sizes=\"(max-width: 780px) 100vw, 780px\" \/>\t\t\t\t\t\t\t\t\t\t\t\t\t\t\t<\/div>\n\t\t\t\t<\/div>\n\t\t\t\t<\/div>\n\t\t\t\t\t<\/div>\n\t\t\t\t<\/div>\n\t\t<div class=\"elementor-element elementor-element-47fd8da9 e-flex e-con-boxed e-con e-parent\" data-id=\"47fd8da9\" data-element_type=\"container\" data-settings=\"{&quot;background_background&quot;:&quot;classic&quot;}\">\n\t\t\t\t\t<div class=\"e-con-inner\">\n\t\t<div class=\"elementor-element elementor-element-7773673d e-con-full e-flex e-con e-child\" data-id=\"7773673d\" data-element_type=\"container\">\n\t\t\t\t<div class=\"elementor-element elementor-element-6f9b34ea elementor-widget elementor-widget-heading\" data-id=\"6f9b34ea\" data-element_type=\"widget\" data-widget_type=\"heading.default\">\n\t\t\t\t<div class=\"elementor-widget-container\">\n\t\t\t\t\t<h5 class=\"elementor-heading-title elementor-size-default\">Endoret\u00ae (PRGF) : technologie ferm\u00e9e<\/h5>\t\t\t\t<\/div>\n\t\t\t\t<\/div>\n\t\t\t\t<div class=\"elementor-element elementor-element-4c31f73b elementor-widget elementor-widget-text-editor\" data-id=\"4c31f73b\" data-element_type=\"widget\" data-widget_type=\"text-editor.default\">\n\t\t\t\t<div class=\"elementor-widget-container\">\n\t\t\t\t\t\t\t\t\t<p>Le 23 mai 2013, l&rsquo;Agence espagnole des m\u00e9dicaments a d\u00e9clar\u00e9 que les plasmas riches en plaquettes \u00e9taient d\u00e9sormais des m\u00e9dicaments \u00e0 usage humain. Depuis lors, l&rsquo;utilisation des PRP \u00e9tait soumise \u00e0 une r\u00e9glementation sanitaire avec deux techniques pour les obtenir : la technique ouverte ou ferm\u00e9e. <\/p>\t\t\t\t\t\t\t\t<\/div>\n\t\t\t\t<\/div>\n\t\t\t\t<div class=\"elementor-element elementor-element-c3804d2 elementor-widget elementor-widget-heading\" data-id=\"c3804d2\" data-element_type=\"widget\" data-widget_type=\"heading.default\">\n\t\t\t\t<div class=\"elementor-widget-container\">\n\t\t\t\t\t<h5 class=\"elementor-heading-title elementor-size-default\">Quelle est la diff\u00e9rence entre une technologie ferm\u00e9e et une technologie ouverte ?\n\n<\/h5>\t\t\t\t<\/div>\n\t\t\t\t<\/div>\n\t\t\t\t<div class=\"elementor-element elementor-element-4d8a569 elementor-widget elementor-widget-text-editor\" data-id=\"4d8a569\" data-element_type=\"widget\" data-widget_type=\"text-editor.default\">\n\t\t\t\t<div class=\"elementor-widget-container\">\n\t\t\t\t\t\t\t\t\t<p>Dans la technique ferm\u00e9e, la m\u00e9thode d&rsquo;obtention du PRP consiste \u00e0 utiliser des kits jetables \u00e0 usage unique ; les instructions du fabricant de chaque syst\u00e8me doivent \u00eatre suivies sans qu&rsquo;il soit n\u00e9cessaire d&rsquo;obtenir un certificat d&rsquo;aptitude de l&rsquo;\u00e9tablissement. Dans la technique ouverte, la m\u00e9thode d&rsquo;obtention du PRP doit \u00eatre \u00e9valu\u00e9e et autoris\u00e9e par une inspection de l&rsquo;autorit\u00e9 de r\u00e9glementation sanitaire comp\u00e9tente afin de v\u00e9rifier l&rsquo;ad\u00e9quation des installations et des activit\u00e9s de production. <\/p><p><strong>Endoret\u00ae (PRGF)<\/strong> entre dans la cat\u00e9gorie des <strong>kits \u00e0 usage unique<\/strong>, c&rsquo;est-\u00e0-dire la <strong>\u00ab\u00a0technique ferm\u00e9e\u00a0\u00bb.<\/strong> Le kit contient tous les \u00e9l\u00e9ments n\u00e9cessaires \u00e0 l&rsquo;obtention d&rsquo;un plasma riche en formulations de facteurs de croissance, sans n\u00e9cessiter d&rsquo;\u00e9l\u00e9ments externes. <\/p>\t\t\t\t\t\t\t\t<\/div>\n\t\t\t\t<\/div>\n\t\t\t\t<div class=\"elementor-element elementor-element-26c33fa elementor-widget elementor-widget-image\" data-id=\"26c33fa\" data-element_type=\"widget\" data-widget_type=\"image.default\">\n\t\t\t\t<div class=\"elementor-widget-container\">\n\t\t\t\t\t\t\t\t\t\t\t\t\t\t\t<img decoding=\"async\" width=\"681\" height=\"632\" src=\"https:\/\/dammedical.nl\/wp-content\/uploads\/2022\/10\/Endoret-content-e1756820818914.png\" class=\"attachment-full size-full wp-image-4063\" alt=\"\" srcset=\"https:\/\/dammedical.nl\/wp-content\/uploads\/2022\/10\/Endoret-content-e1756820818914.png 681w, https:\/\/dammedical.nl\/wp-content\/uploads\/2022\/10\/Endoret-content-e1756820818914-300x278.png 300w, https:\/\/dammedical.nl\/wp-content\/uploads\/2022\/10\/Endoret-content-e1756820818914-600x557.png 600w\" sizes=\"(max-width: 681px) 100vw, 681px\" \/>\t\t\t\t\t\t\t\t\t\t\t\t\t\t\t<\/div>\n\t\t\t\t<\/div>\n\t\t\t\t<\/div>\n\t\t\t\t\t<\/div>\n\t\t\t\t<\/div>\n\t\t\t\t<\/div>\n\t\t","protected":false},"excerpt":{"rendered":"<p>Technologie BTI Endoret (PRGF) Qu&rsquo;est-ce que Endoret (PRGF) ? Le plasma sanguin contient une concentration accrue de plaquettes qui provoquent la lib\u00e9ration de prot\u00e9ines, telles que les facteurs de croissance, afin d&rsquo;am\u00e9liorer la prise en charge clinique. Pourquoi utiliser Endoret plut\u00f4t que d&rsquo;autres PRP ? Autologue et riche en facteurs de croissance Concentration optimale des [&hellip;]<\/p>\n","protected":false},"author":3,"featured_media":4061,"parent":0,"menu_order":0,"comment_status":"closed","ping_status":"closed","template":"elementor_header_footer","meta":{"footnotes":""},"class_list":["post-4349","page","type-page","status-publish","has-post-thumbnail","hentry"],"yoast_head":"<!-- This site is optimized with the Yoast SEO plugin v26.3 - https:\/\/yoast.com\/wordpress\/plugins\/seo\/ -->\n<title>PRGF - Dam Medical<\/title>\n<meta name=\"description\" content=\"Le plasma sanguin contient une concentration accrue de plaquettes afin d&#039;am\u00e9liorer la prise en charge clinique.\" \/>\n<meta name=\"robots\" content=\"index, follow, max-snippet:-1, max-image-preview:large, max-video-preview:-1\" \/>\n<link rel=\"canonical\" href=\"https:\/\/dammedical.nl\/fr\/prgf\/\" \/>\n<meta property=\"og:locale\" content=\"fr_FR\" \/>\n<meta property=\"og:type\" content=\"article\" \/>\n<meta property=\"og:title\" content=\"PRGF - Dam Medical\" \/>\n<meta property=\"og:description\" content=\"Le plasma sanguin contient une concentration accrue de plaquettes afin d&#039;am\u00e9liorer la prise en charge clinique.\" \/>\n<meta property=\"og:url\" content=\"https:\/\/dammedical.nl\/fr\/prgf\/\" \/>\n<meta property=\"og:site_name\" content=\"Dam Medical\" \/>\n<meta property=\"article:modified_time\" content=\"2025-10-02T13:14:34+00:00\" \/>\n<meta property=\"og:image\" content=\"https:\/\/dammedical.nl\/wp-content\/uploads\/2022\/10\/Endoret-systeem.jpg\" \/>\n\t<meta property=\"og:image:width\" content=\"780\" \/>\n\t<meta property=\"og:image:height\" content=\"650\" \/>\n\t<meta property=\"og:image:type\" content=\"image\/jpeg\" \/>\n<meta name=\"twitter:card\" content=\"summary_large_image\" \/>\n<meta name=\"twitter:label1\" content=\"Dur\u00e9e de lecture estim\u00e9e\" \/>\n\t<meta name=\"twitter:data1\" content=\"1 minute\" \/>\n<script type=\"application\/ld+json\" class=\"yoast-schema-graph\">{\"@context\":\"https:\/\/schema.org\",\"@graph\":[{\"@type\":\"WebPage\",\"@id\":\"https:\/\/dammedical.nl\/fr\/prgf\/\",\"url\":\"https:\/\/dammedical.nl\/fr\/prgf\/\",\"name\":\"PRGF - Dam Medical\",\"isPartOf\":{\"@id\":\"https:\/\/dammedical.nl\/fr\/#website\"},\"primaryImageOfPage\":{\"@id\":\"https:\/\/dammedical.nl\/fr\/prgf\/#primaryimage\"},\"image\":{\"@id\":\"https:\/\/dammedical.nl\/fr\/prgf\/#primaryimage\"},\"thumbnailUrl\":\"https:\/\/dammedical.nl\/wp-content\/uploads\/2022\/10\/Endoret-systeem.jpg\",\"datePublished\":\"2025-06-11T14:08:54+00:00\",\"dateModified\":\"2025-10-02T13:14:34+00:00\",\"description\":\"Le plasma sanguin contient une concentration accrue de plaquettes afin d'am\u00e9liorer la prise en charge clinique.\",\"breadcrumb\":{\"@id\":\"https:\/\/dammedical.nl\/fr\/prgf\/#breadcrumb\"},\"inLanguage\":\"fr-FR\",\"potentialAction\":[{\"@type\":\"ReadAction\",\"target\":[\"https:\/\/dammedical.nl\/fr\/prgf\/\"]}]},{\"@type\":\"ImageObject\",\"inLanguage\":\"fr-FR\",\"@id\":\"https:\/\/dammedical.nl\/fr\/prgf\/#primaryimage\",\"url\":\"https:\/\/dammedical.nl\/wp-content\/uploads\/2022\/10\/Endoret-systeem.jpg\",\"contentUrl\":\"https:\/\/dammedical.nl\/wp-content\/uploads\/2022\/10\/Endoret-systeem.jpg\",\"width\":780,\"height\":650},{\"@type\":\"BreadcrumbList\",\"@id\":\"https:\/\/dammedical.nl\/fr\/prgf\/#breadcrumb\",\"itemListElement\":[{\"@type\":\"ListItem\",\"position\":1,\"name\":\"Home\",\"item\":\"https:\/\/dammedical.nl\/fr\/accueil\/\"},{\"@type\":\"ListItem\",\"position\":2,\"name\":\"PRGF\"}]},{\"@type\":\"WebSite\",\"@id\":\"https:\/\/dammedical.nl\/fr\/#website\",\"url\":\"https:\/\/dammedical.nl\/fr\/\",\"name\":\"Dam Medical\",\"description\":\"Innovatief in chirurgie\",\"publisher\":{\"@id\":\"https:\/\/dammedical.nl\/fr\/#organization\"},\"potentialAction\":[{\"@type\":\"SearchAction\",\"target\":{\"@type\":\"EntryPoint\",\"urlTemplate\":\"https:\/\/dammedical.nl\/fr\/?s={search_term_string}\"},\"query-input\":{\"@type\":\"PropertyValueSpecification\",\"valueRequired\":true,\"valueName\":\"search_term_string\"}}],\"inLanguage\":\"fr-FR\"},{\"@type\":\"Organization\",\"@id\":\"https:\/\/dammedical.nl\/fr\/#organization\",\"name\":\"Dam Medical\",\"url\":\"https:\/\/dammedical.nl\/fr\/\",\"logo\":{\"@type\":\"ImageObject\",\"inLanguage\":\"fr-FR\",\"@id\":\"https:\/\/dammedical.nl\/fr\/#\/schema\/logo\/image\/\",\"url\":\"https:\/\/dammedical.nl\/wp-content\/uploads\/2025\/05\/logo_DamMedical-rgb-pos-e1749559852320.png\",\"contentUrl\":\"https:\/\/dammedical.nl\/wp-content\/uploads\/2025\/05\/logo_DamMedical-rgb-pos-e1749559852320.png\",\"width\":1977,\"height\":500,\"caption\":\"Dam Medical\"},\"image\":{\"@id\":\"https:\/\/dammedical.nl\/fr\/#\/schema\/logo\/image\/\"}}]}<\/script>\n<!-- \/ Yoast SEO plugin. -->","yoast_head_json":{"title":"PRGF - Dam Medical","description":"Le plasma sanguin contient une concentration accrue de plaquettes afin d'am\u00e9liorer la prise en charge clinique.","robots":{"index":"index","follow":"follow","max-snippet":"max-snippet:-1","max-image-preview":"max-image-preview:large","max-video-preview":"max-video-preview:-1"},"canonical":"https:\/\/dammedical.nl\/fr\/prgf\/","og_locale":"fr_FR","og_type":"article","og_title":"PRGF - Dam Medical","og_description":"Le plasma sanguin contient une concentration accrue de plaquettes afin d'am\u00e9liorer la prise en charge clinique.","og_url":"https:\/\/dammedical.nl\/fr\/prgf\/","og_site_name":"Dam Medical","article_modified_time":"2025-10-02T13:14:34+00:00","og_image":[{"width":780,"height":650,"url":"https:\/\/dammedical.nl\/wp-content\/uploads\/2022\/10\/Endoret-systeem.jpg","type":"image\/jpeg"}],"twitter_card":"summary_large_image","twitter_misc":{"Dur\u00e9e de lecture estim\u00e9e":"1 minute"},"schema":{"@context":"https:\/\/schema.org","@graph":[{"@type":"WebPage","@id":"https:\/\/dammedical.nl\/fr\/prgf\/","url":"https:\/\/dammedical.nl\/fr\/prgf\/","name":"PRGF - Dam Medical","isPartOf":{"@id":"https:\/\/dammedical.nl\/fr\/#website"},"primaryImageOfPage":{"@id":"https:\/\/dammedical.nl\/fr\/prgf\/#primaryimage"},"image":{"@id":"https:\/\/dammedical.nl\/fr\/prgf\/#primaryimage"},"thumbnailUrl":"https:\/\/dammedical.nl\/wp-content\/uploads\/2022\/10\/Endoret-systeem.jpg","datePublished":"2025-06-11T14:08:54+00:00","dateModified":"2025-10-02T13:14:34+00:00","description":"Le plasma sanguin contient une concentration accrue de plaquettes afin d'am\u00e9liorer la prise en charge clinique.","breadcrumb":{"@id":"https:\/\/dammedical.nl\/fr\/prgf\/#breadcrumb"},"inLanguage":"fr-FR","potentialAction":[{"@type":"ReadAction","target":["https:\/\/dammedical.nl\/fr\/prgf\/"]}]},{"@type":"ImageObject","inLanguage":"fr-FR","@id":"https:\/\/dammedical.nl\/fr\/prgf\/#primaryimage","url":"https:\/\/dammedical.nl\/wp-content\/uploads\/2022\/10\/Endoret-systeem.jpg","contentUrl":"https:\/\/dammedical.nl\/wp-content\/uploads\/2022\/10\/Endoret-systeem.jpg","width":780,"height":650},{"@type":"BreadcrumbList","@id":"https:\/\/dammedical.nl\/fr\/prgf\/#breadcrumb","itemListElement":[{"@type":"ListItem","position":1,"name":"Home","item":"https:\/\/dammedical.nl\/fr\/accueil\/"},{"@type":"ListItem","position":2,"name":"PRGF"}]},{"@type":"WebSite","@id":"https:\/\/dammedical.nl\/fr\/#website","url":"https:\/\/dammedical.nl\/fr\/","name":"Dam Medical","description":"Innovatief in chirurgie","publisher":{"@id":"https:\/\/dammedical.nl\/fr\/#organization"},"potentialAction":[{"@type":"SearchAction","target":{"@type":"EntryPoint","urlTemplate":"https:\/\/dammedical.nl\/fr\/?s={search_term_string}"},"query-input":{"@type":"PropertyValueSpecification","valueRequired":true,"valueName":"search_term_string"}}],"inLanguage":"fr-FR"},{"@type":"Organization","@id":"https:\/\/dammedical.nl\/fr\/#organization","name":"Dam Medical","url":"https:\/\/dammedical.nl\/fr\/","logo":{"@type":"ImageObject","inLanguage":"fr-FR","@id":"https:\/\/dammedical.nl\/fr\/#\/schema\/logo\/image\/","url":"https:\/\/dammedical.nl\/wp-content\/uploads\/2025\/05\/logo_DamMedical-rgb-pos-e1749559852320.png","contentUrl":"https:\/\/dammedical.nl\/wp-content\/uploads\/2025\/05\/logo_DamMedical-rgb-pos-e1749559852320.png","width":1977,"height":500,"caption":"Dam Medical"},"image":{"@id":"https:\/\/dammedical.nl\/fr\/#\/schema\/logo\/image\/"}}]}},"_links":{"self":[{"href":"https:\/\/dammedical.nl\/fr\/wp-json\/wp\/v2\/pages\/4349","targetHints":{"allow":["GET"]}}],"collection":[{"href":"https:\/\/dammedical.nl\/fr\/wp-json\/wp\/v2\/pages"}],"about":[{"href":"https:\/\/dammedical.nl\/fr\/wp-json\/wp\/v2\/types\/page"}],"author":[{"embeddable":true,"href":"https:\/\/dammedical.nl\/fr\/wp-json\/wp\/v2\/users\/3"}],"replies":[{"embeddable":true,"href":"https:\/\/dammedical.nl\/fr\/wp-json\/wp\/v2\/comments?post=4349"}],"version-history":[{"count":1,"href":"https:\/\/dammedical.nl\/fr\/wp-json\/wp\/v2\/pages\/4349\/revisions"}],"predecessor-version":[{"id":4351,"href":"https:\/\/dammedical.nl\/fr\/wp-json\/wp\/v2\/pages\/4349\/revisions\/4351"}],"wp:featuredmedia":[{"embeddable":true,"href":"https:\/\/dammedical.nl\/fr\/wp-json\/wp\/v2\/media\/4061"}],"wp:attachment":[{"href":"https:\/\/dammedical.nl\/fr\/wp-json\/wp\/v2\/media?parent=4349"}],"curies":[{"name":"wp","href":"https:\/\/api.w.org\/{rel}","templated":true}]}}