{"id":4350,"date":"2025-08-15T11:59:28","date_gmt":"2025-08-15T11:59:28","guid":{"rendered":"https:\/\/dammedical.nl\/informations-pour-la-commande\/"},"modified":"2025-10-02T13:14:35","modified_gmt":"2025-10-02T13:14:35","slug":"informations-pour-la-commande","status":"publish","type":"page","link":"https:\/\/dammedical.nl\/fr\/informations-pour-la-commande\/","title":{"rendered":"Informations pour la commande"},"content":{"rendered":"\t\t<div data-elementor-type=\"wp-page\" data-elementor-id=\"4350\" class=\"elementor elementor-4350 elementor-2748\" data-elementor-post-type=\"page\">\n\t\t\t\t<div class=\"elementor-element elementor-element-dfa877d e-flex e-con-boxed e-con e-child\" data-id=\"dfa877d\" data-element_type=\"container\" data-settings=\"{&quot;background_background&quot;:&quot;gradient&quot;}\">\n\t\t\t\t\t<div class=\"e-con-inner\">\n\t\t<div class=\"elementor-element elementor-element-424c1221 e-flex e-con-boxed e-con e-child\" data-id=\"424c1221\" data-element_type=\"container\">\n\t\t\t\t\t<div class=\"e-con-inner\">\n\t\t\t\t<div class=\"elementor-element elementor-element-e674158 elementor-widget elementor-widget-heading\" data-id=\"e674158\" data-element_type=\"widget\" data-widget_type=\"heading.default\">\n\t\t\t\t<div class=\"elementor-widget-container\">\n\t\t\t\t\t<h1 class=\"elementor-heading-title elementor-size-default\">Informations pour la commande<\/h1>\t\t\t\t<\/div>\n\t\t\t\t<\/div>\n\t\t\t\t\t<\/div>\n\t\t\t\t<\/div>\n\t\t\t\t\t<\/div>\n\t\t\t\t<\/div>\n\t\t<div class=\"elementor-element elementor-element-3629a06d e-flex e-con-boxed e-con e-parent\" data-id=\"3629a06d\" data-element_type=\"container\" data-settings=\"{&quot;background_background&quot;:&quot;classic&quot;}\">\n\t\t\t\t\t<div class=\"e-con-inner\">\n\t\t<div class=\"elementor-element elementor-element-5fbd93d6 e-con-full e-flex e-con e-child\" data-id=\"5fbd93d6\" data-element_type=\"container\">\n\t\t\t\t<div class=\"elementor-element elementor-element-4e95db29 elementor-widget elementor-widget-heading\" data-id=\"4e95db29\" data-element_type=\"widget\" data-widget_type=\"heading.default\">\n\t\t\t\t<div class=\"elementor-widget-container\">\n\t\t\t\t\t<h3 class=\"elementor-heading-title elementor-size-default\">Commande<\/h3>\t\t\t\t<\/div>\n\t\t\t\t<\/div>\n\t\t\t\t<div class=\"elementor-element elementor-element-6cde5b0a elementor-widget elementor-widget-heading\" data-id=\"6cde5b0a\" data-element_type=\"widget\" data-widget_type=\"heading.default\">\n\t\t\t\t<div class=\"elementor-widget-container\">\n\t\t\t\t\t<div class=\"elementor-heading-title elementor-size-default\">Vous y trouverez toutes les informations n\u00e9cessaires pour passer une commande.  <\/div>\t\t\t\t<\/div>\n\t\t\t\t<\/div>\n\t\t\t\t<div class=\"elementor-element elementor-element-5ac7a6f4 elementor-widget elementor-widget-text-editor\" data-id=\"5ac7a6f4\" data-element_type=\"widget\" data-widget_type=\"text-editor.default\">\n\t\t\t\t<div class=\"elementor-widget-container\">\n\t\t\t\t\t\t\t\t\t<p data-start=\"198\" data-end=\"562\">Chez Dam Medical, vous pouvez toujours commander facilement toutes les fournitures m\u00e9dicales pour votre sp\u00e9cialit\u00e9. Gr\u00e2ce \u00e0 notre gestion efficace des stocks, la plupart des articles sont disponibles directement en stock. Nous nous effor\u00e7ons de livrer votre commande le jour ouvrable suivant. Nous sommes conscients que nous travaillons dans un secteur flexible, c&rsquo;est pourquoi nous proposons \u00e9galement des envois urgents qui peuvent \u00eatre livr\u00e9s le jour m\u00eame (s&rsquo;ils sont en stock).   <\/p><p data-start=\"564\" data-end=\"828\">De plus, chez Dam Medical, vous trouverez tout en un seul endroit. Il n&rsquo;est pas n\u00e9cessaire de commander des produits aupr\u00e8s de diff\u00e9rents fournisseurs. Vous gagnez ainsi du temps et de l&rsquo;argent, sans faire de compromis sur la qualit\u00e9.  <\/p><p data-start=\"564\" data-end=\"828\">Pour en savoir plus sur les d\u00e9lais de livraison, les frais d&rsquo;exp\u00e9dition et notre politique de <a href=\"https:\/\/dammedical.nl\/fr\/expedition-et-retours\/\">retour, consultez notre page sur les frais d&rsquo;exp\u00e9dition et les retours.<\/a>  <\/p>\t\t\t\t\t\t\t\t<\/div>\n\t\t\t\t<\/div>\n\t\t\t\t<div class=\"elementor-element elementor-element-4fb63c2f elementor-widget elementor-widget-heading\" data-id=\"4fb63c2f\" data-element_type=\"widget\" data-widget_type=\"heading.default\">\n\t\t\t\t<div class=\"elementor-widget-container\">\n\t\t\t\t\t<h5 class=\"elementor-heading-title elementor-size-default\">Comment commander ?<\/h5>\t\t\t\t<\/div>\n\t\t\t\t<\/div>\n\t\t\t\t<div class=\"elementor-element elementor-element-3b1a32b elementor-widget elementor-widget-text-editor\" data-id=\"3b1a32b\" data-element_type=\"widget\" data-widget_type=\"text-editor.default\">\n\t\t\t\t<div class=\"elementor-widget-container\">\n\t\t\t\t\t\t\t\t\t<p data-start=\"863\" data-end=\"925\">Vous avez plusieurs possibilit\u00e9s pour passer votre commande :<\/p><ul data-start=\"926\" data-end=\"1136\"><li data-start=\"926\" data-end=\"991\"><p data-start=\"928\" data-end=\"991\">Via notre boutique en ligne : placez le produit dans votre panier et commandez directement.<\/p><\/li><li data-start=\"992\" data-end=\"1055\"><p data-start=\"994\" data-end=\"1055\">Par t\u00e9l\u00e9phone : appelez-nous et nous traiterons votre commande imm\u00e9diatement.<\/p><\/li><li data-start=\"1056\" data-end=\"1136\"><p data-start=\"1058\" data-end=\"1136\">Par e-mail : envoyez votre commande \u00e0 <a class=\"cursor-pointer\" href=\"mailto:order@dammedical.nl\" rel=\"noopener\" data-start=\"1092\" data-end=\"1111\">order@dammedical.nl<\/a> et nous ferons le reste.<\/p><\/li><\/ul>\t\t\t\t\t\t\t\t<\/div>\n\t\t\t\t<\/div>\n\t\t\t\t<\/div>\n\t\t\t\t\t<\/div>\n\t\t\t\t<\/div>\n\t\t\t\t<\/div>\n\t\t","protected":false},"excerpt":{"rendered":"<p>Informations pour la commande Commande Vous y trouverez toutes les informations n\u00e9cessaires pour passer une commande. Chez Dam Medical, vous pouvez toujours commander facilement toutes les fournitures m\u00e9dicales pour votre sp\u00e9cialit\u00e9. Gr\u00e2ce \u00e0 notre gestion efficace des stocks, la plupart des articles sont disponibles directement en stock. Nous nous effor\u00e7ons de livrer votre commande le [&hellip;]<\/p>\n","protected":false},"author":3,"featured_media":0,"parent":0,"menu_order":0,"comment_status":"closed","ping_status":"closed","template":"elementor_header_footer","meta":{"footnotes":""},"class_list":["post-4350","page","type-page","status-publish","hentry"],"yoast_head":"<!-- This site is optimized with the Yoast SEO plugin v26.3 - https:\/\/yoast.com\/wordpress\/plugins\/seo\/ -->\n<title>Informations pour la commande - Dam Medical - Commande facile<\/title>\n<meta name=\"description\" content=\"Chez Dam Medical, vous pouvez toujours commander facilement toutes les fournitures m\u00e9dicales. La plupart des articles sont disponibles directement en stock.\" \/>\n<meta name=\"robots\" content=\"index, follow, max-snippet:-1, max-image-preview:large, max-video-preview:-1\" \/>\n<link rel=\"canonical\" href=\"https:\/\/dammedical.nl\/fr\/informations-pour-la-commande\/\" \/>\n<meta property=\"og:locale\" content=\"fr_FR\" \/>\n<meta property=\"og:type\" content=\"article\" \/>\n<meta property=\"og:title\" content=\"Informations pour la commande - Dam Medical - Commande facile\" \/>\n<meta property=\"og:description\" content=\"Chez Dam Medical, vous pouvez toujours commander facilement toutes les fournitures m\u00e9dicales. La plupart des articles sont disponibles directement en stock.\" \/>\n<meta property=\"og:url\" content=\"https:\/\/dammedical.nl\/fr\/informations-pour-la-commande\/\" \/>\n<meta property=\"og:site_name\" content=\"Dam Medical\" \/>\n<meta property=\"article:modified_time\" content=\"2025-10-02T13:14:35+00:00\" \/>\n<meta name=\"twitter:card\" content=\"summary_large_image\" \/>\n<meta name=\"twitter:label1\" content=\"Dur\u00e9e de lecture estim\u00e9e\" \/>\n\t<meta name=\"twitter:data1\" content=\"1 minute\" \/>\n<script type=\"application\/ld+json\" class=\"yoast-schema-graph\">{\"@context\":\"https:\/\/schema.org\",\"@graph\":[{\"@type\":\"WebPage\",\"@id\":\"https:\/\/dammedical.nl\/fr\/informations-pour-la-commande\/\",\"url\":\"https:\/\/dammedical.nl\/fr\/informations-pour-la-commande\/\",\"name\":\"Informations pour la commande - Dam Medical - Commande facile\",\"isPartOf\":{\"@id\":\"https:\/\/dammedical.nl\/fr\/#website\"},\"datePublished\":\"2025-08-15T11:59:28+00:00\",\"dateModified\":\"2025-10-02T13:14:35+00:00\",\"description\":\"Chez Dam Medical, vous pouvez toujours commander facilement toutes les fournitures m\u00e9dicales. La plupart des articles sont disponibles directement en stock.\",\"breadcrumb\":{\"@id\":\"https:\/\/dammedical.nl\/fr\/informations-pour-la-commande\/#breadcrumb\"},\"inLanguage\":\"fr-FR\",\"potentialAction\":[{\"@type\":\"ReadAction\",\"target\":[\"https:\/\/dammedical.nl\/fr\/informations-pour-la-commande\/\"]}]},{\"@type\":\"BreadcrumbList\",\"@id\":\"https:\/\/dammedical.nl\/fr\/informations-pour-la-commande\/#breadcrumb\",\"itemListElement\":[{\"@type\":\"ListItem\",\"position\":1,\"name\":\"Home\",\"item\":\"https:\/\/dammedical.nl\/fr\/accueil\/\"},{\"@type\":\"ListItem\",\"position\":2,\"name\":\"Informations pour la commande\"}]},{\"@type\":\"WebSite\",\"@id\":\"https:\/\/dammedical.nl\/fr\/#website\",\"url\":\"https:\/\/dammedical.nl\/fr\/\",\"name\":\"Dam Medical\",\"description\":\"Innovatief in chirurgie\",\"publisher\":{\"@id\":\"https:\/\/dammedical.nl\/fr\/#organization\"},\"potentialAction\":[{\"@type\":\"SearchAction\",\"target\":{\"@type\":\"EntryPoint\",\"urlTemplate\":\"https:\/\/dammedical.nl\/fr\/?s={search_term_string}\"},\"query-input\":{\"@type\":\"PropertyValueSpecification\",\"valueRequired\":true,\"valueName\":\"search_term_string\"}}],\"inLanguage\":\"fr-FR\"},{\"@type\":\"Organization\",\"@id\":\"https:\/\/dammedical.nl\/fr\/#organization\",\"name\":\"Dam Medical\",\"url\":\"https:\/\/dammedical.nl\/fr\/\",\"logo\":{\"@type\":\"ImageObject\",\"inLanguage\":\"fr-FR\",\"@id\":\"https:\/\/dammedical.nl\/fr\/#\/schema\/logo\/image\/\",\"url\":\"https:\/\/dammedical.nl\/wp-content\/uploads\/2025\/05\/logo_DamMedical-rgb-pos-e1749559852320.png\",\"contentUrl\":\"https:\/\/dammedical.nl\/wp-content\/uploads\/2025\/05\/logo_DamMedical-rgb-pos-e1749559852320.png\",\"width\":1977,\"height\":500,\"caption\":\"Dam Medical\"},\"image\":{\"@id\":\"https:\/\/dammedical.nl\/fr\/#\/schema\/logo\/image\/\"}}]}<\/script>\n<!-- \/ Yoast SEO plugin. -->","yoast_head_json":{"title":"Informations pour la commande - Dam Medical - Commande facile","description":"Chez Dam Medical, vous pouvez toujours commander facilement toutes les fournitures m\u00e9dicales. La plupart des articles sont disponibles directement en stock.","robots":{"index":"index","follow":"follow","max-snippet":"max-snippet:-1","max-image-preview":"max-image-preview:large","max-video-preview":"max-video-preview:-1"},"canonical":"https:\/\/dammedical.nl\/fr\/informations-pour-la-commande\/","og_locale":"fr_FR","og_type":"article","og_title":"Informations pour la commande - Dam Medical - Commande facile","og_description":"Chez Dam Medical, vous pouvez toujours commander facilement toutes les fournitures m\u00e9dicales. La plupart des articles sont disponibles directement en stock.","og_url":"https:\/\/dammedical.nl\/fr\/informations-pour-la-commande\/","og_site_name":"Dam Medical","article_modified_time":"2025-10-02T13:14:35+00:00","twitter_card":"summary_large_image","twitter_misc":{"Dur\u00e9e de lecture estim\u00e9e":"1 minute"},"schema":{"@context":"https:\/\/schema.org","@graph":[{"@type":"WebPage","@id":"https:\/\/dammedical.nl\/fr\/informations-pour-la-commande\/","url":"https:\/\/dammedical.nl\/fr\/informations-pour-la-commande\/","name":"Informations pour la commande - Dam Medical - Commande facile","isPartOf":{"@id":"https:\/\/dammedical.nl\/fr\/#website"},"datePublished":"2025-08-15T11:59:28+00:00","dateModified":"2025-10-02T13:14:35+00:00","description":"Chez Dam Medical, vous pouvez toujours commander facilement toutes les fournitures m\u00e9dicales. La plupart des articles sont disponibles directement en stock.","breadcrumb":{"@id":"https:\/\/dammedical.nl\/fr\/informations-pour-la-commande\/#breadcrumb"},"inLanguage":"fr-FR","potentialAction":[{"@type":"ReadAction","target":["https:\/\/dammedical.nl\/fr\/informations-pour-la-commande\/"]}]},{"@type":"BreadcrumbList","@id":"https:\/\/dammedical.nl\/fr\/informations-pour-la-commande\/#breadcrumb","itemListElement":[{"@type":"ListItem","position":1,"name":"Home","item":"https:\/\/dammedical.nl\/fr\/accueil\/"},{"@type":"ListItem","position":2,"name":"Informations pour la commande"}]},{"@type":"WebSite","@id":"https:\/\/dammedical.nl\/fr\/#website","url":"https:\/\/dammedical.nl\/fr\/","name":"Dam Medical","description":"Innovatief in chirurgie","publisher":{"@id":"https:\/\/dammedical.nl\/fr\/#organization"},"potentialAction":[{"@type":"SearchAction","target":{"@type":"EntryPoint","urlTemplate":"https:\/\/dammedical.nl\/fr\/?s={search_term_string}"},"query-input":{"@type":"PropertyValueSpecification","valueRequired":true,"valueName":"search_term_string"}}],"inLanguage":"fr-FR"},{"@type":"Organization","@id":"https:\/\/dammedical.nl\/fr\/#organization","name":"Dam Medical","url":"https:\/\/dammedical.nl\/fr\/","logo":{"@type":"ImageObject","inLanguage":"fr-FR","@id":"https:\/\/dammedical.nl\/fr\/#\/schema\/logo\/image\/","url":"https:\/\/dammedical.nl\/wp-content\/uploads\/2025\/05\/logo_DamMedical-rgb-pos-e1749559852320.png","contentUrl":"https:\/\/dammedical.nl\/wp-content\/uploads\/2025\/05\/logo_DamMedical-rgb-pos-e1749559852320.png","width":1977,"height":500,"caption":"Dam Medical"},"image":{"@id":"https:\/\/dammedical.nl\/fr\/#\/schema\/logo\/image\/"}}]}},"_links":{"self":[{"href":"https:\/\/dammedical.nl\/fr\/wp-json\/wp\/v2\/pages\/4350","targetHints":{"allow":["GET"]}}],"collection":[{"href":"https:\/\/dammedical.nl\/fr\/wp-json\/wp\/v2\/pages"}],"about":[{"href":"https:\/\/dammedical.nl\/fr\/wp-json\/wp\/v2\/types\/page"}],"author":[{"embeddable":true,"href":"https:\/\/dammedical.nl\/fr\/wp-json\/wp\/v2\/users\/3"}],"replies":[{"embeddable":true,"href":"https:\/\/dammedical.nl\/fr\/wp-json\/wp\/v2\/comments?post=4350"}],"version-history":[{"count":1,"href":"https:\/\/dammedical.nl\/fr\/wp-json\/wp\/v2\/pages\/4350\/revisions"}],"predecessor-version":[{"id":4352,"href":"https:\/\/dammedical.nl\/fr\/wp-json\/wp\/v2\/pages\/4350\/revisions\/4352"}],"wp:attachment":[{"href":"https:\/\/dammedical.nl\/fr\/wp-json\/wp\/v2\/media?parent=4350"}],"curies":[{"name":"wp","href":"https:\/\/api.w.org\/{rel}","templated":true}]}}