{"id":4357,"date":"2025-09-24T11:49:10","date_gmt":"2025-09-24T11:49:10","guid":{"rendered":"https:\/\/dammedical.nl\/declaration-de-confidentialite\/"},"modified":"2025-10-02T13:14:35","modified_gmt":"2025-10-02T13:14:35","slug":"declaration-de-confidentialite","status":"publish","type":"page","link":"https:\/\/dammedical.nl\/fr\/declaration-de-confidentialite\/","title":{"rendered":"D\u00e9claration de confidentialit\u00e9"},"content":{"rendered":"\t\t<div data-elementor-type=\"wp-page\" data-elementor-id=\"4357\" class=\"elementor elementor-4357 elementor-3398\" data-elementor-post-type=\"page\">\n\t\t\t\t<div class=\"elementor-element elementor-element-2d1fc00f e-flex e-con-boxed e-con e-child\" data-id=\"2d1fc00f\" data-element_type=\"container\" data-settings=\"{&quot;background_background&quot;:&quot;gradient&quot;}\">\n\t\t\t\t\t<div class=\"e-con-inner\">\n\t\t<div class=\"elementor-element elementor-element-3cbcca53 e-flex e-con-boxed e-con e-child\" data-id=\"3cbcca53\" data-element_type=\"container\">\n\t\t\t\t\t<div class=\"e-con-inner\">\n\t\t\t\t<div class=\"elementor-element elementor-element-92daffc elementor-widget elementor-widget-heading\" data-id=\"92daffc\" data-element_type=\"widget\" data-widget_type=\"heading.default\">\n\t\t\t\t<div class=\"elementor-widget-container\">\n\t\t\t\t\t<h1 class=\"elementor-heading-title elementor-size-default\">D\u00e9claration de confidentialit\u00e9<\/h1>\t\t\t\t<\/div>\n\t\t\t\t<\/div>\n\t\t\t\t\t<\/div>\n\t\t\t\t<\/div>\n\t\t\t\t\t<\/div>\n\t\t\t\t<\/div>\n\t\t<div class=\"elementor-element elementor-element-794ac245 e-flex e-con-boxed e-con e-parent\" data-id=\"794ac245\" data-element_type=\"container\" data-settings=\"{&quot;background_background&quot;:&quot;classic&quot;}\">\n\t\t\t\t\t<div class=\"e-con-inner\">\n\t\t<div class=\"elementor-element elementor-element-3bb4bc99 e-con-full e-flex e-con e-child\" data-id=\"3bb4bc99\" data-element_type=\"container\">\n\t\t\t\t<div class=\"elementor-element elementor-element-1774935e elementor-widget elementor-widget-heading\" data-id=\"1774935e\" data-element_type=\"widget\" data-widget_type=\"heading.default\">\n\t\t\t\t<div class=\"elementor-widget-container\">\n\t\t\t\t\t<h3 class=\"elementor-heading-title elementor-size-default\">Politique de confidentialit\u00e9<\/h3>\t\t\t\t<\/div>\n\t\t\t\t<\/div>\n\t\t\t\t<div class=\"elementor-element elementor-element-555b6140 elementor-widget elementor-widget-heading\" data-id=\"555b6140\" data-element_type=\"widget\" data-widget_type=\"heading.default\">\n\t\t\t\t<div class=\"elementor-widget-container\">\n\t\t\t\t\t<h5 class=\"elementor-heading-title elementor-size-default\">D\u00e9claration<\/h5>\t\t\t\t<\/div>\n\t\t\t\t<\/div>\n\t\t\t\t<div class=\"elementor-element elementor-element-4c4538c4 elementor-widget elementor-widget-text-editor\" data-id=\"4c4538c4\" data-element_type=\"widget\" data-widget_type=\"text-editor.default\">\n\t\t\t\t<div class=\"elementor-widget-container\">\n\t\t\t\t\t\t\t\t\t<p>Dam Medical B.V., situ\u00e9 \u00e0 Staarten 23a, 5281 PK \u00e0 Boxtel, est responsable du traitement des donn\u00e9es personnelles tel qu&rsquo;il est d\u00e9crit dans la pr\u00e9sente d\u00e9claration de confidentialit\u00e9.<\/p><p>Coordonn\u00e9es de la personne \u00e0 contacter :<\/p><p><a href=\"https:\/\/dammedical.nl\/fr\/\">www.dammedical.nl<\/a><\/p><p>Staarten 23a, 5281 PK Boxtel, t\u00e9l\u00e9phone : +31 (0)85 1300538.<\/p><p>Nous n&rsquo;utilisons pas de plugins pour les m\u00e9dias sociaux.<\/p><p>Dam Medical B.V. a pour objectif avec ce site web :<br>de vous informer sur nos services et produits.<\/p><p>Prise de d\u00e9cision automatis\u00e9e :<br>Dam Medical B.V. ne prend pas de d\u00e9cisions sur des questions susceptibles d&rsquo;affecter (de mani\u00e8re significative) les personnes sur la base d&rsquo;un traitement automatis\u00e9. Il s&rsquo;agit de d\u00e9cisions prises par des programmes ou des syst\u00e8mes informatiques, sans qu&rsquo;une personne (par exemple un employ\u00e9 de Dam Medical B.V.) ne soit impliqu\u00e9e. <\/p><p>Cookies ou techniques similaires que nous utilisons :<br>Dam Medical B.V. n&rsquo;utilise pas de cookies ou de techniques similaires.<\/p><p>Liens :<br>Les sites web de Dam Medical B.V. contiennent un certain nombre de r\u00e9f\u00e9rences \u00e0 d&rsquo;autres sites web d&rsquo;organisations. Dam Medical B.V. n&rsquo;est pas responsable de la mani\u00e8re dont ces parties traitent les donn\u00e9es personnelles. Pour ce faire, vous pouvez consulter la d\u00e9claration de confidentialit\u00e9 de l&rsquo;organisation concern\u00e9e.  <\/p><p>Droits des personnes concern\u00e9es<br>En vertu de la LVP, chacun dispose d&rsquo;un certain nombre de droits. Nous nous effor\u00e7ons de les respecter au mieux. Vous avez des conseils ou des commentaires ? N&rsquo;h\u00e9sitez pas \u00e0 nous en faire part !<br>Pour exercer vos droits, veuillez nous contacter \u00e0 l&rsquo;adresse <a href=\"mailto:info@dammedical.nl\">info@dammedical.nl<\/a> ou au +31 (0)85 1300538.   <\/p><p>Boxtel, 15 mai 2018<\/p>\t\t\t\t\t\t\t\t<\/div>\n\t\t\t\t<\/div>\n\t\t\t\t<\/div>\n\t\t\t\t\t<\/div>\n\t\t\t\t<\/div>\n\t\t\t\t<\/div>\n\t\t","protected":false},"excerpt":{"rendered":"<p>D\u00e9claration de confidentialit\u00e9 Politique de confidentialit\u00e9 D\u00e9claration Dam Medical B.V., situ\u00e9 \u00e0 Staarten 23a, 5281 PK \u00e0 Boxtel, est responsable du traitement des donn\u00e9es personnelles tel qu&rsquo;il est d\u00e9crit dans la pr\u00e9sente d\u00e9claration de confidentialit\u00e9. Coordonn\u00e9es de la personne \u00e0 contacter : www.dammedical.nl Staarten 23a, 5281 PK Boxtel, t\u00e9l\u00e9phone : +31 (0)85 1300538. Nous n&rsquo;utilisons [&hellip;]<\/p>\n","protected":false},"author":8,"featured_media":0,"parent":0,"menu_order":0,"comment_status":"closed","ping_status":"closed","template":"elementor_header_footer","meta":{"footnotes":""},"class_list":["post-4357","page","type-page","status-publish","hentry"],"yoast_head":"<!-- This site is optimized with the Yoast SEO plugin v26.3 - https:\/\/yoast.com\/wordpress\/plugins\/seo\/ -->\n<title>D\u00e9claration de confidentialit\u00e9 - Dam Medical<\/title>\n<meta name=\"robots\" content=\"index, follow, max-snippet:-1, max-image-preview:large, max-video-preview:-1\" \/>\n<link rel=\"canonical\" href=\"https:\/\/dammedical.nl\/fr\/declaration-de-confidentialite\/\" \/>\n<meta property=\"og:locale\" content=\"fr_FR\" \/>\n<meta property=\"og:type\" content=\"article\" \/>\n<meta property=\"og:title\" content=\"D\u00e9claration de confidentialit\u00e9 - Dam Medical\" \/>\n<meta property=\"og:description\" content=\"D\u00e9claration de confidentialit\u00e9 Politique de confidentialit\u00e9 D\u00e9claration Dam Medical B.V., situ\u00e9 \u00e0 Staarten 23a, 5281 PK \u00e0 Boxtel, est responsable du traitement des donn\u00e9es personnelles tel qu&rsquo;il est d\u00e9crit dans la pr\u00e9sente d\u00e9claration de confidentialit\u00e9. Coordonn\u00e9es de la personne \u00e0 contacter : www.dammedical.nl Staarten 23a, 5281 PK Boxtel, t\u00e9l\u00e9phone : +31 (0)85 1300538. Nous n&rsquo;utilisons [&hellip;]\" \/>\n<meta property=\"og:url\" content=\"https:\/\/dammedical.nl\/fr\/declaration-de-confidentialite\/\" \/>\n<meta property=\"og:site_name\" content=\"Dam Medical\" \/>\n<meta property=\"article:modified_time\" content=\"2025-10-02T13:14:35+00:00\" \/>\n<meta name=\"twitter:card\" content=\"summary_large_image\" \/>\n<meta name=\"twitter:label1\" content=\"Dur\u00e9e de lecture estim\u00e9e\" \/>\n\t<meta name=\"twitter:data1\" content=\"1 minute\" \/>\n<script type=\"application\/ld+json\" class=\"yoast-schema-graph\">{\"@context\":\"https:\/\/schema.org\",\"@graph\":[{\"@type\":\"WebPage\",\"@id\":\"https:\/\/dammedical.nl\/fr\/declaration-de-confidentialite\/\",\"url\":\"https:\/\/dammedical.nl\/fr\/declaration-de-confidentialite\/\",\"name\":\"D\u00e9claration de confidentialit\u00e9 - Dam Medical\",\"isPartOf\":{\"@id\":\"https:\/\/dammedical.nl\/fr\/#website\"},\"datePublished\":\"2025-09-24T11:49:10+00:00\",\"dateModified\":\"2025-10-02T13:14:35+00:00\",\"breadcrumb\":{\"@id\":\"https:\/\/dammedical.nl\/fr\/declaration-de-confidentialite\/#breadcrumb\"},\"inLanguage\":\"fr-FR\",\"potentialAction\":[{\"@type\":\"ReadAction\",\"target\":[\"https:\/\/dammedical.nl\/fr\/declaration-de-confidentialite\/\"]}]},{\"@type\":\"BreadcrumbList\",\"@id\":\"https:\/\/dammedical.nl\/fr\/declaration-de-confidentialite\/#breadcrumb\",\"itemListElement\":[{\"@type\":\"ListItem\",\"position\":1,\"name\":\"Home\",\"item\":\"https:\/\/dammedical.nl\/fr\/accueil\/\"},{\"@type\":\"ListItem\",\"position\":2,\"name\":\"D\u00e9claration de confidentialit\u00e9\"}]},{\"@type\":\"WebSite\",\"@id\":\"https:\/\/dammedical.nl\/fr\/#website\",\"url\":\"https:\/\/dammedical.nl\/fr\/\",\"name\":\"Dam Medical\",\"description\":\"Innovatief in chirurgie\",\"publisher\":{\"@id\":\"https:\/\/dammedical.nl\/fr\/#organization\"},\"potentialAction\":[{\"@type\":\"SearchAction\",\"target\":{\"@type\":\"EntryPoint\",\"urlTemplate\":\"https:\/\/dammedical.nl\/fr\/?s={search_term_string}\"},\"query-input\":{\"@type\":\"PropertyValueSpecification\",\"valueRequired\":true,\"valueName\":\"search_term_string\"}}],\"inLanguage\":\"fr-FR\"},{\"@type\":\"Organization\",\"@id\":\"https:\/\/dammedical.nl\/fr\/#organization\",\"name\":\"Dam Medical\",\"url\":\"https:\/\/dammedical.nl\/fr\/\",\"logo\":{\"@type\":\"ImageObject\",\"inLanguage\":\"fr-FR\",\"@id\":\"https:\/\/dammedical.nl\/fr\/#\/schema\/logo\/image\/\",\"url\":\"https:\/\/dammedical.nl\/wp-content\/uploads\/2025\/05\/logo_DamMedical-rgb-pos-e1749559852320.png\",\"contentUrl\":\"https:\/\/dammedical.nl\/wp-content\/uploads\/2025\/05\/logo_DamMedical-rgb-pos-e1749559852320.png\",\"width\":1977,\"height\":500,\"caption\":\"Dam Medical\"},\"image\":{\"@id\":\"https:\/\/dammedical.nl\/fr\/#\/schema\/logo\/image\/\"}}]}<\/script>\n<!-- \/ Yoast SEO plugin. -->","yoast_head_json":{"title":"D\u00e9claration de confidentialit\u00e9 - Dam Medical","robots":{"index":"index","follow":"follow","max-snippet":"max-snippet:-1","max-image-preview":"max-image-preview:large","max-video-preview":"max-video-preview:-1"},"canonical":"https:\/\/dammedical.nl\/fr\/declaration-de-confidentialite\/","og_locale":"fr_FR","og_type":"article","og_title":"D\u00e9claration de confidentialit\u00e9 - Dam Medical","og_description":"D\u00e9claration de confidentialit\u00e9 Politique de confidentialit\u00e9 D\u00e9claration Dam Medical B.V., situ\u00e9 \u00e0 Staarten 23a, 5281 PK \u00e0 Boxtel, est responsable du traitement des donn\u00e9es personnelles tel qu&rsquo;il est d\u00e9crit dans la pr\u00e9sente d\u00e9claration de confidentialit\u00e9. Coordonn\u00e9es de la personne \u00e0 contacter : www.dammedical.nl Staarten 23a, 5281 PK Boxtel, t\u00e9l\u00e9phone : +31 (0)85 1300538. Nous n&rsquo;utilisons [&hellip;]","og_url":"https:\/\/dammedical.nl\/fr\/declaration-de-confidentialite\/","og_site_name":"Dam Medical","article_modified_time":"2025-10-02T13:14:35+00:00","twitter_card":"summary_large_image","twitter_misc":{"Dur\u00e9e de lecture estim\u00e9e":"1 minute"},"schema":{"@context":"https:\/\/schema.org","@graph":[{"@type":"WebPage","@id":"https:\/\/dammedical.nl\/fr\/declaration-de-confidentialite\/","url":"https:\/\/dammedical.nl\/fr\/declaration-de-confidentialite\/","name":"D\u00e9claration de confidentialit\u00e9 - Dam Medical","isPartOf":{"@id":"https:\/\/dammedical.nl\/fr\/#website"},"datePublished":"2025-09-24T11:49:10+00:00","dateModified":"2025-10-02T13:14:35+00:00","breadcrumb":{"@id":"https:\/\/dammedical.nl\/fr\/declaration-de-confidentialite\/#breadcrumb"},"inLanguage":"fr-FR","potentialAction":[{"@type":"ReadAction","target":["https:\/\/dammedical.nl\/fr\/declaration-de-confidentialite\/"]}]},{"@type":"BreadcrumbList","@id":"https:\/\/dammedical.nl\/fr\/declaration-de-confidentialite\/#breadcrumb","itemListElement":[{"@type":"ListItem","position":1,"name":"Home","item":"https:\/\/dammedical.nl\/fr\/accueil\/"},{"@type":"ListItem","position":2,"name":"D\u00e9claration de confidentialit\u00e9"}]},{"@type":"WebSite","@id":"https:\/\/dammedical.nl\/fr\/#website","url":"https:\/\/dammedical.nl\/fr\/","name":"Dam Medical","description":"Innovatief in chirurgie","publisher":{"@id":"https:\/\/dammedical.nl\/fr\/#organization"},"potentialAction":[{"@type":"SearchAction","target":{"@type":"EntryPoint","urlTemplate":"https:\/\/dammedical.nl\/fr\/?s={search_term_string}"},"query-input":{"@type":"PropertyValueSpecification","valueRequired":true,"valueName":"search_term_string"}}],"inLanguage":"fr-FR"},{"@type":"Organization","@id":"https:\/\/dammedical.nl\/fr\/#organization","name":"Dam Medical","url":"https:\/\/dammedical.nl\/fr\/","logo":{"@type":"ImageObject","inLanguage":"fr-FR","@id":"https:\/\/dammedical.nl\/fr\/#\/schema\/logo\/image\/","url":"https:\/\/dammedical.nl\/wp-content\/uploads\/2025\/05\/logo_DamMedical-rgb-pos-e1749559852320.png","contentUrl":"https:\/\/dammedical.nl\/wp-content\/uploads\/2025\/05\/logo_DamMedical-rgb-pos-e1749559852320.png","width":1977,"height":500,"caption":"Dam Medical"},"image":{"@id":"https:\/\/dammedical.nl\/fr\/#\/schema\/logo\/image\/"}}]}},"_links":{"self":[{"href":"https:\/\/dammedical.nl\/fr\/wp-json\/wp\/v2\/pages\/4357","targetHints":{"allow":["GET"]}}],"collection":[{"href":"https:\/\/dammedical.nl\/fr\/wp-json\/wp\/v2\/pages"}],"about":[{"href":"https:\/\/dammedical.nl\/fr\/wp-json\/wp\/v2\/types\/page"}],"author":[{"embeddable":true,"href":"https:\/\/dammedical.nl\/fr\/wp-json\/wp\/v2\/users\/8"}],"replies":[{"embeddable":true,"href":"https:\/\/dammedical.nl\/fr\/wp-json\/wp\/v2\/comments?post=4357"}],"version-history":[{"count":1,"href":"https:\/\/dammedical.nl\/fr\/wp-json\/wp\/v2\/pages\/4357\/revisions"}],"predecessor-version":[{"id":4359,"href":"https:\/\/dammedical.nl\/fr\/wp-json\/wp\/v2\/pages\/4357\/revisions\/4359"}],"wp:attachment":[{"href":"https:\/\/dammedical.nl\/fr\/wp-json\/wp\/v2\/media?parent=4357"}],"curies":[{"name":"wp","href":"https:\/\/api.w.org\/{rel}","templated":true}]}}