{"id":4358,"date":"2025-08-05T12:36:13","date_gmt":"2025-08-05T12:36:13","guid":{"rendered":"https:\/\/dammedical.nl\/mc-bio\/"},"modified":"2025-10-02T13:14:34","modified_gmt":"2025-10-02T13:14:34","slug":"mc-bio","status":"publish","type":"page","link":"https:\/\/dammedical.nl\/fr\/mc-bio\/","title":{"rendered":"MC Bio"},"content":{"rendered":"\t\t<div data-elementor-type=\"wp-page\" data-elementor-id=\"4358\" class=\"elementor elementor-4358 elementor-2630\" data-elementor-post-type=\"page\">\n\t\t\t\t<div class=\"elementor-element elementor-element-5e6cd41 e-flex e-con-boxed e-con e-child\" data-id=\"5e6cd41\" data-element_type=\"container\" data-settings=\"{&quot;background_background&quot;:&quot;gradient&quot;}\">\n\t\t\t\t\t<div class=\"e-con-inner\">\n\t\t<div class=\"elementor-element elementor-element-7fce5f49 e-flex e-con-boxed e-con e-child\" data-id=\"7fce5f49\" data-element_type=\"container\">\n\t\t\t\t\t<div class=\"e-con-inner\">\n\t\t\t\t<div class=\"elementor-element elementor-element-36004340 elementor-widget elementor-widget-heading\" data-id=\"36004340\" data-element_type=\"widget\" data-widget_type=\"heading.default\">\n\t\t\t\t<div class=\"elementor-widget-container\">\n\t\t\t\t\t<h1 class=\"elementor-heading-title elementor-size-default\">MC Bio<\/h1>\t\t\t\t<\/div>\n\t\t\t\t<\/div>\n\t\t\t\t\t<\/div>\n\t\t\t\t<\/div>\n\t\t\t\t\t<\/div>\n\t\t\t\t<\/div>\n\t\t<div class=\"elementor-element elementor-element-51fa91d5 e-flex e-con-boxed e-con e-parent\" data-id=\"51fa91d5\" data-element_type=\"container\" data-settings=\"{&quot;background_background&quot;:&quot;classic&quot;}\">\n\t\t\t\t\t<div class=\"e-con-inner\">\n\t\t<div class=\"elementor-element elementor-element-4a378b04 e-con-full e-flex e-con e-child\" data-id=\"4a378b04\" data-element_type=\"container\">\n\t\t\t\t<div class=\"elementor-element elementor-element-390af87d elementor-widget elementor-widget-heading\" data-id=\"390af87d\" data-element_type=\"widget\" data-widget_type=\"heading.default\">\n\t\t\t\t<div class=\"elementor-widget-container\">\n\t\t\t\t\t<h6 class=\"elementor-heading-title elementor-size-default\">MC Bio<\/h6>\t\t\t\t<\/div>\n\t\t\t\t<\/div>\n\t\t\t\t<div class=\"elementor-element elementor-element-5583261e elementor-widget elementor-widget-heading\" data-id=\"5583261e\" data-element_type=\"widget\" data-widget_type=\"heading.default\">\n\t\t\t\t<div class=\"elementor-widget-container\">\n\t\t\t\t\t<h3 class=\"elementor-heading-title elementor-size-default\">Technologie innovante<\/h3>\t\t\t\t<\/div>\n\t\t\t\t<\/div>\n\t\t\t\t<div class=\"elementor-element elementor-element-64c95ba6 elementor-widget elementor-widget-heading\" data-id=\"64c95ba6\" data-element_type=\"widget\" data-widget_type=\"heading.default\">\n\t\t\t\t<div class=\"elementor-widget-container\">\n\t\t\t\t\t<div class=\"elementor-heading-title elementor-size-default\">MC Bio a \u00e9t\u00e9 cr\u00e9\u00e9e en 2005 sur la base des ann\u00e9es d'exp\u00e9rience des fondateurs dans les secteurs dentaire, chirurgical et de l'ing\u00e9nierie.<\/div>\t\t\t\t<\/div>\n\t\t\t\t<\/div>\n\t\t\t\t<div class=\"elementor-element elementor-element-b1f8e0f elementor-widget elementor-widget-text-editor\" data-id=\"b1f8e0f\" data-element_type=\"widget\" data-widget_type=\"text-editor.default\">\n\t\t\t\t<div class=\"elementor-widget-container\">\n\t\t\t\t\t\t\t\t\t<p>MC Bio a commenc\u00e9 par fabriquer des implants conom\u00e9triques, en se sp\u00e9cialisant dans cette technologie innovante. Au fil du temps, l&rsquo;entreprise a \u00e9largi sa gamme de produits et d\u00e9velopp\u00e9 de nouvelles lignes d&rsquo;implants conom\u00e9triques et d&rsquo;autres types d&rsquo;implants jusqu&rsquo;en 2015. Au cours de cette p\u00e9riode de croissance et d&rsquo;innovation, MC Bio a commenc\u00e9 \u00e0 \u00e9tudier les syst\u00e8mes de fixation par vis.  <\/p><p>Outre le d\u00e9veloppement de vis, MC Bio a \u00e9galement \u00e9tudi\u00e9 et d\u00e9velopp\u00e9 une gamme de broches sp\u00e9cifiquement destin\u00e9es \u00e0 la fixation de membranes r\u00e9sorbables et non r\u00e9sorbables.<\/p><p>Depuis 2015, MC Bio continue d&rsquo;innover en d\u00e9veloppant de nouvelles gammes de vis et d&rsquo;instruments chirurgicaux pour r\u00e9pondre aux besoins sp\u00e9cifiques de chaque technique chirurgicale.<\/p>\t\t\t\t\t\t\t\t<\/div>\n\t\t\t\t<\/div>\n\t\t\t\t<div class=\"elementor-element elementor-element-20b45e1e elementor-widget-divider--view-line elementor-widget elementor-widget-divider\" data-id=\"20b45e1e\" data-element_type=\"widget\" data-widget_type=\"divider.default\">\n\t\t\t\t<div class=\"elementor-widget-container\">\n\t\t\t\t\t\t\t<div class=\"elementor-divider\">\n\t\t\t<span class=\"elementor-divider-separator\">\n\t\t\t\t\t\t<\/span>\n\t\t<\/div>\n\t\t\t\t\t\t<\/div>\n\t\t\t\t<\/div>\n\t\t<div class=\"elementor-element elementor-element-72bfadd0 e-con-full e-flex e-con e-child\" data-id=\"72bfadd0\" data-element_type=\"container\">\n\t\t\t\t<div class=\"elementor-element elementor-element-1cb858f0 elementor-widget elementor-widget-text-editor\" data-id=\"1cb858f0\" data-element_type=\"widget\" data-widget_type=\"text-editor.default\">\n\t\t\t\t<div class=\"elementor-widget-container\">\n\t\t\t\t\t\t\t\t\t<p>Si vous souhaitez lire plus d&rsquo;informations en ligne, veuillez vous r\u00e9f\u00e9rer \u00e0 la page officielle de <a href=\"https:\/\/mcbiosurgery.com\/en\/\">MC Bio.<\/a> <\/p>\t\t\t\t\t\t\t\t<\/div>\n\t\t\t\t<\/div>\n\t\t\t\t<\/div>\n\t\t\t\t<\/div>\n\t\t<div class=\"elementor-element elementor-element-642a7fa3 e-con-full e-flex e-con e-child\" data-id=\"642a7fa3\" data-element_type=\"container\">\n\t\t<div class=\"elementor-element elementor-element-3969a02c e-flex e-con-boxed e-con e-child\" data-id=\"3969a02c\" data-element_type=\"container\" data-settings=\"{&quot;background_background&quot;:&quot;classic&quot;}\">\n\t\t\t\t\t<div class=\"e-con-inner\">\n\t\t\t\t<div class=\"elementor-element elementor-element-75b5a636 elementor-widget elementor-widget-heading\" data-id=\"75b5a636\" data-element_type=\"widget\" data-widget_type=\"heading.default\">\n\t\t\t\t<div class=\"elementor-widget-container\">\n\t\t\t\t\t<h3 class=\"elementor-heading-title elementor-size-default\">Contact<\/h3>\t\t\t\t<\/div>\n\t\t\t\t<\/div>\n\t\t\t\t<div class=\"elementor-element elementor-element-6e1455e2 elementor-widget elementor-widget-heading\" data-id=\"6e1455e2\" data-element_type=\"widget\" data-widget_type=\"heading.default\">\n\t\t\t\t<div class=\"elementor-widget-container\">\n\t\t\t\t\t<div class=\"elementor-heading-title elementor-size-default\">Pour plus d'informations, nous sommes \u00e0 votre disposition !<\/div>\t\t\t\t<\/div>\n\t\t\t\t<\/div>\n\t\t\t\t<div class=\"elementor-element elementor-element-112fb863 elementor-button-align-stretch elementor-widget elementor-widget-form\" data-id=\"112fb863\" data-element_type=\"widget\" data-settings=\"{&quot;step_next_label&quot;:&quot;Suivant&quot;,&quot;step_previous_label&quot;:&quot;Pr\\u00e9c\\u00e9dent&quot;,&quot;button_width&quot;:&quot;100&quot;,&quot;step_type&quot;:&quot;number_text&quot;,&quot;step_icon_shape&quot;:&quot;circle&quot;}\" data-widget_type=\"form.default\">\n\t\t\t\t<div class=\"elementor-widget-container\">\n\t\t\t\t\t\t\t<form class=\"elementor-form\" method=\"post\" name=\"Nouveau formulaire\" aria-label=\"Nouveau formulaire\">\n\t\t\t<input type=\"hidden\" name=\"post_id\" value=\"4358\"\/>\n\t\t\t<input type=\"hidden\" name=\"form_id\" value=\"112fb863\"\/>\n\t\t\t<input type=\"hidden\" name=\"referer_title\" value=\"MC Bio %sepsitename%% - Exclusivement chez Dam Medical\" \/>\n\n\t\t\t\t\t\t\t<input type=\"hidden\" name=\"queried_id\" value=\"4358\"\/>\n\t\t\t\n\t\t\t<div class=\"elementor-form-fields-wrapper elementor-labels-above\">\n\t\t\t\t\t\t\t\t<div class=\"elementor-field-type-text elementor-field-group elementor-column elementor-field-group-name elementor-col-100 elementor-md-50 elementor-field-required elementor-mark-required\">\n\t\t\t\t\t\t\t\t\t\t\t\t<label for=\"form-field-name\" class=\"elementor-field-label\">\n\t\t\t\t\t\t\t\tNom\t\t\t\t\t\t\t<\/label>\n\t\t\t\t\t\t\t\t\t\t\t\t\t\t<input size=\"1\" type=\"text\" name=\"form_fields[name]\" id=\"form-field-name\" class=\"elementor-field elementor-size-sm  elementor-field-textual\" placeholder=\"Nom\" required=\"required\">\n\t\t\t\t\t\t\t\t\t\t\t<\/div>\n\t\t\t\t\t\t\t\t<div class=\"elementor-field-type-email elementor-field-group elementor-column elementor-field-group-field_d78ea4c elementor-col-100 elementor-md-50 elementor-field-required elementor-mark-required\">\n\t\t\t\t\t\t\t\t\t\t\t\t<label for=\"form-field-field_d78ea4c\" class=\"elementor-field-label\">\n\t\t\t\t\t\t\t\tCourriel\t\t\t\t\t\t\t<\/label>\n\t\t\t\t\t\t\t\t\t\t\t\t\t\t<input size=\"1\" type=\"email\" name=\"form_fields[field_d78ea4c]\" id=\"form-field-field_d78ea4c\" class=\"elementor-field elementor-size-sm  elementor-field-textual\" placeholder=\"Courriel\" required=\"required\">\n\t\t\t\t\t\t\t\t\t\t\t<\/div>\n\t\t\t\t\t\t\t\t<div class=\"elementor-field-type-text elementor-field-group elementor-column elementor-field-group-field_ab5baf9 elementor-col-100 elementor-md-50 elementor-field-required elementor-mark-required\">\n\t\t\t\t\t\t\t\t\t\t\t\t<label for=\"form-field-field_ab5baf9\" class=\"elementor-field-label\">\n\t\t\t\t\t\t\t\tL'organisation\t\t\t\t\t\t\t<\/label>\n\t\t\t\t\t\t\t\t\t\t\t\t\t\t<input size=\"1\" type=\"text\" name=\"form_fields[field_ab5baf9]\" id=\"form-field-field_ab5baf9\" class=\"elementor-field elementor-size-sm  elementor-field-textual\" placeholder=\"L&#039;organisation\" required=\"required\">\n\t\t\t\t\t\t\t\t\t\t\t<\/div>\n\t\t\t\t\t\t\t\t<div class=\"elementor-field-type-textarea elementor-field-group elementor-column elementor-field-group-message elementor-col-100 elementor-field-required elementor-mark-required\">\n\t\t\t\t\t\t\t\t\t\t\t\t<label for=\"form-field-message\" class=\"elementor-field-label\">\n\t\t\t\t\t\t\t\tMessage\t\t\t\t\t\t\t<\/label>\n\t\t\t\t\t\t<textarea class=\"elementor-field-textual elementor-field  elementor-size-sm\" name=\"form_fields[message]\" id=\"form-field-message\" rows=\"4\" placeholder=\"Message\" required=\"required\"><\/textarea>\t\t\t\t<\/div>\n\t\t\t\t\t\t\t\t<div class=\"elementor-field-group elementor-column elementor-field-type-submit elementor-col-100 e-form__buttons\">\n\t\t\t\t\t<button class=\"elementor-button elementor-size-sm\" type=\"submit\">\n\t\t\t\t\t\t<span class=\"elementor-button-content-wrapper\">\n\t\t\t\t\t\t\t\t\t\t\t\t\t\t\t\t\t\t\t\t\t\t<span class=\"elementor-button-text\">Exp\u00e9dition<\/span>\n\t\t\t\t\t\t\t\t\t\t\t\t\t<\/span>\n\t\t\t\t\t<\/button>\n\t\t\t\t<\/div>\n\t\t\t<\/div>\n\t\t<\/form>\n\t\t\t\t\t\t<\/div>\n\t\t\t\t<\/div>\n\t\t\t\t\t<\/div>\n\t\t\t\t<\/div>\n\t\t\t\t<div class=\"elementor-element elementor-element-2ad839d2 elementor-widget elementor-widget-image\" data-id=\"2ad839d2\" data-element_type=\"widget\" data-widget_type=\"image.default\">\n\t\t\t\t<div class=\"elementor-widget-container\">\n\t\t\t\t\t\t\t\t\t\t\t\t\t\t\t<img fetchpriority=\"high\" decoding=\"async\" width=\"800\" height=\"328\" src=\"https:\/\/dammedical.nl\/wp-content\/uploads\/2025\/06\/8.jpg-1024x420.png\" class=\"attachment-large size-large wp-image-3916\" alt=\"MC bio\" srcset=\"https:\/\/dammedical.nl\/wp-content\/uploads\/2025\/06\/8.jpg-1024x420.png 1024w, https:\/\/dammedical.nl\/wp-content\/uploads\/2025\/06\/8.jpg-300x123.png 300w, https:\/\/dammedical.nl\/wp-content\/uploads\/2025\/06\/8.jpg-768x315.png 768w, https:\/\/dammedical.nl\/wp-content\/uploads\/2025\/06\/8.jpg-1536x631.png 1536w, https:\/\/dammedical.nl\/wp-content\/uploads\/2025\/06\/8.jpg-2048x841.png 2048w, https:\/\/dammedical.nl\/wp-content\/uploads\/2025\/06\/8.jpg-600x246.png 600w\" sizes=\"(max-width: 800px) 100vw, 800px\" \/>\t\t\t\t\t\t\t\t\t\t\t\t\t\t\t<\/div>\n\t\t\t\t<\/div>\n\t\t\t\t<\/div>\n\t\t\t\t\t<\/div>\n\t\t\t\t<\/div>\n\t\t\t\t<\/div>\n\t\t","protected":false},"excerpt":{"rendered":"<p>MC Bio Technologie innovante MC Bio a \u00e9t\u00e9 cr\u00e9\u00e9e en 2005 sur la base des ann\u00e9es d&rsquo;exp\u00e9rience des fondateurs dans les secteurs dentaire, chirurgical et de l&rsquo;ing\u00e9nierie. MC Bio a commenc\u00e9 par fabriquer des implants conom\u00e9triques, en se sp\u00e9cialisant dans cette technologie innovante. Au fil du temps, l&rsquo;entreprise a \u00e9largi sa gamme de produits et [&hellip;]<\/p>\n","protected":false},"author":3,"featured_media":3916,"parent":0,"menu_order":0,"comment_status":"closed","ping_status":"closed","template":"elementor_header_footer","meta":{"footnotes":""},"class_list":["post-4358","page","type-page","status-publish","has-post-thumbnail","hentry"],"yoast_head":"<!-- This site is optimized with the Yoast SEO plugin v26.3 - https:\/\/yoast.com\/wordpress\/plugins\/seo\/ -->\n<title>MC Bio %sepsitename%% - Exclusivement chez Dam Medical<\/title>\n<meta name=\"description\" content=\"MC Bio a d\u00e9velopp\u00e9 des vis et des instruments chirurgicaux pour r\u00e9pondre aux besoins sp\u00e9cifiques de chaque technique chirurgicale.\" \/>\n<meta name=\"robots\" content=\"index, follow, max-snippet:-1, max-image-preview:large, max-video-preview:-1\" \/>\n<link rel=\"canonical\" href=\"https:\/\/dammedical.nl\/fr\/mc-bio\/\" \/>\n<meta property=\"og:locale\" content=\"fr_FR\" \/>\n<meta property=\"og:type\" content=\"article\" \/>\n<meta property=\"og:title\" content=\"MC Bio %sepsitename%% - Exclusivement chez Dam Medical\" \/>\n<meta property=\"og:description\" content=\"MC Bio a d\u00e9velopp\u00e9 des vis et des instruments chirurgicaux pour r\u00e9pondre aux besoins sp\u00e9cifiques de chaque technique chirurgicale.\" \/>\n<meta property=\"og:url\" content=\"https:\/\/dammedical.nl\/fr\/mc-bio\/\" \/>\n<meta property=\"og:site_name\" content=\"Dam Medical\" \/>\n<meta property=\"article:modified_time\" content=\"2025-10-02T13:14:34+00:00\" \/>\n<meta property=\"og:image\" content=\"https:\/\/dammedical.nl\/wp-content\/uploads\/2025\/06\/8.jpg-scaled.png\" \/>\n\t<meta property=\"og:image:width\" content=\"2560\" \/>\n\t<meta property=\"og:image:height\" content=\"1051\" \/>\n\t<meta property=\"og:image:type\" content=\"image\/png\" \/>\n<meta name=\"twitter:card\" content=\"summary_large_image\" \/>\n<meta name=\"twitter:label1\" content=\"Dur\u00e9e de lecture estim\u00e9e\" \/>\n\t<meta name=\"twitter:data1\" content=\"1 minute\" \/>\n<script type=\"application\/ld+json\" class=\"yoast-schema-graph\">{\"@context\":\"https:\/\/schema.org\",\"@graph\":[{\"@type\":\"WebPage\",\"@id\":\"https:\/\/dammedical.nl\/fr\/mc-bio\/\",\"url\":\"https:\/\/dammedical.nl\/fr\/mc-bio\/\",\"name\":\"MC Bio %sepsitename%% - Exclusivement chez Dam Medical\",\"isPartOf\":{\"@id\":\"https:\/\/dammedical.nl\/fr\/#website\"},\"primaryImageOfPage\":{\"@id\":\"https:\/\/dammedical.nl\/fr\/mc-bio\/#primaryimage\"},\"image\":{\"@id\":\"https:\/\/dammedical.nl\/fr\/mc-bio\/#primaryimage\"},\"thumbnailUrl\":\"https:\/\/dammedical.nl\/wp-content\/uploads\/2025\/06\/8.jpg-scaled.png\",\"datePublished\":\"2025-08-05T12:36:13+00:00\",\"dateModified\":\"2025-10-02T13:14:34+00:00\",\"description\":\"MC Bio a d\u00e9velopp\u00e9 des vis et des instruments chirurgicaux pour r\u00e9pondre aux besoins sp\u00e9cifiques de chaque technique chirurgicale.\",\"breadcrumb\":{\"@id\":\"https:\/\/dammedical.nl\/fr\/mc-bio\/#breadcrumb\"},\"inLanguage\":\"fr-FR\",\"potentialAction\":[{\"@type\":\"ReadAction\",\"target\":[\"https:\/\/dammedical.nl\/fr\/mc-bio\/\"]}]},{\"@type\":\"ImageObject\",\"inLanguage\":\"fr-FR\",\"@id\":\"https:\/\/dammedical.nl\/fr\/mc-bio\/#primaryimage\",\"url\":\"https:\/\/dammedical.nl\/wp-content\/uploads\/2025\/06\/8.jpg-scaled.png\",\"contentUrl\":\"https:\/\/dammedical.nl\/wp-content\/uploads\/2025\/06\/8.jpg-scaled.png\",\"width\":2560,\"height\":1051,\"caption\":\"MC bio\"},{\"@type\":\"BreadcrumbList\",\"@id\":\"https:\/\/dammedical.nl\/fr\/mc-bio\/#breadcrumb\",\"itemListElement\":[{\"@type\":\"ListItem\",\"position\":1,\"name\":\"Home\",\"item\":\"https:\/\/dammedical.nl\/fr\/accueil\/\"},{\"@type\":\"ListItem\",\"position\":2,\"name\":\"MC Bio\"}]},{\"@type\":\"WebSite\",\"@id\":\"https:\/\/dammedical.nl\/fr\/#website\",\"url\":\"https:\/\/dammedical.nl\/fr\/\",\"name\":\"Dam Medical\",\"description\":\"Innovatief in chirurgie\",\"publisher\":{\"@id\":\"https:\/\/dammedical.nl\/fr\/#organization\"},\"potentialAction\":[{\"@type\":\"SearchAction\",\"target\":{\"@type\":\"EntryPoint\",\"urlTemplate\":\"https:\/\/dammedical.nl\/fr\/?s={search_term_string}\"},\"query-input\":{\"@type\":\"PropertyValueSpecification\",\"valueRequired\":true,\"valueName\":\"search_term_string\"}}],\"inLanguage\":\"fr-FR\"},{\"@type\":\"Organization\",\"@id\":\"https:\/\/dammedical.nl\/fr\/#organization\",\"name\":\"Dam Medical\",\"url\":\"https:\/\/dammedical.nl\/fr\/\",\"logo\":{\"@type\":\"ImageObject\",\"inLanguage\":\"fr-FR\",\"@id\":\"https:\/\/dammedical.nl\/fr\/#\/schema\/logo\/image\/\",\"url\":\"https:\/\/dammedical.nl\/wp-content\/uploads\/2025\/05\/logo_DamMedical-rgb-pos-e1749559852320.png\",\"contentUrl\":\"https:\/\/dammedical.nl\/wp-content\/uploads\/2025\/05\/logo_DamMedical-rgb-pos-e1749559852320.png\",\"width\":1977,\"height\":500,\"caption\":\"Dam Medical\"},\"image\":{\"@id\":\"https:\/\/dammedical.nl\/fr\/#\/schema\/logo\/image\/\"}}]}<\/script>\n<!-- \/ Yoast SEO plugin. -->","yoast_head_json":{"title":"MC Bio %sepsitename%% - Exclusivement chez Dam Medical","description":"MC Bio a d\u00e9velopp\u00e9 des vis et des instruments chirurgicaux pour r\u00e9pondre aux besoins sp\u00e9cifiques de chaque technique chirurgicale.","robots":{"index":"index","follow":"follow","max-snippet":"max-snippet:-1","max-image-preview":"max-image-preview:large","max-video-preview":"max-video-preview:-1"},"canonical":"https:\/\/dammedical.nl\/fr\/mc-bio\/","og_locale":"fr_FR","og_type":"article","og_title":"MC Bio %sepsitename%% - Exclusivement chez Dam Medical","og_description":"MC Bio a d\u00e9velopp\u00e9 des vis et des instruments chirurgicaux pour r\u00e9pondre aux besoins sp\u00e9cifiques de chaque technique chirurgicale.","og_url":"https:\/\/dammedical.nl\/fr\/mc-bio\/","og_site_name":"Dam Medical","article_modified_time":"2025-10-02T13:14:34+00:00","og_image":[{"width":2560,"height":1051,"url":"https:\/\/dammedical.nl\/wp-content\/uploads\/2025\/06\/8.jpg-scaled.png","type":"image\/png"}],"twitter_card":"summary_large_image","twitter_misc":{"Dur\u00e9e de lecture estim\u00e9e":"1 minute"},"schema":{"@context":"https:\/\/schema.org","@graph":[{"@type":"WebPage","@id":"https:\/\/dammedical.nl\/fr\/mc-bio\/","url":"https:\/\/dammedical.nl\/fr\/mc-bio\/","name":"MC Bio %sepsitename%% - Exclusivement chez Dam Medical","isPartOf":{"@id":"https:\/\/dammedical.nl\/fr\/#website"},"primaryImageOfPage":{"@id":"https:\/\/dammedical.nl\/fr\/mc-bio\/#primaryimage"},"image":{"@id":"https:\/\/dammedical.nl\/fr\/mc-bio\/#primaryimage"},"thumbnailUrl":"https:\/\/dammedical.nl\/wp-content\/uploads\/2025\/06\/8.jpg-scaled.png","datePublished":"2025-08-05T12:36:13+00:00","dateModified":"2025-10-02T13:14:34+00:00","description":"MC Bio a d\u00e9velopp\u00e9 des vis et des instruments chirurgicaux pour r\u00e9pondre aux besoins sp\u00e9cifiques de chaque technique chirurgicale.","breadcrumb":{"@id":"https:\/\/dammedical.nl\/fr\/mc-bio\/#breadcrumb"},"inLanguage":"fr-FR","potentialAction":[{"@type":"ReadAction","target":["https:\/\/dammedical.nl\/fr\/mc-bio\/"]}]},{"@type":"ImageObject","inLanguage":"fr-FR","@id":"https:\/\/dammedical.nl\/fr\/mc-bio\/#primaryimage","url":"https:\/\/dammedical.nl\/wp-content\/uploads\/2025\/06\/8.jpg-scaled.png","contentUrl":"https:\/\/dammedical.nl\/wp-content\/uploads\/2025\/06\/8.jpg-scaled.png","width":2560,"height":1051,"caption":"MC bio"},{"@type":"BreadcrumbList","@id":"https:\/\/dammedical.nl\/fr\/mc-bio\/#breadcrumb","itemListElement":[{"@type":"ListItem","position":1,"name":"Home","item":"https:\/\/dammedical.nl\/fr\/accueil\/"},{"@type":"ListItem","position":2,"name":"MC Bio"}]},{"@type":"WebSite","@id":"https:\/\/dammedical.nl\/fr\/#website","url":"https:\/\/dammedical.nl\/fr\/","name":"Dam Medical","description":"Innovatief in chirurgie","publisher":{"@id":"https:\/\/dammedical.nl\/fr\/#organization"},"potentialAction":[{"@type":"SearchAction","target":{"@type":"EntryPoint","urlTemplate":"https:\/\/dammedical.nl\/fr\/?s={search_term_string}"},"query-input":{"@type":"PropertyValueSpecification","valueRequired":true,"valueName":"search_term_string"}}],"inLanguage":"fr-FR"},{"@type":"Organization","@id":"https:\/\/dammedical.nl\/fr\/#organization","name":"Dam Medical","url":"https:\/\/dammedical.nl\/fr\/","logo":{"@type":"ImageObject","inLanguage":"fr-FR","@id":"https:\/\/dammedical.nl\/fr\/#\/schema\/logo\/image\/","url":"https:\/\/dammedical.nl\/wp-content\/uploads\/2025\/05\/logo_DamMedical-rgb-pos-e1749559852320.png","contentUrl":"https:\/\/dammedical.nl\/wp-content\/uploads\/2025\/05\/logo_DamMedical-rgb-pos-e1749559852320.png","width":1977,"height":500,"caption":"Dam Medical"},"image":{"@id":"https:\/\/dammedical.nl\/fr\/#\/schema\/logo\/image\/"}}]}},"_links":{"self":[{"href":"https:\/\/dammedical.nl\/fr\/wp-json\/wp\/v2\/pages\/4358","targetHints":{"allow":["GET"]}}],"collection":[{"href":"https:\/\/dammedical.nl\/fr\/wp-json\/wp\/v2\/pages"}],"about":[{"href":"https:\/\/dammedical.nl\/fr\/wp-json\/wp\/v2\/types\/page"}],"author":[{"embeddable":true,"href":"https:\/\/dammedical.nl\/fr\/wp-json\/wp\/v2\/users\/3"}],"replies":[{"embeddable":true,"href":"https:\/\/dammedical.nl\/fr\/wp-json\/wp\/v2\/comments?post=4358"}],"version-history":[{"count":1,"href":"https:\/\/dammedical.nl\/fr\/wp-json\/wp\/v2\/pages\/4358\/revisions"}],"predecessor-version":[{"id":4360,"href":"https:\/\/dammedical.nl\/fr\/wp-json\/wp\/v2\/pages\/4358\/revisions\/4360"}],"wp:featuredmedia":[{"embeddable":true,"href":"https:\/\/dammedical.nl\/fr\/wp-json\/wp\/v2\/media\/3916"}],"wp:attachment":[{"href":"https:\/\/dammedical.nl\/fr\/wp-json\/wp\/v2\/media?parent=4358"}],"curies":[{"name":"wp","href":"https:\/\/api.w.org\/{rel}","templated":true}]}}