{"id":4362,"date":"2025-08-05T12:47:43","date_gmt":"2025-08-05T12:47:43","guid":{"rendered":"https:\/\/dammedical.nl\/surgi-tec\/"},"modified":"2025-10-02T13:14:34","modified_gmt":"2025-10-02T13:14:34","slug":"surgi-tec","status":"publish","type":"page","link":"https:\/\/dammedical.nl\/fr\/surgi-tec\/","title":{"rendered":"Surgi-Tec"},"content":{"rendered":"\t\t<div data-elementor-type=\"wp-page\" data-elementor-id=\"4362\" class=\"elementor elementor-4362 elementor-2639\" data-elementor-post-type=\"page\">\n\t\t\t\t<div class=\"elementor-element elementor-element-89480a7 e-flex e-con-boxed e-con e-child\" data-id=\"89480a7\" data-element_type=\"container\" data-settings=\"{&quot;background_background&quot;:&quot;gradient&quot;}\">\n\t\t\t\t\t<div class=\"e-con-inner\">\n\t\t<div class=\"elementor-element elementor-element-521ce8bf e-flex e-con-boxed e-con e-child\" data-id=\"521ce8bf\" data-element_type=\"container\">\n\t\t\t\t\t<div class=\"e-con-inner\">\n\t\t\t\t<div class=\"elementor-element elementor-element-66e8a91b elementor-widget elementor-widget-heading\" data-id=\"66e8a91b\" data-element_type=\"widget\" data-widget_type=\"heading.default\">\n\t\t\t\t<div class=\"elementor-widget-container\">\n\t\t\t\t\t<h1 class=\"elementor-heading-title elementor-size-default\">Surgi-Tec<\/h1>\t\t\t\t<\/div>\n\t\t\t\t<\/div>\n\t\t\t\t\t<\/div>\n\t\t\t\t<\/div>\n\t\t\t\t\t<\/div>\n\t\t\t\t<\/div>\n\t\t<div class=\"elementor-element elementor-element-52a956bf e-flex e-con-boxed e-con e-parent\" data-id=\"52a956bf\" data-element_type=\"container\" data-settings=\"{&quot;background_background&quot;:&quot;classic&quot;}\">\n\t\t\t\t\t<div class=\"e-con-inner\">\n\t\t<div class=\"elementor-element elementor-element-121e624 e-con-full e-flex e-con e-child\" data-id=\"121e624\" data-element_type=\"container\">\n\t\t\t\t<div class=\"elementor-element elementor-element-68a8ee67 elementor-widget elementor-widget-heading\" data-id=\"68a8ee67\" data-element_type=\"widget\" data-widget_type=\"heading.default\">\n\t\t\t\t<div class=\"elementor-widget-container\">\n\t\t\t\t\t<h6 class=\"elementor-heading-title elementor-size-default\">Surgi-Tec<\/h6>\t\t\t\t<\/div>\n\t\t\t\t<\/div>\n\t\t\t\t<div class=\"elementor-element elementor-element-132f4966 elementor-widget elementor-widget-heading\" data-id=\"132f4966\" data-element_type=\"widget\" data-widget_type=\"heading.default\">\n\t\t\t\t<div class=\"elementor-widget-container\">\n\t\t\t\t\t<h3 class=\"elementor-heading-title elementor-size-default\">Technologie innovante<\/h3>\t\t\t\t<\/div>\n\t\t\t\t<\/div>\n\t\t\t\t<div class=\"elementor-element elementor-element-f00060 elementor-widget elementor-widget-heading\" data-id=\"f00060\" data-element_type=\"widget\" data-widget_type=\"heading.default\">\n\t\t\t\t<div class=\"elementor-widget-container\">\n\t\t\t\t\t<div class=\"elementor-heading-title elementor-size-default\">Surgi-Tec est un fabricant belge de dispositifs m\u00e9dicaux sp\u00e9cialis\u00e9 dans les implants pour la chirurgie cranio-faciale.<\/div>\t\t\t\t<\/div>\n\t\t\t\t<\/div>\n\t\t\t\t<div class=\"elementor-element elementor-element-3077de68 elementor-widget elementor-widget-text-editor\" data-id=\"3077de68\" data-element_type=\"widget\" data-widget_type=\"text-editor.default\">\n\t\t\t\t<div class=\"elementor-widget-container\">\n\t\t\t\t\t\t\t\t\t<p>Il y a environ 20 ans, Surgi-Tec a \u00e9t\u00e9 fond\u00e9e avec une mission claire : produire les meilleurs dispositifs m\u00e9dicaux en titane pour la chirurgie maxillo-faciale et am\u00e9liorer la qualit\u00e9 de vie des patients dans le monde entier.<\/p><p>Chez Surgi-Tec, c&rsquo;est la qualit\u00e9 qui prime. Tous leurs produits sont des solutions li\u00e9es \u00e0 l&rsquo;os. Tous les produits sont d\u00e9velopp\u00e9s en \u00e9troite collaboration avec les leaders mondiaux dans le domaine de la chirurgie buccale.  <\/p><p>Surgi-Tec est certifi\u00e9 ISO 13485, ce qui signifie qu&rsquo;il fonctionne selon un syst\u00e8me strict de gestion de la qualit\u00e9.  <\/p>\t\t\t\t\t\t\t\t<\/div>\n\t\t\t\t<\/div>\n\t\t\t\t<div class=\"elementor-element elementor-element-4b7a33fc elementor-widget-divider--view-line elementor-widget elementor-widget-divider\" data-id=\"4b7a33fc\" data-element_type=\"widget\" data-widget_type=\"divider.default\">\n\t\t\t\t<div class=\"elementor-widget-container\">\n\t\t\t\t\t\t\t<div class=\"elementor-divider\">\n\t\t\t<span class=\"elementor-divider-separator\">\n\t\t\t\t\t\t<\/span>\n\t\t<\/div>\n\t\t\t\t\t\t<\/div>\n\t\t\t\t<\/div>\n\t\t<div class=\"elementor-element elementor-element-7d4f21e5 e-con-full e-flex e-con e-child\" data-id=\"7d4f21e5\" data-element_type=\"container\">\n\t\t\t\t<div class=\"elementor-element elementor-element-8d8ce2f elementor-widget elementor-widget-text-editor\" data-id=\"8d8ce2f\" data-element_type=\"widget\" data-widget_type=\"text-editor.default\">\n\t\t\t\t<div class=\"elementor-widget-container\">\n\t\t\t\t\t\t\t\t\t<p>Si vous souhaitez lire plus d&rsquo;informations en ligne, veuillez consulter la page officielle de <a href=\"https:\/\/surgi-tec.com\">Surgi-Tec<\/a>.<\/p>\t\t\t\t\t\t\t\t<\/div>\n\t\t\t\t<\/div>\n\t\t\t\t<\/div>\n\t\t\t\t<\/div>\n\t\t<div class=\"elementor-element elementor-element-21acaf25 e-con-full e-flex e-con e-child\" data-id=\"21acaf25\" data-element_type=\"container\">\n\t\t<div class=\"elementor-element elementor-element-6ac6dc19 e-flex e-con-boxed e-con e-child\" data-id=\"6ac6dc19\" data-element_type=\"container\" data-settings=\"{&quot;background_background&quot;:&quot;classic&quot;}\">\n\t\t\t\t\t<div class=\"e-con-inner\">\n\t\t\t\t<div class=\"elementor-element elementor-element-7fd28e36 elementor-widget elementor-widget-heading\" data-id=\"7fd28e36\" data-element_type=\"widget\" data-widget_type=\"heading.default\">\n\t\t\t\t<div class=\"elementor-widget-container\">\n\t\t\t\t\t<h3 class=\"elementor-heading-title elementor-size-default\">Contact<\/h3>\t\t\t\t<\/div>\n\t\t\t\t<\/div>\n\t\t\t\t<div class=\"elementor-element elementor-element-47f4dd3d elementor-widget elementor-widget-heading\" data-id=\"47f4dd3d\" data-element_type=\"widget\" data-widget_type=\"heading.default\">\n\t\t\t\t<div class=\"elementor-widget-container\">\n\t\t\t\t\t<div class=\"elementor-heading-title elementor-size-default\">Pour plus d'informations, nous sommes \u00e0 votre disposition !<\/div>\t\t\t\t<\/div>\n\t\t\t\t<\/div>\n\t\t\t\t<div class=\"elementor-element elementor-element-4d7b403d elementor-button-align-stretch elementor-widget elementor-widget-form\" data-id=\"4d7b403d\" data-element_type=\"widget\" data-settings=\"{&quot;step_next_label&quot;:&quot;Suivant&quot;,&quot;step_previous_label&quot;:&quot;Pr\\u00e9c\\u00e9dent&quot;,&quot;button_width&quot;:&quot;100&quot;,&quot;step_type&quot;:&quot;number_text&quot;,&quot;step_icon_shape&quot;:&quot;circle&quot;}\" data-widget_type=\"form.default\">\n\t\t\t\t<div class=\"elementor-widget-container\">\n\t\t\t\t\t\t\t<form class=\"elementor-form\" method=\"post\" name=\"Nouveau formulaire\" aria-label=\"Nouveau formulaire\">\n\t\t\t<input type=\"hidden\" name=\"post_id\" value=\"4362\"\/>\n\t\t\t<input type=\"hidden\" name=\"form_id\" value=\"4d7b403d\"\/>\n\t\t\t<input type=\"hidden\" name=\"referer_title\" value=\"Surgi-Tec %sepsitename%% - Exclusivement chez Dam Medical\" \/>\n\n\t\t\t\t\t\t\t<input type=\"hidden\" name=\"queried_id\" value=\"4362\"\/>\n\t\t\t\n\t\t\t<div class=\"elementor-form-fields-wrapper elementor-labels-above\">\n\t\t\t\t\t\t\t\t<div class=\"elementor-field-type-text elementor-field-group elementor-column elementor-field-group-name elementor-col-100 elementor-md-50 elementor-field-required elementor-mark-required\">\n\t\t\t\t\t\t\t\t\t\t\t\t<label for=\"form-field-name\" class=\"elementor-field-label\">\n\t\t\t\t\t\t\t\tNom\t\t\t\t\t\t\t<\/label>\n\t\t\t\t\t\t\t\t\t\t\t\t\t\t<input size=\"1\" type=\"text\" name=\"form_fields[name]\" id=\"form-field-name\" class=\"elementor-field elementor-size-sm  elementor-field-textual\" placeholder=\"Nom\" required=\"required\">\n\t\t\t\t\t\t\t\t\t\t\t<\/div>\n\t\t\t\t\t\t\t\t<div class=\"elementor-field-type-email elementor-field-group elementor-column elementor-field-group-field_d78ea4c elementor-col-100 elementor-md-50 elementor-field-required elementor-mark-required\">\n\t\t\t\t\t\t\t\t\t\t\t\t<label for=\"form-field-field_d78ea4c\" class=\"elementor-field-label\">\n\t\t\t\t\t\t\t\tCourriel\t\t\t\t\t\t\t<\/label>\n\t\t\t\t\t\t\t\t\t\t\t\t\t\t<input size=\"1\" type=\"email\" name=\"form_fields[field_d78ea4c]\" id=\"form-field-field_d78ea4c\" class=\"elementor-field elementor-size-sm  elementor-field-textual\" placeholder=\"Courriel\" required=\"required\">\n\t\t\t\t\t\t\t\t\t\t\t<\/div>\n\t\t\t\t\t\t\t\t<div class=\"elementor-field-type-text elementor-field-group elementor-column elementor-field-group-field_ab5baf9 elementor-col-100 elementor-md-50 elementor-field-required elementor-mark-required\">\n\t\t\t\t\t\t\t\t\t\t\t\t<label for=\"form-field-field_ab5baf9\" class=\"elementor-field-label\">\n\t\t\t\t\t\t\t\tL'organisation\t\t\t\t\t\t\t<\/label>\n\t\t\t\t\t\t\t\t\t\t\t\t\t\t<input size=\"1\" type=\"text\" name=\"form_fields[field_ab5baf9]\" id=\"form-field-field_ab5baf9\" class=\"elementor-field elementor-size-sm  elementor-field-textual\" placeholder=\"L&#039;organisation\" required=\"required\">\n\t\t\t\t\t\t\t\t\t\t\t<\/div>\n\t\t\t\t\t\t\t\t<div class=\"elementor-field-type-textarea elementor-field-group elementor-column elementor-field-group-message elementor-col-100 elementor-field-required elementor-mark-required\">\n\t\t\t\t\t\t\t\t\t\t\t\t<label for=\"form-field-message\" class=\"elementor-field-label\">\n\t\t\t\t\t\t\t\tMessage\t\t\t\t\t\t\t<\/label>\n\t\t\t\t\t\t<textarea class=\"elementor-field-textual elementor-field  elementor-size-sm\" name=\"form_fields[message]\" id=\"form-field-message\" rows=\"4\" placeholder=\"Message\" required=\"required\"><\/textarea>\t\t\t\t<\/div>\n\t\t\t\t\t\t\t\t<div class=\"elementor-field-group elementor-column elementor-field-type-submit elementor-col-100 e-form__buttons\">\n\t\t\t\t\t<button class=\"elementor-button elementor-size-sm\" type=\"submit\">\n\t\t\t\t\t\t<span class=\"elementor-button-content-wrapper\">\n\t\t\t\t\t\t\t\t\t\t\t\t\t\t\t\t\t\t\t\t\t\t<span class=\"elementor-button-text\">Exp\u00e9dition<\/span>\n\t\t\t\t\t\t\t\t\t\t\t\t\t<\/span>\n\t\t\t\t\t<\/button>\n\t\t\t\t<\/div>\n\t\t\t<\/div>\n\t\t<\/form>\n\t\t\t\t\t\t<\/div>\n\t\t\t\t<\/div>\n\t\t\t\t\t<\/div>\n\t\t\t\t<\/div>\n\t\t\t\t<div class=\"elementor-element elementor-element-522f6baf elementor-widget elementor-widget-image\" data-id=\"522f6baf\" data-element_type=\"widget\" data-widget_type=\"image.default\">\n\t\t\t\t<div class=\"elementor-widget-container\">\n\t\t\t\t\t\t\t\t\t\t\t\t\t\t\t<img fetchpriority=\"high\" decoding=\"async\" width=\"800\" height=\"138\" src=\"https:\/\/dammedical.nl\/wp-content\/uploads\/2025\/06\/Logo-surgi-tec-1024x177.png\" class=\"attachment-large size-large wp-image-3917\" alt=\"\" srcset=\"https:\/\/dammedical.nl\/wp-content\/uploads\/2025\/06\/Logo-surgi-tec-1024x177.png 1024w, https:\/\/dammedical.nl\/wp-content\/uploads\/2025\/06\/Logo-surgi-tec-300x52.png 300w, https:\/\/dammedical.nl\/wp-content\/uploads\/2025\/06\/Logo-surgi-tec-768x133.png 768w, https:\/\/dammedical.nl\/wp-content\/uploads\/2025\/06\/Logo-surgi-tec-600x104.png 600w, https:\/\/dammedical.nl\/wp-content\/uploads\/2025\/06\/Logo-surgi-tec.png 1223w\" sizes=\"(max-width: 800px) 100vw, 800px\" \/>\t\t\t\t\t\t\t\t\t\t\t\t\t\t\t<\/div>\n\t\t\t\t<\/div>\n\t\t\t\t<\/div>\n\t\t\t\t\t<\/div>\n\t\t\t\t<\/div>\n\t\t\t\t<\/div>\n\t\t","protected":false},"excerpt":{"rendered":"<p>Surgi-Tec Technologie innovante Surgi-Tec est un fabricant belge de dispositifs m\u00e9dicaux sp\u00e9cialis\u00e9 dans les implants pour la chirurgie cranio-faciale. Il y a environ 20 ans, Surgi-Tec a \u00e9t\u00e9 fond\u00e9e avec une mission claire : produire les meilleurs dispositifs m\u00e9dicaux en titane pour la chirurgie maxillo-faciale et am\u00e9liorer la qualit\u00e9 de vie des patients dans le [&hellip;]<\/p>\n","protected":false},"author":3,"featured_media":3917,"parent":0,"menu_order":0,"comment_status":"closed","ping_status":"closed","template":"elementor_header_footer","meta":{"footnotes":""},"class_list":["post-4362","page","type-page","status-publish","has-post-thumbnail","hentry"],"yoast_head":"<!-- This site is optimized with the Yoast SEO plugin v26.3 - https:\/\/yoast.com\/wordpress\/plugins\/seo\/ -->\n<title>Surgi-Tec %sepsitename%% - Exclusivement chez Dam Medical<\/title>\n<meta name=\"description\" content=\"Surgi-Tec a une mission claire : produire les meilleurs dispositifs m\u00e9dicaux en titane pour la chirurgie maxillo-faciale.\" \/>\n<meta name=\"robots\" content=\"index, follow, max-snippet:-1, max-image-preview:large, max-video-preview:-1\" \/>\n<link rel=\"canonical\" href=\"https:\/\/dammedical.nl\/fr\/surgi-tec\/\" \/>\n<meta property=\"og:locale\" content=\"fr_FR\" \/>\n<meta property=\"og:type\" content=\"article\" \/>\n<meta property=\"og:title\" content=\"Surgi-Tec %sepsitename%% - Exclusivement chez Dam Medical\" \/>\n<meta property=\"og:description\" content=\"Surgi-Tec a une mission claire : produire les meilleurs dispositifs m\u00e9dicaux en titane pour la chirurgie maxillo-faciale.\" \/>\n<meta property=\"og:url\" content=\"https:\/\/dammedical.nl\/fr\/surgi-tec\/\" \/>\n<meta property=\"og:site_name\" content=\"Dam Medical\" \/>\n<meta property=\"article:modified_time\" content=\"2025-10-02T13:14:34+00:00\" \/>\n<meta property=\"og:image\" content=\"https:\/\/dammedical.nl\/wp-content\/uploads\/2025\/06\/Logo-surgi-tec.png\" \/>\n\t<meta property=\"og:image:width\" content=\"1223\" \/>\n\t<meta property=\"og:image:height\" content=\"211\" \/>\n\t<meta property=\"og:image:type\" content=\"image\/png\" \/>\n<meta name=\"twitter:card\" content=\"summary_large_image\" \/>\n<meta name=\"twitter:label1\" content=\"Dur\u00e9e de lecture estim\u00e9e\" \/>\n\t<meta name=\"twitter:data1\" content=\"1 minute\" \/>\n<script type=\"application\/ld+json\" class=\"yoast-schema-graph\">{\"@context\":\"https:\/\/schema.org\",\"@graph\":[{\"@type\":\"WebPage\",\"@id\":\"https:\/\/dammedical.nl\/fr\/surgi-tec\/\",\"url\":\"https:\/\/dammedical.nl\/fr\/surgi-tec\/\",\"name\":\"Surgi-Tec %sepsitename%% - Exclusivement chez Dam Medical\",\"isPartOf\":{\"@id\":\"https:\/\/dammedical.nl\/fr\/#website\"},\"primaryImageOfPage\":{\"@id\":\"https:\/\/dammedical.nl\/fr\/surgi-tec\/#primaryimage\"},\"image\":{\"@id\":\"https:\/\/dammedical.nl\/fr\/surgi-tec\/#primaryimage\"},\"thumbnailUrl\":\"https:\/\/dammedical.nl\/wp-content\/uploads\/2025\/06\/Logo-surgi-tec.png\",\"datePublished\":\"2025-08-05T12:47:43+00:00\",\"dateModified\":\"2025-10-02T13:14:34+00:00\",\"description\":\"Surgi-Tec a une mission claire : produire les meilleurs dispositifs m\u00e9dicaux en titane pour la chirurgie maxillo-faciale.\",\"breadcrumb\":{\"@id\":\"https:\/\/dammedical.nl\/fr\/surgi-tec\/#breadcrumb\"},\"inLanguage\":\"fr-FR\",\"potentialAction\":[{\"@type\":\"ReadAction\",\"target\":[\"https:\/\/dammedical.nl\/fr\/surgi-tec\/\"]}]},{\"@type\":\"ImageObject\",\"inLanguage\":\"fr-FR\",\"@id\":\"https:\/\/dammedical.nl\/fr\/surgi-tec\/#primaryimage\",\"url\":\"https:\/\/dammedical.nl\/wp-content\/uploads\/2025\/06\/Logo-surgi-tec.png\",\"contentUrl\":\"https:\/\/dammedical.nl\/wp-content\/uploads\/2025\/06\/Logo-surgi-tec.png\",\"width\":1223,\"height\":211},{\"@type\":\"BreadcrumbList\",\"@id\":\"https:\/\/dammedical.nl\/fr\/surgi-tec\/#breadcrumb\",\"itemListElement\":[{\"@type\":\"ListItem\",\"position\":1,\"name\":\"Home\",\"item\":\"https:\/\/dammedical.nl\/fr\/accueil\/\"},{\"@type\":\"ListItem\",\"position\":2,\"name\":\"Surgi-Tec\"}]},{\"@type\":\"WebSite\",\"@id\":\"https:\/\/dammedical.nl\/fr\/#website\",\"url\":\"https:\/\/dammedical.nl\/fr\/\",\"name\":\"Dam Medical\",\"description\":\"Innovatief in chirurgie\",\"publisher\":{\"@id\":\"https:\/\/dammedical.nl\/fr\/#organization\"},\"potentialAction\":[{\"@type\":\"SearchAction\",\"target\":{\"@type\":\"EntryPoint\",\"urlTemplate\":\"https:\/\/dammedical.nl\/fr\/?s={search_term_string}\"},\"query-input\":{\"@type\":\"PropertyValueSpecification\",\"valueRequired\":true,\"valueName\":\"search_term_string\"}}],\"inLanguage\":\"fr-FR\"},{\"@type\":\"Organization\",\"@id\":\"https:\/\/dammedical.nl\/fr\/#organization\",\"name\":\"Dam Medical\",\"url\":\"https:\/\/dammedical.nl\/fr\/\",\"logo\":{\"@type\":\"ImageObject\",\"inLanguage\":\"fr-FR\",\"@id\":\"https:\/\/dammedical.nl\/fr\/#\/schema\/logo\/image\/\",\"url\":\"https:\/\/dammedical.nl\/wp-content\/uploads\/2025\/05\/logo_DamMedical-rgb-pos-e1749559852320.png\",\"contentUrl\":\"https:\/\/dammedical.nl\/wp-content\/uploads\/2025\/05\/logo_DamMedical-rgb-pos-e1749559852320.png\",\"width\":1977,\"height\":500,\"caption\":\"Dam Medical\"},\"image\":{\"@id\":\"https:\/\/dammedical.nl\/fr\/#\/schema\/logo\/image\/\"}}]}<\/script>\n<!-- \/ Yoast SEO plugin. -->","yoast_head_json":{"title":"Surgi-Tec %sepsitename%% - Exclusivement chez Dam Medical","description":"Surgi-Tec a une mission claire : produire les meilleurs dispositifs m\u00e9dicaux en titane pour la chirurgie maxillo-faciale.","robots":{"index":"index","follow":"follow","max-snippet":"max-snippet:-1","max-image-preview":"max-image-preview:large","max-video-preview":"max-video-preview:-1"},"canonical":"https:\/\/dammedical.nl\/fr\/surgi-tec\/","og_locale":"fr_FR","og_type":"article","og_title":"Surgi-Tec %sepsitename%% - Exclusivement chez Dam Medical","og_description":"Surgi-Tec a une mission claire : produire les meilleurs dispositifs m\u00e9dicaux en titane pour la chirurgie maxillo-faciale.","og_url":"https:\/\/dammedical.nl\/fr\/surgi-tec\/","og_site_name":"Dam Medical","article_modified_time":"2025-10-02T13:14:34+00:00","og_image":[{"width":1223,"height":211,"url":"https:\/\/dammedical.nl\/wp-content\/uploads\/2025\/06\/Logo-surgi-tec.png","type":"image\/png"}],"twitter_card":"summary_large_image","twitter_misc":{"Dur\u00e9e de lecture estim\u00e9e":"1 minute"},"schema":{"@context":"https:\/\/schema.org","@graph":[{"@type":"WebPage","@id":"https:\/\/dammedical.nl\/fr\/surgi-tec\/","url":"https:\/\/dammedical.nl\/fr\/surgi-tec\/","name":"Surgi-Tec %sepsitename%% - Exclusivement chez Dam Medical","isPartOf":{"@id":"https:\/\/dammedical.nl\/fr\/#website"},"primaryImageOfPage":{"@id":"https:\/\/dammedical.nl\/fr\/surgi-tec\/#primaryimage"},"image":{"@id":"https:\/\/dammedical.nl\/fr\/surgi-tec\/#primaryimage"},"thumbnailUrl":"https:\/\/dammedical.nl\/wp-content\/uploads\/2025\/06\/Logo-surgi-tec.png","datePublished":"2025-08-05T12:47:43+00:00","dateModified":"2025-10-02T13:14:34+00:00","description":"Surgi-Tec a une mission claire : produire les meilleurs dispositifs m\u00e9dicaux en titane pour la chirurgie maxillo-faciale.","breadcrumb":{"@id":"https:\/\/dammedical.nl\/fr\/surgi-tec\/#breadcrumb"},"inLanguage":"fr-FR","potentialAction":[{"@type":"ReadAction","target":["https:\/\/dammedical.nl\/fr\/surgi-tec\/"]}]},{"@type":"ImageObject","inLanguage":"fr-FR","@id":"https:\/\/dammedical.nl\/fr\/surgi-tec\/#primaryimage","url":"https:\/\/dammedical.nl\/wp-content\/uploads\/2025\/06\/Logo-surgi-tec.png","contentUrl":"https:\/\/dammedical.nl\/wp-content\/uploads\/2025\/06\/Logo-surgi-tec.png","width":1223,"height":211},{"@type":"BreadcrumbList","@id":"https:\/\/dammedical.nl\/fr\/surgi-tec\/#breadcrumb","itemListElement":[{"@type":"ListItem","position":1,"name":"Home","item":"https:\/\/dammedical.nl\/fr\/accueil\/"},{"@type":"ListItem","position":2,"name":"Surgi-Tec"}]},{"@type":"WebSite","@id":"https:\/\/dammedical.nl\/fr\/#website","url":"https:\/\/dammedical.nl\/fr\/","name":"Dam Medical","description":"Innovatief in chirurgie","publisher":{"@id":"https:\/\/dammedical.nl\/fr\/#organization"},"potentialAction":[{"@type":"SearchAction","target":{"@type":"EntryPoint","urlTemplate":"https:\/\/dammedical.nl\/fr\/?s={search_term_string}"},"query-input":{"@type":"PropertyValueSpecification","valueRequired":true,"valueName":"search_term_string"}}],"inLanguage":"fr-FR"},{"@type":"Organization","@id":"https:\/\/dammedical.nl\/fr\/#organization","name":"Dam Medical","url":"https:\/\/dammedical.nl\/fr\/","logo":{"@type":"ImageObject","inLanguage":"fr-FR","@id":"https:\/\/dammedical.nl\/fr\/#\/schema\/logo\/image\/","url":"https:\/\/dammedical.nl\/wp-content\/uploads\/2025\/05\/logo_DamMedical-rgb-pos-e1749559852320.png","contentUrl":"https:\/\/dammedical.nl\/wp-content\/uploads\/2025\/05\/logo_DamMedical-rgb-pos-e1749559852320.png","width":1977,"height":500,"caption":"Dam Medical"},"image":{"@id":"https:\/\/dammedical.nl\/fr\/#\/schema\/logo\/image\/"}}]}},"_links":{"self":[{"href":"https:\/\/dammedical.nl\/fr\/wp-json\/wp\/v2\/pages\/4362","targetHints":{"allow":["GET"]}}],"collection":[{"href":"https:\/\/dammedical.nl\/fr\/wp-json\/wp\/v2\/pages"}],"about":[{"href":"https:\/\/dammedical.nl\/fr\/wp-json\/wp\/v2\/types\/page"}],"author":[{"embeddable":true,"href":"https:\/\/dammedical.nl\/fr\/wp-json\/wp\/v2\/users\/3"}],"replies":[{"embeddable":true,"href":"https:\/\/dammedical.nl\/fr\/wp-json\/wp\/v2\/comments?post=4362"}],"version-history":[{"count":1,"href":"https:\/\/dammedical.nl\/fr\/wp-json\/wp\/v2\/pages\/4362\/revisions"}],"predecessor-version":[{"id":4363,"href":"https:\/\/dammedical.nl\/fr\/wp-json\/wp\/v2\/pages\/4362\/revisions\/4363"}],"wp:featuredmedia":[{"embeddable":true,"href":"https:\/\/dammedical.nl\/fr\/wp-json\/wp\/v2\/media\/3917"}],"wp:attachment":[{"href":"https:\/\/dammedical.nl\/fr\/wp-json\/wp\/v2\/media?parent=4362"}],"curies":[{"name":"wp","href":"https:\/\/api.w.org\/{rel}","templated":true}]}}