{"id":4872,"date":"2026-03-25T09:27:58","date_gmt":"2026-03-25T09:27:58","guid":{"rendered":"https:\/\/dammedical.nl\/soft-tissue-grafting\/"},"modified":"2026-03-25T09:54:09","modified_gmt":"2026-03-25T09:54:09","slug":"soft-tissue-grafting","status":"publish","type":"page","link":"https:\/\/dammedical.nl\/fr\/soft-tissue-grafting\/","title":{"rendered":"Soft Tissue Grafting"},"content":{"rendered":"\t\t<div data-elementor-type=\"wp-page\" data-elementor-id=\"4872\" class=\"elementor elementor-4872 elementor-4845\" data-elementor-post-type=\"page\">\n\t\t\t\t<div class=\"elementor-element elementor-element-6c6ca8f1 e-flex e-con-boxed e-con e-child\" data-id=\"6c6ca8f1\" data-element_type=\"container\" data-e-type=\"container\" data-settings=\"{&quot;background_background&quot;:&quot;gradient&quot;}\">\n\t\t\t\t\t<div class=\"e-con-inner\">\n\t\t<div class=\"elementor-element elementor-element-5e22187c e-flex e-con-boxed e-con e-child\" data-id=\"5e22187c\" data-element_type=\"container\" data-e-type=\"container\">\n\t\t\t\t\t<div class=\"e-con-inner\">\n\t\t\t\t<div class=\"elementor-element elementor-element-1bfb338f elementor-widget elementor-widget-heading\" data-id=\"1bfb338f\" data-element_type=\"widget\" data-e-type=\"widget\" data-widget_type=\"heading.default\">\n\t\t\t\t<div class=\"elementor-widget-container\">\n\t\t\t\t\t<h1 class=\"elementor-heading-title elementor-size-default\">Greffe de tissus mous<\/h1>\t\t\t\t<\/div>\n\t\t\t\t<\/div>\n\t\t\t\t\t<\/div>\n\t\t\t\t<\/div>\n\t\t\t\t\t<\/div>\n\t\t\t\t<\/div>\n\t\t<div class=\"elementor-element elementor-element-7125de e-flex e-con-boxed e-con e-parent\" data-id=\"7125de\" data-element_type=\"container\" data-e-type=\"container\" data-settings=\"{&quot;background_background&quot;:&quot;classic&quot;}\">\n\t\t\t\t\t<div class=\"e-con-inner\">\n\t\t<div class=\"elementor-element elementor-element-66586911 e-con-full e-flex e-con e-child\" data-id=\"66586911\" data-element_type=\"container\" data-e-type=\"container\">\n\t\t\t\t<div class=\"elementor-element elementor-element-6ac4cc04 elementor-widget elementor-widget-heading\" data-id=\"6ac4cc04\" data-element_type=\"widget\" data-e-type=\"widget\" data-widget_type=\"heading.default\">\n\t\t\t\t<div class=\"elementor-widget-container\">\n\t\t\t\t\t<h6 class=\"elementor-heading-title elementor-size-default\">Super greffe de tissu<\/h6>\t\t\t\t<\/div>\n\t\t\t\t<\/div>\n\t\t\t\t<div class=\"elementor-element elementor-element-16effa80 elementor-widget elementor-widget-heading\" data-id=\"16effa80\" data-element_type=\"widget\" data-e-type=\"widget\" data-widget_type=\"heading.default\">\n\t\t\t\t<div class=\"elementor-widget-container\">\n\t\t\t\t\t<h3 class=\"elementor-heading-title elementor-size-default\">Graveur de disques noirs<\/h3>\t\t\t\t<\/div>\n\t\t\t\t<\/div>\n\t\t\t\t<div class=\"elementor-element elementor-element-7f22efb2 elementor-widget elementor-widget-heading\" data-id=\"7f22efb2\" data-element_type=\"widget\" data-e-type=\"widget\" data-widget_type=\"heading.default\">\n\t\t\t\t<div class=\"elementor-widget-container\">\n\t\t\t\t\t<div class=\"elementor-heading-title elementor-size-default\">Kit complet de greffe de tissus mous pour le pr\u00e9l\u00e8vement de tissus mous pour l'implantologie et la chirurgie buccale.<\/div>\t\t\t\t<\/div>\n\t\t\t\t<\/div>\n\t\t\t\t<div class=\"elementor-element elementor-element-27eacfff elementor-widget elementor-widget-text-editor\" data-id=\"27eacfff\" data-element_type=\"widget\" data-e-type=\"widget\" data-widget_type=\"text-editor.default\">\n\t\t\t\t<div class=\"elementor-widget-container\">\n\t\t\t\t\t\t\t\t\t<p><span dir=\"auto\">L&rsquo;ensemble comprend 4 poin\u00e7ons en diamant noir :<\/span><\/p>\n<ul>\n<li><span dir=\"auto\">570922 diam\u00e8tre 8mm<\/span><\/li>\n<li><span dir=\"auto\">570924 diam\u00e8tre 10mm<\/span><\/li>\n<li><span dir=\"auto\">570926 <\/span><span style=\"font-size: 1rem;\">diam\u00e8tre 11.5mm<\/span><\/li>\n<li><span style=\"font-size: 1rem;\">570928 diam\u00e8tre 12,5mm<\/span><\/li>\n<\/ul>\n<p><br><\/p><p>Ces poin\u00e7ons Black Disk Grafter sont recouverts d&rsquo;un film de graphite et de diamant, ce qui permet d&rsquo;obtenir une friction extr\u00eamement faible et une duret\u00e9 de surface exceptionnellement \u00e9lev\u00e9e gr\u00e2ce aux microbilles de diamant dispers\u00e9es dans le rev\u00eatement.<\/p>\n<p><span dir=\"auto\">En outre, les poin\u00e7ons Black Disk Grafter comportent des rep\u00e8res de profondeur tous les 2 mm pour un contr\u00f4le pr\u00e9cis.<\/span><\/p>\n<p><span dir=\"auto\">Le syst\u00e8me Black Disk Grafter comprend des dissecteurs en titane qui peuvent \u00eatre utilis\u00e9s pour retirer les disques de tissu obtenus.  <\/span><\/p>\n<p><span dir=\"auto\">Le kit comprend \u00e9galement un mucostome de 2,7 mm pour pr\u00e9parer le greffon \u00e0 l&rsquo;insertion de composants proth\u00e9tiques.<\/span><\/p>\t\t\t\t\t\t\t\t<\/div>\n\t\t\t\t<\/div>\n\t\t\t\t<\/div>\n\t\t<div class=\"elementor-element elementor-element-5fa1021d e-con-full e-flex e-con e-child\" data-id=\"5fa1021d\" data-element_type=\"container\" data-e-type=\"container\">\n\t\t\t\t<div class=\"elementor-element elementor-element-7dad3a5c elementor-widget elementor-widget-image\" data-id=\"7dad3a5c\" data-element_type=\"widget\" data-e-type=\"widget\" data-widget_type=\"image.default\">\n\t\t\t\t<div class=\"elementor-widget-container\">\n\t\t\t\t\t\t\t\t\t\t\t\t\t\t\t<img fetchpriority=\"high\" decoding=\"async\" width=\"1024\" height=\"576\" src=\"https:\/\/dammedical.nl\/wp-content\/uploads\/2026\/03\/Black-Disk-Grafter-set-mucotoom.webp\" class=\"attachment-full size-full wp-image-4871\" alt=\"\" srcset=\"https:\/\/dammedical.nl\/wp-content\/uploads\/2026\/03\/Black-Disk-Grafter-set-mucotoom.webp 1024w, https:\/\/dammedical.nl\/wp-content\/uploads\/2026\/03\/Black-Disk-Grafter-set-mucotoom-300x169.webp 300w, https:\/\/dammedical.nl\/wp-content\/uploads\/2026\/03\/Black-Disk-Grafter-set-mucotoom-768x432.webp 768w, https:\/\/dammedical.nl\/wp-content\/uploads\/2026\/03\/Black-Disk-Grafter-set-mucotoom-600x338.webp 600w\" sizes=\"(max-width: 1024px) 100vw, 1024px\" \/>\t\t\t\t\t\t\t\t\t\t\t\t\t\t\t<\/div>\n\t\t\t\t<\/div>\n\t\t\t\t<\/div>\n\t\t\t\t\t<\/div>\n\t\t\t\t<\/div>\n\t\t\t\t<\/div>\n\t\t","protected":false},"excerpt":{"rendered":"<p>Greffe de tissus mous Super greffe de tissu Graveur de disques noirs Kit complet de greffe de tissus mous pour le pr\u00e9l\u00e8vement de tissus mous pour l&rsquo;implantologie et la chirurgie buccale. L&rsquo;ensemble comprend 4 poin\u00e7ons en diamant noir : 570922 diam\u00e8tre 8mm 570924 diam\u00e8tre 10mm 570926 diam\u00e8tre 11.5mm 570928 diam\u00e8tre 12,5mm Ces poin\u00e7ons Black Disk [&hellip;]<\/p>\n","protected":false},"author":4,"featured_media":0,"parent":0,"menu_order":0,"comment_status":"closed","ping_status":"closed","template":"elementor_header_footer","meta":{"footnotes":""},"class_list":["post-4872","page","type-page","status-publish","hentry"],"yoast_head":"<!-- This site is optimized with the Yoast SEO plugin v27.4 - https:\/\/yoast.com\/product\/yoast-seo-wordpress\/ -->\n<title>Soft Tissue Grafting - Dam Medical<\/title>\n<meta name=\"description\" content=\"Kit complet de greffe de tissus mous pour le pr\u00e9l\u00e8vement de tissus mous pour l&#039;implantologie et la chirurgie buccale.\" \/>\n<meta name=\"robots\" content=\"index, follow, max-snippet:-1, max-image-preview:large, max-video-preview:-1\" \/>\n<link rel=\"canonical\" href=\"https:\/\/dammedical.nl\/fr\/soft-tissue-grafting\/\" \/>\n<meta property=\"og:locale\" content=\"fr_FR\" \/>\n<meta property=\"og:type\" content=\"article\" \/>\n<meta property=\"og:title\" content=\"Soft Tissue Grafting - Dam Medical\" \/>\n<meta property=\"og:description\" content=\"Kit complet de greffe de tissus mous pour le pr\u00e9l\u00e8vement de tissus mous pour l&#039;implantologie et la chirurgie buccale.\" \/>\n<meta property=\"og:url\" content=\"https:\/\/dammedical.nl\/fr\/soft-tissue-grafting\/\" \/>\n<meta property=\"og:site_name\" content=\"Dam Medical\" \/>\n<meta property=\"article:modified_time\" content=\"2026-03-25T09:54:09+00:00\" \/>\n<meta property=\"og:image\" content=\"https:\/\/dammedical.nl\/wp-content\/uploads\/2026\/03\/Black-Disk-Grafter-set-mucotoom.webp\" \/>\n\t<meta property=\"og:image:width\" content=\"1024\" \/>\n\t<meta property=\"og:image:height\" content=\"576\" \/>\n\t<meta property=\"og:image:type\" content=\"image\/webp\" \/>\n<meta name=\"twitter:card\" content=\"summary_large_image\" \/>\n<meta name=\"twitter:label1\" content=\"Dur\u00e9e de lecture estim\u00e9e\" \/>\n\t<meta name=\"twitter:data1\" content=\"1 minute\" \/>\n<script type=\"application\/ld+json\" class=\"yoast-schema-graph\">{\"@context\":\"https:\\\/\\\/schema.org\",\"@graph\":[{\"@type\":\"WebPage\",\"@id\":\"https:\\\/\\\/dammedical.nl\\\/fr\\\/soft-tissue-grafting\\\/\",\"url\":\"https:\\\/\\\/dammedical.nl\\\/fr\\\/soft-tissue-grafting\\\/\",\"name\":\"Soft Tissue Grafting - Dam Medical\",\"isPartOf\":{\"@id\":\"https:\\\/\\\/dammedical.nl\\\/fr\\\/#website\"},\"primaryImageOfPage\":{\"@id\":\"https:\\\/\\\/dammedical.nl\\\/fr\\\/soft-tissue-grafting\\\/#primaryimage\"},\"image\":{\"@id\":\"https:\\\/\\\/dammedical.nl\\\/fr\\\/soft-tissue-grafting\\\/#primaryimage\"},\"thumbnailUrl\":\"https:\\\/\\\/dammedical.nl\\\/wp-content\\\/uploads\\\/2026\\\/03\\\/Black-Disk-Grafter-set-mucotoom.webp\",\"datePublished\":\"2026-03-25T09:27:58+00:00\",\"dateModified\":\"2026-03-25T09:54:09+00:00\",\"description\":\"Kit complet de greffe de tissus mous pour le pr\u00e9l\u00e8vement de tissus mous pour l'implantologie et la chirurgie buccale.\",\"breadcrumb\":{\"@id\":\"https:\\\/\\\/dammedical.nl\\\/fr\\\/soft-tissue-grafting\\\/#breadcrumb\"},\"inLanguage\":\"fr-FR\",\"potentialAction\":[{\"@type\":\"ReadAction\",\"target\":[\"https:\\\/\\\/dammedical.nl\\\/fr\\\/soft-tissue-grafting\\\/\"]}]},{\"@type\":\"ImageObject\",\"inLanguage\":\"fr-FR\",\"@id\":\"https:\\\/\\\/dammedical.nl\\\/fr\\\/soft-tissue-grafting\\\/#primaryimage\",\"url\":\"https:\\\/\\\/dammedical.nl\\\/wp-content\\\/uploads\\\/2026\\\/03\\\/Black-Disk-Grafter-set-mucotoom.webp\",\"contentUrl\":\"https:\\\/\\\/dammedical.nl\\\/wp-content\\\/uploads\\\/2026\\\/03\\\/Black-Disk-Grafter-set-mucotoom.webp\"},{\"@type\":\"BreadcrumbList\",\"@id\":\"https:\\\/\\\/dammedical.nl\\\/fr\\\/soft-tissue-grafting\\\/#breadcrumb\",\"itemListElement\":[{\"@type\":\"ListItem\",\"position\":1,\"name\":\"Home\",\"item\":\"https:\\\/\\\/dammedical.nl\\\/fr\\\/accueil\\\/\"},{\"@type\":\"ListItem\",\"position\":2,\"name\":\"Soft Tissue Grafting\"}]},{\"@type\":\"WebSite\",\"@id\":\"https:\\\/\\\/dammedical.nl\\\/fr\\\/#website\",\"url\":\"https:\\\/\\\/dammedical.nl\\\/fr\\\/\",\"name\":\"Dam Medical\",\"description\":\"Innovatief in chirurgie\",\"publisher\":{\"@id\":\"https:\\\/\\\/dammedical.nl\\\/fr\\\/#organization\"},\"potentialAction\":[{\"@type\":\"SearchAction\",\"target\":{\"@type\":\"EntryPoint\",\"urlTemplate\":\"https:\\\/\\\/dammedical.nl\\\/fr\\\/?s={search_term_string}\"},\"query-input\":{\"@type\":\"PropertyValueSpecification\",\"valueRequired\":true,\"valueName\":\"search_term_string\"}}],\"inLanguage\":\"fr-FR\"},{\"@type\":\"Organization\",\"@id\":\"https:\\\/\\\/dammedical.nl\\\/fr\\\/#organization\",\"name\":\"Dam Medical\",\"url\":\"https:\\\/\\\/dammedical.nl\\\/fr\\\/\",\"logo\":{\"@type\":\"ImageObject\",\"inLanguage\":\"fr-FR\",\"@id\":\"https:\\\/\\\/dammedical.nl\\\/fr\\\/#\\\/schema\\\/logo\\\/image\\\/\",\"url\":\"https:\\\/\\\/dammedical.nl\\\/wp-content\\\/uploads\\\/2025\\\/05\\\/logo_DamMedical-rgb-pos-e1749559852320.png\",\"contentUrl\":\"https:\\\/\\\/dammedical.nl\\\/wp-content\\\/uploads\\\/2025\\\/05\\\/logo_DamMedical-rgb-pos-e1749559852320.png\",\"width\":1977,\"height\":500,\"caption\":\"Dam Medical\"},\"image\":{\"@id\":\"https:\\\/\\\/dammedical.nl\\\/fr\\\/#\\\/schema\\\/logo\\\/image\\\/\"}}]}<\/script>\n<!-- \/ Yoast SEO plugin. -->","yoast_head_json":{"title":"Soft Tissue Grafting - Dam Medical","description":"Kit complet de greffe de tissus mous pour le pr\u00e9l\u00e8vement de tissus mous pour l'implantologie et la chirurgie buccale.","robots":{"index":"index","follow":"follow","max-snippet":"max-snippet:-1","max-image-preview":"max-image-preview:large","max-video-preview":"max-video-preview:-1"},"canonical":"https:\/\/dammedical.nl\/fr\/soft-tissue-grafting\/","og_locale":"fr_FR","og_type":"article","og_title":"Soft Tissue Grafting - Dam Medical","og_description":"Kit complet de greffe de tissus mous pour le pr\u00e9l\u00e8vement de tissus mous pour l'implantologie et la chirurgie buccale.","og_url":"https:\/\/dammedical.nl\/fr\/soft-tissue-grafting\/","og_site_name":"Dam Medical","article_modified_time":"2026-03-25T09:54:09+00:00","og_image":[{"width":1024,"height":576,"url":"https:\/\/dammedical.nl\/wp-content\/uploads\/2026\/03\/Black-Disk-Grafter-set-mucotoom.webp","type":"image\/webp"}],"twitter_card":"summary_large_image","twitter_misc":{"Dur\u00e9e de lecture estim\u00e9e":"1 minute"},"schema":{"@context":"https:\/\/schema.org","@graph":[{"@type":"WebPage","@id":"https:\/\/dammedical.nl\/fr\/soft-tissue-grafting\/","url":"https:\/\/dammedical.nl\/fr\/soft-tissue-grafting\/","name":"Soft Tissue Grafting - Dam Medical","isPartOf":{"@id":"https:\/\/dammedical.nl\/fr\/#website"},"primaryImageOfPage":{"@id":"https:\/\/dammedical.nl\/fr\/soft-tissue-grafting\/#primaryimage"},"image":{"@id":"https:\/\/dammedical.nl\/fr\/soft-tissue-grafting\/#primaryimage"},"thumbnailUrl":"https:\/\/dammedical.nl\/wp-content\/uploads\/2026\/03\/Black-Disk-Grafter-set-mucotoom.webp","datePublished":"2026-03-25T09:27:58+00:00","dateModified":"2026-03-25T09:54:09+00:00","description":"Kit complet de greffe de tissus mous pour le pr\u00e9l\u00e8vement de tissus mous pour l'implantologie et la chirurgie buccale.","breadcrumb":{"@id":"https:\/\/dammedical.nl\/fr\/soft-tissue-grafting\/#breadcrumb"},"inLanguage":"fr-FR","potentialAction":[{"@type":"ReadAction","target":["https:\/\/dammedical.nl\/fr\/soft-tissue-grafting\/"]}]},{"@type":"ImageObject","inLanguage":"fr-FR","@id":"https:\/\/dammedical.nl\/fr\/soft-tissue-grafting\/#primaryimage","url":"https:\/\/dammedical.nl\/wp-content\/uploads\/2026\/03\/Black-Disk-Grafter-set-mucotoom.webp","contentUrl":"https:\/\/dammedical.nl\/wp-content\/uploads\/2026\/03\/Black-Disk-Grafter-set-mucotoom.webp"},{"@type":"BreadcrumbList","@id":"https:\/\/dammedical.nl\/fr\/soft-tissue-grafting\/#breadcrumb","itemListElement":[{"@type":"ListItem","position":1,"name":"Home","item":"https:\/\/dammedical.nl\/fr\/accueil\/"},{"@type":"ListItem","position":2,"name":"Soft Tissue Grafting"}]},{"@type":"WebSite","@id":"https:\/\/dammedical.nl\/fr\/#website","url":"https:\/\/dammedical.nl\/fr\/","name":"Dam Medical","description":"Innovatief in chirurgie","publisher":{"@id":"https:\/\/dammedical.nl\/fr\/#organization"},"potentialAction":[{"@type":"SearchAction","target":{"@type":"EntryPoint","urlTemplate":"https:\/\/dammedical.nl\/fr\/?s={search_term_string}"},"query-input":{"@type":"PropertyValueSpecification","valueRequired":true,"valueName":"search_term_string"}}],"inLanguage":"fr-FR"},{"@type":"Organization","@id":"https:\/\/dammedical.nl\/fr\/#organization","name":"Dam Medical","url":"https:\/\/dammedical.nl\/fr\/","logo":{"@type":"ImageObject","inLanguage":"fr-FR","@id":"https:\/\/dammedical.nl\/fr\/#\/schema\/logo\/image\/","url":"https:\/\/dammedical.nl\/wp-content\/uploads\/2025\/05\/logo_DamMedical-rgb-pos-e1749559852320.png","contentUrl":"https:\/\/dammedical.nl\/wp-content\/uploads\/2025\/05\/logo_DamMedical-rgb-pos-e1749559852320.png","width":1977,"height":500,"caption":"Dam Medical"},"image":{"@id":"https:\/\/dammedical.nl\/fr\/#\/schema\/logo\/image\/"}}]}},"_links":{"self":[{"href":"https:\/\/dammedical.nl\/fr\/wp-json\/wp\/v2\/pages\/4872","targetHints":{"allow":["GET"]}}],"collection":[{"href":"https:\/\/dammedical.nl\/fr\/wp-json\/wp\/v2\/pages"}],"about":[{"href":"https:\/\/dammedical.nl\/fr\/wp-json\/wp\/v2\/types\/page"}],"author":[{"embeddable":true,"href":"https:\/\/dammedical.nl\/fr\/wp-json\/wp\/v2\/users\/4"}],"replies":[{"embeddable":true,"href":"https:\/\/dammedical.nl\/fr\/wp-json\/wp\/v2\/comments?post=4872"}],"version-history":[{"count":1,"href":"https:\/\/dammedical.nl\/fr\/wp-json\/wp\/v2\/pages\/4872\/revisions"}],"predecessor-version":[{"id":4874,"href":"https:\/\/dammedical.nl\/fr\/wp-json\/wp\/v2\/pages\/4872\/revisions\/4874"}],"wp:attachment":[{"href":"https:\/\/dammedical.nl\/fr\/wp-json\/wp\/v2\/media?parent=4872"}],"curies":[{"name":"wp","href":"https:\/\/api.w.org\/{rel}","templated":true}]}}