{"id":4199,"date":"2025-06-11T12:21:20","date_gmt":"2025-06-11T12:21:20","guid":{"rendered":"https:\/\/dammedical.nl\/product\/safescraper-courbe\/"},"modified":"2025-06-11T12:21:20","modified_gmt":"2025-06-11T12:21:20","slug":"safescraper-courbe","status":"publish","type":"product","link":"https:\/\/dammedical.nl\/fr\/product\/safescraper-courbe\/","title":{"rendered":"Safescraper courb\u00e9"},"content":{"rendered":"<p>L&rsquo;\u00e9talon-or pour le pr\u00e9l\u00e8vement d&rsquo;os autologues.<\/p>\n<p>Le SafeScraper offre une m\u00e9thode simple pour obtenir de l&rsquo;os cortical autologue id\u00e9al pour des greffes dans n&rsquo;importe quel type de d\u00e9faut en utilisant une technique peu invasive. Le SafeScraper est facile \u00e0 utiliser et garantit que l&rsquo;os autologue est toujours disponible en toutes circonstances, pour les petits comme pour les grands pr\u00e9l\u00e8vements. <\/p>\n<p>Les performances de coupe exclusives du couteau permettent de pr\u00e9lever des copeaux corticaux tout en conservant une vitalit\u00e9 cellulaire maximale, ce qui est essentiel pour l&rsquo;int\u00e9gration du greffon. L&rsquo;os pr\u00e9lev\u00e9 est d\u00e9j\u00e0 combin\u00e9 au sang et pr\u00eat \u00e0 \u00eatre ins\u00e9r\u00e9 dans le d\u00e9faut, ou il peut \u00eatre temporairement stock\u00e9 dans des conditions aseptiques dans la chambre transparente. <\/p>\n<p>La lame tranchante racle automatiquement de petites quantit\u00e9s d&rsquo;os cortical dans le r\u00e9servoir transparent de 2,5 cm3.<\/p>\n<p><strong>Avantages Safescraper :<\/strong><\/p>\n<ul>\n<li>Efficacit\u00e9 maximale<\/li>\n<li>Acc\u00e9l\u00e8re le processus de r\u00e9colte<\/li>\n<li>Plage de 160<\/li>\n<li>Pr\u00e9l\u00e8vement d&rsquo;os cortical de taille et d&rsquo;\u00e9paisseur appropri\u00e9es pour l&rsquo;int\u00e9gration du greffon.<\/li>\n<li>Efficace sur toute surface osseuse (plate, concave, convexe)<\/li>\n<li>Excellente tenue de route<\/li>\n<li>Fourni st\u00e9rile<\/li>\n<\/ul>\n","protected":false},"excerpt":{"rendered":"<p>Les Safescrapers sont emball\u00e9s st\u00e9rilement par 3 (jetables).<\/p>\n<p><strong>Num\u00e9ro d&rsquo;article : <\/strong>3987<\/p>\n<p><strong>Marque :<\/strong> META<\/p>\n","protected":false},"featured_media":890,"comment_status":"open","ping_status":"closed","template":"","meta":[],"product_brand":[40],"product_cat":[72],"product_tag":[],"class_list":{"0":"post-4199","1":"product","2":"type-product","3":"status-publish","4":"has-post-thumbnail","6":"product_brand-meta","7":"product_cat-grattoirs-a-os","9":"first","10":"instock","11":"taxable","12":"shipping-taxable","13":"purchasable","14":"product-type-simple"},"yoast_head":"<!-- This site is optimized with the Yoast SEO plugin v26.3 - https:\/\/yoast.com\/wordpress\/plugins\/seo\/ -->\n<title>Safescraper courb\u00e9 - Dam Medical<\/title>\n<meta name=\"description\" content=\"Les Safescrapers sont la r\u00e9f\u00e9rence en mati\u00e8re de pr\u00e9l\u00e8vement d&#039;os autologue. Ils sont faciles \u00e0 utiliser et garantissent que l&#039;os autologue est toujours disponible.\" \/>\n<meta name=\"robots\" content=\"index, follow, max-snippet:-1, max-image-preview:large, max-video-preview:-1\" \/>\n<link rel=\"canonical\" href=\"https:\/\/dammedical.nl\/fr\/product\/safescraper-courbe\/\" \/>\n<meta property=\"og:locale\" content=\"fr_FR\" \/>\n<meta property=\"og:type\" content=\"article\" \/>\n<meta property=\"og:title\" content=\"Safescraper courb\u00e9 - Dam Medical\" \/>\n<meta property=\"og:description\" content=\"Les Safescrapers sont la r\u00e9f\u00e9rence en mati\u00e8re de pr\u00e9l\u00e8vement d&#039;os autologue. Ils sont faciles \u00e0 utiliser et garantissent que l&#039;os autologue est toujours disponible.\" \/>\n<meta property=\"og:url\" content=\"https:\/\/dammedical.nl\/fr\/product\/safescraper-courbe\/\" \/>\n<meta property=\"og:site_name\" content=\"Dam Medical\" \/>\n<meta property=\"og:image\" content=\"https:\/\/dammedical.nl\/wp-content\/uploads\/2025\/06\/Safescraper-twist.png\" \/>\n\t<meta property=\"og:image:width\" content=\"700\" \/>\n\t<meta property=\"og:image:height\" content=\"634\" \/>\n\t<meta property=\"og:image:type\" content=\"image\/png\" \/>\n<meta name=\"twitter:card\" content=\"summary_large_image\" \/>\n<meta name=\"twitter:label1\" content=\"Dur\u00e9e de lecture estim\u00e9e\" \/>\n\t<meta name=\"twitter:data1\" content=\"1 minute\" \/>\n<script type=\"application\/ld+json\" class=\"yoast-schema-graph\">{\"@context\":\"https:\/\/schema.org\",\"@graph\":[{\"@type\":\"WebPage\",\"@id\":\"https:\/\/dammedical.nl\/fr\/product\/safescraper-courbe\/\",\"url\":\"https:\/\/dammedical.nl\/fr\/product\/safescraper-courbe\/\",\"name\":\"Safescraper courb\u00e9 - Dam Medical\",\"isPartOf\":{\"@id\":\"https:\/\/dammedical.nl\/fr\/#website\"},\"primaryImageOfPage\":{\"@id\":\"https:\/\/dammedical.nl\/fr\/product\/safescraper-courbe\/#primaryimage\"},\"image\":{\"@id\":\"https:\/\/dammedical.nl\/fr\/product\/safescraper-courbe\/#primaryimage\"},\"thumbnailUrl\":\"https:\/\/dammedical.nl\/wp-content\/uploads\/2025\/06\/Safescraper-twist.png\",\"datePublished\":\"2025-06-11T12:21:20+00:00\",\"description\":\"Les Safescrapers sont la r\u00e9f\u00e9rence en mati\u00e8re de pr\u00e9l\u00e8vement d'os autologue. Ils sont faciles \u00e0 utiliser et garantissent que l'os autologue est toujours disponible.\",\"breadcrumb\":{\"@id\":\"https:\/\/dammedical.nl\/fr\/product\/safescraper-courbe\/#breadcrumb\"},\"inLanguage\":\"fr-FR\",\"potentialAction\":[{\"@type\":\"ReadAction\",\"target\":[\"https:\/\/dammedical.nl\/fr\/product\/safescraper-courbe\/\"]}]},{\"@type\":\"ImageObject\",\"inLanguage\":\"fr-FR\",\"@id\":\"https:\/\/dammedical.nl\/fr\/product\/safescraper-courbe\/#primaryimage\",\"url\":\"https:\/\/dammedical.nl\/wp-content\/uploads\/2025\/06\/Safescraper-twist.png\",\"contentUrl\":\"https:\/\/dammedical.nl\/wp-content\/uploads\/2025\/06\/Safescraper-twist.png\",\"width\":700,\"height\":634,\"caption\":\"Safescraper\"},{\"@type\":\"BreadcrumbList\",\"@id\":\"https:\/\/dammedical.nl\/fr\/product\/safescraper-courbe\/#breadcrumb\",\"itemListElement\":[{\"@type\":\"ListItem\",\"position\":1,\"name\":\"Home\",\"item\":\"https:\/\/dammedical.nl\/fr\/accueil\/\"},{\"@type\":\"ListItem\",\"position\":2,\"name\":\"Boutique\",\"item\":\"https:\/\/dammedical.nl\/fr\/boutique\/\"},{\"@type\":\"ListItem\",\"position\":3,\"name\":\"Safescraper courb\u00e9\"}]},{\"@type\":\"WebSite\",\"@id\":\"https:\/\/dammedical.nl\/fr\/#website\",\"url\":\"https:\/\/dammedical.nl\/fr\/\",\"name\":\"Dam Medical\",\"description\":\"Innovatief in chirurgie\",\"publisher\":{\"@id\":\"https:\/\/dammedical.nl\/fr\/#organization\"},\"potentialAction\":[{\"@type\":\"SearchAction\",\"target\":{\"@type\":\"EntryPoint\",\"urlTemplate\":\"https:\/\/dammedical.nl\/fr\/?s={search_term_string}\"},\"query-input\":{\"@type\":\"PropertyValueSpecification\",\"valueRequired\":true,\"valueName\":\"search_term_string\"}}],\"inLanguage\":\"fr-FR\"},{\"@type\":\"Organization\",\"@id\":\"https:\/\/dammedical.nl\/fr\/#organization\",\"name\":\"Dam Medical\",\"url\":\"https:\/\/dammedical.nl\/fr\/\",\"logo\":{\"@type\":\"ImageObject\",\"inLanguage\":\"fr-FR\",\"@id\":\"https:\/\/dammedical.nl\/fr\/#\/schema\/logo\/image\/\",\"url\":\"https:\/\/dammedical.nl\/wp-content\/uploads\/2025\/05\/logo_DamMedical-rgb-pos-e1749559852320.png\",\"contentUrl\":\"https:\/\/dammedical.nl\/wp-content\/uploads\/2025\/05\/logo_DamMedical-rgb-pos-e1749559852320.png\",\"width\":1977,\"height\":500,\"caption\":\"Dam Medical\"},\"image\":{\"@id\":\"https:\/\/dammedical.nl\/fr\/#\/schema\/logo\/image\/\"}}]}<\/script>\n<!-- \/ Yoast SEO plugin. -->","yoast_head_json":{"title":"Safescraper courb\u00e9 - Dam Medical","description":"Les Safescrapers sont la r\u00e9f\u00e9rence en mati\u00e8re de pr\u00e9l\u00e8vement d'os autologue. Ils sont faciles \u00e0 utiliser et garantissent que l'os autologue est toujours disponible.","robots":{"index":"index","follow":"follow","max-snippet":"max-snippet:-1","max-image-preview":"max-image-preview:large","max-video-preview":"max-video-preview:-1"},"canonical":"https:\/\/dammedical.nl\/fr\/product\/safescraper-courbe\/","og_locale":"fr_FR","og_type":"article","og_title":"Safescraper courb\u00e9 - Dam Medical","og_description":"Les Safescrapers sont la r\u00e9f\u00e9rence en mati\u00e8re de pr\u00e9l\u00e8vement d'os autologue. Ils sont faciles \u00e0 utiliser et garantissent que l'os autologue est toujours disponible.","og_url":"https:\/\/dammedical.nl\/fr\/product\/safescraper-courbe\/","og_site_name":"Dam Medical","og_image":[{"width":700,"height":634,"url":"https:\/\/dammedical.nl\/wp-content\/uploads\/2025\/06\/Safescraper-twist.png","type":"image\/png"}],"twitter_card":"summary_large_image","twitter_misc":{"Dur\u00e9e de lecture estim\u00e9e":"1 minute"},"schema":{"@context":"https:\/\/schema.org","@graph":[{"@type":"WebPage","@id":"https:\/\/dammedical.nl\/fr\/product\/safescraper-courbe\/","url":"https:\/\/dammedical.nl\/fr\/product\/safescraper-courbe\/","name":"Safescraper courb\u00e9 - Dam Medical","isPartOf":{"@id":"https:\/\/dammedical.nl\/fr\/#website"},"primaryImageOfPage":{"@id":"https:\/\/dammedical.nl\/fr\/product\/safescraper-courbe\/#primaryimage"},"image":{"@id":"https:\/\/dammedical.nl\/fr\/product\/safescraper-courbe\/#primaryimage"},"thumbnailUrl":"https:\/\/dammedical.nl\/wp-content\/uploads\/2025\/06\/Safescraper-twist.png","datePublished":"2025-06-11T12:21:20+00:00","description":"Les Safescrapers sont la r\u00e9f\u00e9rence en mati\u00e8re de pr\u00e9l\u00e8vement d'os autologue. Ils sont faciles \u00e0 utiliser et garantissent que l'os autologue est toujours disponible.","breadcrumb":{"@id":"https:\/\/dammedical.nl\/fr\/product\/safescraper-courbe\/#breadcrumb"},"inLanguage":"fr-FR","potentialAction":[{"@type":"ReadAction","target":["https:\/\/dammedical.nl\/fr\/product\/safescraper-courbe\/"]}]},{"@type":"ImageObject","inLanguage":"fr-FR","@id":"https:\/\/dammedical.nl\/fr\/product\/safescraper-courbe\/#primaryimage","url":"https:\/\/dammedical.nl\/wp-content\/uploads\/2025\/06\/Safescraper-twist.png","contentUrl":"https:\/\/dammedical.nl\/wp-content\/uploads\/2025\/06\/Safescraper-twist.png","width":700,"height":634,"caption":"Safescraper"},{"@type":"BreadcrumbList","@id":"https:\/\/dammedical.nl\/fr\/product\/safescraper-courbe\/#breadcrumb","itemListElement":[{"@type":"ListItem","position":1,"name":"Home","item":"https:\/\/dammedical.nl\/fr\/accueil\/"},{"@type":"ListItem","position":2,"name":"Boutique","item":"https:\/\/dammedical.nl\/fr\/boutique\/"},{"@type":"ListItem","position":3,"name":"Safescraper courb\u00e9"}]},{"@type":"WebSite","@id":"https:\/\/dammedical.nl\/fr\/#website","url":"https:\/\/dammedical.nl\/fr\/","name":"Dam Medical","description":"Innovatief in chirurgie","publisher":{"@id":"https:\/\/dammedical.nl\/fr\/#organization"},"potentialAction":[{"@type":"SearchAction","target":{"@type":"EntryPoint","urlTemplate":"https:\/\/dammedical.nl\/fr\/?s={search_term_string}"},"query-input":{"@type":"PropertyValueSpecification","valueRequired":true,"valueName":"search_term_string"}}],"inLanguage":"fr-FR"},{"@type":"Organization","@id":"https:\/\/dammedical.nl\/fr\/#organization","name":"Dam Medical","url":"https:\/\/dammedical.nl\/fr\/","logo":{"@type":"ImageObject","inLanguage":"fr-FR","@id":"https:\/\/dammedical.nl\/fr\/#\/schema\/logo\/image\/","url":"https:\/\/dammedical.nl\/wp-content\/uploads\/2025\/05\/logo_DamMedical-rgb-pos-e1749559852320.png","contentUrl":"https:\/\/dammedical.nl\/wp-content\/uploads\/2025\/05\/logo_DamMedical-rgb-pos-e1749559852320.png","width":1977,"height":500,"caption":"Dam Medical"},"image":{"@id":"https:\/\/dammedical.nl\/fr\/#\/schema\/logo\/image\/"}}]}},"_links":{"self":[{"href":"https:\/\/dammedical.nl\/fr\/wp-json\/wp\/v2\/product\/4199","targetHints":{"allow":["GET"]}}],"collection":[{"href":"https:\/\/dammedical.nl\/fr\/wp-json\/wp\/v2\/product"}],"about":[{"href":"https:\/\/dammedical.nl\/fr\/wp-json\/wp\/v2\/types\/product"}],"replies":[{"embeddable":true,"href":"https:\/\/dammedical.nl\/fr\/wp-json\/wp\/v2\/comments?post=4199"}],"wp:featuredmedia":[{"embeddable":true,"href":"https:\/\/dammedical.nl\/fr\/wp-json\/wp\/v2\/media\/890"}],"wp:attachment":[{"href":"https:\/\/dammedical.nl\/fr\/wp-json\/wp\/v2\/media?parent=4199"}],"wp:term":[{"taxonomy":"product_brand","embeddable":true,"href":"https:\/\/dammedical.nl\/fr\/wp-json\/wp\/v2\/product_brand?post=4199"},{"taxonomy":"product_cat","embeddable":true,"href":"https:\/\/dammedical.nl\/fr\/wp-json\/wp\/v2\/product_cat?post=4199"},{"taxonomy":"product_tag","embeddable":true,"href":"https:\/\/dammedical.nl\/fr\/wp-json\/wp\/v2\/product_tag?post=4199"}],"curies":[{"name":"wp","href":"https:\/\/api.w.org\/{rel}","templated":true}]}}