{"id":4264,"date":"2025-06-11T09:49:30","date_gmt":"2025-06-11T09:49:30","guid":{"rendered":"https:\/\/dammedical.nl\/product\/attelle-de-traumatologie-en-titane-100x0-2mm\/"},"modified":"2025-06-11T09:49:30","modified_gmt":"2025-06-11T09:49:30","slug":"attelle-de-traumatologie-en-titane-100x0-2mm","status":"publish","type":"product","link":"https:\/\/dammedical.nl\/fr\/product\/attelle-de-traumatologie-en-titane-100x0-2mm\/","title":{"rendered":"Attelle de traumatologie en titane 100&#215;0.2mm"},"content":{"rendered":"<p><strong>Application :<\/strong><\/p>\n<ul>\n<li>Stabilisation des dents apr\u00e8s repositionnement ou replantation dans la position d&rsquo;origine<\/li>\n<\/ul>\n<p>&nbsp;<\/p>\n<p><strong>Caract\u00e9ristiques :<\/strong><\/p>\n<ul>\n<li>Attelle dentaire en titane TTS<\/li>\n<li>2 tailles disponibles<\/li>\n<li>\u00c9paisseur de la plaque 0,2 mm<\/li>\n<\/ul>\n<p>&nbsp;<\/p>\n<p><strong>Avantages :<\/strong><\/p>\n<ul>\n<li>Ajustement et fixation faciles au bord de l&rsquo;arcade dentaire<\/li>\n<li>Les attelles peuvent \u00eatre facilement coup\u00e9es ou pli\u00e9es pour r\u00e9pondre \u00e0 des besoins particuliers.<\/li>\n<li>Gain de temps gr\u00e2ce \u00e0 la facilit\u00e9 de mise en place et de retrait de l&rsquo;attelle<\/li>\n<li>Conception optimis\u00e9e de l&rsquo;attelle<\/li>\n<\/ul>\n<p>&nbsp;<\/p>\n","protected":false},"excerpt":{"rendered":"<p>Dam Medical est le fournisseur exclusif de l&rsquo;attelle de traumatologie en titane Medartis (TTS). La TTS fait partie de la gamme compl\u00e8te d&rsquo;ost\u00e9osynth\u00e8ses Medartis Modus pour la chirurgie buccale, l&rsquo;implantologie et la dentisterie. La TTS tr\u00e8s fine (0,2 mm) est fabriqu\u00e9e en titane et peut \u00eatre facilement pli\u00e9e.  <\/p>\n<p><strong>Num\u00e9ro d&rsquo;article :<\/strong> TTS-1004<\/p>\n<p><strong>Marque :<\/strong> Medartis<\/p>\n","protected":false},"featured_media":884,"comment_status":"open","ping_status":"closed","template":"","meta":[],"product_brand":[38],"product_cat":[73],"product_tag":[],"class_list":{"0":"post-4264","1":"product","2":"type-product","3":"status-publish","4":"has-post-thumbnail","6":"product_brand-medartis","7":"product_cat-attelles-de-traumatisme","9":"first","10":"instock","11":"taxable","12":"shipping-taxable","13":"purchasable","14":"product-type-simple"},"yoast_head":"<!-- This site is optimized with the Yoast SEO plugin v26.3 - https:\/\/yoast.com\/wordpress\/plugins\/seo\/ -->\n<title>Attelle de traumatologie en titane 100x0.2mm - Dam Medical<\/title>\n<meta name=\"description\" content=\"L&#039;attelle traumatique en titane Medartis (TTS) permet de stabiliser les dents apr\u00e8s leur repositionnement ou leur replantation dans leur position d&#039;origine.\" \/>\n<meta name=\"robots\" content=\"index, follow, max-snippet:-1, max-image-preview:large, max-video-preview:-1\" \/>\n<link rel=\"canonical\" href=\"https:\/\/dammedical.nl\/fr\/product\/attelle-de-traumatologie-en-titane-100x0-2mm\/\" \/>\n<meta property=\"og:locale\" content=\"fr_FR\" \/>\n<meta property=\"og:type\" content=\"article\" \/>\n<meta property=\"og:title\" content=\"Attelle de traumatologie en titane 100x0.2mm - Dam Medical\" \/>\n<meta property=\"og:description\" content=\"L&#039;attelle traumatique en titane Medartis (TTS) permet de stabiliser les dents apr\u00e8s leur repositionnement ou leur replantation dans leur position d&#039;origine.\" \/>\n<meta property=\"og:url\" content=\"https:\/\/dammedical.nl\/fr\/product\/attelle-de-traumatologie-en-titane-100x0-2mm\/\" \/>\n<meta property=\"og:site_name\" content=\"Dam Medical\" \/>\n<meta property=\"og:image\" content=\"https:\/\/dammedical.nl\/wp-content\/uploads\/2025\/06\/Trauma-Splint-52x0.2mm-foto-1.png\" \/>\n\t<meta property=\"og:image:width\" content=\"282\" \/>\n\t<meta property=\"og:image:height\" content=\"256\" \/>\n\t<meta property=\"og:image:type\" content=\"image\/png\" \/>\n<meta name=\"twitter:card\" content=\"summary_large_image\" \/>\n<script type=\"application\/ld+json\" class=\"yoast-schema-graph\">{\"@context\":\"https:\/\/schema.org\",\"@graph\":[{\"@type\":\"WebPage\",\"@id\":\"https:\/\/dammedical.nl\/fr\/product\/attelle-de-traumatologie-en-titane-100x0-2mm\/\",\"url\":\"https:\/\/dammedical.nl\/fr\/product\/attelle-de-traumatologie-en-titane-100x0-2mm\/\",\"name\":\"Attelle de traumatologie en titane 100x0.2mm - Dam Medical\",\"isPartOf\":{\"@id\":\"https:\/\/dammedical.nl\/fr\/#website\"},\"primaryImageOfPage\":{\"@id\":\"https:\/\/dammedical.nl\/fr\/product\/attelle-de-traumatologie-en-titane-100x0-2mm\/#primaryimage\"},\"image\":{\"@id\":\"https:\/\/dammedical.nl\/fr\/product\/attelle-de-traumatologie-en-titane-100x0-2mm\/#primaryimage\"},\"thumbnailUrl\":\"https:\/\/dammedical.nl\/wp-content\/uploads\/2025\/06\/Trauma-Splint-52x0.2mm-foto-1.png\",\"datePublished\":\"2025-06-11T09:49:30+00:00\",\"description\":\"L'attelle traumatique en titane Medartis (TTS) permet de stabiliser les dents apr\u00e8s leur repositionnement ou leur replantation dans leur position d'origine.\",\"breadcrumb\":{\"@id\":\"https:\/\/dammedical.nl\/fr\/product\/attelle-de-traumatologie-en-titane-100x0-2mm\/#breadcrumb\"},\"inLanguage\":\"fr-FR\",\"potentialAction\":[{\"@type\":\"ReadAction\",\"target\":[\"https:\/\/dammedical.nl\/fr\/product\/attelle-de-traumatologie-en-titane-100x0-2mm\/\"]}]},{\"@type\":\"ImageObject\",\"inLanguage\":\"fr-FR\",\"@id\":\"https:\/\/dammedical.nl\/fr\/product\/attelle-de-traumatologie-en-titane-100x0-2mm\/#primaryimage\",\"url\":\"https:\/\/dammedical.nl\/wp-content\/uploads\/2025\/06\/Trauma-Splint-52x0.2mm-foto-1.png\",\"contentUrl\":\"https:\/\/dammedical.nl\/wp-content\/uploads\/2025\/06\/Trauma-Splint-52x0.2mm-foto-1.png\",\"width\":282,\"height\":256,\"caption\":\"Trauma Splint 100x0.2mm\"},{\"@type\":\"BreadcrumbList\",\"@id\":\"https:\/\/dammedical.nl\/fr\/product\/attelle-de-traumatologie-en-titane-100x0-2mm\/#breadcrumb\",\"itemListElement\":[{\"@type\":\"ListItem\",\"position\":1,\"name\":\"Home\",\"item\":\"https:\/\/dammedical.nl\/fr\/accueil\/\"},{\"@type\":\"ListItem\",\"position\":2,\"name\":\"Boutique\",\"item\":\"https:\/\/dammedical.nl\/fr\/boutique\/\"},{\"@type\":\"ListItem\",\"position\":3,\"name\":\"Attelle de traumatologie en titane 100&#215;0.2mm\"}]},{\"@type\":\"WebSite\",\"@id\":\"https:\/\/dammedical.nl\/fr\/#website\",\"url\":\"https:\/\/dammedical.nl\/fr\/\",\"name\":\"Dam Medical\",\"description\":\"Innovatief in chirurgie\",\"publisher\":{\"@id\":\"https:\/\/dammedical.nl\/fr\/#organization\"},\"potentialAction\":[{\"@type\":\"SearchAction\",\"target\":{\"@type\":\"EntryPoint\",\"urlTemplate\":\"https:\/\/dammedical.nl\/fr\/?s={search_term_string}\"},\"query-input\":{\"@type\":\"PropertyValueSpecification\",\"valueRequired\":true,\"valueName\":\"search_term_string\"}}],\"inLanguage\":\"fr-FR\"},{\"@type\":\"Organization\",\"@id\":\"https:\/\/dammedical.nl\/fr\/#organization\",\"name\":\"Dam Medical\",\"url\":\"https:\/\/dammedical.nl\/fr\/\",\"logo\":{\"@type\":\"ImageObject\",\"inLanguage\":\"fr-FR\",\"@id\":\"https:\/\/dammedical.nl\/fr\/#\/schema\/logo\/image\/\",\"url\":\"https:\/\/dammedical.nl\/wp-content\/uploads\/2025\/05\/logo_DamMedical-rgb-pos-e1749559852320.png\",\"contentUrl\":\"https:\/\/dammedical.nl\/wp-content\/uploads\/2025\/05\/logo_DamMedical-rgb-pos-e1749559852320.png\",\"width\":1977,\"height\":500,\"caption\":\"Dam Medical\"},\"image\":{\"@id\":\"https:\/\/dammedical.nl\/fr\/#\/schema\/logo\/image\/\"}}]}<\/script>\n<!-- \/ Yoast SEO plugin. -->","yoast_head_json":{"title":"Attelle de traumatologie en titane 100x0.2mm - Dam Medical","description":"L'attelle traumatique en titane Medartis (TTS) permet de stabiliser les dents apr\u00e8s leur repositionnement ou leur replantation dans leur position d'origine.","robots":{"index":"index","follow":"follow","max-snippet":"max-snippet:-1","max-image-preview":"max-image-preview:large","max-video-preview":"max-video-preview:-1"},"canonical":"https:\/\/dammedical.nl\/fr\/product\/attelle-de-traumatologie-en-titane-100x0-2mm\/","og_locale":"fr_FR","og_type":"article","og_title":"Attelle de traumatologie en titane 100x0.2mm - Dam Medical","og_description":"L'attelle traumatique en titane Medartis (TTS) permet de stabiliser les dents apr\u00e8s leur repositionnement ou leur replantation dans leur position d'origine.","og_url":"https:\/\/dammedical.nl\/fr\/product\/attelle-de-traumatologie-en-titane-100x0-2mm\/","og_site_name":"Dam Medical","og_image":[{"width":282,"height":256,"url":"https:\/\/dammedical.nl\/wp-content\/uploads\/2025\/06\/Trauma-Splint-52x0.2mm-foto-1.png","type":"image\/png"}],"twitter_card":"summary_large_image","schema":{"@context":"https:\/\/schema.org","@graph":[{"@type":"WebPage","@id":"https:\/\/dammedical.nl\/fr\/product\/attelle-de-traumatologie-en-titane-100x0-2mm\/","url":"https:\/\/dammedical.nl\/fr\/product\/attelle-de-traumatologie-en-titane-100x0-2mm\/","name":"Attelle de traumatologie en titane 100x0.2mm - Dam Medical","isPartOf":{"@id":"https:\/\/dammedical.nl\/fr\/#website"},"primaryImageOfPage":{"@id":"https:\/\/dammedical.nl\/fr\/product\/attelle-de-traumatologie-en-titane-100x0-2mm\/#primaryimage"},"image":{"@id":"https:\/\/dammedical.nl\/fr\/product\/attelle-de-traumatologie-en-titane-100x0-2mm\/#primaryimage"},"thumbnailUrl":"https:\/\/dammedical.nl\/wp-content\/uploads\/2025\/06\/Trauma-Splint-52x0.2mm-foto-1.png","datePublished":"2025-06-11T09:49:30+00:00","description":"L'attelle traumatique en titane Medartis (TTS) permet de stabiliser les dents apr\u00e8s leur repositionnement ou leur replantation dans leur position d'origine.","breadcrumb":{"@id":"https:\/\/dammedical.nl\/fr\/product\/attelle-de-traumatologie-en-titane-100x0-2mm\/#breadcrumb"},"inLanguage":"fr-FR","potentialAction":[{"@type":"ReadAction","target":["https:\/\/dammedical.nl\/fr\/product\/attelle-de-traumatologie-en-titane-100x0-2mm\/"]}]},{"@type":"ImageObject","inLanguage":"fr-FR","@id":"https:\/\/dammedical.nl\/fr\/product\/attelle-de-traumatologie-en-titane-100x0-2mm\/#primaryimage","url":"https:\/\/dammedical.nl\/wp-content\/uploads\/2025\/06\/Trauma-Splint-52x0.2mm-foto-1.png","contentUrl":"https:\/\/dammedical.nl\/wp-content\/uploads\/2025\/06\/Trauma-Splint-52x0.2mm-foto-1.png","width":282,"height":256,"caption":"Trauma Splint 100x0.2mm"},{"@type":"BreadcrumbList","@id":"https:\/\/dammedical.nl\/fr\/product\/attelle-de-traumatologie-en-titane-100x0-2mm\/#breadcrumb","itemListElement":[{"@type":"ListItem","position":1,"name":"Home","item":"https:\/\/dammedical.nl\/fr\/accueil\/"},{"@type":"ListItem","position":2,"name":"Boutique","item":"https:\/\/dammedical.nl\/fr\/boutique\/"},{"@type":"ListItem","position":3,"name":"Attelle de traumatologie en titane 100&#215;0.2mm"}]},{"@type":"WebSite","@id":"https:\/\/dammedical.nl\/fr\/#website","url":"https:\/\/dammedical.nl\/fr\/","name":"Dam Medical","description":"Innovatief in chirurgie","publisher":{"@id":"https:\/\/dammedical.nl\/fr\/#organization"},"potentialAction":[{"@type":"SearchAction","target":{"@type":"EntryPoint","urlTemplate":"https:\/\/dammedical.nl\/fr\/?s={search_term_string}"},"query-input":{"@type":"PropertyValueSpecification","valueRequired":true,"valueName":"search_term_string"}}],"inLanguage":"fr-FR"},{"@type":"Organization","@id":"https:\/\/dammedical.nl\/fr\/#organization","name":"Dam Medical","url":"https:\/\/dammedical.nl\/fr\/","logo":{"@type":"ImageObject","inLanguage":"fr-FR","@id":"https:\/\/dammedical.nl\/fr\/#\/schema\/logo\/image\/","url":"https:\/\/dammedical.nl\/wp-content\/uploads\/2025\/05\/logo_DamMedical-rgb-pos-e1749559852320.png","contentUrl":"https:\/\/dammedical.nl\/wp-content\/uploads\/2025\/05\/logo_DamMedical-rgb-pos-e1749559852320.png","width":1977,"height":500,"caption":"Dam Medical"},"image":{"@id":"https:\/\/dammedical.nl\/fr\/#\/schema\/logo\/image\/"}}]}},"_links":{"self":[{"href":"https:\/\/dammedical.nl\/fr\/wp-json\/wp\/v2\/product\/4264","targetHints":{"allow":["GET"]}}],"collection":[{"href":"https:\/\/dammedical.nl\/fr\/wp-json\/wp\/v2\/product"}],"about":[{"href":"https:\/\/dammedical.nl\/fr\/wp-json\/wp\/v2\/types\/product"}],"replies":[{"embeddable":true,"href":"https:\/\/dammedical.nl\/fr\/wp-json\/wp\/v2\/comments?post=4264"}],"wp:featuredmedia":[{"embeddable":true,"href":"https:\/\/dammedical.nl\/fr\/wp-json\/wp\/v2\/media\/884"}],"wp:attachment":[{"href":"https:\/\/dammedical.nl\/fr\/wp-json\/wp\/v2\/media?parent=4264"}],"wp:term":[{"taxonomy":"product_brand","embeddable":true,"href":"https:\/\/dammedical.nl\/fr\/wp-json\/wp\/v2\/product_brand?post=4264"},{"taxonomy":"product_cat","embeddable":true,"href":"https:\/\/dammedical.nl\/fr\/wp-json\/wp\/v2\/product_cat?post=4264"},{"taxonomy":"product_tag","embeddable":true,"href":"https:\/\/dammedical.nl\/fr\/wp-json\/wp\/v2\/product_tag?post=4264"}],"curies":[{"name":"wp","href":"https:\/\/api.w.org\/{rel}","templated":true}]}}