{"id":4290,"date":"2025-06-11T11:38:24","date_gmt":"2025-06-11T11:38:24","guid":{"rendered":"https:\/\/dammedical.nl\/product\/kit-dexploration-kexim\/"},"modified":"2025-06-11T11:38:24","modified_gmt":"2025-06-11T11:38:24","slug":"kit-dexploration-kexim","status":"publish","type":"product","link":"https:\/\/dammedical.nl\/fr\/product\/kit-dexploration-kexim\/","title":{"rendered":"Kit d&rsquo;exploration KEXIM"},"content":{"rendered":"<p>Le kit d&rsquo;explantation BTI KEXIM offre une solution fiable pour le retrait des implants. Quelle que soit la raison (p\u00e9ri-implantite, mauvaise s\u00e9lection ou mise en place de l&rsquo;implant) ou les raisons m\u00e9caniques (fracture de l&rsquo;implant, \u00e9cart dans la connexion, vis cass\u00e9e dans le logement de l&rsquo;implant), le kit d&rsquo;explantation de l&rsquo;implant BTI KEXIM fonctionne toujours. <\/p>\n<p><strong>Caract\u00e9ristiques<\/strong><\/p>\n<div class=\"wpb_text_column\">\n<div class=\"wpb_wrapper\">\n<ul>\n<li>Explantation de presque tous les implants (voir la liste de compatibilit\u00e9)<\/li>\n<li>Couple maximal de 200Ncm, \u00e9vitant les forces extr\u00eames sur l&rsquo;implant<\/li>\n<li>Note : les extracteurs sont \u00e0 usage unique<\/li>\n<\/ul>\n<p>Note : sp\u00e9cialement pour les h\u00f4pitaux, nous avons d\u00e9velopp\u00e9 un syst\u00e8me avec un plateau en acier inoxydable.<\/p>\n<\/div>\n<\/div>\n","protected":false},"excerpt":{"rendered":"<p><strong>Num\u00e9ro d&rsquo;article :<\/strong> KEXIM<\/p>\n<p><strong>Marque :<\/strong> BTI<\/p>\n","protected":false},"featured_media":1959,"comment_status":"open","ping_status":"closed","template":"","meta":[],"product_brand":[55],"product_cat":[74],"product_tag":[],"class_list":{"0":"post-4290","1":"product","2":"type-product","3":"status-publish","4":"has-post-thumbnail","6":"product_brand-bti","7":"product_cat-kit-dexplosifs","9":"first","10":"instock","11":"taxable","12":"shipping-taxable","13":"purchasable","14":"product-type-simple"},"yoast_head":"<!-- This site is optimized with the Yoast SEO plugin v26.3 - https:\/\/yoast.com\/wordpress\/plugins\/seo\/ -->\n<title>Kit d&#039;exploration KEXIM - Dam Medical<\/title>\n<meta name=\"description\" content=\"Le kit d&#039;explantation BTI KEXIM offre une solution fiable pour retirer les implants dentaires avec une perte osseuse minimale.\" \/>\n<meta name=\"robots\" content=\"index, follow, max-snippet:-1, max-image-preview:large, max-video-preview:-1\" \/>\n<link rel=\"canonical\" href=\"https:\/\/dammedical.nl\/fr\/product\/kit-dexploration-kexim\/\" \/>\n<meta property=\"og:locale\" content=\"fr_FR\" \/>\n<meta property=\"og:type\" content=\"article\" \/>\n<meta property=\"og:title\" content=\"Kit d&#039;exploration KEXIM - Dam Medical\" \/>\n<meta property=\"og:description\" content=\"Le kit d&#039;explantation BTI KEXIM offre une solution fiable pour retirer les implants dentaires avec une perte osseuse minimale.\" \/>\n<meta property=\"og:url\" content=\"https:\/\/dammedical.nl\/fr\/product\/kit-dexploration-kexim\/\" \/>\n<meta property=\"og:site_name\" content=\"Dam Medical\" \/>\n<meta property=\"og:image\" content=\"https:\/\/dammedical.nl\/wp-content\/uploads\/2020\/07\/BTI-Kexim.png\" \/>\n\t<meta property=\"og:image:width\" content=\"583\" \/>\n\t<meta property=\"og:image:height\" content=\"525\" \/>\n\t<meta property=\"og:image:type\" content=\"image\/png\" \/>\n<meta name=\"twitter:card\" content=\"summary_large_image\" \/>\n<meta name=\"twitter:label1\" content=\"Dur\u00e9e de lecture estim\u00e9e\" \/>\n\t<meta name=\"twitter:data1\" content=\"1 minute\" \/>\n<script type=\"application\/ld+json\" class=\"yoast-schema-graph\">{\"@context\":\"https:\/\/schema.org\",\"@graph\":[{\"@type\":\"WebPage\",\"@id\":\"https:\/\/dammedical.nl\/fr\/product\/kit-dexploration-kexim\/\",\"url\":\"https:\/\/dammedical.nl\/fr\/product\/kit-dexploration-kexim\/\",\"name\":\"Kit d'exploration KEXIM - Dam Medical\",\"isPartOf\":{\"@id\":\"https:\/\/dammedical.nl\/fr\/#website\"},\"primaryImageOfPage\":{\"@id\":\"https:\/\/dammedical.nl\/fr\/product\/kit-dexploration-kexim\/#primaryimage\"},\"image\":{\"@id\":\"https:\/\/dammedical.nl\/fr\/product\/kit-dexploration-kexim\/#primaryimage\"},\"thumbnailUrl\":\"https:\/\/dammedical.nl\/wp-content\/uploads\/2020\/07\/BTI-Kexim.png\",\"datePublished\":\"2025-06-11T11:38:24+00:00\",\"description\":\"Le kit d'explantation BTI KEXIM offre une solution fiable pour retirer les implants dentaires avec une perte osseuse minimale.\",\"breadcrumb\":{\"@id\":\"https:\/\/dammedical.nl\/fr\/product\/kit-dexploration-kexim\/#breadcrumb\"},\"inLanguage\":\"fr-FR\",\"potentialAction\":[{\"@type\":\"ReadAction\",\"target\":[\"https:\/\/dammedical.nl\/fr\/product\/kit-dexploration-kexim\/\"]}]},{\"@type\":\"ImageObject\",\"inLanguage\":\"fr-FR\",\"@id\":\"https:\/\/dammedical.nl\/fr\/product\/kit-dexploration-kexim\/#primaryimage\",\"url\":\"https:\/\/dammedical.nl\/wp-content\/uploads\/2020\/07\/BTI-Kexim.png\",\"contentUrl\":\"https:\/\/dammedical.nl\/wp-content\/uploads\/2020\/07\/BTI-Kexim.png\",\"width\":583,\"height\":525},{\"@type\":\"BreadcrumbList\",\"@id\":\"https:\/\/dammedical.nl\/fr\/product\/kit-dexploration-kexim\/#breadcrumb\",\"itemListElement\":[{\"@type\":\"ListItem\",\"position\":1,\"name\":\"Home\",\"item\":\"https:\/\/dammedical.nl\/fr\/accueil\/\"},{\"@type\":\"ListItem\",\"position\":2,\"name\":\"Boutique\",\"item\":\"https:\/\/dammedical.nl\/fr\/boutique\/\"},{\"@type\":\"ListItem\",\"position\":3,\"name\":\"Kit d&rsquo;exploration KEXIM\"}]},{\"@type\":\"WebSite\",\"@id\":\"https:\/\/dammedical.nl\/fr\/#website\",\"url\":\"https:\/\/dammedical.nl\/fr\/\",\"name\":\"Dam Medical\",\"description\":\"Innovatief in chirurgie\",\"publisher\":{\"@id\":\"https:\/\/dammedical.nl\/fr\/#organization\"},\"potentialAction\":[{\"@type\":\"SearchAction\",\"target\":{\"@type\":\"EntryPoint\",\"urlTemplate\":\"https:\/\/dammedical.nl\/fr\/?s={search_term_string}\"},\"query-input\":{\"@type\":\"PropertyValueSpecification\",\"valueRequired\":true,\"valueName\":\"search_term_string\"}}],\"inLanguage\":\"fr-FR\"},{\"@type\":\"Organization\",\"@id\":\"https:\/\/dammedical.nl\/fr\/#organization\",\"name\":\"Dam Medical\",\"url\":\"https:\/\/dammedical.nl\/fr\/\",\"logo\":{\"@type\":\"ImageObject\",\"inLanguage\":\"fr-FR\",\"@id\":\"https:\/\/dammedical.nl\/fr\/#\/schema\/logo\/image\/\",\"url\":\"https:\/\/dammedical.nl\/wp-content\/uploads\/2025\/05\/logo_DamMedical-rgb-pos-e1749559852320.png\",\"contentUrl\":\"https:\/\/dammedical.nl\/wp-content\/uploads\/2025\/05\/logo_DamMedical-rgb-pos-e1749559852320.png\",\"width\":1977,\"height\":500,\"caption\":\"Dam Medical\"},\"image\":{\"@id\":\"https:\/\/dammedical.nl\/fr\/#\/schema\/logo\/image\/\"}}]}<\/script>\n<!-- \/ Yoast SEO plugin. -->","yoast_head_json":{"title":"Kit d'exploration KEXIM - Dam Medical","description":"Le kit d'explantation BTI KEXIM offre une solution fiable pour retirer les implants dentaires avec une perte osseuse minimale.","robots":{"index":"index","follow":"follow","max-snippet":"max-snippet:-1","max-image-preview":"max-image-preview:large","max-video-preview":"max-video-preview:-1"},"canonical":"https:\/\/dammedical.nl\/fr\/product\/kit-dexploration-kexim\/","og_locale":"fr_FR","og_type":"article","og_title":"Kit d'exploration KEXIM - Dam Medical","og_description":"Le kit d'explantation BTI KEXIM offre une solution fiable pour retirer les implants dentaires avec une perte osseuse minimale.","og_url":"https:\/\/dammedical.nl\/fr\/product\/kit-dexploration-kexim\/","og_site_name":"Dam Medical","og_image":[{"width":583,"height":525,"url":"https:\/\/dammedical.nl\/wp-content\/uploads\/2020\/07\/BTI-Kexim.png","type":"image\/png"}],"twitter_card":"summary_large_image","twitter_misc":{"Dur\u00e9e de lecture estim\u00e9e":"1 minute"},"schema":{"@context":"https:\/\/schema.org","@graph":[{"@type":"WebPage","@id":"https:\/\/dammedical.nl\/fr\/product\/kit-dexploration-kexim\/","url":"https:\/\/dammedical.nl\/fr\/product\/kit-dexploration-kexim\/","name":"Kit d'exploration KEXIM - Dam Medical","isPartOf":{"@id":"https:\/\/dammedical.nl\/fr\/#website"},"primaryImageOfPage":{"@id":"https:\/\/dammedical.nl\/fr\/product\/kit-dexploration-kexim\/#primaryimage"},"image":{"@id":"https:\/\/dammedical.nl\/fr\/product\/kit-dexploration-kexim\/#primaryimage"},"thumbnailUrl":"https:\/\/dammedical.nl\/wp-content\/uploads\/2020\/07\/BTI-Kexim.png","datePublished":"2025-06-11T11:38:24+00:00","description":"Le kit d'explantation BTI KEXIM offre une solution fiable pour retirer les implants dentaires avec une perte osseuse minimale.","breadcrumb":{"@id":"https:\/\/dammedical.nl\/fr\/product\/kit-dexploration-kexim\/#breadcrumb"},"inLanguage":"fr-FR","potentialAction":[{"@type":"ReadAction","target":["https:\/\/dammedical.nl\/fr\/product\/kit-dexploration-kexim\/"]}]},{"@type":"ImageObject","inLanguage":"fr-FR","@id":"https:\/\/dammedical.nl\/fr\/product\/kit-dexploration-kexim\/#primaryimage","url":"https:\/\/dammedical.nl\/wp-content\/uploads\/2020\/07\/BTI-Kexim.png","contentUrl":"https:\/\/dammedical.nl\/wp-content\/uploads\/2020\/07\/BTI-Kexim.png","width":583,"height":525},{"@type":"BreadcrumbList","@id":"https:\/\/dammedical.nl\/fr\/product\/kit-dexploration-kexim\/#breadcrumb","itemListElement":[{"@type":"ListItem","position":1,"name":"Home","item":"https:\/\/dammedical.nl\/fr\/accueil\/"},{"@type":"ListItem","position":2,"name":"Boutique","item":"https:\/\/dammedical.nl\/fr\/boutique\/"},{"@type":"ListItem","position":3,"name":"Kit d&rsquo;exploration KEXIM"}]},{"@type":"WebSite","@id":"https:\/\/dammedical.nl\/fr\/#website","url":"https:\/\/dammedical.nl\/fr\/","name":"Dam Medical","description":"Innovatief in chirurgie","publisher":{"@id":"https:\/\/dammedical.nl\/fr\/#organization"},"potentialAction":[{"@type":"SearchAction","target":{"@type":"EntryPoint","urlTemplate":"https:\/\/dammedical.nl\/fr\/?s={search_term_string}"},"query-input":{"@type":"PropertyValueSpecification","valueRequired":true,"valueName":"search_term_string"}}],"inLanguage":"fr-FR"},{"@type":"Organization","@id":"https:\/\/dammedical.nl\/fr\/#organization","name":"Dam Medical","url":"https:\/\/dammedical.nl\/fr\/","logo":{"@type":"ImageObject","inLanguage":"fr-FR","@id":"https:\/\/dammedical.nl\/fr\/#\/schema\/logo\/image\/","url":"https:\/\/dammedical.nl\/wp-content\/uploads\/2025\/05\/logo_DamMedical-rgb-pos-e1749559852320.png","contentUrl":"https:\/\/dammedical.nl\/wp-content\/uploads\/2025\/05\/logo_DamMedical-rgb-pos-e1749559852320.png","width":1977,"height":500,"caption":"Dam Medical"},"image":{"@id":"https:\/\/dammedical.nl\/fr\/#\/schema\/logo\/image\/"}}]}},"_links":{"self":[{"href":"https:\/\/dammedical.nl\/fr\/wp-json\/wp\/v2\/product\/4290","targetHints":{"allow":["GET"]}}],"collection":[{"href":"https:\/\/dammedical.nl\/fr\/wp-json\/wp\/v2\/product"}],"about":[{"href":"https:\/\/dammedical.nl\/fr\/wp-json\/wp\/v2\/types\/product"}],"replies":[{"embeddable":true,"href":"https:\/\/dammedical.nl\/fr\/wp-json\/wp\/v2\/comments?post=4290"}],"wp:featuredmedia":[{"embeddable":true,"href":"https:\/\/dammedical.nl\/fr\/wp-json\/wp\/v2\/media\/1959"}],"wp:attachment":[{"href":"https:\/\/dammedical.nl\/fr\/wp-json\/wp\/v2\/media?parent=4290"}],"wp:term":[{"taxonomy":"product_brand","embeddable":true,"href":"https:\/\/dammedical.nl\/fr\/wp-json\/wp\/v2\/product_brand?post=4290"},{"taxonomy":"product_cat","embeddable":true,"href":"https:\/\/dammedical.nl\/fr\/wp-json\/wp\/v2\/product_cat?post=4290"},{"taxonomy":"product_tag","embeddable":true,"href":"https:\/\/dammedical.nl\/fr\/wp-json\/wp\/v2\/product_tag?post=4290"}],"curies":[{"name":"wp","href":"https:\/\/api.w.org\/{rel}","templated":true}]}}