{"id":4292,"date":"2025-06-11T11:55:07","date_gmt":"2025-06-11T11:55:07","guid":{"rendered":"https:\/\/dammedical.nl\/product\/tuyaux-dirrigation-nsk\/"},"modified":"2025-06-11T11:55:07","modified_gmt":"2025-06-11T11:55:07","slug":"tuyaux-dirrigation-nsk","status":"publish","type":"product","link":"https:\/\/dammedical.nl\/fr\/product\/tuyaux-dirrigation-nsk\/","title":{"rendered":"Tuyaux d&rsquo;irrigation NSK"},"content":{"rendered":"<p>Tuyaux d&rsquo;irrigation NSK pour NSK Surgic Pro et NSK VarioSurg.<\/p>\n<p>Longueur : 2 m\u00e8tres<\/p>\n<p>Emball\u00e9 par 25 pi\u00e8ces.<\/p>\n<p>Fourni st\u00e9rile.<\/p>\n<p>&nbsp;<\/p>\n","protected":false},"excerpt":{"rendered":"<p><strong>Num\u00e9ro d&rsquo;article :<\/strong> NSK-25x-Z263001<\/p>\n<p><strong>Marque :<\/strong> NSK<\/p>\n","protected":false},"featured_media":4295,"comment_status":"open","ping_status":"closed","template":"","meta":[],"product_brand":[54],"product_cat":[65],"product_tag":[],"class_list":{"0":"post-4292","1":"product","2":"type-product","3":"status-publish","4":"has-post-thumbnail","6":"product_brand-nsk","7":"product_cat-non-categorise","9":"first","10":"instock","11":"taxable","12":"shipping-taxable","13":"purchasable","14":"product-type-simple"},"yoast_head":"<!-- This site is optimized with the Yoast SEO plugin v26.3 - https:\/\/yoast.com\/wordpress\/plugins\/seo\/ -->\n<title>Tuyaux d&#039;irrigation NSK - Dam Medical<\/title>\n<meta name=\"description\" content=\"Les tuyaux d&#039;irrigation NSK sont sp\u00e9cialement con\u00e7us pour le moteur d&#039;implantologie NSK Surgic Pro et le piezo NSK VarioSurg. Emballage st\u00e9rile. 25 pi\u00e8ces.\" \/>\n<meta name=\"robots\" content=\"index, follow, max-snippet:-1, max-image-preview:large, max-video-preview:-1\" \/>\n<link rel=\"canonical\" href=\"https:\/\/dammedical.nl\/fr\/product\/tuyaux-dirrigation-nsk\/\" \/>\n<meta property=\"og:locale\" content=\"fr_FR\" \/>\n<meta property=\"og:type\" content=\"article\" \/>\n<meta property=\"og:title\" content=\"Tuyaux d&#039;irrigation NSK - Dam Medical\" \/>\n<meta property=\"og:description\" content=\"Les tuyaux d&#039;irrigation NSK sont sp\u00e9cialement con\u00e7us pour le moteur d&#039;implantologie NSK Surgic Pro et le piezo NSK VarioSurg. Emballage st\u00e9rile. 25 pi\u00e8ces.\" \/>\n<meta property=\"og:url\" content=\"https:\/\/dammedical.nl\/fr\/product\/tuyaux-dirrigation-nsk\/\" \/>\n<meta property=\"og:site_name\" content=\"Dam Medical\" \/>\n<meta property=\"og:image\" content=\"https:\/\/dammedical.nl\/wp-content\/uploads\/2025\/06\/NSK-irrigatieslang-Z263001.jpg\" \/>\n\t<meta property=\"og:image:width\" content=\"700\" \/>\n\t<meta property=\"og:image:height\" content=\"700\" \/>\n\t<meta property=\"og:image:type\" content=\"image\/jpeg\" \/>\n<meta name=\"twitter:card\" content=\"summary_large_image\" \/>\n<script type=\"application\/ld+json\" class=\"yoast-schema-graph\">{\"@context\":\"https:\/\/schema.org\",\"@graph\":[{\"@type\":\"WebPage\",\"@id\":\"https:\/\/dammedical.nl\/fr\/product\/tuyaux-dirrigation-nsk\/\",\"url\":\"https:\/\/dammedical.nl\/fr\/product\/tuyaux-dirrigation-nsk\/\",\"name\":\"Tuyaux d'irrigation NSK - Dam Medical\",\"isPartOf\":{\"@id\":\"https:\/\/dammedical.nl\/fr\/#website\"},\"primaryImageOfPage\":{\"@id\":\"https:\/\/dammedical.nl\/fr\/product\/tuyaux-dirrigation-nsk\/#primaryimage\"},\"image\":{\"@id\":\"https:\/\/dammedical.nl\/fr\/product\/tuyaux-dirrigation-nsk\/#primaryimage\"},\"thumbnailUrl\":\"https:\/\/dammedical.nl\/wp-content\/uploads\/2025\/06\/NSK-irrigatieslang-Z263001.jpg\",\"datePublished\":\"2025-06-11T11:55:07+00:00\",\"description\":\"Les tuyaux d'irrigation NSK sont sp\u00e9cialement con\u00e7us pour le moteur d'implantologie NSK Surgic Pro et le piezo NSK VarioSurg. Emballage st\u00e9rile. 25 pi\u00e8ces.\",\"breadcrumb\":{\"@id\":\"https:\/\/dammedical.nl\/fr\/product\/tuyaux-dirrigation-nsk\/#breadcrumb\"},\"inLanguage\":\"fr-FR\",\"potentialAction\":[{\"@type\":\"ReadAction\",\"target\":[\"https:\/\/dammedical.nl\/fr\/product\/tuyaux-dirrigation-nsk\/\"]}]},{\"@type\":\"ImageObject\",\"inLanguage\":\"fr-FR\",\"@id\":\"https:\/\/dammedical.nl\/fr\/product\/tuyaux-dirrigation-nsk\/#primaryimage\",\"url\":\"https:\/\/dammedical.nl\/wp-content\/uploads\/2025\/06\/NSK-irrigatieslang-Z263001.jpg\",\"contentUrl\":\"https:\/\/dammedical.nl\/wp-content\/uploads\/2025\/06\/NSK-irrigatieslang-Z263001.jpg\",\"width\":700,\"height\":700},{\"@type\":\"BreadcrumbList\",\"@id\":\"https:\/\/dammedical.nl\/fr\/product\/tuyaux-dirrigation-nsk\/#breadcrumb\",\"itemListElement\":[{\"@type\":\"ListItem\",\"position\":1,\"name\":\"Home\",\"item\":\"https:\/\/dammedical.nl\/fr\/accueil\/\"},{\"@type\":\"ListItem\",\"position\":2,\"name\":\"Boutique\",\"item\":\"https:\/\/dammedical.nl\/fr\/boutique\/\"},{\"@type\":\"ListItem\",\"position\":3,\"name\":\"Tuyaux d&#8217;irrigation NSK\"}]},{\"@type\":\"WebSite\",\"@id\":\"https:\/\/dammedical.nl\/fr\/#website\",\"url\":\"https:\/\/dammedical.nl\/fr\/\",\"name\":\"Dam Medical\",\"description\":\"Innovatief in chirurgie\",\"publisher\":{\"@id\":\"https:\/\/dammedical.nl\/fr\/#organization\"},\"potentialAction\":[{\"@type\":\"SearchAction\",\"target\":{\"@type\":\"EntryPoint\",\"urlTemplate\":\"https:\/\/dammedical.nl\/fr\/?s={search_term_string}\"},\"query-input\":{\"@type\":\"PropertyValueSpecification\",\"valueRequired\":true,\"valueName\":\"search_term_string\"}}],\"inLanguage\":\"fr-FR\"},{\"@type\":\"Organization\",\"@id\":\"https:\/\/dammedical.nl\/fr\/#organization\",\"name\":\"Dam Medical\",\"url\":\"https:\/\/dammedical.nl\/fr\/\",\"logo\":{\"@type\":\"ImageObject\",\"inLanguage\":\"fr-FR\",\"@id\":\"https:\/\/dammedical.nl\/fr\/#\/schema\/logo\/image\/\",\"url\":\"https:\/\/dammedical.nl\/wp-content\/uploads\/2025\/05\/logo_DamMedical-rgb-pos-e1749559852320.png\",\"contentUrl\":\"https:\/\/dammedical.nl\/wp-content\/uploads\/2025\/05\/logo_DamMedical-rgb-pos-e1749559852320.png\",\"width\":1977,\"height\":500,\"caption\":\"Dam Medical\"},\"image\":{\"@id\":\"https:\/\/dammedical.nl\/fr\/#\/schema\/logo\/image\/\"}}]}<\/script>\n<!-- \/ Yoast SEO plugin. -->","yoast_head_json":{"title":"Tuyaux d'irrigation NSK - Dam Medical","description":"Les tuyaux d'irrigation NSK sont sp\u00e9cialement con\u00e7us pour le moteur d'implantologie NSK Surgic Pro et le piezo NSK VarioSurg. Emballage st\u00e9rile. 25 pi\u00e8ces.","robots":{"index":"index","follow":"follow","max-snippet":"max-snippet:-1","max-image-preview":"max-image-preview:large","max-video-preview":"max-video-preview:-1"},"canonical":"https:\/\/dammedical.nl\/fr\/product\/tuyaux-dirrigation-nsk\/","og_locale":"fr_FR","og_type":"article","og_title":"Tuyaux d'irrigation NSK - Dam Medical","og_description":"Les tuyaux d'irrigation NSK sont sp\u00e9cialement con\u00e7us pour le moteur d'implantologie NSK Surgic Pro et le piezo NSK VarioSurg. Emballage st\u00e9rile. 25 pi\u00e8ces.","og_url":"https:\/\/dammedical.nl\/fr\/product\/tuyaux-dirrigation-nsk\/","og_site_name":"Dam Medical","og_image":[{"width":700,"height":700,"url":"https:\/\/dammedical.nl\/wp-content\/uploads\/2025\/06\/NSK-irrigatieslang-Z263001.jpg","type":"image\/jpeg"}],"twitter_card":"summary_large_image","schema":{"@context":"https:\/\/schema.org","@graph":[{"@type":"WebPage","@id":"https:\/\/dammedical.nl\/fr\/product\/tuyaux-dirrigation-nsk\/","url":"https:\/\/dammedical.nl\/fr\/product\/tuyaux-dirrigation-nsk\/","name":"Tuyaux d'irrigation NSK - Dam Medical","isPartOf":{"@id":"https:\/\/dammedical.nl\/fr\/#website"},"primaryImageOfPage":{"@id":"https:\/\/dammedical.nl\/fr\/product\/tuyaux-dirrigation-nsk\/#primaryimage"},"image":{"@id":"https:\/\/dammedical.nl\/fr\/product\/tuyaux-dirrigation-nsk\/#primaryimage"},"thumbnailUrl":"https:\/\/dammedical.nl\/wp-content\/uploads\/2025\/06\/NSK-irrigatieslang-Z263001.jpg","datePublished":"2025-06-11T11:55:07+00:00","description":"Les tuyaux d'irrigation NSK sont sp\u00e9cialement con\u00e7us pour le moteur d'implantologie NSK Surgic Pro et le piezo NSK VarioSurg. Emballage st\u00e9rile. 25 pi\u00e8ces.","breadcrumb":{"@id":"https:\/\/dammedical.nl\/fr\/product\/tuyaux-dirrigation-nsk\/#breadcrumb"},"inLanguage":"fr-FR","potentialAction":[{"@type":"ReadAction","target":["https:\/\/dammedical.nl\/fr\/product\/tuyaux-dirrigation-nsk\/"]}]},{"@type":"ImageObject","inLanguage":"fr-FR","@id":"https:\/\/dammedical.nl\/fr\/product\/tuyaux-dirrigation-nsk\/#primaryimage","url":"https:\/\/dammedical.nl\/wp-content\/uploads\/2025\/06\/NSK-irrigatieslang-Z263001.jpg","contentUrl":"https:\/\/dammedical.nl\/wp-content\/uploads\/2025\/06\/NSK-irrigatieslang-Z263001.jpg","width":700,"height":700},{"@type":"BreadcrumbList","@id":"https:\/\/dammedical.nl\/fr\/product\/tuyaux-dirrigation-nsk\/#breadcrumb","itemListElement":[{"@type":"ListItem","position":1,"name":"Home","item":"https:\/\/dammedical.nl\/fr\/accueil\/"},{"@type":"ListItem","position":2,"name":"Boutique","item":"https:\/\/dammedical.nl\/fr\/boutique\/"},{"@type":"ListItem","position":3,"name":"Tuyaux d&#8217;irrigation NSK"}]},{"@type":"WebSite","@id":"https:\/\/dammedical.nl\/fr\/#website","url":"https:\/\/dammedical.nl\/fr\/","name":"Dam Medical","description":"Innovatief in chirurgie","publisher":{"@id":"https:\/\/dammedical.nl\/fr\/#organization"},"potentialAction":[{"@type":"SearchAction","target":{"@type":"EntryPoint","urlTemplate":"https:\/\/dammedical.nl\/fr\/?s={search_term_string}"},"query-input":{"@type":"PropertyValueSpecification","valueRequired":true,"valueName":"search_term_string"}}],"inLanguage":"fr-FR"},{"@type":"Organization","@id":"https:\/\/dammedical.nl\/fr\/#organization","name":"Dam Medical","url":"https:\/\/dammedical.nl\/fr\/","logo":{"@type":"ImageObject","inLanguage":"fr-FR","@id":"https:\/\/dammedical.nl\/fr\/#\/schema\/logo\/image\/","url":"https:\/\/dammedical.nl\/wp-content\/uploads\/2025\/05\/logo_DamMedical-rgb-pos-e1749559852320.png","contentUrl":"https:\/\/dammedical.nl\/wp-content\/uploads\/2025\/05\/logo_DamMedical-rgb-pos-e1749559852320.png","width":1977,"height":500,"caption":"Dam Medical"},"image":{"@id":"https:\/\/dammedical.nl\/fr\/#\/schema\/logo\/image\/"}}]}},"_links":{"self":[{"href":"https:\/\/dammedical.nl\/fr\/wp-json\/wp\/v2\/product\/4292","targetHints":{"allow":["GET"]}}],"collection":[{"href":"https:\/\/dammedical.nl\/fr\/wp-json\/wp\/v2\/product"}],"about":[{"href":"https:\/\/dammedical.nl\/fr\/wp-json\/wp\/v2\/types\/product"}],"replies":[{"embeddable":true,"href":"https:\/\/dammedical.nl\/fr\/wp-json\/wp\/v2\/comments?post=4292"}],"wp:featuredmedia":[{"embeddable":true,"href":"https:\/\/dammedical.nl\/fr\/wp-json\/wp\/v2\/media\/4295"}],"wp:attachment":[{"href":"https:\/\/dammedical.nl\/fr\/wp-json\/wp\/v2\/media?parent=4292"}],"wp:term":[{"taxonomy":"product_brand","embeddable":true,"href":"https:\/\/dammedical.nl\/fr\/wp-json\/wp\/v2\/product_brand?post=4292"},{"taxonomy":"product_cat","embeddable":true,"href":"https:\/\/dammedical.nl\/fr\/wp-json\/wp\/v2\/product_cat?post=4292"},{"taxonomy":"product_tag","embeddable":true,"href":"https:\/\/dammedical.nl\/fr\/wp-json\/wp\/v2\/product_tag?post=4292"}],"curies":[{"name":"wp","href":"https:\/\/api.w.org\/{rel}","templated":true}]}}